{"id":200,"date":"2018-09-17T15:42:19","date_gmt":"2018-09-17T18:42:19","guid":{"rendered":"https:\/\/wp.ufpel.edu.br\/nepfil\/?page_id=200"},"modified":"2018-09-17T15:50:42","modified_gmt":"2018-09-17T18:50:42","slug":"normas-editoriais","status":"publish","type":"page","link":"https:\/\/wp.ufpel.edu.br\/nepfil\/normas-editoriais\/","title":{"rendered":"Normas Editoriais"},"content":{"rendered":"<p><span style=\"font-family: tahoma, arial, helvetica, sans-serif;font-size: 12pt\"><strong>Sobre o Processo de Avalia\u00e7\u00e3o, Publica\u00e7\u00e3o e Outras Informa\u00e7\u00f5es gerais<\/strong><\/span><\/p>\n<ol>\n<li style=\"text-align: justify\"><span style=\"font-family: tahoma, arial, helvetica, sans-serif;font-size: 12pt\">Os manuscritos submetidos ao <strong>NEPFIL online<\/strong> s\u00e3o rigorosamente avaliados pelo <a href=\"https:\/\/wp.ufpel.edu.br\/nepfil\/conselho-editorial\/\">Conselho Editorial<\/a>\u00a0e, uma vez aprovados para a publica\u00e7\u00e3o, os manuscritos seguem para o processo de diagrama\u00e7\u00e3o. Os manuscritos poder\u00e3o ser <strong>Aprovados<\/strong>,<strong> Aprovados com Revis\u00f5es Necess\u00e1rias<\/strong> ou <strong>Reprovados<\/strong> para a publica\u00e7\u00e3o.<\/span><\/li>\n<li style=\"text-align: justify\"><span style=\"font-family: tahoma, arial, helvetica, sans-serif;font-size: 12pt\"><strong>O NEPFIL online<\/strong> n\u00e3o se responsabiliza por realizar corre\u00e7\u00f5es gramaticais, ortogr\u00e1ficas ou de conte\u00fado. Caso o manuscrito seja <strong>Aprovado com Revis\u00f5es Necess\u00e1rias<\/strong>, o autor\/organizador da obra ter\u00e1 um prazo de at\u00e9 60 dias para realizar as corre\u00e7\u00f5es solicitadas. Ap\u00f3s este per\u00edodo, o manuscrito dever\u00e1 ser submetido novamente para a aprecia\u00e7\u00e3o de nossos pareceristas.<\/span><\/li>\n<li style=\"text-align: justify\"><span style=\"font-family: tahoma, arial, helvetica, sans-serif;font-size: 12pt\"><strong>O NEPFIL online<\/strong> n\u00e3o realiza publica\u00e7\u00f5es impressas, mas isso n\u00e3o implica que os autores n\u00e3o possam contratar o servi\u00e7o de impress\u00e3o da Editora da UFPEL ou outra editora de sua prefer\u00eancia para realizar a impress\u00e3o de exemplares (\u00e9 claro que a impress\u00e3o dever\u00e1 manter fielmente a estrutura do livro publicado). Neste caso, os autores\/organizadores dever\u00e3o solicitar ao <strong>NEPFIL online<\/strong> um n\u00famero de ISBN para a vers\u00e3o impressa.\u00a0<\/span><\/li>\n<li style=\"text-align: justify\"><span style=\"font-family: tahoma, arial, helvetica, sans-serif;font-size: 12pt\"><strong>O NEPFIL online<\/strong> n\u00e3o cobra nenhum valor para a publica\u00e7\u00e3o de livros (todos os custos s\u00e3o de responsabilidade do Departamento de Filosofia da UFPEL) e nem para a realiza\u00e7\u00e3o de downloads.\u00a0<\/span><\/li>\n<\/ol>\n<p style=\"text-align: justify\"><span style=\"font-family: tahoma, arial, helvetica, sans-serif;font-size: 12pt\"><b>Estrutura dos Livros<\/b><\/span><\/p>\n<ol>\n<li style=\"text-align: justify\"><span style=\"font-family: tahoma, arial, helvetica, sans-serif;font-size: 12pt\"><strong>Capa.<\/strong> O layout da capa \u00e9 de responsabilidade do <strong>NEPFIL online<\/strong>, por\u00e9m \u00e9 importante que o autor envie fotos ou outras ilustra\u00e7\u00f5es relacionadas com o conte\u00fado da obra.\u00a0<\/span><\/li>\n<li style=\"text-align: justify\"><span style=\"font-family: tahoma, arial, helvetica, sans-serif;font-size: 12pt\"><b>Elementos Pr\u00e9-Textuais.\u00a0<\/b>Antecede a folha de rosto, apresentando apenas o t\u00edtulo e, se houver, o subt\u00edtulo da publica\u00e7\u00e3o. O seu verso \u00e9 uma p\u00e1gina institucional, contendo tamb\u00e9m os nomes dos membros do Conselho Editorial da Editora da UFPEL, do <strong>NEPFIL online<\/strong> e suas respectivas logomarcas. Tamb\u00e9m cont\u00e9m o selo Creative Commons e o selo da ABEC &#8211; Associa\u00e7\u00e3o Brasileira de Editores Cient\u00edficos &#8211; \u00e0 qual o <strong>NEPFIL online<\/strong> \u00e9 filiado.<\/span><\/li>\n<li style=\"text-align: justify\"><span style=\"font-family: tahoma, arial, helvetica, sans-serif;font-size: 12pt\"><strong>Folha de Rosto.<\/strong> Cont\u00e9m os elementos essenciais de identifica\u00e7\u00e3o da obra, como autor(es), t\u00edtulo, edi\u00e7\u00e3o \u2013 se n\u00e3o for a primeira \u2013, editora, local e ano de publica\u00e7\u00e3o. O seu verso \u00e9 uma p\u00e1gina de expediente, apresentando a indica\u00e7\u00e3o de copyright e direitos de edi\u00e7\u00e3o, ficha catalogr\u00e1fica, cr\u00e9dito dos respons\u00e1veis pelas v\u00e1rias etapas da obra, endere\u00e7o, site e e-mail de contato do <strong>NEPFIL online<\/strong>. Apresenta tamb\u00e9m o International Standard Book Number \u2013 ISBN, que \u00e9 um sistema padronizado de numera\u00e7\u00e3o e identifica\u00e7\u00e3o de t\u00edtulos de livros, cujo n\u00famero \u00e9 fornecido pela Ag\u00eancia Brasileira do ISBN, da Biblioteca Nacional.<\/span><\/li>\n<li style=\"text-align: justify\"><span style=\"font-family: tahoma, arial, helvetica, sans-serif;font-size: 12pt\"><strong>Dedicat\u00f3ria (opcional)<\/strong>.\u00a0Deve vir logo ap\u00f3s a folha de rosto, em p\u00e1gina \u00edmpar.<\/span><\/li>\n<li style=\"text-align: justify\"><span style=\"font-family: tahoma, arial, helvetica, sans-serif;font-size: 12pt\"><b style=\"text-align: justify\">Agradecimento (opcional)<\/b>.\u00a0Pode vir no final do pref\u00e1cio. Se, no entanto, este n\u00e3o for do pr\u00f3prio autor ou se for grande o n\u00famero de pessoas e, ou, institui\u00e7\u00f5es \u00e0s quais o autor agradece publicamente, deve vir na p\u00e1gina seguinte \u00e0 da dedicat\u00f3ria.<\/span><\/li>\n<li style=\"text-align: justify\"><span style=\"font-family: tahoma, arial, helvetica, sans-serif;font-size: 12pt\"><b style=\"text-align: justify\">Ep\u00edgrafe (opcional).\u00a0<\/b>Cita\u00e7\u00e3o, ou pensamento, que est\u00e1 de certo modo relacionada com a obra. Pode ser inserida, preferencialmente, na p\u00e1gina de dedicat\u00f3ria ou vir separadamente na p\u00e1gina \u00edmpar posterior \u00e0 do agradecimento.<\/span><\/li>\n<li style=\"text-align: justify\"><span style=\"font-family: tahoma, arial, helvetica, sans-serif;font-size: 12pt\"><strong>Pref\u00e1cio\/Apresenta\u00e7\u00e3o.<\/strong>\u00a0Esclarece o conte\u00fado do livro. Localiza-se em p\u00e1gina \u00edmpar, ap\u00f3s a ep\u00edgrafe, se esta vir em p\u00e1gina isolada. Pode ser redigido pelo pr\u00f3prio autor ou por outra pessoa.\u00a0Em caso de reedi\u00e7\u00e3o, a obra dever\u00e1 conter apenas o pref\u00e1cio da nova edi\u00e7\u00e3o. Casos especiais ser\u00e3o analisados pelo <strong>NEPFIL online<\/strong>.<\/span><\/li>\n<li style=\"text-align: justify\"><span style=\"font-family: tahoma, arial, helvetica, sans-serif;font-size: 12pt\"><strong>Introdu\u00e7\u00e3o (opcional).<\/strong>\u00a0Texto em que o autor exp\u00f5e informa\u00e7\u00f5es gerais, por\u00e9m correlatas, sobre o tema da obra. Trata-se, muitas vezes, de um hist\u00f3rico. Localiza-se em p\u00e1gina \u00edmpar, ap\u00f3s o pref\u00e1cio. O autor n\u00e3o deve confundir essa introdu\u00e7\u00e3o com a que comp\u00f5e uma das subdivis\u00f5es dos elementos textuais, que \u00e9 obrigat\u00f3ria.<\/span><\/li>\n<li style=\"text-align: justify\"><span style=\"font-family: tahoma, arial, helvetica, sans-serif;font-size: 12pt\"><strong>Sum\u00e1rio.<\/strong>\u00a0Indica\u00e7\u00e3o do conte\u00fado da obra, devendo conter as p\u00e1ginas de suas principais divis\u00f5es, na ordem em que nela aparecem. Localiza-se ap\u00f3s a introdu\u00e7\u00e3o; entretanto, dependendo do n\u00famero de p\u00e1ginas pr\u00e9-textuais, essa posi\u00e7\u00e3o pode ser alterada pelo <strong>NEPFIL online.<\/strong><\/span><\/li>\n<li style=\"text-align: justify\"><span style=\"font-family: tahoma, arial, helvetica, sans-serif;font-size: 12pt\"><strong>Lista de Siglas e Ilustra\u00e7\u00f5es.<\/strong>\u00a0Quando h\u00e1 grande n\u00famero de siglas e ilustra\u00e7\u00f5es \u2013 e somente neste caso \u2013, o autor pode list\u00e1-las separadamente. No caso das ilustra\u00e7\u00f5es, devem ser apresentados o seu n\u00famero, o t\u00edtulo e a respectiva p\u00e1gina.\u00a0<\/span><\/li>\n<li style=\"text-align: justify\"><span style=\"font-family: tahoma, arial, helvetica, sans-serif;font-size: 12pt\"><strong>Elementos Textuais.<\/strong>\u00a0Constituem os elementos textuais o texto (introdu\u00e7\u00e3o, desenvolvimento e conclus\u00e3o), os elementos de apoio, como ilustra\u00e7\u00f5es \u2013 tabelas e figuras \u2013, f\u00f3rmulas, cita\u00e7\u00f5es, notas e resumo, e os elementos de localiza\u00e7\u00e3o (p\u00e1ginas capitulares, t\u00edtulos internos e cabe\u00e7alhos).<\/span><\/li>\n<li style=\"text-align: justify\"><span style=\"font-family: tahoma, arial, helvetica, sans-serif;font-size: 12pt\"><strong>Uso do Negrito ou It\u00e1lico.<\/strong>\u00a0 Em todo o trabalho \u00e9 necess\u00e1rio que haja uniformiza\u00e7\u00e3o do grifo. O it\u00e1lico \u00e9 apropriado para destacar express\u00f5es em l\u00edngua estrangeira, t\u00edtulos de peri\u00f3dicos e livros e nomes cient\u00edficos de g\u00eaneros e esp\u00e9cies animais e vegetais. O negrito \u00e9 usado para dar \u00eanfase a palavras ou letras do texto.<\/span><\/li>\n<li style=\"text-align: justify\"><span style=\"font-family: tahoma, arial, helvetica, sans-serif;font-size: 12pt\"><strong>F\u00f3rmulas e Equa\u00e7\u00f5es.<\/strong>\u00a0Entre v\u00e1rios aspectos a serem observados, destacam-se os seguintes:\u00a0<b>a)<\/b>\u00a0Quando ocorrerem no meio do texto, deve haver entrelinhamento suficiente para comportar sua presen\u00e7a.\u00a0<span style=\"text-align: justify\"><b>b)<\/b>\u00a0Quando isoladas, deve haver um espa\u00e7o superior e outro inferior equivalentes a 1 cm, podendo ser numeradas ou n\u00e3o.\u00a0<\/span><span style=\"text-align: justify\"><b>c)<\/b>\u00a0N\u00e3o devem ultrapassar a largura da mancha do texto.\u00a0<\/span><span style=\"text-align: justify\"><b>d)<\/b>\u00a0Se necess\u00e1rio, a divis\u00e3o das f\u00f3rmulas em duas linhas ou mais s\u00f3 poder\u00e1 ocorrer onde houver sinais como + (mais), \u2013 (menos), = (igual), devendo o sinal ser repetido no in\u00edcio da linha seguinte.\u00a0<\/span><span style=\"text-align: justify\"><b>e)<\/b>\u00a0Quando digitadas no Word, as f\u00f3rmulas matem\u00e1ticas devem ser escritas no \u201cMicrosoft Equation\u201d.<\/span><\/span><\/li>\n<li style=\"text-align: justify\"><span style=\"font-family: tahoma, arial, helvetica, sans-serif;font-size: 12pt\"><b>Unidades de Medidas.\u00a0<\/b>Se forem utilizadas, o <strong>NEPFIL online<\/strong> recomenda seguir o Sistema Internacional de Medidas.<\/span><\/li>\n<li style=\"text-align: justify\"><span style=\"font-family: tahoma, arial, helvetica, sans-serif;font-size: 12pt\"><strong>Cita\u00e7\u00f5es.<\/strong> Cita\u00e7\u00f5es s\u00e3o textos extra\u00eddos de documentos pesquisados e necess\u00e1rios para fundamentar as ideias desenvolvidas pelo autor. O <strong>NEPFIL<\/strong> <strong>online<\/strong> adota as normas da ABNT (NBR 10520). Se o(s) nome(s) do(s) autor(es) fizer(em) parte do texto, apenas o ano da publica\u00e7\u00e3o aparece entre par\u00eanteses. No caso de transcri\u00e7\u00e3o do texto, al\u00e9m do ano, deve-se citar a p\u00e1gina de onde foi retirado. No caso de mais de dois autores, usa-se o sobrenome do primeiro seguido da express\u00e3o <em>et al<\/em>. No caso de mais de um autor e diferentes obras, as cita\u00e7\u00f5es bibliogr\u00e1ficas no texto s\u00e3o feitas por ordem cronol\u00f3gica. Quando n\u00e3o fizer parte do texto, a cita\u00e7\u00e3o vem entre par\u00eanteses. Quando n\u00e3o for poss\u00edvel consultar o documento original e houver necessidade de reproduzir informa\u00e7\u00e3o j\u00e1 citada por outro autor (cita\u00e7\u00e3o de cita\u00e7\u00e3o), escrevem-se o nome do autor original e o ano de publica\u00e7\u00e3o da obra acompanhados da express\u00e3o \u201ccitado por\u201d, ou \u201capud\u201d, mais o nome do autor consultado e respectivo ano de edi\u00e7\u00e3o da obra. Tamb\u00e9m nesse caso, o nome do autor pode ou n\u00e3o fazer parte do texto. Em caso afirmativo, apenas o nome do autor original vem fora dos par\u00eanteses. Em caso contr\u00e1rio, toda a cita\u00e7\u00e3o vem entre par\u00eanteses.<\/span><\/li>\n<li style=\"text-align: justify\"><span style=\"font-family: tahoma, arial, helvetica, sans-serif;font-size: 12pt\"><strong>Notas.<\/strong>\u00a0S\u00e3o observa\u00e7\u00f5es ou aditamentos ao texto de uma obra. Podem ser apresentadas em rodap\u00e9 ou no final do texto, de cap\u00edtulo ou se\u00e7\u00e3o. As notas de rodap\u00e9 prestam esclarecimentos e tecem considera\u00e7\u00f5es que n\u00e3o devem ser inclu\u00eddas no texto, n\u00e3o interrompendo, assim, a sequ\u00eancia da leitura. Devem ser em n\u00famero bastante reduzido, feitas sequencialmente em algarismos ar\u00e1bicos dentro de cada cap\u00edtulo e vir na mesma p\u00e1gina em que foram chamadas, com corpo menor que o utilizado no texto. Para a sua chamada no texto, utiliza-se algarismo ar\u00e1bico, em corpo menor, na entrelinha superior, sem par\u00eanteses, e nunca antes do sinal de pontua\u00e7\u00e3o.<\/span><\/li>\n<li style=\"text-align: justify\"><span style=\"font-family: tahoma, arial, helvetica, sans-serif;font-size: 12pt\"><b style=\"text-align: justify\">Elementos P\u00f3s-Textuais (Posf\u00e1cio).\u00a0<\/b>\u00c9 utilizado apenas diante da necessidade de inserir \u00e0 \u00faltima hora um esclarecimento que, de alguma forma, modifique ou corrobore as informa\u00e7\u00f5es contidas no corpo do texto.\u00a0<\/span><\/li>\n<li style=\"text-align: justify\"><span style=\"font-family: tahoma, arial, helvetica, sans-serif;font-size: 12pt\"><b style=\"text-align: justify\">Refer\u00eancias.\u00a0<\/b>Conjunto de elementos, em lista pr\u00f3pria, que permite a identifica\u00e7\u00e3o de publica\u00e7\u00f5es, no todo ou em parte, como autor, t\u00edtulo, edi\u00e7\u00e3o, local, editora, data de publica\u00e7\u00e3o, n\u00famero de p\u00e1ginas, etc. Esta lista deve obedecer \u00e0 ordem alfab\u00e9tica \u00fanica de sobrenome do autor. N\u00e3o se deve confundir Refer\u00eancias com Bibliografia. A primeira compreende as fontes bibliogr\u00e1ficas utilizadas pelo autor e, a segunda, uma lista de obras por ele recomendadas.<\/span><\/li>\n<li style=\"text-align: justify\"><span style=\"font-family: tahoma, arial, helvetica, sans-serif;font-size: 12pt\"><b style=\"text-align: justify\">Gloss\u00e1rio.\u00a0<\/b>Rela\u00e7\u00e3o de termos e express\u00f5es t\u00e9cnicas, acompanhados de defini\u00e7\u00f5es ou tradu\u00e7\u00f5es. Disp\u00f5e-se, na p\u00e1gina, em linhas compridas ou em colunas (duas), devendo o tamanho da fonte ser menor que o do texto.<\/span><\/li>\n<li style=\"text-align: justify\"><span style=\"font-family: tahoma, arial, helvetica, sans-serif;font-size: 12pt\"><b style=\"text-align: justify\">Ap\u00eandice e Anexo.\u00a0<\/b>Mat\u00e9ria complementar e, ou, comprobat\u00f3ria, trazendo informa\u00e7\u00f5es esclarecedoras que n\u00e3o se incluem no texto, a fim de n\u00e3o prejudicar a sequ\u00eancia l\u00f3gica da leitura. Sua pagina\u00e7\u00e3o, no entanto, d\u00e1 continuidade \u00e0 numera\u00e7\u00e3o do texto. O ap\u00eandice deve ser elaborado pelo autor da obra; o anexo constitui documentos de outros autores.<\/span><\/li>\n<li style=\"text-align: justify\"><span style=\"font-family: tahoma, arial, helvetica, sans-serif;font-size: 12pt\"><b style=\"text-align: justify\">\u00cdndice.\u00a0<\/b>Lista detalhada de assuntos, nomes de pessoas e nomes geogr\u00e1ficos e outros, com a indica\u00e7\u00e3o de sua localiza\u00e7\u00e3o no texto.<\/span><\/li>\n<\/ol>\n<p style=\"text-align: justify\"><span style=\"font-family: tahoma, arial, helvetica, sans-serif;font-size: 12pt\"><b>Textos Originados de Disserta\u00e7\u00f5es e Teses<\/b><\/span><\/p>\n<p style=\"text-align: justify\"><span style=\"font-family: tahoma, arial, helvetica, sans-serif;font-size: 12pt\">O\u00a0<strong>NEPFIL online<\/strong> n\u00e3o publica teses e disserta\u00e7\u00f5es e, portanto, antes de submeter o texto para publica\u00e7\u00e3o, o autor dever\u00e1 reformul\u00e1-lo para atender \u00e0s seguintes recomenda\u00e7\u00f5es:<\/span><\/p>\n<ol>\n<li style=\"text-align: justify\"><span style=\"font-family: tahoma, arial, helvetica, sans-serif;font-size: 12pt\">O texto deve visar a um p\u00fablico leitor amplo.<\/span><\/li>\n<li style=\"text-align: justify\"><span style=\"font-family: tahoma, arial, helvetica, sans-serif;font-size: 12pt\">Devem ser eliminados os excessos de aparato te\u00f3rico e cr\u00edtico, pr\u00f3prios de um trabalho de tese ou disserta\u00e7\u00e3o.<\/span><\/li>\n<li style=\"text-align: justify\"><span style=\"font-family: tahoma, arial, helvetica, sans-serif;font-size: 12pt\">Devem ser eliminados, ainda, o abstract, o excesso de cita\u00e7\u00f5es, a biografia e outros itens espec\u00edficos desses trabalhos.<\/span><\/li>\n<li style=\"text-align: justify\"><span style=\"font-family: tahoma, arial, helvetica, sans-serif;font-size: 12pt\">Devem ser evitados anexos e ap\u00eandices excessivamente extensos.<\/span><\/li>\n<\/ol>\n<p style=\"text-align: justify\"><span style=\"font-family: tahoma, arial, helvetica, sans-serif;font-size: 12pt\"><b>Reedi\u00e7\u00e3o<\/b><\/span><\/p>\n<ol>\n<li style=\"text-align: justify\"><span style=\"font-family: tahoma, arial, helvetica, sans-serif;font-size: 12pt\">Entende-se por reedi\u00e7\u00e3o a nova publica\u00e7\u00e3o de um livro j\u00e1 editado com altera\u00e7\u00f5es de conte\u00fado ou atualiza\u00e7\u00f5es.<\/span><\/li>\n<li style=\"text-align: justify\"><span style=\"font-family: tahoma, arial, helvetica, sans-serif;font-size: 12pt\">\u00a0Quando o autor apresentar proposta de reedi\u00e7\u00e3o de livro ao <strong>NEPFIL online<\/strong>, cuja edi\u00e7\u00e3o anterior seja da responsabilidade de outra editora, \u00e9 necess\u00e1rio que ele encaminhe o texto revisado e atualizado, com as mudan\u00e7as devidamente destacadas, e envie um exemplar em formato aberto da edi\u00e7\u00e3o anterior.<\/span><\/li>\n<li style=\"text-align: justify\"><span style=\"font-family: tahoma, arial, helvetica, sans-serif;font-size: 12pt\">Os aspectos observados para a apresenta\u00e7\u00e3o de propostas de publica\u00e7\u00e3o ao <strong>NEPFIL online<\/strong> devem ser tamb\u00e9m respeitados nas reedi\u00e7\u00f5es.<\/span><\/li>\n<li style=\"text-align: justify\"><span style=\"font-family: tahoma, arial, helvetica, sans-serif;font-size: 12pt\">Cabe ainda ao proponente apresentar c\u00f3pia do contrato de Edi\u00e7\u00e3o de Obra Bibliogr\u00e1fica com a Editora de origem e, no of\u00edcio de encaminhamento ao Conselho Editorial, mencionar a tiragem da edi\u00e7\u00e3o anterior e se a obra se encontra esgotada.<\/span><\/li>\n<li><span style=\"font-family: tahoma, arial, helvetica, sans-serif;font-size: 12pt\">A avalia\u00e7\u00e3o das altera\u00e7\u00f5es do livro por um ou mais especialistas ser\u00e1 deliberada pelo Conselho Editorial.<\/span><\/li>\n<\/ol>\n<p style=\"text-align: justify\"><span style=\"font-family: tahoma, arial, helvetica, sans-serif;font-size: 12pt\"><b>Direitos Autorais<\/b><\/span><\/p>\n<ol>\n<li style=\"text-align: justify\"><span style=\"font-family: tahoma, arial, helvetica, sans-serif;font-size: 12pt\">Por se tratar de uma iniciativa sem fins lucrativos, os direitos autorais s\u00e3o imediatamente transferidos para o <strong>NEPFIL online<\/strong> na medida em que o autor autoriza a publica\u00e7\u00e3o do livro. Nenhum autor ser\u00e1 remunerado, j\u00e1 que os livros publicados no <strong>NEPFIL online<\/strong> n\u00e3o s\u00e3o comercializados e n\u00e3o geram nenhum lucro. A partir do m\u00eas de outubro de 2018, ser\u00e3o firmados termos de compromisso de Edi\u00e7\u00e3o de Obra Bibliogr\u00e1fica entre as partes.\u00a0<\/span><\/li>\n<li style=\"text-align: justify\"><span style=\"font-family: tahoma, arial, helvetica, sans-serif;font-size: 12pt\">No caso de obras editadas (colet\u00e2neas), a cess\u00e3o de direitos de edi\u00e7\u00e3o ser\u00e1 realizada atrav\u00e9s da apresenta\u00e7\u00e3o do termo de autoriza\u00e7\u00e3o dos autores para a publica\u00e7\u00e3o.<\/span><\/li>\n<\/ol>\n<p style=\"text-align: justify\"><span style=\"font-family: tahoma, arial, helvetica, sans-serif;font-size: 12pt\"><strong>\u00d3rg\u00e3os de Fomento<\/strong><\/span><\/p>\n<ol>\n<li class=\"western\" style=\"text-align: justify\"><span style=\"font-family: tahoma, arial, helvetica, sans-serif;font-size: 12pt\">Poder\u00e3o ser inclu\u00eddos \u00d3rg\u00e3os de Fomento (empresas p\u00fablicas, empresas privadas, institutos de pesquisa, institui\u00e7\u00f5es culturais e associa\u00e7\u00f5es) nos cr\u00e9ditos da publica\u00e7\u00e3o.<\/span><\/li>\n<li class=\"western\" style=\"text-align: justify\"><span style=\"font-family: tahoma, arial, helvetica, sans-serif;font-size: 12pt\">A logomarca dos \u00d3rg\u00e3os de Fomento ser\u00e1 apresentada na parte interna do livro.<\/span><\/li>\n<\/ol>\n<p style=\"text-align: justify\"><span style=\"font-family: tahoma, arial, helvetica, sans-serif;font-size: 12pt\"><strong>Submiss\u00e3o de Manuscritos<\/strong><\/span><\/p>\n<p style=\"text-align: justify\"><span style=\"font-family: tahoma, arial, helvetica, sans-serif;font-size: 12pt\">Os manuscritos poder\u00e3o ser submetidos atrav\u00e9s do e-mail juliano.ufpel@gmail.com.\u00a0<\/span><\/p>\n<p>&nbsp;<\/p>\n","protected":false},"excerpt":{"rendered":"<p>Sobre o Processo de Avalia\u00e7\u00e3o, Publica\u00e7\u00e3o e Outras Informa\u00e7\u00f5es gerais Os manuscritos submetidos ao NEPFIL online s\u00e3o rigorosamente avaliados pelo Conselho Editorial\u00a0e, uma vez aprovados para a publica\u00e7\u00e3o, os manuscritos seguem para o processo de diagrama\u00e7\u00e3o. Os manuscritos poder\u00e3o ser Aprovados, Aprovados com Revis\u00f5es Necess\u00e1rias ou Reprovados para a publica\u00e7\u00e3o. O NEPFIL online n\u00e3o se [&hellip;]<\/p>\n","protected":false},"author":357,"featured_media":0,"parent":0,"menu_order":0,"comment_status":"closed","ping_status":"closed","template":"","meta":{"_crdt_document":"","footnotes":""},"class_list":["post-200","page","type-page","status-publish","hentry","post"],"jetpack-related-posts":[],"jetpack_sharing_enabled":true,"_links":{"self":[{"href":"https:\/\/wp.ufpel.edu.br\/nepfil\/wp-json\/wp\/v2\/pages\/200","targetHints":{"allow":["GET"]}}],"collection":[{"href":"https:\/\/wp.ufpel.edu.br\/nepfil\/wp-json\/wp\/v2\/pages"}],"about":[{"href":"https:\/\/wp.ufpel.edu.br\/nepfil\/wp-json\/wp\/v2\/types\/page"}],"author":[{"embeddable":true,"href":"https:\/\/wp.ufpel.edu.br\/nepfil\/wp-json\/wp\/v2\/users\/357"}],"replies":[{"embeddable":true,"href":"https:\/\/wp.ufpel.edu.br\/nepfil\/wp-json\/wp\/v2\/comments?post=200"}],"version-history":[{"count":3,"href":"https:\/\/wp.ufpel.edu.br\/nepfil\/wp-json\/wp\/v2\/pages\/200\/revisions"}],"predecessor-version":[{"id":204,"href":"https:\/\/wp.ufpel.edu.br\/nepfil\/wp-json\/wp\/v2\/pages\/200\/revisions\/204"}],"wp:attachment":[{"href":"https:\/\/wp.ufpel.edu.br\/nepfil\/wp-json\/wp\/v2\/media?parent=200"}],"curies":[{"name":"wp","href":"https:\/\/api.w.org\/{rel}","templated":true}]}}