{"id":481,"date":"2025-05-26T16:00:32","date_gmt":"2025-05-26T19:00:32","guid":{"rendered":"https:\/\/wp.ufpel.edu.br\/nepers\/?page_id=481"},"modified":"2025-05-26T16:13:40","modified_gmt":"2025-05-26T19:13:40","slug":"projetos-de-ensino","status":"publish","type":"page","link":"https:\/\/wp.ufpel.edu.br\/nepers\/projetos-de-pesquisa\/projetos-de-ensino\/","title":{"rendered":"Projetos de Ensino"},"content":{"rendered":"\n<h2 class=\"wp-block-heading\">N\u00facleo de Ensino, Pesquisa e Extens\u00e3o em Res\u00edduos e Sustentabilidade (2024-2028)<\/h2>\n\n\n\n<p style=\"text-transform:capitalize\">Este projeto de ensino ocorre na sala do nepers &#8211; N\u00facleo de Educa\u00e7\u00e3o, Pesquisa e Extens\u00e3o em Res\u00edduos e Sustentabilidade (Laborat\u00f3rio sala 200, COTADA), do Centro de Engenharias, e envolve a participa\u00e7\u00e3o de estudantes de gradua\u00e7\u00e3o e p\u00f3s-gradua\u00e7\u00e3o, servidores e docentes, em temas de Educa\u00e7\u00e3o Ambiental, Sustentabilidade e Gest\u00e3o de Res\u00edduos. O N\u00facleo tamb\u00e9m desenvolve an\u00e1lises laboratoriais com envolvimento dos alunos de gradua\u00e7\u00e3o e p\u00f3s-gradua\u00e7\u00e3o, e de t\u00e9cnicos do laborat\u00f3rio sobre a orienta\u00e7\u00e3o de professores respons\u00e1veis. S\u00e3o desenvolvidos dentro do N\u00facleo: est\u00e1gios, TCCs, disserta\u00e7\u00f5es e teses, assim como tamb\u00e9m divulga\u00e7\u00e3o cient\u00edfica (cap\u00edtulos de livros, artigos e congressos). Al\u00e9m disso, o laborat\u00f3rio do N\u00facleo atende em aulas pr\u00e1ticas as seguintes disciplinas: Disposi\u00e7\u00e3o Final, Reaproveitamento e Revaloriza\u00e7\u00e3o de Res\u00edduos; Gerenciamento e Tratamento de Res\u00edduos S\u00f3lidos; gerenciamento de res\u00edduos s\u00f3lidos em servi\u00e7os de alimentos; doc\u00eancia orientada; sa\u00fade ambiental e ecotoxicologia; tutoria acad\u00eamica; Toxicologia aplicada para ci\u00eancias ambientais; Educa\u00e7\u00e3o Ambiental; Metodologia da pesquisa cient\u00edfica e produ\u00e7\u00e3o de texto; pesquisa orientada; trabalho de conclus\u00e3o de curso.<\/p>\n","protected":false},"excerpt":{"rendered":"<p>N\u00facleo de Ensino, Pesquisa e Extens\u00e3o em Res\u00edduos e Sustentabilidade (2024-2028) Este projeto de ensino ocorre na sala do nepers &#8211; N\u00facleo de Educa\u00e7\u00e3o, Pesquisa e Extens\u00e3o em Res\u00edduos e Sustentabilidade (Laborat\u00f3rio sala 200,&#46;&#46;&#46;<\/p>\n","protected":false},"author":262,"featured_media":0,"parent":364,"menu_order":0,"comment_status":"closed","ping_status":"closed","template":"","meta":{"footnotes":""},"class_list":["post-481","page","type-page","status-publish","hentry"],"jetpack_sharing_enabled":true,"_links":{"self":[{"href":"https:\/\/wp.ufpel.edu.br\/nepers\/wp-json\/wp\/v2\/pages\/481","targetHints":{"allow":["GET"]}}],"collection":[{"href":"https:\/\/wp.ufpel.edu.br\/nepers\/wp-json\/wp\/v2\/pages"}],"about":[{"href":"https:\/\/wp.ufpel.edu.br\/nepers\/wp-json\/wp\/v2\/types\/page"}],"author":[{"embeddable":true,"href":"https:\/\/wp.ufpel.edu.br\/nepers\/wp-json\/wp\/v2\/users\/262"}],"replies":[{"embeddable":true,"href":"https:\/\/wp.ufpel.edu.br\/nepers\/wp-json\/wp\/v2\/comments?post=481"}],"version-history":[{"count":1,"href":"https:\/\/wp.ufpel.edu.br\/nepers\/wp-json\/wp\/v2\/pages\/481\/revisions"}],"predecessor-version":[{"id":486,"href":"https:\/\/wp.ufpel.edu.br\/nepers\/wp-json\/wp\/v2\/pages\/481\/revisions\/486"}],"up":[{"embeddable":true,"href":"https:\/\/wp.ufpel.edu.br\/nepers\/wp-json\/wp\/v2\/pages\/364"}],"wp:attachment":[{"href":"https:\/\/wp.ufpel.edu.br\/nepers\/wp-json\/wp\/v2\/media?parent=481"}],"curies":[{"name":"wp","href":"https:\/\/api.w.org\/{rel}","templated":true}]}}