{"id":364,"date":"2024-10-15T11:51:03","date_gmt":"2024-10-15T14:51:03","guid":{"rendered":"https:\/\/wp.ufpel.edu.br\/nepers\/?page_id=364"},"modified":"2024-10-15T13:29:21","modified_gmt":"2024-10-15T16:29:21","slug":"projetos-de-pesquisa","status":"publish","type":"page","link":"https:\/\/wp.ufpel.edu.br\/nepers\/projetos-de-pesquisa\/","title":{"rendered":"Projetos de pesquisa"},"content":{"rendered":"\n<h2 class=\"wp-block-heading has-text-align-center has-text-color has-link-color has-large-font-size wp-elements-1aa5ec762d34869d2302dee5726025fd\" style=\"color:#156c83\">Projetos de pesquisa<\/h2>\n\n\n<style>.wp-block-kadence-spacer.kt-block-spacer-364_2cf312-bf .kt-block-spacer{height:91px;}.wp-block-kadence-spacer.kt-block-spacer-364_2cf312-bf .kt-divider{border-top-width:1px;height:1px;border-top-color:#eee;width:80%;border-top-style:solid;}<\/style>\n<div class=\"wp-block-kadence-spacer aligncenter kt-block-spacer-364_2cf312-bf\"><div class=\"kt-block-spacer kt-block-spacer-halign-center\"><hr class=\"kt-divider\"\/><\/div><\/div>\n\n\n\n<h2 class=\"wp-block-heading has-text-color has-link-color has-medium-font-size wp-elements-b2e98e1d286a459c2af58cef33c18774\" style=\"color:#156c83\">Compostagem de res\u00edduos s\u00f3lidos de baixo custo como tecnologia social para seguran\u00e7a alimentar e gera\u00e7\u00e3o de renda<\/h2>\n\n\n\n<p>Objetivo geral: Desenvolver com a comunidade uma solu\u00e7\u00e3o efetiva para a transforma\u00e7\u00e3o socioambiental atrav\u00e9s da produ\u00e7\u00e3o e comercializa\u00e7\u00e3o de plantas comest\u00edveis e ornamentais, com o uso de substrato org\u00e2nico desenvolvido a partir da compostagem da fra\u00e7\u00e3o org\u00e2nica dos res\u00edduos s\u00f3lidos urbanos gerados no condom\u00ednio residencial Montevideo, Pelotas &#8211; RS, visando a gera\u00e7\u00e3o de renda e autonomia econ\u00f4mica das fam\u00edlias\u00a0participantes.<\/p>\n\n\n\n<p>Per\u00edodo: 2020-2028<\/p>\n","protected":false},"excerpt":{"rendered":"<p>Projetos de pesquisa Compostagem de res\u00edduos s\u00f3lidos de baixo custo como tecnologia social para seguran\u00e7a alimentar e gera\u00e7\u00e3o de renda Objetivo geral: Desenvolver com a comunidade uma solu\u00e7\u00e3o efetiva para a transforma\u00e7\u00e3o socioambiental atrav\u00e9s&#46;&#46;&#46;<\/p>\n","protected":false},"author":262,"featured_media":0,"parent":0,"menu_order":0,"comment_status":"closed","ping_status":"closed","template":"","meta":{"footnotes":""},"class_list":["post-364","page","type-page","status-publish","hentry"],"jetpack_sharing_enabled":true,"_links":{"self":[{"href":"https:\/\/wp.ufpel.edu.br\/nepers\/wp-json\/wp\/v2\/pages\/364","targetHints":{"allow":["GET"]}}],"collection":[{"href":"https:\/\/wp.ufpel.edu.br\/nepers\/wp-json\/wp\/v2\/pages"}],"about":[{"href":"https:\/\/wp.ufpel.edu.br\/nepers\/wp-json\/wp\/v2\/types\/page"}],"author":[{"embeddable":true,"href":"https:\/\/wp.ufpel.edu.br\/nepers\/wp-json\/wp\/v2\/users\/262"}],"replies":[{"embeddable":true,"href":"https:\/\/wp.ufpel.edu.br\/nepers\/wp-json\/wp\/v2\/comments?post=364"}],"version-history":[{"count":2,"href":"https:\/\/wp.ufpel.edu.br\/nepers\/wp-json\/wp\/v2\/pages\/364\/revisions"}],"predecessor-version":[{"id":395,"href":"https:\/\/wp.ufpel.edu.br\/nepers\/wp-json\/wp\/v2\/pages\/364\/revisions\/395"}],"wp:attachment":[{"href":"https:\/\/wp.ufpel.edu.br\/nepers\/wp-json\/wp\/v2\/media?parent=364"}],"curies":[{"name":"wp","href":"https:\/\/api.w.org\/{rel}","templated":true}]}}