{"id":363,"date":"2024-10-15T11:51:03","date_gmt":"2024-10-15T14:51:03","guid":{"rendered":"https:\/\/wp.ufpel.edu.br\/nepers\/?page_id=363"},"modified":"2024-10-15T12:36:10","modified_gmt":"2024-10-15T15:36:10","slug":"projetos-de-extensao","status":"publish","type":"page","link":"https:\/\/wp.ufpel.edu.br\/nepers\/projetos-de-extensao\/","title":{"rendered":"Projetos de extens\u00e3o"},"content":{"rendered":"<style>.kadence-column363_246c15-1e > .kt-inside-inner-col,.kadence-column363_246c15-1e > .kt-inside-inner-col:before{border-top-left-radius:0px;border-top-right-radius:0px;border-bottom-right-radius:0px;border-bottom-left-radius:0px;}.kadence-column363_246c15-1e > .kt-inside-inner-col{column-gap:var(--global-kb-gap-sm, 1rem);}.kadence-column363_246c15-1e > .kt-inside-inner-col{flex-direction:column;}.kadence-column363_246c15-1e > .kt-inside-inner-col > .aligncenter{width:100%;}.kadence-column363_246c15-1e > .kt-inside-inner-col:before{opacity:0.3;}.kadence-column363_246c15-1e{position:relative;}@media all and (max-width: 1024px){.kadence-column363_246c15-1e > .kt-inside-inner-col{flex-direction:column;justify-content:center;}}@media all and (max-width: 767px){.kadence-column363_246c15-1e > .kt-inside-inner-col{flex-direction:column;justify-content:center;}}<\/style>\n<div class=\"wp-block-kadence-column kadence-column363_246c15-1e\"><div class=\"kt-inside-inner-col\">\n<h2 class=\"wp-block-heading has-text-align-center has-text-color has-link-color has-large-font-size wp-elements-0413de7df5d24195f29211ef20826a34\" style=\"color:#156c83\">Projetos de extens\u00e3o<\/h2>\n\n\n<style>.wp-block-kadence-spacer.kt-block-spacer-363_c37a83-63 .kt-block-spacer{height:104px;}.wp-block-kadence-spacer.kt-block-spacer-363_c37a83-63 .kt-divider{border-top-width:1px;height:1px;border-top-color:#eee;width:80%;border-top-style:solid;}<\/style>\n<div class=\"wp-block-kadence-spacer aligncenter kt-block-spacer-363_c37a83-63\"><div class=\"kt-block-spacer kt-block-spacer-halign-center\"><hr class=\"kt-divider\"\/><\/div><\/div>\n<\/div><\/div>\n\n\n<style>.kadence-column363_fcbfaa-a6 > .kt-inside-inner-col,.kadence-column363_fcbfaa-a6 > .kt-inside-inner-col:before{border-top-left-radius:0px;border-top-right-radius:0px;border-bottom-right-radius:0px;border-bottom-left-radius:0px;}.kadence-column363_fcbfaa-a6 > .kt-inside-inner-col{column-gap:var(--global-kb-gap-sm, 1rem);}.kadence-column363_fcbfaa-a6 > .kt-inside-inner-col{flex-direction:column;}.kadence-column363_fcbfaa-a6 > .kt-inside-inner-col > .aligncenter{width:100%;}.kadence-column363_fcbfaa-a6 > .kt-inside-inner-col:before{opacity:0.3;}.kadence-column363_fcbfaa-a6{position:relative;}@media all and (max-width: 1024px){.kadence-column363_fcbfaa-a6 > .kt-inside-inner-col{flex-direction:column;justify-content:center;}}@media all and (max-width: 767px){.kadence-column363_fcbfaa-a6 > .kt-inside-inner-col{flex-direction:column;justify-content:center;}}<\/style>\n<div class=\"wp-block-kadence-column kadence-column363_fcbfaa-a6\"><div class=\"kt-inside-inner-col\">\n<h2 class=\"wp-block-heading has-text-color has-link-color has-medium-font-size wp-elements-937059f1810d275079d04577d3e67322\" style=\"color:#156c83\">Pr\u00e1ticas de ESG (Environmental &#8211; Ambiental, Social &#8211; Social and Governance \u2013 Governan\u00e7a) em atividades agropecu\u00e1rias e agroind\u00fastrias<\/h2>\n<\/div><\/div>\n\n\n<style>.kadence-column363_bb959a-16 > .kt-inside-inner-col,.kadence-column363_bb959a-16 > .kt-inside-inner-col:before{border-top-left-radius:0px;border-top-right-radius:0px;border-bottom-right-radius:0px;border-bottom-left-radius:0px;}.kadence-column363_bb959a-16 > .kt-inside-inner-col{column-gap:var(--global-kb-gap-sm, 1rem);}.kadence-column363_bb959a-16 > .kt-inside-inner-col{flex-direction:column;}.kadence-column363_bb959a-16 > .kt-inside-inner-col > .aligncenter{width:100%;}.kadence-column363_bb959a-16 > .kt-inside-inner-col:before{opacity:0.3;}.kadence-column363_bb959a-16{position:relative;}@media all and (max-width: 1024px){.kadence-column363_bb959a-16 > .kt-inside-inner-col{flex-direction:column;justify-content:center;}}@media all and (max-width: 767px){.kadence-column363_bb959a-16 > .kt-inside-inner-col{flex-direction:column;justify-content:center;}}<\/style>\n<div class=\"wp-block-kadence-column kadence-column363_bb959a-16\"><div class=\"kt-inside-inner-col\">\n<p style=\"font-size:14px\">Objetivo geral: diagnosticar e avaliar as pr\u00e1ticas de ESG (ambientais, sociais e de governan\u00e7a) em atividades agropecu\u00e1rias e agroindustriais. Por meio da an\u00e1lise de um conjunto de crit\u00e9rios ambientais, sociais e de governan\u00e7a, busca-se identificar os riscos, oportunidades e impactos associados a essas pr\u00e1ticas, visando promover a ado\u00e7\u00e3o de medidas mais sustent\u00e1veis nesses setores. Considerando a intr\u00ednseca interliga\u00e7\u00e3o das quest\u00f5es ESG e sua relev\u00e2ncia para os aspectos sociais, tecnol\u00f3gicos, pol\u00edticos, ambientais e econ\u00f4micos das atividades agropecu\u00e1rias e agroindustriais, este projeto tem como objetivo final contribuir para o avan\u00e7o em dire\u00e7\u00e3o \u00e0 sustentabilidade nessas \u00e1reas-chave da economia.<\/p>\n\n\n\n<p>Per\u00edodo: 2024-2028<\/p>\n\n\n\n<hr class=\"wp-block-separator has-alpha-channel-opacity\"\/>\n<\/div><\/div>\n\n\n\n<h2 class=\"wp-block-heading has-text-color has-link-color has-medium-font-size wp-elements-b04a528f8ce9a68c84dec2ac6496c68e\" style=\"color:#156c83\">Educa\u00e7\u00e3o ambiental nas Cooperativas de Catadores de Materiais Recicl\u00e1veis do Munic\u00edpio de Pelotas\/RS<\/h2>\n\n\n\n<p style=\"font-size:14px\">Objetivo geral: Desenvolver a\u00e7\u00f5es de educa\u00e7\u00e3o ambiental junto aos catadores de materiais recicl\u00e1veis, visando a forma\u00e7\u00e3o e conhecimento em rela\u00e7\u00e3o cadeia da gest\u00e3o dos res\u00edduos alinhados aos princ\u00edpios dos objetivos para o desenvolvimento sustent\u00e1vel, visando a qualidade de dos trabalhadores, o exerc\u00edcio da cidadania e a sustentabilidade do meio ambiente.<\/p>\n\n\n\n<p>Per\u00edodo: 2024-2028<\/p>\n\n\n\n<hr class=\"wp-block-separator has-alpha-channel-opacity\"\/>\n","protected":false},"excerpt":{"rendered":"<p>Projetos de extens\u00e3o Pr\u00e1ticas de ESG (Environmental &#8211; Ambiental, Social &#8211; Social and Governance \u2013 Governan\u00e7a) em atividades agropecu\u00e1rias e agroind\u00fastrias Objetivo geral: diagnosticar e avaliar as pr\u00e1ticas de ESG (ambientais, sociais e de&#46;&#46;&#46;<\/p>\n","protected":false},"author":262,"featured_media":0,"parent":0,"menu_order":0,"comment_status":"closed","ping_status":"closed","template":"","meta":{"footnotes":""},"class_list":["post-363","page","type-page","status-publish","hentry"],"jetpack_sharing_enabled":true,"_links":{"self":[{"href":"https:\/\/wp.ufpel.edu.br\/nepers\/wp-json\/wp\/v2\/pages\/363","targetHints":{"allow":["GET"]}}],"collection":[{"href":"https:\/\/wp.ufpel.edu.br\/nepers\/wp-json\/wp\/v2\/pages"}],"about":[{"href":"https:\/\/wp.ufpel.edu.br\/nepers\/wp-json\/wp\/v2\/types\/page"}],"author":[{"embeddable":true,"href":"https:\/\/wp.ufpel.edu.br\/nepers\/wp-json\/wp\/v2\/users\/262"}],"replies":[{"embeddable":true,"href":"https:\/\/wp.ufpel.edu.br\/nepers\/wp-json\/wp\/v2\/comments?post=363"}],"version-history":[{"count":10,"href":"https:\/\/wp.ufpel.edu.br\/nepers\/wp-json\/wp\/v2\/pages\/363\/revisions"}],"predecessor-version":[{"id":392,"href":"https:\/\/wp.ufpel.edu.br\/nepers\/wp-json\/wp\/v2\/pages\/363\/revisions\/392"}],"wp:attachment":[{"href":"https:\/\/wp.ufpel.edu.br\/nepers\/wp-json\/wp\/v2\/media?parent=363"}],"curies":[{"name":"wp","href":"https:\/\/api.w.org\/{rel}","templated":true}]}}