{"id":29,"date":"2013-06-19T15:15:56","date_gmt":"2013-06-19T18:15:56","guid":{"rendered":"https:\/\/wp.ufpel.edu.br\/nepers\/?page_id=29"},"modified":"2024-10-14T23:11:22","modified_gmt":"2024-10-15T02:11:22","slug":"livro","status":"publish","type":"page","link":"https:\/\/wp.ufpel.edu.br\/nepers\/publicacoes\/livro\/","title":{"rendered":"Livro &#8220;Gest\u00e3o de Res\u00edduos S\u00f3lidos&#8221;"},"content":{"rendered":"<p style=\"text-align: justify\">No ano de 2012 o <strong>NEPERS<\/strong>\u00a0(N\u00facleo de Educa\u00e7\u00e3o, Pesquisa e Extens\u00e3o em Res\u00edduos e Sustentabilidade) publicou o livro &#8220;Gest\u00e3o de Res\u00edduos S\u00f3lidos&#8221; (ISBN 9788577274055), pela Universidade Federal de Pelotas. O livro conta com 279 p\u00e1ginas distribu\u00eddas em 14 cap\u00edtulos, de diversos colaboradores do grupo, entre professores e alunos de gradua\u00e7\u00e3o, mestrado e doutorado.<\/p>\n<p style=\"text-align: justify\">Disponibilizamos aqui os resumos de todos os cap\u00edtulos. O livro est\u00e1 dispon\u00edvel para aquisi\u00e7\u00e3o no pr\u00f3prio N\u00facleo.<\/p>\n<p><strong>Movimentos transfronteiri\u00e7os de res\u00edduos: considera\u00e7\u00f5es sobre o Tratado de Basil\u00e9ia<\/strong><\/p>\n<p style=\"text-align: justify\"><em id=\"__mceDel\">PAZ, Matheus Francisco; MARQUES, Roger Vasques; CORR\u00caA, Luciara Bilhalva; CORR\u00caA, \u00c9rico Kunde.<\/em><\/p>\n<p><a href=\"https:\/\/wp.ufpel.edu.br\/nepers\/files\/2013\/06\/MOVIMENTOS-TRANSFRONTEIRI\u00c7OS-DE-RES\u00cdDUOS.pdf\" target=\"_blank\" rel=\"noopener\"><strong>Download<\/strong><\/a><\/p>\n<p style=\"text-align: justify\"><strong>Panorama dos Res\u00edduos S\u00f3lidos<\/strong><\/p>\n<p style=\"text-align: justify\" align=\"center\"><em>NAMIUCHI, Matheus Gentelini; BITTENCOURT, Gustavo Amaro; BECKER, Renan Vinicius de Barros; CORR\u00caA, Luciara Bilhalva; CORR\u00caA, \u00c9rico Kunde.<\/em><\/p>\n<p style=\"text-align: left\" align=\"center\"><a href=\"https:\/\/wp.ufpel.edu.br\/nepers\/files\/2013\/06\/PANORAMA-DOS-RES\u00cdDUOS-S\u00d3LIDOS.pdf\" target=\"_blank\" rel=\"noopener\"><strong>Download<\/strong><\/a><\/p>\n<p style=\"text-align: left\" align=\"center\"><strong>Fundamentos da Compostagem<\/strong><\/p>\n<p style=\"text-align: justify\"><em>CORR\u00caA, \u00c9rico Kunde; BIANCHI, Ivan; LUCIA Jr, Thomaz; CORR\u00caA, Luciara Bilhalva; MARQUES, Roger Vasques; PAZ, Matheus Francisco.<\/em><\/p>\n<p style=\"text-align: left\"><a href=\"https:\/\/wp.ufpel.edu.br\/nepers\/files\/2013\/06\/FUNDAMENTOS-DA-COMPOSTAGEM.pdf\" target=\"_blank\" rel=\"noopener\"><strong>Download<\/strong><\/a><\/p>\n<p><strong>Pol\u00edtica Nacional de Res\u00edduos S\u00f3lidos<\/strong><\/p>\n<p style=\"text-align: justify\"><em>BECKER, Renan Vinicius de Barros; CORR\u00caA, \u00c9rico Kunde; CORR\u00caA, Luciara Bilhalva.<\/em><\/p>\n<p><a href=\"https:\/\/wp.ufpel.edu.br\/nepers\/files\/2013\/06\/Pol\u00edtica-Nacional-de-Res\u00edduos-S\u00f3lidos.pdf\" target=\"_blank\" rel=\"noopener\"><strong>Download<\/strong><\/a><\/p>\n<p style=\"text-align: justify\"><strong>Res\u00edduos da Ind\u00fastria de Beneficiamento de Arroz<\/strong><\/p>\n<p style=\"text-align: justify\"><em>PAZ, Matheus Francisco; ELIAS, Moacir Cardoso; MARQUES, Roger Vasques; CORR\u00caA, Luciara Bilhalva; CORR\u00caA, \u00c9rico Kunde.<\/em><\/p>\n<p style=\"text-align: justify\"><a href=\"https:\/\/wp.ufpel.edu.br\/nepers\/files\/2013\/06\/Res\u00edduos-da-Ind\u00fastria-de-Beneficiamento-de-Arroz.pdf\" target=\"_blank\" rel=\"noopener\"><strong>Download<\/strong><\/a><\/p>\n<p style=\"text-align: justify\"><strong>Res\u00edduos De Matadouros-Frigor\u00edficos<\/strong><\/p>\n<p style=\"text-align: justify\"><em>MARQUES, Roger Vasques; PAZ Matheus Francisco; SILVA, Wladimir Padilha; FIORENTINI, Angela Maria; CORR\u00caA, \u00c9rico Kunde.<\/em><\/p>\n<p style=\"text-align: justify\"><a href=\"https:\/\/wp.ufpel.edu.br\/nepers\/files\/2013\/06\/RES\u00cdDUOS-DE-MATADOUROS.pdf\" target=\"_blank\" rel=\"noopener\"><strong>Download<\/strong><\/a><\/p>\n<p style=\"text-align: justify\"><strong>Compostagem Domiciliar<\/strong><\/p>\n<p style=\"text-align: justify\"><em>GUIDONI, Lucas Louren\u00e7o Castiglioni; BECKER, Renan Vinicius de Barros; MARQUES, Roger Vasques; CORR\u00caA, Luciara Bilhalva; CORR\u00caA, \u00c9rico Kunde.<\/em><\/p>\n<p style=\"text-align: justify\"><a href=\"https:\/\/wp.ufpel.edu.br\/nepers\/files\/2013\/06\/Compostagem-Domiciliar.pdf\" target=\"_blank\" rel=\"noopener\"><strong>Download<\/strong><\/a><\/p>\n<p style=\"text-align: justify\"><strong>Plano de Gerenciamento Dos Res\u00edduos De Servi\u00e7o De Sa\u00fade<\/strong><\/p>\n<p style=\"text-align: justify\"><em>AVANCINI, Anita Ribas; SOUZA, J\u00falia Storch; CABALLERO, Cassia Brocca; CORR\u00caA, Luciara Bilhalva.<\/em><\/p>\n<p style=\"text-align: justify\"><a href=\"https:\/\/wp.ufpel.edu.br\/nepers\/files\/2013\/06\/Plano-de-Gerenciamento-dos-Res\u00edduos-de-Servi\u00e7o-de-Sa\u00fade.pdf\" target=\"_blank\" rel=\"noopener\"><strong>Download<\/strong><\/a><\/p>\n<p style=\"text-align: justify\"><strong>Gest\u00e3o de Res\u00edduos em Laborat\u00f3rios de Institui\u00e7\u00f5es de Ensino Superior<\/strong><\/p>\n<p style=\"text-align: justify\" align=\"center\"><em>SOUZA, J\u00falia Storch; AVANCINI, Anita Ribas; CABALLERO, Cassia Brocca; GUIDONI, Lucas Louren\u00e7o Castiglioni; BECKER, Renan Vinicius de Barros; CORR\u00caA, \u00c9rico Kunde; CORR\u00caA, Luciara Bilhalva.<\/em><\/p>\n<p style=\"text-align: justify\" align=\"center\"><a href=\"https:\/\/wp.ufpel.edu.br\/nepers\/files\/2013\/06\/GEST\u00c3O-DE-RES\u00cdDUOS-EM-LABORAT\u00d3RIOS-DE-INSTITUI\u00c7\u00d5ES-DE-ENSINO-SUPERIOR.pdf\" target=\"_blank\" rel=\"noopener\"><strong>Download<\/strong><\/a><\/p>\n<p style=\"text-align: justify\" align=\"center\"><strong>Biosseguran\u00e7a<\/strong><\/p>\n<p style=\"text-align: justify\" align=\"center\"><em>GOULARTE, Karina Lemos; VARELA JUNIOR, Antonio Sergio; FERREIRA, Carlos Eduardo Ranquetat; CORCINI, Carine Dahl.<\/em><\/p>\n<p style=\"text-align: justify\" align=\"center\"><a href=\"https:\/\/wp.ufpel.edu.br\/nepers\/files\/2013\/06\/Biosseguran\u00e7a.pdf\" target=\"_blank\" rel=\"noopener\"><strong>Download<\/strong><\/a><\/p>\n<p style=\"text-align: justify\" align=\"center\"><strong>Compostagem de Dejetos de Su\u00ednos<\/strong><\/p>\n<p style=\"text-align: justify\" align=\"center\"><em>DAI-PR\u00c1, Marcus Antonio; CORR\u00caA, \u00c9rico Kunde; XAVIER, Eduardo Gon\u00e7alves; PAZ, Matheus Francisco; MARQUES, Roger Vasques; BECKER, Renan Vinicius de Barros.<\/em><\/p>\n<p style=\"text-align: justify\" align=\"center\"><a href=\"https:\/\/wp.ufpel.edu.br\/nepers\/files\/2013\/06\/COMPOSTAGEM-DE-DEJETOS-DE-SU\u00cdNOS.pdf\" target=\"_blank\" rel=\"noopener\"><strong>Download<\/strong><\/a><\/p>\n<p style=\"text-align: justify\" align=\"center\"><strong>Compostagem de Res\u00edduos da Avicultura<\/strong><\/p>\n<p style=\"text-align: justify\" align=\"center\"><em>CORR\u00caA, \u00c9rico Kunde; ROLL, Aline Piccini; ROLL, Victor Fernando B\u00fcttow; DAI-PR\u00c1, Marcus Antonio; MENDES, Pablo Machado; PAZ, Matheus Francisco; MARQUES, Roger Vasques.<\/em><\/p>\n<p style=\"text-align: left\" align=\"center\"><a href=\"https:\/\/wp.ufpel.edu.br\/nepers\/files\/2013\/06\/Compostagem-de-res\u00edduos-da-avicultura.pdf\" target=\"_blank\" rel=\"noopener\"><strong>Download<\/strong><\/a><\/p>\n<p style=\"text-align: left\" align=\"center\"><strong>Disposi\u00e7\u00e3o Final Ambientalmente Adequada: Aterros Sanit\u00e1rios<\/strong><\/p>\n<p style=\"text-align: justify\" align=\"center\"><em>BECKER, Renan Vinicius de Barros; CORR\u00caA, Luciara Bilhalva; CORR\u00caA, \u00c9rico Kunde.<\/em><\/p>\n<p style=\"text-align: justify\" align=\"center\"><a href=\"https:\/\/wp.ufpel.edu.br\/nepers\/files\/2013\/06\/DISPOSI\u00c7\u00c3O-FINAL-AMBIENTALMENTE-ADEQUADA.pdf\" target=\"_blank\" rel=\"noopener\"><strong>Download<\/strong><\/a><\/p>\n<p style=\"text-align: justify\" align=\"center\"><strong>A Educa\u00e7\u00e3o Ambiental na Gest\u00e3o dos Res\u00edduos S\u00f3lidos<\/strong><\/p>\n<p style=\"text-align: justify\" align=\"center\"><em>CABALLERO, Cassia Brocca; AVANCINI, Anita Ribas; SOUZA, J\u00falia Storch; CORR\u00caA, Luciara Bilhalva.<\/em><\/p>\n<p style=\"text-align: justify\" align=\"center\"><a href=\"https:\/\/wp.ufpel.edu.br\/nepers\/files\/2013\/06\/A-Educa\u00e7\u00e3o-Ambiental-na-Gest\u00e3o-dos-Res\u00edduos-S\u00f3lidos.pdf\" target=\"_blank\" rel=\"noopener\"><strong>Download<\/strong><\/a><\/p>\n","protected":false},"excerpt":{"rendered":"<p>No ano de 2012 o NEPERS\u00a0(N\u00facleo de Educa\u00e7\u00e3o, Pesquisa e Extens\u00e3o em Res\u00edduos e Sustentabilidade) publicou o livro &#8220;Gest\u00e3o de Res\u00edduos S\u00f3lidos&#8221; (ISBN 9788577274055), pela Universidade Federal de Pelotas. O livro conta com 279&#46;&#46;&#46;<\/p>\n","protected":false},"author":262,"featured_media":0,"parent":168,"menu_order":0,"comment_status":"closed","ping_status":"closed","template":"","meta":{"footnotes":""},"class_list":["post-29","page","type-page","status-publish","hentry"],"jetpack_sharing_enabled":true,"_links":{"self":[{"href":"https:\/\/wp.ufpel.edu.br\/nepers\/wp-json\/wp\/v2\/pages\/29","targetHints":{"allow":["GET"]}}],"collection":[{"href":"https:\/\/wp.ufpel.edu.br\/nepers\/wp-json\/wp\/v2\/pages"}],"about":[{"href":"https:\/\/wp.ufpel.edu.br\/nepers\/wp-json\/wp\/v2\/types\/page"}],"author":[{"embeddable":true,"href":"https:\/\/wp.ufpel.edu.br\/nepers\/wp-json\/wp\/v2\/users\/262"}],"replies":[{"embeddable":true,"href":"https:\/\/wp.ufpel.edu.br\/nepers\/wp-json\/wp\/v2\/comments?post=29"}],"version-history":[{"count":26,"href":"https:\/\/wp.ufpel.edu.br\/nepers\/wp-json\/wp\/v2\/pages\/29\/revisions"}],"predecessor-version":[{"id":248,"href":"https:\/\/wp.ufpel.edu.br\/nepers\/wp-json\/wp\/v2\/pages\/29\/revisions\/248"}],"up":[{"embeddable":true,"href":"https:\/\/wp.ufpel.edu.br\/nepers\/wp-json\/wp\/v2\/pages\/168"}],"wp:attachment":[{"href":"https:\/\/wp.ufpel.edu.br\/nepers\/wp-json\/wp\/v2\/media?parent=29"}],"curies":[{"name":"wp","href":"https:\/\/api.w.org\/{rel}","templated":true}]}}