{"id":228,"date":"2024-10-14T22:53:23","date_gmt":"2024-10-15T01:53:23","guid":{"rendered":"https:\/\/wp.ufpel.edu.br\/nepers\/?page_id=228"},"modified":"2025-05-26T14:56:38","modified_gmt":"2025-05-26T17:56:38","slug":"228-2","status":"publish","type":"page","link":"https:\/\/wp.ufpel.edu.br\/nepers\/","title":{"rendered":"Apresenta\u00e7\u00e3o"},"content":{"rendered":"\n<h2 class=\"wp-block-heading has-text-align-center\" style=\"text-transform:uppercase\">Sobre n\u00f3s<\/h2>\n\n\n\n<p class=\"has-text-align-center\">O NEPERS (N\u00facleo de Educa\u00e7\u00e3o, Pesquisa e Extens\u00e3o em Res\u00edduos e Sustentabilidade) \u00e9 um grupo vinculado \u00e0 Universidade Federal de Pelotas &#8211; UFPel, fundado no dia 02 de Agosto de 2010, simultaneamente \u00e0 cria\u00e7\u00e3o da Pol\u00edtica Nacional de Res\u00edduos S\u00f3lidos (Lei N\u00ba 12.305\/2010). Tem como coordenadores os professores Dr. \u00c9rico Kunde Corr\u00eaa e Dra. Luciara Bilhalva Corr\u00eaa. Atualmente conta com mais de 15 colaboradores, entre professores, alunos de gradua\u00e7\u00e3o do curso de Eng. Ambiental e Sanit\u00e1ria e de mestrado e doutorado. Conhe\u00e7a mais os integrantes do grupo na aba <a href=\"https:\/\/wp.ufpel.edu.br\/nepers\/228-2\/equipe\/\" data-type=\"page\" data-id=\"10\">Equipe<\/a>.<\/p>\n\n\n<style>.wp-block-kadence-spacer.kt-block-spacer-228_b49abd-64 .kt-block-spacer{height:64px;}.wp-block-kadence-spacer.kt-block-spacer-228_b49abd-64 .kt-divider{border-top-width:1px;height:1px;border-top-color:#eee;width:80%;border-top-style:solid;}<\/style>\n<div class=\"wp-block-kadence-spacer aligncenter kt-block-spacer-228_b49abd-64\"><div class=\"kt-block-spacer kt-block-spacer-halign-center\"><hr class=\"kt-divider\"\/><\/div><\/div>\n\n\n\n<h2 class=\"wp-block-heading has-text-align-center\" style=\"text-transform:uppercase\">Linhas de Pesquisa<\/h2>\n\n\n<style>.wp-block-kadence-iconlist.kt-svg-icon-list-items228_d5c9d7-4f:not(.this-stops-third-party-issues){margin-top:0px;margin-bottom:0px;}.wp-block-kadence-iconlist.kt-svg-icon-list-items228_d5c9d7-4f ul.kt-svg-icon-list:not(.this-prevents-issues):not(.this-stops-third-party-issues):not(.tijsloc){margin-top:0px;margin-right:0px;margin-bottom:var(--global-kb-spacing-sm, 1.5rem);margin-left:0px;}.wp-block-kadence-iconlist.kt-svg-icon-list-items228_d5c9d7-4f ul.kt-svg-icon-list{grid-row-gap:5px;}.wp-block-kadence-iconlist.kt-svg-icon-list-items228_d5c9d7-4f ul.kt-svg-icon-list .kt-svg-icon-list-item-wrap .kt-svg-icon-list-single{margin-right:10px;}.kt-svg-icon-list-items228_d5c9d7-4f ul.kt-svg-icon-list .kt-svg-icon-list-level-0 .kt-svg-icon-list-single svg{font-size:20px;}<\/style>\n<div class=\"wp-block-kadence-iconlist kt-svg-icon-list-items kt-svg-icon-list-items228_d5c9d7-4f kt-svg-icon-list-columns-1 alignnone\"><ul class=\"kt-svg-icon-list\"><style>.kt-svg-icon-list-item-228_85adeb-5e .kt-svg-icon-list-single{font-size:20px !important;}.kt-svg-icon-list-item-228_85adeb-5e .kt-svg-icon-list-text mark.kt-highlight{background-color:unset;font-style:normal;color:#f76a0c;-webkit-box-decoration-break:clone;box-decoration-break:clone;padding-top:0px;padding-right:0px;padding-bottom:0px;padding-left:0px;}<\/style>\n<li class=\"wp-block-kadence-listitem kt-svg-icon-list-item-wrap kt-svg-icon-list-item-228_85adeb-5e kt-svg-icon-list-level-5\"><span class=\"kb-svg-icon-wrap kb-svg-icon-fe_checkCircle kt-svg-icon-list-single\"><svg viewBox=\"0 0 24 24\"  fill=\"none\" stroke=\"currentColor\" stroke-width=\"2\" stroke-linecap=\"round\" stroke-linejoin=\"round\" xmlns=\"http:\/\/www.w3.org\/2000\/svg\"  aria-hidden=\"true\"><path d=\"M22 11.08V12a10 10 0 1 1-5.93-9.14\"\/><polyline points=\"22 4 12 14.01 9 11.01\"\/><\/svg><\/span><span class=\"kt-svg-icon-list-text\">Compostagem de Res\u00edduos Urbanos, Industriais e Agropecu\u00e1rios<\/span><\/li>\n\n\n<style>.kt-svg-icon-list-item-228_9e1c8c-fa .kt-svg-icon-list-single{font-size:20px !important;}.kt-svg-icon-list-item-228_9e1c8c-fa .kt-svg-icon-list-text mark.kt-highlight{background-color:unset;font-style:normal;color:#f76a0c;-webkit-box-decoration-break:clone;box-decoration-break:clone;padding-top:0px;padding-right:0px;padding-bottom:0px;padding-left:0px;}<\/style>\n<li class=\"wp-block-kadence-listitem kt-svg-icon-list-item-wrap kt-svg-icon-list-item-228_9e1c8c-fa kt-svg-icon-list-level-5\"><span class=\"kb-svg-icon-wrap kb-svg-icon-fe_checkCircle kt-svg-icon-list-single\"><svg viewBox=\"0 0 24 24\"  fill=\"none\" stroke=\"currentColor\" stroke-width=\"2\" stroke-linecap=\"round\" stroke-linejoin=\"round\" xmlns=\"http:\/\/www.w3.org\/2000\/svg\"  aria-hidden=\"true\"><path d=\"M22 11.08V12a10 10 0 1 1-5.93-9.14\"\/><polyline points=\"22 4 12 14.01 9 11.01\"\/><\/svg><\/span><span class=\"kt-svg-icon-list-text\">Ecotoxicologia<\/span><\/li>\n\n\n<style>.kt-svg-icon-list-item-228_49465b-3f .kt-svg-icon-list-single{font-size:20px !important;}.kt-svg-icon-list-item-228_49465b-3f .kt-svg-icon-list-text mark.kt-highlight{background-color:unset;font-style:normal;color:#f76a0c;-webkit-box-decoration-break:clone;box-decoration-break:clone;padding-top:0px;padding-right:0px;padding-bottom:0px;padding-left:0px;}<\/style>\n<li class=\"wp-block-kadence-listitem kt-svg-icon-list-item-wrap kt-svg-icon-list-item-228_49465b-3f kt-svg-icon-list-level-5\"><span class=\"kb-svg-icon-wrap kb-svg-icon-fe_checkCircle kt-svg-icon-list-single\"><svg viewBox=\"0 0 24 24\"  fill=\"none\" stroke=\"currentColor\" stroke-width=\"2\" stroke-linecap=\"round\" stroke-linejoin=\"round\" xmlns=\"http:\/\/www.w3.org\/2000\/svg\"  aria-hidden=\"true\"><path d=\"M22 11.08V12a10 10 0 1 1-5.93-9.14\"\/><polyline points=\"22 4 12 14.01 9 11.01\"\/><\/svg><\/span><span class=\"kt-svg-icon-list-text\">Gest\u00e3o de Res\u00edduos<\/span><\/li>\n\n\n<style>.kt-svg-icon-list-item-228_24f61a-5c .kt-svg-icon-list-single{font-size:20px !important;}.kt-svg-icon-list-item-228_24f61a-5c .kt-svg-icon-list-text mark.kt-highlight{background-color:unset;font-style:normal;color:#f76a0c;-webkit-box-decoration-break:clone;box-decoration-break:clone;padding-top:0px;padding-right:0px;padding-bottom:0px;padding-left:0px;}<\/style>\n<li class=\"wp-block-kadence-listitem kt-svg-icon-list-item-wrap kt-svg-icon-list-item-228_24f61a-5c kt-svg-icon-list-level-5\"><span class=\"kb-svg-icon-wrap kb-svg-icon-fe_checkCircle kt-svg-icon-list-single\"><svg viewBox=\"0 0 24 24\"  fill=\"none\" stroke=\"currentColor\" stroke-width=\"2\" stroke-linecap=\"round\" stroke-linejoin=\"round\" xmlns=\"http:\/\/www.w3.org\/2000\/svg\"  aria-hidden=\"true\"><path d=\"M22 11.08V12a10 10 0 1 1-5.93-9.14\"\/><polyline points=\"22 4 12 14.01 9 11.01\"\/><\/svg><\/span><span class=\"kt-svg-icon-list-text\">Res\u00edduos de Servi\u00e7os de Sa\u00fade (RSS)<\/span><\/li>\n\n\n<style>.kt-svg-icon-list-item-228_ecd14a-57 .kt-svg-icon-list-single{font-size:20px !important;}.kt-svg-icon-list-item-228_ecd14a-57 .kt-svg-icon-list-text mark.kt-highlight{background-color:unset;font-style:normal;color:#f76a0c;-webkit-box-decoration-break:clone;box-decoration-break:clone;padding-top:0px;padding-right:0px;padding-bottom:0px;padding-left:0px;}<\/style>\n<li class=\"wp-block-kadence-listitem kt-svg-icon-list-item-wrap kt-svg-icon-list-item-228_ecd14a-57 kt-svg-icon-list-level-5\"><span class=\"kb-svg-icon-wrap kb-svg-icon-fe_checkCircle kt-svg-icon-list-single\"><svg viewBox=\"0 0 24 24\"  fill=\"none\" stroke=\"currentColor\" stroke-width=\"2\" stroke-linecap=\"round\" stroke-linejoin=\"round\" xmlns=\"http:\/\/www.w3.org\/2000\/svg\"  aria-hidden=\"true\"><path d=\"M22 11.08V12a10 10 0 1 1-5.93-9.14\"\/><polyline points=\"22 4 12 14.01 9 11.01\"\/><\/svg><\/span><span class=\"kt-svg-icon-list-text\">Cooperativas de Reciclagem<\/span><\/li>\n\n\n<style>.kt-svg-icon-list-item-228_3e086e-b4 .kt-svg-icon-list-single{font-size:20px !important;}.kt-svg-icon-list-item-228_3e086e-b4 .kt-svg-icon-list-text mark.kt-highlight{background-color:unset;font-style:normal;color:#f76a0c;-webkit-box-decoration-break:clone;box-decoration-break:clone;padding-top:0px;padding-right:0px;padding-bottom:0px;padding-left:0px;}<\/style>\n<li class=\"wp-block-kadence-listitem kt-svg-icon-list-item-wrap kt-svg-icon-list-item-228_3e086e-b4 kt-svg-icon-list-level-5\"><span class=\"kb-svg-icon-wrap kb-svg-icon-fe_checkCircle kt-svg-icon-list-single\"><svg viewBox=\"0 0 24 24\"  fill=\"none\" stroke=\"currentColor\" stroke-width=\"2\" stroke-linecap=\"round\" stroke-linejoin=\"round\" xmlns=\"http:\/\/www.w3.org\/2000\/svg\"  aria-hidden=\"true\"><path d=\"M22 11.08V12a10 10 0 1 1-5.93-9.14\"\/><polyline points=\"22 4 12 14.01 9 11.01\"\/><\/svg><\/span><span class=\"kt-svg-icon-list-text\">Res\u00edduos de Constru\u00e7\u00e3o e Demoli\u00e7\u00e3o<\/span><\/li>\n\n\n<style>.kt-svg-icon-list-item-228_d529a6-d7 .kt-svg-icon-list-single{font-size:20px !important;}.kt-svg-icon-list-item-228_d529a6-d7 .kt-svg-icon-list-text mark.kt-highlight{background-color:unset;font-style:normal;color:#f76a0c;-webkit-box-decoration-break:clone;box-decoration-break:clone;padding-top:0px;padding-right:0px;padding-bottom:0px;padding-left:0px;}<\/style>\n<li class=\"wp-block-kadence-listitem kt-svg-icon-list-item-wrap kt-svg-icon-list-item-228_d529a6-d7 kt-svg-icon-list-level-5\"><span class=\"kb-svg-icon-wrap kb-svg-icon-fe_checkCircle kt-svg-icon-list-single\"><svg viewBox=\"0 0 24 24\"  fill=\"none\" stroke=\"currentColor\" stroke-width=\"2\" stroke-linecap=\"round\" stroke-linejoin=\"round\" xmlns=\"http:\/\/www.w3.org\/2000\/svg\"  aria-hidden=\"true\"><path d=\"M22 11.08V12a10 10 0 1 1-5.93-9.14\"\/><polyline points=\"22 4 12 14.01 9 11.01\"\/><\/svg><\/span><span class=\"kt-svg-icon-list-text\">Educa\u00e7\u00e3o Ambiental<\/span><\/li>\n\n\n<style>.kt-svg-icon-list-item-228_ac1128-f4 .kt-svg-icon-list-single{font-size:20px !important;}.kt-svg-icon-list-item-228_ac1128-f4 .kt-svg-icon-list-text mark.kt-highlight{background-color:unset;font-style:normal;color:#f76a0c;-webkit-box-decoration-break:clone;box-decoration-break:clone;padding-top:0px;padding-right:0px;padding-bottom:0px;padding-left:0px;}<\/style>\n<li class=\"wp-block-kadence-listitem kt-svg-icon-list-item-wrap kt-svg-icon-list-item-228_ac1128-f4 kt-svg-icon-list-level-5\"><span class=\"kb-svg-icon-wrap kb-svg-icon-fe_checkCircle kt-svg-icon-list-single\"><svg viewBox=\"0 0 24 24\"  fill=\"none\" stroke=\"currentColor\" stroke-width=\"2\" stroke-linecap=\"round\" stroke-linejoin=\"round\" xmlns=\"http:\/\/www.w3.org\/2000\/svg\"  aria-hidden=\"true\"><path d=\"M22 11.08V12a10 10 0 1 1-5.93-9.14\"\/><polyline points=\"22 4 12 14.01 9 11.01\"\/><\/svg><\/span><span class=\"kt-svg-icon-list-text\">ESG (Ambiental, Social e Governan\u00e7a) <\/span><\/li>\n<\/ul><\/div>\n\n\n\n<p><\/p>\n","protected":false},"excerpt":{"rendered":"<p>Sobre n\u00f3s O NEPERS (N\u00facleo de Educa\u00e7\u00e3o, Pesquisa e Extens\u00e3o em Res\u00edduos e Sustentabilidade) \u00e9 um grupo vinculado \u00e0 Universidade Federal de Pelotas &#8211; UFPel, fundado no dia 02 de Agosto de 2010, simultaneamente&#46;&#46;&#46;<\/p>\n","protected":false},"author":262,"featured_media":0,"parent":0,"menu_order":0,"comment_status":"closed","ping_status":"closed","template":"","meta":{"footnotes":""},"class_list":["post-228","page","type-page","status-publish","hentry"],"jetpack_sharing_enabled":true,"_links":{"self":[{"href":"https:\/\/wp.ufpel.edu.br\/nepers\/wp-json\/wp\/v2\/pages\/228","targetHints":{"allow":["GET"]}}],"collection":[{"href":"https:\/\/wp.ufpel.edu.br\/nepers\/wp-json\/wp\/v2\/pages"}],"about":[{"href":"https:\/\/wp.ufpel.edu.br\/nepers\/wp-json\/wp\/v2\/types\/page"}],"author":[{"embeddable":true,"href":"https:\/\/wp.ufpel.edu.br\/nepers\/wp-json\/wp\/v2\/users\/262"}],"replies":[{"embeddable":true,"href":"https:\/\/wp.ufpel.edu.br\/nepers\/wp-json\/wp\/v2\/comments?post=228"}],"version-history":[{"count":11,"href":"https:\/\/wp.ufpel.edu.br\/nepers\/wp-json\/wp\/v2\/pages\/228\/revisions"}],"predecessor-version":[{"id":473,"href":"https:\/\/wp.ufpel.edu.br\/nepers\/wp-json\/wp\/v2\/pages\/228\/revisions\/473"}],"wp:attachment":[{"href":"https:\/\/wp.ufpel.edu.br\/nepers\/wp-json\/wp\/v2\/media?parent=228"}],"curies":[{"name":"wp","href":"https:\/\/api.w.org\/{rel}","templated":true}]}}