{"id":898,"date":"2020-07-20T14:14:00","date_gmt":"2020-07-20T17:14:00","guid":{"rendered":"https:\/\/wp.ufpel.edu.br\/nepca\/?page_id=898"},"modified":"2025-12-25T11:49:55","modified_gmt":"2025-12-25T14:49:55","slug":"extensao-em-servico-de-atendimento-educacional-especializado-tempos-de-pandemia-2020","status":"publish","type":"page","link":"https:\/\/wp.ufpel.edu.br\/nepca\/formacoes\/extensao-em-servico-de-atendimento-educacional-especializado-tempos-de-pandemia-2020\/","title":{"rendered":"Extens\u00e3o em Servi\u00e7o de Atendimento Educacional Especializado &#8211; Tempos de Pandemia (2020)"},"content":{"rendered":"<p><span style=\"font-size: 1.5rem;\">Extens\u00e3o em AEE: Ensino Remoto e Pandemia<\/span><\/p>\n<div class=\"nepca-container\">\n<p style=\"font-size: 1.1rem; text-align: justify;\">Este curso oferece forma\u00e7\u00e3o continuada para professores da educa\u00e7\u00e3o b\u00e1sica, focando no <strong>Atendimento Educacional Especializado (AEE)<\/strong> adaptado aos desafios do ensino remoto e da diversidade em tempos de pandemia.<\/p>\n<p><!-- Caixa de Informa\u00e7\u00f5es Gerais --><\/p>\n<div class=\"covid-question-box\"><span class=\"covid-question-title\">\u2139\ufe0f Informa\u00e7\u00f5es do Curso<\/span><\/p>\n<div style=\"text-align: justify;\">\n<p><strong>Modalidade:<\/strong> EAD (Ensino a Dist\u00e2ncia)<\/p>\n<p><strong>Carga Hor\u00e1ria Total:<\/strong> 90 horas<\/p>\n<p><strong>P\u00fablico-alvo:<\/strong> Professores das redes p\u00fablicas de ensino<\/p>\n<hr style=\"border: 0; border-top: 1px solid #dcdcdc; margin: 15px 0;\" \/>\n<p><strong>Objetivo:<\/strong> Possibilitar o desenvolvimento de programas e pr\u00e1ticas que atendam \u00e0 diversidade do AEE especificamente para o contexto do ensino remoto.<\/p>\n<\/div>\n<\/div>\n<h3>Programa\u00e7\u00e3o<\/h3>\n<div class=\"seminar-highlight\">\ud83d\udfe6 SEMIN\u00c1RIO DE ABERTURA<\/div>\n<ul>\n<li><strong>M\u00f3dulo 1:<\/strong> Revendo conceitos e pr\u00e1ticas para o Atendimento Educacional Especializado para alunos do p\u00fablico-alvo da Educa\u00e7\u00e3o Especial.<br \/>\n<span class=\"hours-badge\">10h<\/span><\/li>\n<li><strong>M\u00f3dulo 2:<\/strong> Alunos p\u00fablico-alvo da Educa\u00e7\u00e3o Especial: singularidades e desafios para o ensino remoto.<br \/>\n<span class=\"hours-badge\">20h<\/span><\/li>\n<li><strong>M\u00f3dulo 3:<\/strong> Desenho Universal para a Aprendizagem e o trabalho colaborativo para inclus\u00e3o na sala de aula comum e o papel do AEE.<br \/>\n<span class=\"hours-badge\">20h<\/span><\/li>\n<li><strong>M\u00f3dulo 4:<\/strong> Processo de identifica\u00e7\u00e3o, avalia\u00e7\u00e3o e planejamento das interven\u00e7\u00f5es pedag\u00f3gicas no AEE.<br \/>\n<span class=\"hours-badge\">10h<\/span><\/li>\n<li><strong>M\u00f3dulo 5:<\/strong> Tecnologia Assistiva: metodologia e recursos adaptados.<br \/>\n<span class=\"hours-badge\">30h<\/span><\/li>\n<\/ul>\n<p><!-- Caixa de A\u00e7\u00e3o \/ Inscri\u00e7\u00e3o --><\/p>\n<div class=\"covid-actions\">\n<h3 style=\"margin-top: 0; color: #333;\">Participe<\/h3>\n<p style=\"margin-bottom: 25px;\">Garanta sua vaga para esta forma\u00e7\u00e3o essencial no contexto educacional atual.<\/p>\n<p><small style=\"color: #666;\">Certificado de extens\u00e3o de 90 horas.<\/small><\/p>\n<\/div>\n<\/div>\n<p>&nbsp;<\/p>\n","protected":false},"excerpt":{"rendered":"<p>Extens\u00e3o em AEE: Ensino Remoto e Pandemia Este curso oferece forma\u00e7\u00e3o continuada para professores da educa\u00e7\u00e3o b\u00e1sica, focando no Atendimento Educacional Especializado (AEE) adaptado aos desafios do ensino remoto e da diversidade em tempos de pandemia. \u2139\ufe0f Informa\u00e7\u00f5es do Curso Modalidade: EAD (Ensino a Dist\u00e2ncia) Carga Hor\u00e1ria Total: 90 horas P\u00fablico-alvo: Professores das redes p\u00fablicas &hellip; <\/p>\n<p class=\"link-more\"><a href=\"https:\/\/wp.ufpel.edu.br\/nepca\/formacoes\/extensao-em-servico-de-atendimento-educacional-especializado-tempos-de-pandemia-2020\/\" class=\"more-link\">Continue lendo<span class=\"screen-reader-text\"> &#8220;Extens\u00e3o em Servi\u00e7o de Atendimento Educacional Especializado &#8211; Tempos de Pandemia (2020)&#8221;<\/span><\/a><\/p>\n","protected":false},"author":797,"featured_media":0,"parent":14,"menu_order":0,"comment_status":"closed","ping_status":"closed","template":"","meta":{"footnotes":""},"class_list":["post-898","page","type-page","status-publish","hentry"],"jetpack_sharing_enabled":true,"_links":{"self":[{"href":"https:\/\/wp.ufpel.edu.br\/nepca\/wp-json\/wp\/v2\/pages\/898","targetHints":{"allow":["GET"]}}],"collection":[{"href":"https:\/\/wp.ufpel.edu.br\/nepca\/wp-json\/wp\/v2\/pages"}],"about":[{"href":"https:\/\/wp.ufpel.edu.br\/nepca\/wp-json\/wp\/v2\/types\/page"}],"author":[{"embeddable":true,"href":"https:\/\/wp.ufpel.edu.br\/nepca\/wp-json\/wp\/v2\/users\/797"}],"replies":[{"embeddable":true,"href":"https:\/\/wp.ufpel.edu.br\/nepca\/wp-json\/wp\/v2\/comments?post=898"}],"version-history":[{"count":3,"href":"https:\/\/wp.ufpel.edu.br\/nepca\/wp-json\/wp\/v2\/pages\/898\/revisions"}],"predecessor-version":[{"id":1578,"href":"https:\/\/wp.ufpel.edu.br\/nepca\/wp-json\/wp\/v2\/pages\/898\/revisions\/1578"}],"up":[{"embeddable":true,"href":"https:\/\/wp.ufpel.edu.br\/nepca\/wp-json\/wp\/v2\/pages\/14"}],"wp:attachment":[{"href":"https:\/\/wp.ufpel.edu.br\/nepca\/wp-json\/wp\/v2\/media?parent=898"}],"curies":[{"name":"wp","href":"https:\/\/api.w.org\/{rel}","templated":true}]}}