{"id":887,"date":"2020-07-20T13:53:23","date_gmt":"2020-07-20T16:53:23","guid":{"rendered":"https:\/\/wp.ufpel.edu.br\/nepca\/?page_id=887"},"modified":"2025-12-25T11:38:18","modified_gmt":"2025-12-25T14:38:18","slug":"curso-de-aperfeicoamento-em-servico-de-atendimento-educacional-especializado-saee-transtorno-do-espectro-autista","status":"publish","type":"page","link":"https:\/\/wp.ufpel.edu.br\/nepca\/formacoes\/curso-de-aperfeicoamento-em-servico-de-atendimento-educacional-especializado-saee-transtorno-do-espectro-autista\/","title":{"rendered":"Curso de Aperfei\u00e7oamento em Servi\u00e7o de Atendimento Educacional Especializado (SAEE) &#8211; Transtorno do Espectro Autista (2020)"},"content":{"rendered":"<p><span style=\"font-size: 1.5rem;\">Curso de Aperfei\u00e7oamento em AEE &#8211; TEA<\/span><\/p>\n<div class=\"nepca-container\">\n<p style=\"font-size: 1.1rem; text-align: justify;\">Este curso tem como finalidade proporcionar a forma\u00e7\u00e3o continuada de professores da educa\u00e7\u00e3o b\u00e1sica, focando no aperfei\u00e7oamento em <strong>Atendimento Educacional Especializado para o Transtorno do Espectro Autista (TEA)<\/strong>.<\/p>\n<p><!-- Caixa de Informa\u00e7\u00f5es Gerais (Estilo Question Box) --><\/p>\n<div class=\"covid-question-box\">\n<p><span class=\"covid-question-title\">\u2139\ufe0f Detalhes da Modalidade<\/span><\/p>\n<div style=\"text-align: justify;\">\n<p><strong>Modalidade:<\/strong> EAD (Ensino a Dist\u00e2ncia)<\/p>\n<p><strong>Carga Hor\u00e1ria Total:<\/strong> 180 horas<\/p>\n<p><strong>P\u00fablico-alvo:<\/strong> Professores das redes p\u00fablicas de ensino<\/p>\n<hr style=\"border: 0; border-top: 1px solid #dcdcdc; margin: 15px 0;\" \/>\n<p><strong>Objetivo Principal:<\/strong> Possibilitar a concretiza\u00e7\u00e3o de pol\u00edticas, programas e pr\u00e1ticas que atendam \u00e0 diversidade e promovam a educa\u00e7\u00e3o inclusiva de qualidade.<\/p>\n<\/div>\n<\/div>\n<h3>Programa\u00e7\u00e3o do Curso<\/h3>\n<p><strong>\ud83d\udfe6 SEMIN\u00c1RIO DE ABERTURA<\/strong><\/p>\n<p><!-- M\u00f3dulo 1 --><\/p>\n<h4>M\u00d3DULO 1 \u2013 80 HORAS<\/h4>\n<ul>\n<li><strong>Disciplina 1:<\/strong> TEA \u2013 Marcos Hist\u00f3ricos <span class=\"hours-badge\">10h<\/span><\/li>\n<li><strong>Disciplina 2:<\/strong> Pol\u00edticas P\u00fablicas e Ordenamentos Legais da Educa\u00e7\u00e3o Especial no Contexto da Educa\u00e7\u00e3o Inclusiva <span class=\"hours-badge\">10h<\/span><\/li>\n<li><strong>Disciplina 3:<\/strong> Transtorno do Espectro Autista: Principais Caracter\u00edsticas <span class=\"hours-badge\">20h<\/span><\/li>\n<li><strong>Disciplina 4:<\/strong> Processos de Aprendizagem da Pessoa com TEA <span class=\"hours-badge\">20h<\/span><\/li>\n<li class=\"bonus-item\">\ud83c\udf1f AULA B\u00d4NUS: Interven\u00e7\u00e3o Precoce para a Crian\u00e7a com TEA <span class=\"hours-badge\">20h<\/span><\/li>\n<\/ul>\n<p><!-- M\u00f3dulo 2 --><\/p>\n<h4>M\u00d3DULO 2 \u2013 100 HORAS<\/h4>\n<ul>\n<li><strong>Disciplina 1:<\/strong> Estrutura\u00e7\u00e3o do Servi\u00e7o de Atendimento Educacional Especializado: Legisla\u00e7\u00e3o, Organiza\u00e7\u00e3o, Estrutura, Formas de Atendimento e Apoio <span class=\"hours-badge\">20h<\/span><\/li>\n<li><strong>Disciplina 2:<\/strong> Processo de Identifica\u00e7\u00e3o, Avalia\u00e7\u00e3o e Planejamento das Interven\u00e7\u00f5es Pedag\u00f3gicas no AEE <span class=\"hours-badge\">20h<\/span><\/li>\n<li><strong>Disciplina 3:<\/strong> Pr\u00e1ticas Pedag\u00f3gicas Aplicadas ao AEE do Estudante com Transtorno do Espectro Autista <span class=\"hours-badge\">20h<\/span><\/li>\n<li><strong>Disciplina 4:<\/strong> Transtorno do Espectro Autista e a Tecnologia <span class=\"hours-badge\">10h<\/span><\/li>\n<li><strong>Disciplina 5:<\/strong> Recursos Adaptados para Alunos com TEA <span class=\"hours-badge\">20h<\/span><\/li>\n<li class=\"bonus-item\">\ud83c\udf1f AULA B\u00d4NUS: Altera\u00e7\u00f5es Sensoriais em Pessoas com TEA<\/li>\n<li class=\"bonus-item\">\ud83c\udf1f AULA B\u00d4NUS: Terapia Assistida por Animais para Pessoas com TEA<\/li>\n<\/ul>\n<p><!-- Caixa de Encerramento (Estilo Action Box) --><\/p>\n<div class=\"covid-actions\">\n<h3 style=\"margin-top: 0; color: #333;\">Conclus\u00e3o do Curso<\/h3>\n<p style=\"margin-bottom: 25px; text-align: justify;\">Para a finaliza\u00e7\u00e3o do curso, \u00e9 necess\u00e1ria a elabora\u00e7\u00e3o de um projeto pr\u00e1tico que consolide os conhecimentos adquiridos.<\/p>\n<div style=\"background-color: #fff; padding: 15px; border-radius: 5px; border: 1px dashed #004a80; display: inline-block; text-align: center;\"><strong>\ud83d\udcdd TRABALHO FINAL<\/strong><br \/>\nConstru\u00e7\u00e3o de uma proposta de AEE <span class=\"hours-badge\">10h<\/span><\/div>\n<p>&nbsp;<\/p>\n<p><span style=\"color: #004a80; font-weight: bold; font-size: 1.2rem;\">Total Certificado: 180 Horas<\/span><\/p>\n<\/div>\n<\/div>\n<p>&nbsp;<\/p>\n","protected":false},"excerpt":{"rendered":"<p>Curso de Aperfei\u00e7oamento em AEE &#8211; TEA Este curso tem como finalidade proporcionar a forma\u00e7\u00e3o continuada de professores da educa\u00e7\u00e3o b\u00e1sica, focando no aperfei\u00e7oamento em Atendimento Educacional Especializado para o Transtorno do Espectro Autista (TEA). \u2139\ufe0f Detalhes da Modalidade Modalidade: EAD (Ensino a Dist\u00e2ncia) Carga Hor\u00e1ria Total: 180 horas P\u00fablico-alvo: Professores das redes p\u00fablicas de &hellip; <\/p>\n<p class=\"link-more\"><a href=\"https:\/\/wp.ufpel.edu.br\/nepca\/formacoes\/curso-de-aperfeicoamento-em-servico-de-atendimento-educacional-especializado-saee-transtorno-do-espectro-autista\/\" class=\"more-link\">Continue lendo<span class=\"screen-reader-text\"> &#8220;Curso de Aperfei\u00e7oamento em Servi\u00e7o de Atendimento Educacional Especializado (SAEE) &#8211; Transtorno do Espectro Autista (2020)&#8221;<\/span><\/a><\/p>\n","protected":false},"author":797,"featured_media":0,"parent":14,"menu_order":0,"comment_status":"closed","ping_status":"closed","template":"","meta":{"footnotes":""},"class_list":["post-887","page","type-page","status-publish","hentry"],"jetpack_sharing_enabled":true,"_links":{"self":[{"href":"https:\/\/wp.ufpel.edu.br\/nepca\/wp-json\/wp\/v2\/pages\/887","targetHints":{"allow":["GET"]}}],"collection":[{"href":"https:\/\/wp.ufpel.edu.br\/nepca\/wp-json\/wp\/v2\/pages"}],"about":[{"href":"https:\/\/wp.ufpel.edu.br\/nepca\/wp-json\/wp\/v2\/types\/page"}],"author":[{"embeddable":true,"href":"https:\/\/wp.ufpel.edu.br\/nepca\/wp-json\/wp\/v2\/users\/797"}],"replies":[{"embeddable":true,"href":"https:\/\/wp.ufpel.edu.br\/nepca\/wp-json\/wp\/v2\/comments?post=887"}],"version-history":[{"count":3,"href":"https:\/\/wp.ufpel.edu.br\/nepca\/wp-json\/wp\/v2\/pages\/887\/revisions"}],"predecessor-version":[{"id":1572,"href":"https:\/\/wp.ufpel.edu.br\/nepca\/wp-json\/wp\/v2\/pages\/887\/revisions\/1572"}],"up":[{"embeddable":true,"href":"https:\/\/wp.ufpel.edu.br\/nepca\/wp-json\/wp\/v2\/pages\/14"}],"wp:attachment":[{"href":"https:\/\/wp.ufpel.edu.br\/nepca\/wp-json\/wp\/v2\/media?parent=887"}],"curies":[{"name":"wp","href":"https:\/\/api.w.org\/{rel}","templated":true}]}}