{"id":885,"date":"2020-07-20T13:49:48","date_gmt":"2020-07-20T16:49:48","guid":{"rendered":"https:\/\/wp.ufpel.edu.br\/nepca\/?page_id=885"},"modified":"2025-12-25T12:11:11","modified_gmt":"2025-12-25T15:11:11","slug":"curso-de-especializacao-em-servico-de-atencimento-educacional-especializado-2020","status":"publish","type":"page","link":"https:\/\/wp.ufpel.edu.br\/nepca\/formacoes\/curso-de-especializacao-em-servico-de-atencimento-educacional-especializado-2020\/","title":{"rendered":"Curso de Especializa\u00e7\u00e3o em Servi\u00e7o de Atencimento Educacional Especializado (2020)"},"content":{"rendered":"<p><span style=\"font-size: 1.5rem;\">Especializa\u00e7\u00e3o em Atendimento Educacional Especializado<\/span><\/p>\n<div class=\"nepca-container\">\n<p><!-- Caixa de Resumo do Curso --><\/p>\n<div class=\"covid-question-box\"><span class=\"covid-question-title\">\u2139\ufe0f Ficha T\u00e9cnica do Curso<\/span><\/p>\n<div style=\"text-align: justify;\">\n<p><strong>Modalidade:<\/strong> EAD<\/p>\n<p><strong>Carga Hor\u00e1ria Total:<\/strong> 360 horas<\/p>\n<p><strong>P\u00fablico-alvo:<\/strong> Professores das redes p\u00fablicas de ensino<\/p>\n<hr style=\"border: 0; border-top: 1px solid #dcdcdc; margin: 15px 0;\" \/>\n<p><strong>Objetivo:<\/strong> Capacitar, em n\u00edvel de especializa\u00e7\u00e3o, professores da educa\u00e7\u00e3o p\u00fablica em Atendimento Educacional Especializado, possibilitando a concretiza\u00e7\u00e3o de pol\u00edticas, programas e pr\u00e1ticas que atendam \u00e0 diversidade dos alunos \u2013 p\u00fablico-alvo da educa\u00e7\u00e3o especial.<\/p>\n<\/div>\n<\/div>\n<div class=\"seminar-highlight\">\ud83d\udfe6 SEMIN\u00c1RIO DE ABERTURA<\/div>\n<p><!-- M\u00f3dulo 1 --><\/p>\n<h3>M\u00d3DULO 1: N\u00facleo de Forma\u00e7\u00e3o Geral<\/h3>\n<h4>Eixo: Fundamentos S\u00f3cio-hist\u00f3ricos e Pol\u00edticos da Educa\u00e7\u00e3o Inclusiva<\/h4>\n<ul>\n<li><strong>Disciplina 1:<\/strong> Percurso s\u00f3cio-hist\u00f3rico e pol\u00edticas p\u00fablicas da Educa\u00e7\u00e3o Inclusiva e o campo das defici\u00eancias <span class=\"hours-badge\">15h<\/span><\/li>\n<\/ul>\n<h4>Eixo: Teorias do Conhecimento e de Aprendizagem<\/h4>\n<ul>\n<li><strong>Disciplina 1:<\/strong> Processos mentais e de aprendizagem de pessoas com defici\u00eancia, transtornos, altas habilidades e superdota\u00e7\u00e3o <span class=\"hours-badge\">20h<\/span><\/li>\n<li><strong>Disciplina 2:<\/strong> Transtornos de Aprendizagem <span class=\"hours-badge\">10h<\/span><\/li>\n<li><strong>Disciplina 3:<\/strong> Desenho Universal para a Aprendizagem (DUA) <span class=\"hours-badge\">10h<\/span><\/li>\n<\/ul>\n<h4>Eixo: Princ\u00edpios da Educa\u00e7\u00e3o Especial<\/h4>\n<ul>\n<li><strong>Disciplina 1:<\/strong> Pr\u00e1ticas em Educa\u00e7\u00e3o Especial e Educa\u00e7\u00e3o Inclusiva: salas de recursos, centros de refer\u00eancia, apoios especializados <span class=\"hours-badge\">30h<\/span><\/li>\n<li><strong>Disciplina 2:<\/strong> Interven\u00e7\u00e3o precoce <span class=\"hours-badge\">20h<\/span><\/li>\n<\/ul>\n<h4>Eixo: Trabalho Cient\u00edfico<\/h4>\n<ul>\n<li><strong>Disciplina 1:<\/strong> Metodologia do Trabalho Cient\u00edfico <span class=\"hours-badge\">20h<\/span><\/li>\n<\/ul>\n<p><!-- M\u00f3dulo 2 --><\/p>\n<h3>M\u00d3DULO 2: Aprofundamento e Diversifica\u00e7\u00e3o (AEE)<\/h3>\n<h4>Eixo: Organiza\u00e7\u00e3o, Princ\u00edpios e Pr\u00e1ticas do AEE<\/h4>\n<ul>\n<li><strong>Disciplina 1:<\/strong> Organiza\u00e7\u00e3o, planejamento e avalia\u00e7\u00e3o do atendimento educacional especializado <span class=\"hours-badge\">30h<\/span><\/li>\n<li><strong>Disciplina 2:<\/strong> Flexibiliza\u00e7\u00e3o curricular, adapta\u00e7\u00f5es curriculares, PEI, Terminalidade Espec\u00edfica, avan\u00e7o s\u00e9rie\/ano\/conte\u00fados <span class=\"hours-badge\">30h<\/span><\/li>\n<\/ul>\n<h4>Eixo: AEE e P\u00fablico-Alvo da Educa\u00e7\u00e3o Especial<\/h4>\n<ul>\n<li><strong>Disciplina 1:<\/strong> AEE \u2013 Defici\u00eancia Intelectual <span class=\"hours-badge\">30h<\/span><\/li>\n<li><strong>Disciplina 2:<\/strong> AEE \u2013 Transtorno de Espectro Autista <span class=\"hours-badge\">30h<\/span><\/li>\n<li><strong>Disciplina 3:<\/strong> AEE \u2013 Defici\u00eancia Visual, Surdo-cegueira e Defici\u00eancia Auditiva <span class=\"hours-badge\">20h<\/span><\/li>\n<li><strong>Disciplina 4:<\/strong> AEE \u2013 Defici\u00eancia F\u00edsica e Paralisia Cerebral <span class=\"hours-badge\">20h<\/span><\/li>\n<li><strong>Disciplina 5:<\/strong> AEE \u2013 Transtornos de Aprendizagem <span class=\"hours-badge\">30h<\/span><\/li>\n<li><strong>Disciplina 6:<\/strong> AEE \u2013 Altas Habilidades \/ Superdota\u00e7\u00e3o <span class=\"hours-badge\">20h<\/span><\/li>\n<li><strong>Disciplina 7:<\/strong> Tecnologia Assistiva <span class=\"hours-badge\">25h<\/span><\/li>\n<\/ul>\n<p><!-- M\u00f3dulo 3 \/ Conclus\u00e3o --><\/p>\n<div class=\"covid-actions\">\n<h3 style=\"margin-top: 0; color: #333; border-bottom: none;\">M\u00d3DULO 3: N\u00facleo de Estudos Integradores<\/h3>\n<p style=\"margin-bottom: 20px; text-align: justify;\">Etapa final dedicada \u00e0 elabora\u00e7\u00e3o e orienta\u00e7\u00e3o do trabalho de conclus\u00e3o de curso.<\/p>\n<div style=\"background-color: #fff; padding: 15px; border-radius: 5px; border: 1px dashed #004a80; display: inline-block; text-align: center;\"><strong>\ud83c\udf93 TRABALHO FINAL DE CURSO<\/strong><br \/>\nDisciplina: Orienta\u00e7\u00e3o de Trabalho Final <span class=\"hours-badge\">40h<\/span><\/div>\n<p>&nbsp;<\/p>\n<p><span style=\"color: #004a80; font-weight: bold; font-size: 1.3rem;\">Certifica\u00e7\u00e3o Final: 360h<\/span><\/p>\n<\/div>\n<\/div>\n<p>&nbsp;<\/p>\n","protected":false},"excerpt":{"rendered":"<p>Especializa\u00e7\u00e3o em Atendimento Educacional Especializado \u2139\ufe0f Ficha T\u00e9cnica do Curso Modalidade: EAD Carga Hor\u00e1ria Total: 360 horas P\u00fablico-alvo: Professores das redes p\u00fablicas de ensino Objetivo: Capacitar, em n\u00edvel de especializa\u00e7\u00e3o, professores da educa\u00e7\u00e3o p\u00fablica em Atendimento Educacional Especializado, possibilitando a concretiza\u00e7\u00e3o de pol\u00edticas, programas e pr\u00e1ticas que atendam \u00e0 diversidade dos alunos \u2013 p\u00fablico-alvo da &hellip; <\/p>\n<p class=\"link-more\"><a href=\"https:\/\/wp.ufpel.edu.br\/nepca\/formacoes\/curso-de-especializacao-em-servico-de-atencimento-educacional-especializado-2020\/\" class=\"more-link\">Continue lendo<span class=\"screen-reader-text\"> &#8220;Curso de Especializa\u00e7\u00e3o em Servi\u00e7o de Atencimento Educacional Especializado (2020)&#8221;<\/span><\/a><\/p>\n","protected":false},"author":797,"featured_media":0,"parent":14,"menu_order":0,"comment_status":"closed","ping_status":"closed","template":"","meta":{"footnotes":""},"class_list":["post-885","page","type-page","status-publish","hentry"],"jetpack_sharing_enabled":true,"_links":{"self":[{"href":"https:\/\/wp.ufpel.edu.br\/nepca\/wp-json\/wp\/v2\/pages\/885","targetHints":{"allow":["GET"]}}],"collection":[{"href":"https:\/\/wp.ufpel.edu.br\/nepca\/wp-json\/wp\/v2\/pages"}],"about":[{"href":"https:\/\/wp.ufpel.edu.br\/nepca\/wp-json\/wp\/v2\/types\/page"}],"author":[{"embeddable":true,"href":"https:\/\/wp.ufpel.edu.br\/nepca\/wp-json\/wp\/v2\/users\/797"}],"replies":[{"embeddable":true,"href":"https:\/\/wp.ufpel.edu.br\/nepca\/wp-json\/wp\/v2\/comments?post=885"}],"version-history":[{"count":3,"href":"https:\/\/wp.ufpel.edu.br\/nepca\/wp-json\/wp\/v2\/pages\/885\/revisions"}],"predecessor-version":[{"id":1580,"href":"https:\/\/wp.ufpel.edu.br\/nepca\/wp-json\/wp\/v2\/pages\/885\/revisions\/1580"}],"up":[{"embeddable":true,"href":"https:\/\/wp.ufpel.edu.br\/nepca\/wp-json\/wp\/v2\/pages\/14"}],"wp:attachment":[{"href":"https:\/\/wp.ufpel.edu.br\/nepca\/wp-json\/wp\/v2\/media?parent=885"}],"curies":[{"name":"wp","href":"https:\/\/api.w.org\/{rel}","templated":true}]}}