{"id":605,"date":"2019-04-29T10:05:59","date_gmt":"2019-04-29T13:05:59","guid":{"rendered":"https:\/\/wp.ufpel.edu.br\/nepca\/?page_id=605"},"modified":"2025-12-24T17:01:29","modified_gmt":"2025-12-24T20:01:29","slug":"2o-conlubra-2019","status":"publish","type":"page","link":"https:\/\/wp.ufpel.edu.br\/nepca\/eventos\/2o-conlubra-2019\/","title":{"rendered":"2\u00ba Conlubra (2019)"},"content":{"rendered":"<div class=\"nepca-conlubra2-wrapper\" style=\"font-family: 'Open Sans', Arial, sans-serif; color: #444; line-height: 1.6; width: 100%; max-width: 100%;\">\n<div style=\"background-color: #f8f9fa; padding: 40px 20px; border-bottom: 4px solid #ffc107; text-align: center; margin-bottom: 40px;\"><span style=\"background-color: #004a80; color: #fff; padding: 4px 12px; border-radius: 4px; font-size: 0.8rem; font-weight: bold; text-transform: uppercase; letter-spacing: 1px; display: inline-block; margin-bottom: 10px;\">Edi\u00e7\u00e3o Realizada<\/span><\/p>\n<h1 style=\"color: #004a80; margin-top: 5px; margin-bottom: 10px; font-size: 2.2rem; line-height: 1.2;\">2\u00ba CONLUBRA<\/h1>\n<p style=\"color: #666; font-size: 1.2rem; margin: 0;\">\ud83d\udcc5 28, 29 e 30 de Agosto de 2019 \u2022 \ud83d\udccd Pelotas\/RS<\/p>\n<\/div>\n<div class=\"nepca-container\" style=\"max-width: 1000px; margin: 0 auto; padding: 0 20px;\">\n<div style=\"margin-bottom: 50px;\">\n<div style=\"background: #fff; border-left: 5px solid #ffc107; padding: 20px; margin-bottom: 30px;\">\n<h3 style=\"color: #004a80; margin-top: 0;\">Sobre o Evento<\/h3>\n<p style=\"text-align: justify; margin-bottom: 15px;\">Como evento bianual, o <strong>2\u00ba CONLUBRA<\/strong> aconteceu na cidade de Pelotas, objetivando oportunizar a pais, professores, profissionais e pessoas interessadas o acesso a tem\u00e1ticas, conhecimentos, debates e di\u00e1logos que venham a fortalecer e qualificar a inclus\u00e3o educacional e social.<\/p>\n<p style=\"text-align: justify; margin-bottom: 0;\">Esta edi\u00e7\u00e3o contou com palestras, mesas-redondas, minicursos, apresenta\u00e7\u00f5es de trabalhos e exposi\u00e7\u00f5es. A programa\u00e7\u00e3o de alta qualidade reuniu palestrantes relevantes nos temas, profundamente envolvidos com t\u00f3picos que abordam o <strong>Transtorno do Espectro Autista (TEA)<\/strong> e a <strong>Educa\u00e7\u00e3o Inclusiva<\/strong> em geral.<\/p>\n<\/div>\n<div style=\"text-align: center; margin-top: 30px;\"><img decoding=\"async\" style=\"max-width: 100%; height: auto; border-radius: 8px; box-shadow: 0 4px 15px rgba(0,0,0,0.1); border: 1px solid #eee; display: inline-block;\" src=\"https:\/\/wp.ufpel.edu.br\/nepca\/files\/2020\/07\/FB_IMG_1558121574752-282x400.jpg\" alt=\"Cartaz 2\u00ba CONLUBRA\" \/><\/p>\n<p style=\"font-size: 0.85em; color: #999; margin-top: 5px; font-style: italic;\">Registro visual do evento<\/p>\n<\/div>\n<\/div>\n<div style=\"background-color: #f0f7fb; border-radius: 8px; padding: 30px; margin-bottom: 50px; border-left: 6px solid #004a80;\">\n<h3 style=\"color: #004a80; margin-top: 0; margin-bottom: 25px; text-align: center;\">Eixos Tem\u00e1ticos do Congresso<\/h3>\n<style>\n                .eixos-list li {<br \/>\n                    display: inline-block;<br \/>\n                    background: #fff;<br \/>\n                    padding: 8px 15px;<br \/>\n                    margin: 5px;<br \/>\n                    border-radius: 20px;<br \/>\n                    border: 1px solid #cce4f2;<br \/>\n                    color: #004a80;<br \/>\n                    font-weight: 600;<br \/>\n                    font-size: 0.9rem;<br \/>\n                }<br \/>\n            <\/style>\n<ul class=\"eixos-list\" style=\"list-style: none; padding: 0; margin: 0; text-align: center;\">\n<li>Pol\u00edticas P\u00fablicas para PCD<\/li>\n<li>Forma\u00e7\u00e3o de Professores para Inclus\u00e3o<\/li>\n<li>Pr\u00e1ticas de Inclus\u00e3o<\/li>\n<li>Atendimento Educacional Especializado (AEE)<\/li>\n<li>Investiga\u00e7\u00f5es no TEA<\/li>\n<li>Interven\u00e7\u00f5es com Pessoas com TEA<\/li>\n<li>Interven\u00e7\u00e3o Precoce (Defici\u00eancia\/TEA)<\/li>\n<\/ul>\n<\/div>\n<div style=\"background-color: #004a80; color: white; padding: 30px; border-radius: 8px; text-align: center; margin-bottom: 60px; box-shadow: 0 4px 15px rgba(0,0,0,0.2);\">\n<h3 style=\"color: #ffc107; margin-top: 0; margin-bottom: 10px;\">\ud83d\udcda Anais do 2\u00ba CONLUBRA<\/h3>\n<p style=\"margin: 0 0 20px 0; color: #e1f5fe;\">Acesse a compila\u00e7\u00e3o completa dos trabalhos apresentados nesta edi\u00e7\u00e3o.<\/p>\n<p><a style=\"background-color: #ffc107; color: #000; padding: 12px 30px; text-decoration: none; border-radius: 50px; font-weight: bold; display: inline-block; transition: opacity 0.2s;\" href=\"https:\/\/wp.ufpel.edu.br\/nepca\/files\/2020\/07\/anais2019.pdf\" target=\"_blank\" rel=\"noopener\">\u2b07 Baixar PDF<br \/>\n<\/a><\/p>\n<\/div>\n<hr style=\"border: 0; border-top: 1px solid #eee; margin: 50px 0;\">\n<h2 style=\"color: #004a80; text-align: center; margin-bottom: 30px;\">Galeria de Fotos<\/h2>\n<div style=\"display: flex; flex-wrap: wrap; gap: 15px; justify-content: center;\">\n<style>\n                .gallery-box {\n                    width: 300px; \/* Largura fixa para garantir alinhamento *\/\n                    flex-grow: 1;\n                    max-width: 100%;\n                    background: #f4f4f4;\n                    border-radius: 6px;\n                    overflow: hidden;\n                    box-shadow: 0 2px 5px rgba(0,0,0,0.1);\n                }\n                .gallery-box img {\n                    width: 100%;\n                    height: 200px; \/* Altura fixa para cortar igual *\/\n                    object-fit: cover;\n                    display: block;\n                }\n            <\/style>\n<div class=\"gallery-box\">\n                <img decoding=\"async\" src=\"https:\/\/wp.ufpel.edu.br\/nepca\/files\/2020\/07\/20190828_100248-horz-400x267.jpg\" alt=\"Foto Conlubra 1\" \/>\n            <\/div>\n<div class=\"gallery-box\">\n                <img decoding=\"async\" src=\"https:\/\/wp.ufpel.edu.br\/nepca\/files\/2020\/07\/20190830_113928-400x300.png\" alt=\"Foto Conlubra 2\" \/>\n            <\/div>\n<div class=\"gallery-box\">\n                <img decoding=\"async\" src=\"https:\/\/wp.ufpel.edu.br\/nepca\/files\/2020\/07\/20190830_122018-300x400.png\" alt=\"Foto Conlubra 3\" \/>\n            <\/div>\n<div class=\"gallery-box\">\n                <img decoding=\"async\" src=\"https:\/\/wp.ufpel.edu.br\/nepca\/files\/2020\/07\/IMG-20190828-WA0010-400x300.png\" alt=\"Foto Conlubra 4\" \/>\n            <\/div>\n<div class=\"gallery-box\">\n                <img decoding=\"async\" src=\"https:\/\/wp.ufpel.edu.br\/nepca\/files\/2020\/07\/IMG-20190830-WA0016-400x225.png\" alt=\"Foto Conlubra 5\" \/>\n            <\/div>\n<div class=\"gallery-box\">\n                <img decoding=\"async\" src=\"https:\/\/wp.ufpel.edu.br\/nepca\/files\/2020\/07\/IMG-20190831-WA0083-400x400.png\" alt=\"Foto Conlubra 6\" \/>\n            <\/div>\n<\/p><\/div>\n<\/p><\/div>\n<div style=\"height: 60px;\"><\/div>\n<\/div>\n","protected":false},"excerpt":{"rendered":"<p>Edi\u00e7\u00e3o Realizada 2\u00ba CONLUBRA \ud83d\udcc5 28, 29 e 30 de Agosto de 2019 \u2022 \ud83d\udccd Pelotas\/RS Sobre o Evento Como evento bianual, o 2\u00ba CONLUBRA aconteceu na cidade de Pelotas, objetivando oportunizar a pais, professores, profissionais e pessoas interessadas o acesso a tem\u00e1ticas, conhecimentos, debates e di\u00e1logos que venham a fortalecer e qualificar a inclus\u00e3o &hellip; <\/p>\n<p class=\"link-more\"><a href=\"https:\/\/wp.ufpel.edu.br\/nepca\/eventos\/2o-conlubra-2019\/\" class=\"more-link\">Continue lendo<span class=\"screen-reader-text\"> &#8220;2\u00ba Conlubra (2019)&#8221;<\/span><\/a><\/p>\n","protected":false},"author":797,"featured_media":0,"parent":586,"menu_order":0,"comment_status":"closed","ping_status":"closed","template":"","meta":{"footnotes":""},"class_list":["post-605","page","type-page","status-publish","hentry"],"jetpack_sharing_enabled":true,"_links":{"self":[{"href":"https:\/\/wp.ufpel.edu.br\/nepca\/wp-json\/wp\/v2\/pages\/605","targetHints":{"allow":["GET"]}}],"collection":[{"href":"https:\/\/wp.ufpel.edu.br\/nepca\/wp-json\/wp\/v2\/pages"}],"about":[{"href":"https:\/\/wp.ufpel.edu.br\/nepca\/wp-json\/wp\/v2\/types\/page"}],"author":[{"embeddable":true,"href":"https:\/\/wp.ufpel.edu.br\/nepca\/wp-json\/wp\/v2\/users\/797"}],"replies":[{"embeddable":true,"href":"https:\/\/wp.ufpel.edu.br\/nepca\/wp-json\/wp\/v2\/comments?post=605"}],"version-history":[{"count":3,"href":"https:\/\/wp.ufpel.edu.br\/nepca\/wp-json\/wp\/v2\/pages\/605\/revisions"}],"predecessor-version":[{"id":1541,"href":"https:\/\/wp.ufpel.edu.br\/nepca\/wp-json\/wp\/v2\/pages\/605\/revisions\/1541"}],"up":[{"embeddable":true,"href":"https:\/\/wp.ufpel.edu.br\/nepca\/wp-json\/wp\/v2\/pages\/586"}],"wp:attachment":[{"href":"https:\/\/wp.ufpel.edu.br\/nepca\/wp-json\/wp\/v2\/media?parent=605"}],"curies":[{"name":"wp","href":"https:\/\/api.w.org\/{rel}","templated":true}]}}