{"id":602,"date":"2019-04-29T10:05:07","date_gmt":"2019-04-29T13:05:07","guid":{"rendered":"https:\/\/wp.ufpel.edu.br\/nepca\/?page_id=602"},"modified":"2025-12-24T15:54:19","modified_gmt":"2025-12-24T18:54:19","slug":"pre-conlubra-2018","status":"publish","type":"page","link":"https:\/\/wp.ufpel.edu.br\/nepca\/eventos\/pre-conlubra-2018\/","title":{"rendered":"Pr\u00e9-Conlubra (2018)"},"content":{"rendered":"<div class=\"nepca-precon-wrapper\" style=\"font-family: 'Open Sans', Helvetica, Arial, sans-serif; color: #444; line-height: 1.6; max-width: 100%;\">\n<div style=\"background-color: #f8f9fa; padding: 40px 20px; border-bottom: 4px solid #ffc107; text-align: center; margin-bottom: 40px;\"><span style=\"background-color: #004a80; color: #fff; padding: 4px 12px; border-radius: 4px; font-size: 0.8rem; font-weight: bold; text-transform: uppercase; letter-spacing: 1px;\">Evento Realizado<\/span><\/p>\n<h1 style=\"color: #004a80; margin-top: 15px; margin-bottom: 10px; font-size: 2.2rem;\">Pr\u00e9-CONLUBRA 2018<\/h1>\n<p style=\"color: #666; font-size: 1.1rem; margin: 0;\">\ud83d\udcc5 06 de Abril de 2018 \u2022 \ud83d\udccd Pelotas\/RS<\/p>\n<\/div>\n<div class=\"nepca-container\" style=\"max-width: 1000px; margin: 0 auto; padding: 0 20px;\">\n<div style=\"display: flex; flex-wrap: wrap; gap: 40px; margin-bottom: 50px; align-items: flex-start;\">\n<div style=\"flex: 2; min-width: 300px;\">\n<h3 style=\"color: #004a80; border-left: 4px solid #ffc107; padding-left: 15px; margin-top: 0;\">Sobre o Encontro<\/h3>\n<p style=\"text-align: justify; font-size: 1.1rem; color: #555;\">Este evento, na qualidade de pr\u00e9-congresso para o <strong>2\u00ba CONLUBRA<\/strong>, teve como objetivo principal a troca de conhecimentos e experi\u00eancias entre pais, professores, profissionais e pessoas interessadas. Focamos em tem\u00e1ticas, debates e di\u00e1logos que venham a fortalecer e qualificar a inclus\u00e3o educacional e social.<\/p>\n<\/div>\n<hr style=\"border: 0; border-top: 1px solid #eee; margin: 50px 0;\">\n<h2 style=\"color: #004a80; text-align: center; margin-bottom: 30px;\">Registros Fotogr\u00e1ficos<\/h2>\n<style>\n            .nepca-gallery {\n                display: flex;\n                flex-wrap: wrap;\n                gap: 15px;\n                justify-content: center;\n            }\n            .nepca-gallery-item {\n                flex: 1 1 300px; \/* Cresce, encolhe, base 300px *\/\n                max-width: 400px;\n                height: 250px; \/* Altura fixa para uniformidade *\/\n                border-radius: 6px;\n                overflow: hidden;\n                box-shadow: 0 4px 6px rgba(0,0,0,0.1);\n                transition: transform 0.2s;\n                background-color: #f0f0f0;\n            }\n            .nepca-gallery-item img {\n                width: 100%;\n                height: 100%;\n                object-fit: cover; \/* Corta a imagem para preencher o quadrado sem distorcer *\/\n                display: block;\n            }\n            .nepca-gallery-item:hover {\n                transform: scale(1.03);\n                box-shadow: 0 8px 15px rgba(0,0,0,0.2);\n                z-index: 2;\n            }\n        <\/style>\n<div class=\"nepca-gallery\">\n<div class=\"nepca-gallery-item\">\n                <img decoding=\"async\" src=\"https:\/\/wp.ufpel.edu.br\/nepca\/files\/2020\/07\/FB_IMG_15232639960194239-1-398x400.png\" alt=\"Registro Pr\u00e9-Conlubra 1\" \/>\n            <\/div>\n<div class=\"nepca-gallery-item\">\n                <img decoding=\"async\" src=\"https:\/\/wp.ufpel.edu.br\/nepca\/files\/2020\/07\/IMG_20180406_095738-1-400x240.png\" alt=\"Registro Pr\u00e9-Conlubra 2\" \/>\n            <\/div>\n<div class=\"nepca-gallery-item\">\n                <img decoding=\"async\" src=\"https:\/\/wp.ufpel.edu.br\/nepca\/files\/2020\/07\/IMG_20180406_095802-1-400x240.png\" alt=\"Registro Pr\u00e9-Conlubra 3\" \/>\n            <\/div>\n<div class=\"nepca-gallery-item\">\n                <img decoding=\"async\" src=\"https:\/\/wp.ufpel.edu.br\/nepca\/files\/2020\/07\/IMG_20180406_095828-400x240.png\" alt=\"Registro Pr\u00e9-Conlubra 4\" \/>\n            <\/div>\n<div class=\"nepca-gallery-item\">\n                <img decoding=\"async\" src=\"https:\/\/wp.ufpel.edu.br\/nepca\/files\/2020\/07\/IMG_20180406_164348-400x240.png\" alt=\"Registro Pr\u00e9-Conlubra 5\" \/>\n            <\/div>\n<div class=\"nepca-gallery-item\">\n                <img decoding=\"async\" src=\"https:\/\/wp.ufpel.edu.br\/nepca\/files\/2020\/07\/IMG_20180406_164413-400x240.png\" alt=\"Registro Pr\u00e9-Conlubra 6\" \/>\n            <\/div>\n<div class=\"nepca-gallery-item\">\n                <img decoding=\"async\" src=\"https:\/\/wp.ufpel.edu.br\/nepca\/files\/2020\/07\/IMG_20180406_164900-400x240.png\" alt=\"Registro Pr\u00e9-Conlubra 7\" \/>\n            <\/div>\n<div class=\"nepca-gallery-item\">\n                <img decoding=\"async\" src=\"https:\/\/wp.ufpel.edu.br\/nepca\/files\/2020\/07\/IMG-20180406-WA0001-400x225.png\" alt=\"Registro Pr\u00e9-Conlubra 8\" \/>\n            <\/div>\n<div class=\"nepca-gallery-item\">\n                <img decoding=\"async\" src=\"https:\/\/wp.ufpel.edu.br\/nepca\/files\/2020\/07\/IMG-20180406-WA0002-400x225.png\" alt=\"Registro Pr\u00e9-Conlubra 9\" \/>\n            <\/div>\n<div class=\"nepca-gallery-item\">\n                <img decoding=\"async\" src=\"https:\/\/wp.ufpel.edu.br\/nepca\/files\/2020\/07\/IMG-20180406-WA0003-400x225.png\" alt=\"Registro Pr\u00e9-Conlubra 10\" \/>\n            <\/div>\n<div class=\"nepca-gallery-item\">\n                <img decoding=\"async\" src=\"https:\/\/wp.ufpel.edu.br\/nepca\/files\/2020\/07\/IMG-20180406-WA0004-400x300.png\" alt=\"Registro Pr\u00e9-Conlubra 11\" \/>\n            <\/div>\n<div class=\"nepca-gallery-item\">\n                <img decoding=\"async\" src=\"https:\/\/wp.ufpel.edu.br\/nepca\/files\/2020\/07\/IMG-20180406-WA0005-400x300.png\" alt=\"Registro Pr\u00e9-Conlubra 12\" \/>\n            <\/div>\n<div class=\"nepca-gallery-item\">\n                <img decoding=\"async\" src=\"https:\/\/wp.ufpel.edu.br\/nepca\/files\/2020\/07\/IMG-20180411-WA0006-400x300.png\" alt=\"Registro Pr\u00e9-Conlubra 13\" \/>\n            <\/div>\n<div class=\"nepca-gallery-item\">\n                <img decoding=\"async\" src=\"https:\/\/wp.ufpel.edu.br\/nepca\/files\/2020\/07\/IMG-20180411-WA0015-400x300.png\" alt=\"Registro Pr\u00e9-Conlubra 14\" \/>\n            <\/div>\n<\/p><\/div>\n<\/p><\/div>\n<div style=\"height: 60px;\"><\/div>\n<\/div>\n","protected":false},"excerpt":{"rendered":"<p>Evento Realizado Pr\u00e9-CONLUBRA 2018 \ud83d\udcc5 06 de Abril de 2018 \u2022 \ud83d\udccd Pelotas\/RS Sobre o Encontro Este evento, na qualidade de pr\u00e9-congresso para o 2\u00ba CONLUBRA, teve como objetivo principal a troca de conhecimentos e experi\u00eancias entre pais, professores, profissionais e pessoas interessadas. Focamos em tem\u00e1ticas, debates e di\u00e1logos que venham a fortalecer e qualificar &hellip; <\/p>\n<p class=\"link-more\"><a href=\"https:\/\/wp.ufpel.edu.br\/nepca\/eventos\/pre-conlubra-2018\/\" class=\"more-link\">Continue lendo<span class=\"screen-reader-text\"> &#8220;Pr\u00e9-Conlubra (2018)&#8221;<\/span><\/a><\/p>\n","protected":false},"author":797,"featured_media":0,"parent":586,"menu_order":0,"comment_status":"closed","ping_status":"closed","template":"","meta":{"footnotes":""},"class_list":["post-602","page","type-page","status-publish","hentry"],"jetpack_sharing_enabled":true,"_links":{"self":[{"href":"https:\/\/wp.ufpel.edu.br\/nepca\/wp-json\/wp\/v2\/pages\/602","targetHints":{"allow":["GET"]}}],"collection":[{"href":"https:\/\/wp.ufpel.edu.br\/nepca\/wp-json\/wp\/v2\/pages"}],"about":[{"href":"https:\/\/wp.ufpel.edu.br\/nepca\/wp-json\/wp\/v2\/types\/page"}],"author":[{"embeddable":true,"href":"https:\/\/wp.ufpel.edu.br\/nepca\/wp-json\/wp\/v2\/users\/797"}],"replies":[{"embeddable":true,"href":"https:\/\/wp.ufpel.edu.br\/nepca\/wp-json\/wp\/v2\/comments?post=602"}],"version-history":[{"count":3,"href":"https:\/\/wp.ufpel.edu.br\/nepca\/wp-json\/wp\/v2\/pages\/602\/revisions"}],"predecessor-version":[{"id":1539,"href":"https:\/\/wp.ufpel.edu.br\/nepca\/wp-json\/wp\/v2\/pages\/602\/revisions\/1539"}],"up":[{"embeddable":true,"href":"https:\/\/wp.ufpel.edu.br\/nepca\/wp-json\/wp\/v2\/pages\/586"}],"wp:attachment":[{"href":"https:\/\/wp.ufpel.edu.br\/nepca\/wp-json\/wp\/v2\/media?parent=602"}],"curies":[{"name":"wp","href":"https:\/\/api.w.org\/{rel}","templated":true}]}}