{"id":46,"date":"2017-08-21T14:07:26","date_gmt":"2017-08-21T17:07:26","guid":{"rendered":"https:\/\/wp.ufpel.edu.br\/nepca\/?page_id=46"},"modified":"2025-12-25T11:32:33","modified_gmt":"2025-12-25T14:32:33","slug":"curso-de-aperfeicoamento-em-aee-deficiencia-visual","status":"publish","type":"page","link":"https:\/\/wp.ufpel.edu.br\/nepca\/curso-de-aperfeicoamento-em-aee-deficiencia-visual\/","title":{"rendered":"Curso de Aperfei\u00e7oamento em AEE &#8211; Defici\u00eancia Visual (2018)"},"content":{"rendered":"<p><span style=\"font-size: 1.5rem;\">Curso de Aperfei\u00e7oamento em AEE DV<\/span><\/p>\n<div class=\"nepca-container\">\n<p style=\"font-size: 1.1rem; text-align: justify;\">Abaixo est\u00e3o detalhadas as informa\u00e7\u00f5es sobre o funcionamento, organiza\u00e7\u00e3o e crit\u00e9rios de avalia\u00e7\u00e3o do curso focado em <strong>Atendimento Educacional Especializado para Defici\u00eancia Visual (DV)<\/strong>.<\/p>\n<p><!-- Caixa de Informa\u00e7\u00f5es \"SOBRE\" (Estilo Question Box) --><\/p>\n<div class=\"covid-question-box\"><span class=\"covid-question-title\">\u2139\ufe0f Informa\u00e7\u00f5es Gerais do Curso<\/span><\/p>\n<div style=\"text-align: justify;\">\n<p><strong>Carga Hor\u00e1ria:<\/strong> 180 horas<\/p>\n<p><strong>P\u00fablico-alvo:<\/strong> Professores das redes p\u00fablicas de ensino<\/p>\n<p><strong>N\u00famero de vagas:<\/strong> 300 vagas por curso<\/p>\n<p><strong>Per\u00edodo do Curso AEE DV:<\/strong> Maio a outubro de 2018<\/p>\n<\/div>\n<\/div>\n<h3>Organiza\u00e7\u00e3o e Metodologia<\/h3>\n<p style=\"text-align: justify;\"><strong>Organizado:<\/strong> M\u00f3dulos, a dist\u00e2ncia, atrav\u00e9s do Ambiente Virtual de Aprendizagem (AVA).<\/p>\n<p style=\"text-align: justify;\"><strong>Desenvolvimento dos cursos abrange:<\/strong><\/p>\n<ul>\n<li>Semin\u00e1rio de abertura;<\/li>\n<li>Estudo, reflex\u00e3o e an\u00e1lise das pr\u00e1ticas, bem como leitura de referenciais te\u00f3ricos;<\/li>\n<li>Resolu\u00e7\u00e3o de problemas a partir de simula\u00e7\u00f5es do real;<\/li>\n<li>Investiga\u00e7\u00e3o\/reflex\u00e3o por meio da cria\u00e7\u00e3o, aplica\u00e7\u00e3o e an\u00e1lise de instrumentos de coleta de dados;<\/li>\n<li>Realiza\u00e7\u00e3o de atividades nas escolas de atua\u00e7\u00e3o dos cursistas;<\/li>\n<li>Semin\u00e1rio de encerramento, avalia\u00e7\u00e3o e apresenta\u00e7\u00e3o dos resultados das propostas desenvolvidas no decorrer dos cursos.<\/li>\n<\/ul>\n<p style=\"text-align: justify;\"><strong>Atendimento\/Media\u00e7\u00e3o:<\/strong> Participa\u00e7\u00e3o nos chats e bate-papo virtual; Tutoria virtual; Semin\u00e1rios de discuss\u00e3o.<br \/>\n<strong>Tarefas:<\/strong> Ser\u00e3o postadas tarefas para realiza\u00e7\u00e3o \u00e0 dist\u00e2ncia.<\/p>\n<p style=\"text-align: justify;\"><strong>Material:<\/strong> Aulas online, postadas atrav\u00e9s do sistema Moodle, em v\u00eddeo; Postagem de material instrucional para estudo e reflex\u00e3o.<\/p>\n<ul>\n<li>Desde os primeiros encontros ser\u00e3o organizados instrumentos de diagn\u00f3stico da realidade, atividades (planejamento e execu\u00e7\u00e3o) a fim de promover o debate e discuss\u00e3o de pol\u00edticas, pr\u00e1ticas inclusivas e AEE em seus locais de atua\u00e7\u00e3o.<\/li>\n<\/ul>\n<h3>Responsabilidades do Cursista<\/h3>\n<ul>\n<li>Participar de todas as atividades virtuais (chats, videoaulas, bate-papo, tutorias);<\/li>\n<li>Acessar o AVA realizando as atividades postadas no ambiente;<\/li>\n<li>Executar o planejamento das atividades;<\/li>\n<li>Entregar o trabalho final.<\/li>\n<\/ul>\n<p><!-- Caixa de Avalia\u00e7\u00e3o (Estilo Action Box) --><\/p>\n<div class=\"covid-actions\">\n<h3 style=\"margin-top: 0; color: #333;\">Avalia\u00e7\u00e3o e Certifica\u00e7\u00e3o<\/h3>\n<p style=\"margin-bottom: 15px; text-align: justify;\">A cada m\u00f3dulo o cursista ser\u00e1 avaliado a partir dos seguintes crit\u00e9rios:<\/p>\n<ul style=\"text-align: left; list-style-position: inside;\">\n<li>Participa\u00e7\u00e3o nas atividades propostas (chats, f\u00f3runs, bate-papos, etc);<\/li>\n<li>Realiza\u00e7\u00e3o das atividades;<\/li>\n<li>Acesso ao ambiente;<\/li>\n<li>Rendimento em cada m\u00f3dulo (a crit\u00e9rio do professor formador).<\/li>\n<\/ul>\n<div class=\"note-box\">\ud83c\udf93 <em><strong>Para aprova\u00e7\u00e3o e certifica\u00e7\u00e3o:<\/strong> O cursista dever\u00e1 ter avalia\u00e7\u00e3o nos m\u00f3dulos e a realiza\u00e7\u00e3o, entrega e apresenta\u00e7\u00e3o do trabalho final. O trabalho final do curso consiste no relat\u00f3rio da proposta de Atendimento Educacional Especializado organizada em sua escola.<\/em><\/div>\n<p>&nbsp;<\/p>\n<p><span style=\"color: #004a80; font-weight: bold; font-size: 1.2rem;\">Carga Hor\u00e1ria Total: 180 h<\/span><br \/>\n<small>Curso de aperfei\u00e7oamento \u2013 certificado de conclus\u00e3o emitido pela UFPEL.<\/small><\/p>\n<\/div>\n<\/div>\n<p>&nbsp;<\/p>\n","protected":false},"excerpt":{"rendered":"<p>Curso de Aperfei\u00e7oamento em AEE DV Abaixo est\u00e3o detalhadas as informa\u00e7\u00f5es sobre o funcionamento, organiza\u00e7\u00e3o e crit\u00e9rios de avalia\u00e7\u00e3o do curso focado em Atendimento Educacional Especializado para Defici\u00eancia Visual (DV). \u2139\ufe0f Informa\u00e7\u00f5es Gerais do Curso Carga Hor\u00e1ria: 180 horas P\u00fablico-alvo: Professores das redes p\u00fablicas de ensino N\u00famero de vagas: 300 vagas por curso Per\u00edodo do &hellip; <\/p>\n<p class=\"link-more\"><a href=\"https:\/\/wp.ufpel.edu.br\/nepca\/curso-de-aperfeicoamento-em-aee-deficiencia-visual\/\" class=\"more-link\">Continue lendo<span class=\"screen-reader-text\"> &#8220;Curso de Aperfei\u00e7oamento em AEE &#8211; Defici\u00eancia Visual (2018)&#8221;<\/span><\/a><\/p>\n","protected":false},"author":797,"featured_media":0,"parent":0,"menu_order":0,"comment_status":"closed","ping_status":"closed","template":"","meta":{"footnotes":""},"class_list":["post-46","page","type-page","status-publish","hentry"],"jetpack_sharing_enabled":true,"_links":{"self":[{"href":"https:\/\/wp.ufpel.edu.br\/nepca\/wp-json\/wp\/v2\/pages\/46","targetHints":{"allow":["GET"]}}],"collection":[{"href":"https:\/\/wp.ufpel.edu.br\/nepca\/wp-json\/wp\/v2\/pages"}],"about":[{"href":"https:\/\/wp.ufpel.edu.br\/nepca\/wp-json\/wp\/v2\/types\/page"}],"author":[{"embeddable":true,"href":"https:\/\/wp.ufpel.edu.br\/nepca\/wp-json\/wp\/v2\/users\/797"}],"replies":[{"embeddable":true,"href":"https:\/\/wp.ufpel.edu.br\/nepca\/wp-json\/wp\/v2\/comments?post=46"}],"version-history":[{"count":3,"href":"https:\/\/wp.ufpel.edu.br\/nepca\/wp-json\/wp\/v2\/pages\/46\/revisions"}],"predecessor-version":[{"id":1568,"href":"https:\/\/wp.ufpel.edu.br\/nepca\/wp-json\/wp\/v2\/pages\/46\/revisions\/1568"}],"wp:attachment":[{"href":"https:\/\/wp.ufpel.edu.br\/nepca\/wp-json\/wp\/v2\/media?parent=46"}],"curies":[{"name":"wp","href":"https:\/\/api.w.org\/{rel}","templated":true}]}}