{"id":43,"date":"2017-08-21T14:06:22","date_gmt":"2017-08-21T17:06:22","guid":{"rendered":"https:\/\/wp.ufpel.edu.br\/nepca\/?page_id=43"},"modified":"2025-12-25T11:33:43","modified_gmt":"2025-12-25T14:33:43","slug":"curso-de-aperfeicoamento-em-aee-deficiencia-intelectual","status":"publish","type":"page","link":"https:\/\/wp.ufpel.edu.br\/nepca\/curso-de-aperfeicoamento-em-aee-deficiencia-intelectual\/","title":{"rendered":"Curso de Aperfei\u00e7oamento em AEE &#8211; Defici\u00eancia Intelectual (2017\/2018)"},"content":{"rendered":"<div class=\"nepca-container\">\n<h1 style=\"color: #004a80; text-align: center; margin-bottom: 30px;\">Curso de Aperfei\u00e7oamento em AEE DI<\/h1>\n<p><!-- Introdu\u00e7\u00e3o \/ Sobre --><\/p>\n<p style=\"font-size: 1.1rem; text-align: justify;\">Este curso visa a forma\u00e7\u00e3o continuada de profissionais da educa\u00e7\u00e3o, focando no Atendimento Educacional Especializado (AEE) e Defici\u00eancia Intelectual (DI). Abaixo encontram-se os detalhes estruturais e organizacionais.<\/p>\n<p><!-- Componente de Destaque (Adaptado da Question Box) --><\/p>\n<div class=\"covid-question-box\"><span class=\"covid-question-title\">\u2139\ufe0f Sobre o Curso<\/span><\/p>\n<div style=\"text-align: justify;\">\n<p><strong>Carga Hor\u00e1ria:<\/strong> 180 horas<\/p>\n<p><strong>P\u00fablico-alvo:<\/strong> Professores das redes p\u00fablicas de ensino<\/p>\n<p><strong>N\u00famero de vagas:<\/strong> 300 vagas por curso<\/p>\n<p><strong>Per\u00edodo do Curso:<\/strong> 01 de novembro de 2017 a abril de 2018<\/p>\n<\/div>\n<\/div>\n<h3 style=\"color: #004a80;\">Organiza\u00e7\u00e3o e Metodologia<\/h3>\n<p style=\"text-align: justify;\"><strong>Organizado:<\/strong> O curso \u00e9 estruturado em m\u00f3dulos, na modalidade a dist\u00e2ncia, atrav\u00e9s do Ambiente Virtual de Aprendizagem (AVA).<\/p>\n<p style=\"text-align: justify;\"><strong>Desenvolvimento:<\/strong> O percurso formativo abrange diversas etapas estrat\u00e9gicas:<\/p>\n<ul>\n<li>Semin\u00e1rio de abertura;<\/li>\n<li>Estudo, reflex\u00e3o e an\u00e1lise das pr\u00e1ticas, bem como leitura de referenciais te\u00f3ricos;<\/li>\n<li>Resolu\u00e7\u00e3o de problemas a partir de simula\u00e7\u00f5es do real;<\/li>\n<li>Investiga\u00e7\u00e3o\/reflex\u00e3o por meio da cria\u00e7\u00e3o, aplica\u00e7\u00e3o e an\u00e1lise de instrumentos de coleta de dados;<\/li>\n<li>Realiza\u00e7\u00e3o de atividades nas escolas de atua\u00e7\u00e3o dos cursistas;<\/li>\n<li>Semin\u00e1rio de encerramento, avalia\u00e7\u00e3o e apresenta\u00e7\u00e3o dos resultados das propostas desenvolvidas.<\/li>\n<\/ul>\n<p style=\"text-align: justify;\"><strong>Atendimento\/Media\u00e7\u00e3o:<\/strong> Participa\u00e7\u00e3o nos chats e bate-papo virtual, tutoria virtual e semin\u00e1rios de discuss\u00e3o.<br \/>\n<strong>Tarefas:<\/strong> Ser\u00e3o postadas tarefas para realiza\u00e7\u00e3o \u00e0 dist\u00e2ncia.<br \/>\n<strong>Material:<\/strong> Aulas online em v\u00eddeo (via Moodle) e postagem de material instrucional para estudo e reflex\u00e3o.<\/p>\n<p style=\"text-align: justify;\">Desde os primeiros encontros ser\u00e3o organizados instrumentos de diagn\u00f3stico da realidade e atividades (planejamento e execu\u00e7\u00e3o) a fim de promover o debate e discuss\u00e3o de pol\u00edticas, pr\u00e1ticas inclusivas e AEE em seus locais de atua\u00e7\u00e3o.<\/p>\n<p><!-- Se\u00e7\u00e3o de Responsabilidades e Avalia\u00e7\u00e3o --><\/p>\n<h3 style=\"color: #004a80;\">Responsabilidades e Certifica\u00e7\u00e3o<\/h3>\n<p style=\"text-align: justify;\"><strong>Responsabilidades do cursista:<\/strong><\/p>\n<ul>\n<li>Participar de todas as atividades virtuais (chats, videoaulas, bate-papo, tutorias);<\/li>\n<li>Acessar o AVA realizando as atividades postadas no ambiente;<\/li>\n<li>Executar o planejamento das atividades;<\/li>\n<li>Entregar o trabalho final.<\/li>\n<\/ul>\n<p><!-- Componente Final (Adaptado da Action Box) --><\/p>\n<div class=\"covid-actions\">\n<h3 style=\"margin-top: 0; color: #333;\">Crit\u00e9rios de Avalia\u00e7\u00e3o<\/h3>\n<p style=\"margin-bottom: 15px; text-align: justify;\">A cada m\u00f3dulo o cursista ser\u00e1 avaliado a partir da participa\u00e7\u00e3o (chats, f\u00f3runs), realiza\u00e7\u00e3o das atividades, acesso ao ambiente e rendimento.<\/p>\n<p style=\"font-size: 0.95rem; text-align: justify; background-color: #fff; padding: 15px; border-radius: 4px; border: 1px dashed #ccc;\">\ud83c\udf93 <strong>Requisito para Certifica\u00e7\u00e3o:<\/strong> Para aprova\u00e7\u00e3o, o cursista dever\u00e1 ter avalia\u00e7\u00e3o nos m\u00f3dulos e realizar a entrega e apresenta\u00e7\u00e3o do trabalho final. O trabalho consiste no relat\u00f3rio da proposta de Atendimento Educacional Especializado organizada em sua escola.<\/p>\n<p><span style=\"color: #004a80; font-weight: bold; font-size: 1.2rem;\">Total: 180h<\/span><br \/>\n<small>Certificado de conclus\u00e3o emitido pela UFPEL.<\/small><\/p>\n<\/div>\n<\/div>\n<p>&nbsp;<\/p>\n","protected":false},"excerpt":{"rendered":"<p>Curso de Aperfei\u00e7oamento em AEE DI Este curso visa a forma\u00e7\u00e3o continuada de profissionais da educa\u00e7\u00e3o, focando no Atendimento Educacional Especializado (AEE) e Defici\u00eancia Intelectual (DI). Abaixo encontram-se os detalhes estruturais e organizacionais. \u2139\ufe0f Sobre o Curso Carga Hor\u00e1ria: 180 horas P\u00fablico-alvo: Professores das redes p\u00fablicas de ensino N\u00famero de vagas: 300 vagas por curso &hellip; <\/p>\n<p class=\"link-more\"><a href=\"https:\/\/wp.ufpel.edu.br\/nepca\/curso-de-aperfeicoamento-em-aee-deficiencia-intelectual\/\" class=\"more-link\">Continue lendo<span class=\"screen-reader-text\"> &#8220;Curso de Aperfei\u00e7oamento em AEE &#8211; Defici\u00eancia Intelectual (2017\/2018)&#8221;<\/span><\/a><\/p>\n","protected":false},"author":797,"featured_media":0,"parent":0,"menu_order":0,"comment_status":"closed","ping_status":"closed","template":"","meta":{"footnotes":""},"class_list":["post-43","page","type-page","status-publish","hentry"],"jetpack_sharing_enabled":true,"_links":{"self":[{"href":"https:\/\/wp.ufpel.edu.br\/nepca\/wp-json\/wp\/v2\/pages\/43","targetHints":{"allow":["GET"]}}],"collection":[{"href":"https:\/\/wp.ufpel.edu.br\/nepca\/wp-json\/wp\/v2\/pages"}],"about":[{"href":"https:\/\/wp.ufpel.edu.br\/nepca\/wp-json\/wp\/v2\/types\/page"}],"author":[{"embeddable":true,"href":"https:\/\/wp.ufpel.edu.br\/nepca\/wp-json\/wp\/v2\/users\/797"}],"replies":[{"embeddable":true,"href":"https:\/\/wp.ufpel.edu.br\/nepca\/wp-json\/wp\/v2\/comments?post=43"}],"version-history":[{"count":3,"href":"https:\/\/wp.ufpel.edu.br\/nepca\/wp-json\/wp\/v2\/pages\/43\/revisions"}],"predecessor-version":[{"id":1569,"href":"https:\/\/wp.ufpel.edu.br\/nepca\/wp-json\/wp\/v2\/pages\/43\/revisions\/1569"}],"wp:attachment":[{"href":"https:\/\/wp.ufpel.edu.br\/nepca\/wp-json\/wp\/v2\/media?parent=43"}],"curies":[{"name":"wp","href":"https:\/\/api.w.org\/{rel}","templated":true}]}}