{"id":358,"date":"2018-03-25T08:42:24","date_gmt":"2018-03-25T11:42:24","guid":{"rendered":"https:\/\/wp.ufpel.edu.br\/nepca\/?page_id=358"},"modified":"2025-12-24T14:01:35","modified_gmt":"2025-12-24T17:01:35","slug":"processos-de-inclusao-e-respeito-a-diversidade-politicas-e-praticas-da-educacao-infantil-ao-ensino-superior","status":"publish","type":"page","link":"https:\/\/wp.ufpel.edu.br\/nepca\/projetos-2\/processos-de-inclusao-e-respeito-a-diversidade-politicas-e-praticas-da-educacao-infantil-ao-ensino-superior\/","title":{"rendered":"Processos de Inclus\u00e3o e Respeito \u00e0 Diversidade: Pol\u00edticas e Pr\u00e1ticas da Educa\u00e7\u00e3o Infantil ao Ensino Superior"},"content":{"rendered":"<div class=\"nepca-container\">\n<h1 style=\"color: #004a80; margin-bottom: 20px; border-bottom: 2px solid #eee; padding-bottom: 15px;\">\n        Diversidade e Inclus\u00e3o: Da Teoria \u00e0 Pr\u00e1tica<br \/>\n    <\/h1>\n<p style=\"font-size: 1.1rem; line-height: 1.8; text-align: justify; color: #555;\">\n        Do mergulho em tem\u00e1ticas importantes e das emerg\u00eancias sentidas nas institui\u00e7\u00f5es de ensino, nasceu o desejo dos grupos de pesquisa em investigar as vicissitudes dos conceitos de diversidade e inclus\u00e3o na perspectiva da educa\u00e7\u00e3o inclusiva e multicultural e seus reflexos nas pr\u00e1ticas concretas do processo educacional, para al\u00e9m das pol\u00edticas p\u00fablicas.\n    <\/p>\n<p style=\"text-align: justify;\">\n        Este interesse se justifica, tanto pelos trabalhos em desenvolvimento nas pr\u00f3prias universidades, como demandas emergentes das redes, cujo olhar para si mesmas, atrav\u00e9s de investiga\u00e7\u00f5es coerentes e detalhadas, possibilitem a\u00e7\u00f5es de qualifica\u00e7\u00e3o.\n    <\/p>\n<div class=\"di-scope-box\">\n<h3 style=\"color: #004a80; margin-top: 0;\">O Mapa em Rede<\/h3>\n<p style=\"margin-bottom: 0;\">\n            O projeto tratar\u00e1 de an\u00e1lise aprofundada da tem\u00e1tica proposta nos diferentes n\u00edveis e modalidades de ensino, <strong>desde a educa\u00e7\u00e3o infantil ao ensino superior<\/strong>, pois entende-se ser, a an\u00e1lise educacional, um mapa em rede, onde um ponto interfere sobremaneira nos demais.\n        <\/p>\n<\/p><\/div>\n<h3 style=\"text-align: center; margin-top: 50px; color: #333;\">Nossos Pilares de An\u00e1lise<\/h3>\n<p style=\"text-align: center; color: #666; max-width: 800px; margin: 0 auto 30px;\">\n        Pretende-se analisar a tr\u00edade fundamental da Educa\u00e7\u00e3o B\u00e1sica ao Ensino Superior, a fim de contribuir para a qualifica\u00e7\u00e3o das pr\u00e1ticas que dimensionam o respeito e o compromisso com a diversidade e a inclus\u00e3o.\n    <\/p>\n<div class=\"di-triade-grid\">\n<div class=\"di-triade-card\">\n            <span class=\"di-triade-icon\">\ud83d\udeaa<\/span><br \/>\n            <span class=\"di-triade-title\">Acesso<\/span><\/p>\n<p style=\"font-size: 0.9rem; color: #666;\">Investiga\u00e7\u00e3o das portas de entrada e oportunidades nos diferentes n\u00edveis de ensino.<\/p>\n<\/p><\/div>\n<div class=\"di-triade-card\">\n            <span class=\"di-triade-icon\">\u2693<\/span><br \/>\n            <span class=\"di-triade-title\">Perman\u00eancia<\/span><\/p>\n<p style=\"font-size: 0.9rem; color: #666;\">Fatores que garantem a continuidade e o suporte ao aluno no ambiente escolar.<\/p>\n<\/p><\/div>\n<div class=\"di-triade-card\">\n            <span class=\"di-triade-icon\">\u2b50<\/span><br \/>\n            <span class=\"di-triade-title\">Qualidade<\/span><\/p>\n<p style=\"font-size: 0.9rem; color: #666;\">Qualifica\u00e7\u00e3o das pr\u00e1ticas pedag\u00f3gicas e compromisso real com a inclus\u00e3o.<\/p>\n<\/p><\/div>\n<\/p><\/div>\n<\/div>\n","protected":false},"excerpt":{"rendered":"<p>Diversidade e Inclus\u00e3o: Da Teoria \u00e0 Pr\u00e1tica Do mergulho em tem\u00e1ticas importantes e das emerg\u00eancias sentidas nas institui\u00e7\u00f5es de ensino, nasceu o desejo dos grupos de pesquisa em investigar as vicissitudes dos conceitos de diversidade e inclus\u00e3o na perspectiva da educa\u00e7\u00e3o inclusiva e multicultural e seus reflexos nas pr\u00e1ticas concretas do processo educacional, para al\u00e9m &hellip; <\/p>\n<p class=\"link-more\"><a href=\"https:\/\/wp.ufpel.edu.br\/nepca\/projetos-2\/processos-de-inclusao-e-respeito-a-diversidade-politicas-e-praticas-da-educacao-infantil-ao-ensino-superior\/\" class=\"more-link\">Continue lendo<span class=\"screen-reader-text\"> &#8220;Processos de Inclus\u00e3o e Respeito \u00e0 Diversidade: Pol\u00edticas e Pr\u00e1ticas da Educa\u00e7\u00e3o Infantil ao Ensino Superior&#8221;<\/span><\/a><\/p>\n","protected":false},"author":797,"featured_media":0,"parent":10,"menu_order":0,"comment_status":"closed","ping_status":"closed","template":"","meta":{"footnotes":""},"class_list":["post-358","page","type-page","status-publish","hentry"],"jetpack_sharing_enabled":true,"_links":{"self":[{"href":"https:\/\/wp.ufpel.edu.br\/nepca\/wp-json\/wp\/v2\/pages\/358","targetHints":{"allow":["GET"]}}],"collection":[{"href":"https:\/\/wp.ufpel.edu.br\/nepca\/wp-json\/wp\/v2\/pages"}],"about":[{"href":"https:\/\/wp.ufpel.edu.br\/nepca\/wp-json\/wp\/v2\/types\/page"}],"author":[{"embeddable":true,"href":"https:\/\/wp.ufpel.edu.br\/nepca\/wp-json\/wp\/v2\/users\/797"}],"replies":[{"embeddable":true,"href":"https:\/\/wp.ufpel.edu.br\/nepca\/wp-json\/wp\/v2\/comments?post=358"}],"version-history":[{"count":3,"href":"https:\/\/wp.ufpel.edu.br\/nepca\/wp-json\/wp\/v2\/pages\/358\/revisions"}],"predecessor-version":[{"id":1503,"href":"https:\/\/wp.ufpel.edu.br\/nepca\/wp-json\/wp\/v2\/pages\/358\/revisions\/1503"}],"up":[{"embeddable":true,"href":"https:\/\/wp.ufpel.edu.br\/nepca\/wp-json\/wp\/v2\/pages\/10"}],"wp:attachment":[{"href":"https:\/\/wp.ufpel.edu.br\/nepca\/wp-json\/wp\/v2\/media?parent=358"}],"curies":[{"name":"wp","href":"https:\/\/api.w.org\/{rel}","templated":true}]}}