{"id":34,"date":"2017-08-21T14:03:35","date_gmt":"2017-08-21T17:03:35","guid":{"rendered":"https:\/\/wp.ufpel.edu.br\/nepca\/?page_id=34"},"modified":"2025-12-25T13:52:03","modified_gmt":"2025-12-25T16:52:03","slug":"intervencao-precoce-com-criancas-que-apresentam-tea-bage","status":"publish","type":"page","link":"https:\/\/wp.ufpel.edu.br\/nepca\/intervencao-precoce-com-criancas-que-apresentam-tea-bage\/","title":{"rendered":"Interven\u00e7\u00e3o Precoce com crian\u00e7as que apresentam TEA &#8211; Bag\u00e9"},"content":{"rendered":"<div class=\"nepca-container\">\n<h1 style=\"color: #004a80; text-align: center; margin-bottom: 20px;\">Projeto de Investiga\u00e7\u00e3o em Bag\u00e9<\/h1>\n<p style=\"text-align: justify; font-size: 1.1rem; line-height: 1.8;\">O projeto pretende ampliar a investiga\u00e7\u00e3o em desenvolvimento em Pelotas, em uma escola municipal de educa\u00e7\u00e3o infantil, em Bag\u00e9.<\/p>\n<h3 style=\"color: #004a80; margin-top: 40px; border-bottom: 1px solid #eee; padding-bottom: 10px;\">Registros das Atividades em Escola Municipal<\/h3>\n<div class=\"bage-gallery-grid\">\n<img decoding=\"async\" class=\"bage-gallery-img aligncenter\" src=\"https:\/\/wp.ufpel.edu.br\/nepca\/files\/2020\/07\/IMG-20190603-WA0021-300x400.png\" alt=\"Atividade Bag\u00e9\" \/><br \/>\n<img decoding=\"async\" class=\"bage-gallery-img aligncenter\" src=\"https:\/\/wp.ufpel.edu.br\/nepca\/files\/2020\/07\/IMG-20190605-WA0009-400x266.png\" alt=\"Atividade Bag\u00e9\" \/><br \/>\n<img decoding=\"async\" class=\"bage-gallery-img aligncenter\" src=\"https:\/\/wp.ufpel.edu.br\/nepca\/files\/2020\/07\/IMG-20190605-WA0011-400x266.png\" alt=\"Atividade Bag\u00e9\" \/><br \/>\n<img decoding=\"async\" class=\"bage-gallery-img aligncenter\" src=\"https:\/\/wp.ufpel.edu.br\/nepca\/files\/2020\/07\/IMG-20190605-WA0012-400x266.png\" alt=\"Atividade Bag\u00e9\" \/><br \/>\n<img decoding=\"async\" class=\"bage-gallery-img aligncenter\" src=\"https:\/\/wp.ufpel.edu.br\/nepca\/files\/2020\/07\/IMG-20190605-WA0013-400x266.png\" alt=\"Atividade Bag\u00e9\" \/><br \/>\n<img decoding=\"async\" class=\"bage-gallery-img aligncenter\" src=\"https:\/\/wp.ufpel.edu.br\/nepca\/files\/2020\/07\/IMG-20190605-WA0014-400x266.png\" alt=\"Atividade Bag\u00e9\" \/><br \/>\n<img decoding=\"async\" class=\"bage-gallery-img aligncenter\" src=\"https:\/\/wp.ufpel.edu.br\/nepca\/files\/2020\/07\/IMG-20190605-WA0016-400x266.png\" alt=\"Atividade Bag\u00e9\" \/><br \/>\n<img decoding=\"async\" class=\"bage-gallery-img aligncenter\" src=\"https:\/\/wp.ufpel.edu.br\/nepca\/files\/2020\/07\/IMG-20190605-WA0017-400x266.png\" alt=\"Atividade Bag\u00e9\" \/><br \/>\n<img decoding=\"async\" class=\"bage-gallery-img aligncenter\" src=\"https:\/\/wp.ufpel.edu.br\/nepca\/files\/2020\/07\/IMG-20190605-WA0018-400x266.png\" alt=\"Atividade Bag\u00e9\" \/><br \/>\n<img decoding=\"async\" class=\"bage-gallery-img aligncenter\" src=\"https:\/\/wp.ufpel.edu.br\/nepca\/files\/2020\/07\/IMG-20190605-WA0020-400x267.png\" alt=\"Atividade Bag\u00e9\" \/><br \/>\n<img decoding=\"async\" class=\"bage-gallery-img aligncenter\" src=\"https:\/\/wp.ufpel.edu.br\/nepca\/files\/2020\/07\/IMG-20190605-WA0021-400x266.png\" alt=\"Atividade Bag\u00e9\" \/><br \/>\n<img decoding=\"async\" class=\"bage-gallery-img aligncenter\" src=\"https:\/\/wp.ufpel.edu.br\/nepca\/files\/2020\/07\/IMG-20190605-WA0023-400x266.png\" alt=\"Atividade Bag\u00e9\" \/><br \/>\n<img decoding=\"async\" class=\"bage-gallery-img aligncenter\" src=\"https:\/\/wp.ufpel.edu.br\/nepca\/files\/2020\/07\/IMG-20190605-WA0024-400x266.png\" alt=\"Atividade Bag\u00e9\" \/><\/div>\n<\/div>\n","protected":false},"excerpt":{"rendered":"<p>Projeto de Investiga\u00e7\u00e3o em Bag\u00e9 O projeto pretende ampliar a investiga\u00e7\u00e3o em desenvolvimento em Pelotas, em uma escola municipal de educa\u00e7\u00e3o infantil, em Bag\u00e9. Registros das Atividades em Escola Municipal<\/p>\n","protected":false},"author":797,"featured_media":0,"parent":0,"menu_order":0,"comment_status":"closed","ping_status":"closed","template":"","meta":{"footnotes":""},"class_list":["post-34","page","type-page","status-publish","hentry"],"jetpack_sharing_enabled":true,"_links":{"self":[{"href":"https:\/\/wp.ufpel.edu.br\/nepca\/wp-json\/wp\/v2\/pages\/34","targetHints":{"allow":["GET"]}}],"collection":[{"href":"https:\/\/wp.ufpel.edu.br\/nepca\/wp-json\/wp\/v2\/pages"}],"about":[{"href":"https:\/\/wp.ufpel.edu.br\/nepca\/wp-json\/wp\/v2\/types\/page"}],"author":[{"embeddable":true,"href":"https:\/\/wp.ufpel.edu.br\/nepca\/wp-json\/wp\/v2\/users\/797"}],"replies":[{"embeddable":true,"href":"https:\/\/wp.ufpel.edu.br\/nepca\/wp-json\/wp\/v2\/comments?post=34"}],"version-history":[{"count":3,"href":"https:\/\/wp.ufpel.edu.br\/nepca\/wp-json\/wp\/v2\/pages\/34\/revisions"}],"predecessor-version":[{"id":1545,"href":"https:\/\/wp.ufpel.edu.br\/nepca\/wp-json\/wp\/v2\/pages\/34\/revisions\/1545"}],"wp:attachment":[{"href":"https:\/\/wp.ufpel.edu.br\/nepca\/wp-json\/wp\/v2\/media?parent=34"}],"curies":[{"name":"wp","href":"https:\/\/api.w.org\/{rel}","templated":true}]}}