{"id":14,"date":"2017-08-21T13:59:44","date_gmt":"2017-08-21T16:59:44","guid":{"rendered":"https:\/\/wp.ufpel.edu.br\/nepca\/?page_id=14"},"modified":"2025-12-25T11:55:23","modified_gmt":"2025-12-25T14:55:23","slug":"formacoes","status":"publish","type":"page","link":"https:\/\/wp.ufpel.edu.br\/nepca\/formacoes\/","title":{"rendered":"CURSOS"},"content":{"rendered":"<div style=\"font-family: 'Open Sans', Helvetica, Arial, sans-serif; color: #444; line-height: 1.6; width: 100%; max-width: 100%; background-color: #f9f9f9;\">\n<p>    <!-- Estilos de Anima\u00e7\u00e3o e Hover herdados do modelo --><\/p>\n<style>\n        .nepca-card {\n            transition: transform 0.3s ease, box-shadow 0.3s ease;\n        }\n        .nepca-card:hover {\n            transform: translateY(-5px);\n            box-shadow: 0 10px 20px rgba(0,74,128,0.15) !important;\n        }\n        .btn-nepca {\n            transition: background 0.3s ease;\n        }\n        .btn-nepca:hover {\n            background-color: #003366 !important;\n        }\n        .btn-nepca-ghost:hover {\n            background-color: #f0f0f0 !important;\n        }\n    <\/style>\n<p>    <!-- CABE\u00c7ALHO --><\/p>\n<div style=\"background: white; border-bottom: 1px solid #eee; padding: 50px 20px; text-align: center;\">\n<div style=\"max-width: 1100px; margin: 0 auto;\">\n<h1 style=\"color: #004a80; font-size: 2.5rem; margin-bottom: 10px; font-weight: 800;\">Forma\u00e7\u00e3o &#038; Capacita\u00e7\u00e3o<\/h1>\n<p style=\"font-size: 1.2rem; color: #666; max-width: 800px; margin: 0 auto;\">Cat\u00e1logo completo de cursos de Especializa\u00e7\u00e3o, Aperfei\u00e7oamento e Extens\u00e3o desenvolvidos pelo NEPCA para qualificar o Atendimento Educacional Especializado.<\/p>\n<\/p><\/div>\n<\/p><\/div>\n<p>    <!-- CONTE\u00daDO PRINCIPAL --><\/p>\n<div style=\"max-width: 1100px; margin: 0 auto; padding: 50px 20px;\">\n<p>        <!-- SE\u00c7\u00c3O 1: P\u00f3s-Gradua\u00e7\u00e3o --><\/p>\n<div style=\"margin-bottom: 60px;\">\n<div style=\"display: flex; align-items: center; margin-bottom: 30px; border-bottom: 2px solid #e0e0e0; padding-bottom: 10px;\">\n<h2 style=\"color: #004a80; margin: 0; font-size: 1.8rem; font-weight: bold;\">P\u00f3s-Gradua\u00e7\u00e3o<\/h2>\n<p>                <span style=\"background: #004a80; color: #fff; font-size: 0.7rem; font-weight: bold; padding: 3px 8px; border-radius: 4px; margin-left: 15px; text-transform: uppercase;\">Lato Sensu<\/span>\n            <\/div>\n<p>            <!-- Card Especializa\u00e7\u00e3o (Destaque) --><\/p>\n<div class=\"nepca-card\" style=\"background: white; border: 1px solid #e0e0e0; border-left: 6px solid #004a80; border-radius: 8px; padding: 30px; box-shadow: 0 2px 5px rgba(0,0,0,0.05); display: flex; flex-wrap: wrap; align-items: center; gap: 20px;\">\n<div style=\"flex: 1 1 300px;\">\n                    <span style=\"color: #999; font-size: 0.85rem; font-weight: bold; display: block; margin-bottom: 5px;\">ESPECIALIZA\u00c7\u00c3O<\/span><\/p>\n<h3 style=\"color: #333; margin-top: 0; margin-bottom: 10px; font-size: 1.6rem;\">Especializa\u00e7\u00e3o em SAEE<\/h3>\n<p style=\"color: #666; font-size: 1rem; margin-bottom: 0;\">Curso de Especializa\u00e7\u00e3o em Servi\u00e7o de Atendimento Educacional Especializado. Uma forma\u00e7\u00e3o robusta que une teoria e pr\u00e1tica sobre inclus\u00e3o escolar.<\/p>\n<\/p><\/div>\n<div>\n                    <a class=\"btn-nepca\" style=\"color: white; background-color: #004a80; text-decoration: none; font-weight: bold; font-size: 1rem; padding: 12px 25px; border-radius: 4px; display: inline-block;\" href=\"https:\/\/wp.ufpel.edu.br\/nepca\/formacoes\/curso-de-especializacao-em-servico-de-atencimento-educacional-especializado-2020\/\"><br \/>\n                        Acessar Detalhes<br \/>\n                    <\/a>\n                <\/div>\n<\/p><\/div>\n<\/p><\/div>\n<p>        <!-- SE\u00c7\u00c3O 2: Aperfei\u00e7oamento --><\/p>\n<div style=\"margin-bottom: 60px;\">\n<div style=\"display: flex; align-items: center; margin-bottom: 30px; border-bottom: 2px solid #e0e0e0; padding-bottom: 10px;\">\n<h2 style=\"color: #004a80; margin: 0; font-size: 1.8rem; font-weight: bold;\">Trilhas de Aperfei\u00e7oamento<\/h2>\n<p>                <span style=\"background: #ffc107; color: #000; font-size: 0.7rem; font-weight: bold; padding: 3px 8px; border-radius: 4px; margin-left: 15px; text-transform: uppercase;\">SAEE<\/span>\n            <\/div>\n<div style=\"display: flex; flex-wrap: wrap; gap: 30px;\">\n<p>                <!-- Card TEA --><\/p>\n<div class=\"nepca-card\" style=\"flex: 1 1 300px; background: white; border: 1px solid #e0e0e0; border-top: 5px solid #004a80; border-radius: 8px; padding: 0; overflow: hidden; box-shadow: 0 2px 5px rgba(0,0,0,0.05); display: flex; flex-direction: column;\">\n<div style=\"padding: 25px; flex-grow: 1;\">\n                        <span style=\"color: #999; font-size: 0.85rem; font-weight: bold; display: block; margin-bottom: 5px;\">FOCO: AUTISMO<\/span><\/p>\n<h3 style=\"color: #333; margin-top: 0; margin-bottom: 15px; font-size: 1.4rem;\">TEA &#8211; Transtorno do Espectro Autista<\/h3>\n<p style=\"color: #666; font-size: 0.95rem;\">Estrat\u00e9gias pedag\u00f3gicas baseadas em evid\u00eancias para o atendimento especializado a estudantes com TEA.<\/p>\n<\/p><\/div>\n<div style=\"background: #f4f4f4; padding: 15px 25px; border-top: 1px solid #eee;\">\n                        <a style=\"color: #004a80; text-decoration: none; font-weight: bold; font-size: 0.9rem;\" href=\"https:\/\/wp.ufpel.edu.br\/nepca\/formacoes\/curso-de-aperfeicoamento-em-servico-de-atendimento-educacional-especializado-saee-transtorno-do-espectro-autista\/\">Ver Programa \u2192<\/a>\n                    <\/div>\n<\/p><\/div>\n<p>                <!-- Card DI --><\/p>\n<div class=\"nepca-card\" style=\"flex: 1 1 300px; background: white; border: 1px solid #e0e0e0; border-top: 5px solid #004a80; border-radius: 8px; padding: 0; overflow: hidden; box-shadow: 0 2px 5px rgba(0,0,0,0.05); display: flex; flex-direction: column;\">\n<div style=\"padding: 25px; flex-grow: 1;\">\n                        <span style=\"color: #999; font-size: 0.85rem; font-weight: bold; display: block; margin-bottom: 5px;\">FOCO: COGNI\u00c7\u00c3O<\/span><\/p>\n<h3 style=\"color: #333; margin-top: 0; margin-bottom: 15px; font-size: 1.4rem;\">DI &#8211; Defici\u00eancia Intelectual<\/h3>\n<p style=\"color: #666; font-size: 0.95rem;\">Abordagens para o desenvolvimento cognitivo e adapta\u00e7\u00e3o curricular funcional para alunos com DI.<\/p>\n<\/p><\/div>\n<div style=\"background: #f4f4f4; padding: 15px 25px; border-top: 1px solid #eee;\">\n                        <a style=\"color: #004a80; text-decoration: none; font-weight: bold; font-size: 0.9rem;\" href=\"https:\/\/wp.ufpel.edu.br\/nepca\/formacoes\/curso-de-aperfeicoamento-em-servico-de-atendimento-educacional-especializado-saee-deficiencia-intelectual-2020\/\">Ver Programa \u2192<\/a>\n                    <\/div>\n<\/p><\/div>\n<p>                <!-- Card DV --><\/p>\n<div class=\"nepca-card\" style=\"flex: 1 1 300px; background: white; border: 1px solid #e0e0e0; border-top: 5px solid #004a80; border-radius: 8px; padding: 0; overflow: hidden; box-shadow: 0 2px 5px rgba(0,0,0,0.05); display: flex; flex-direction: column;\">\n<div style=\"padding: 25px; flex-grow: 1;\">\n                        <span style=\"color: #999; font-size: 0.85rem; font-weight: bold; display: block; margin-bottom: 5px;\">FOCO: SENSORIAL<\/span><\/p>\n<h3 style=\"color: #333; margin-top: 0; margin-bottom: 15px; font-size: 1.4rem;\">DV &#8211; Defici\u00eancia Visual<\/h3>\n<p style=\"color: #666; font-size: 0.95rem;\">Acessibilidade, ensino de Braille e uso de tecnologias assistivas para autonomia na defici\u00eancia visual.<\/p>\n<\/p><\/div>\n<div style=\"background: #f4f4f4; padding: 15px 25px; border-top: 1px solid #eee;\">\n                        <a style=\"color: #004a80; text-decoration: none; font-weight: bold; font-size: 0.9rem;\" href=\"https:\/\/wp.ufpel.edu.br\/nepca\/formacoes\/curso-de-aperfeicoamento-em-servico-de-atendimento-educacional-especializado-saee-deficiencia-visual-2020\/\">Ver Programa \u2192<\/a>\n                    <\/div>\n<\/p><\/div>\n<\/p><\/div>\n<\/p><\/div>\n<p>        <!-- SE\u00c7\u00c3O 3: Extens\u00e3o e Arquivos --><\/p>\n<div>\n<div style=\"display: flex; align-items: center; margin-bottom: 30px; border-bottom: 2px solid #e0e0e0; padding-bottom: 10px;\">\n<h2 style=\"color: #333; margin: 0; font-size: 1.8rem; font-weight: bold;\">Hist\u00f3rico &#038; Extens\u00e3o<\/h2>\n<p>                <span style=\"background: #eee; color: #666; font-size: 0.7rem; font-weight: bold; padding: 3px 8px; border-radius: 4px; margin-left: 15px; text-transform: uppercase;\">Acervo<\/span>\n            <\/div>\n<div style=\"display: flex; flex-wrap: wrap; gap: 30px;\">\n<p>                <!-- Card Extens\u00e3o (Destaque Amarelo\/Laranja) --><\/p>\n<div class=\"nepca-card\" style=\"flex: 1 1 300px; background: white; border: 1px solid #e0e0e0; border-top: 5px solid #ffc107; border-radius: 8px; padding: 0; overflow: hidden; box-shadow: 0 2px 5px rgba(0,0,0,0.05); display: flex; flex-direction: column;\">\n<div style=\"padding: 25px; flex-grow: 1;\">\n                        <span style=\"color: #999; font-size: 0.85rem; font-weight: bold; display: block; margin-bottom: 5px;\">EXTENS\u00c3O \u2022 PANDEMIA<\/span><\/p>\n<h3 style=\"color: #333; margin-top: 0; margin-bottom: 15px; font-size: 1.4rem;\">SAEE em Tempos de Pandemia<\/h3>\n<p style=\"color: #666; font-size: 0.95rem;\">Resposta aos desafios da educa\u00e7\u00e3o remota e isolamento social na educa\u00e7\u00e3o inclusiva.<\/p>\n<\/p><\/div>\n<div style=\"background: #f4f4f4; padding: 15px 25px; border-top: 1px solid #eee;\">\n                        <a style=\"color: #b78900; text-decoration: none; font-weight: bold; font-size: 0.9rem;\" href=\"https:\/\/wp.ufpel.edu.br\/nepca\/formacoes\/extensao-em-servico-de-atendimento-educacional-especializado-tempos-de-pandemia-2020\/\">Acessar Projeto \u2192<\/a>\n                    <\/div>\n<\/p><\/div>\n<p>                <!-- Card Arquivo 1 (Cinza) --><\/p>\n<div class=\"nepca-card\" style=\"flex: 1 1 300px; background: white; border: 1px solid #e0e0e0; border-top: 5px solid #999; border-radius: 8px; padding: 0; overflow: hidden; box-shadow: 0 2px 5px rgba(0,0,0,0.05); display: flex; flex-direction: column;\">\n<div style=\"padding: 25px; flex-grow: 1;\">\n                        <span style=\"color: #999; font-size: 0.85rem; font-weight: bold; display: block; margin-bottom: 5px;\">ARQUIVO<\/span><\/p>\n<h3 style=\"color: #333; margin-top: 0; margin-bottom: 15px; font-size: 1.4rem;\">Aperfei\u00e7oamento AEE (I)<\/h3>\n<p style=\"color: #666; font-size: 0.95rem;\">Fundamentos te\u00f3ricos e pr\u00e1ticas iniciais do Atendimento Educacional Especializado.<\/p>\n<\/p><\/div>\n<div style=\"background: #f4f4f4; padding: 15px 25px; border-top: 1px solid #eee;\">\n                        <a class=\"btn-nepca-ghost\" style=\"color: #555; text-decoration: none; font-weight: bold; font-size: 0.9rem; display: block;\" href=\"https:\/\/wp.ufpel.edu.br\/nepca\/?page_id=43\">Mais Detalhes \u2192<\/a>\n                    <\/div>\n<\/p><\/div>\n<p>                <!-- Card Arquivo 2 (Cinza) --><\/p>\n<div class=\"nepca-card\" style=\"flex: 1 1 300px; background: white; border: 1px solid #e0e0e0; border-top: 5px solid #999; border-radius: 8px; padding: 0; overflow: hidden; box-shadow: 0 2px 5px rgba(0,0,0,0.05); display: flex; flex-direction: column;\">\n<div style=\"padding: 25px; flex-grow: 1;\">\n                        <span style=\"color: #999; font-size: 0.85rem; font-weight: bold; display: block; margin-bottom: 5px;\">ARQUIVO<\/span><\/p>\n<h3 style=\"color: #333; margin-top: 0; margin-bottom: 15px; font-size: 1.4rem;\">Aperfei\u00e7oamento AEE (II)<\/h3>\n<p style=\"color: #666; font-size: 0.95rem;\">Continuidade e aprofundamento das pr\u00e1ticas inclusivas no contexto escolar.<\/p>\n<\/p><\/div>\n<div style=\"background: #f4f4f4; padding: 15px 25px; border-top: 1px solid #eee;\">\n                        <a class=\"btn-nepca-ghost\" style=\"color: #555; text-decoration: none; font-weight: bold; font-size: 0.9rem; display: block;\" href=\"https:\/\/wp.ufpel.edu.br\/nepca\/?page_id=46\">Mais Detalhes \u2192<\/a>\n                    <\/div>\n<\/p><\/div>\n<\/p><\/div>\n<\/p><\/div>\n<\/p><\/div>\n<p>    <!-- RODAP\u00c9 --><\/p>\n<div style=\"background-color: #222; color: white; padding: 40px 0; text-align: center; font-size: 0.9rem;\">\n<p style=\"margin: 0;\">\u00a9 NEPCA &#8211; N\u00facleo de Estudos e Pesquisas em Cogni\u00e7\u00e3o e Aprendizagem | UFPel<\/p>\n<\/p><\/div>\n<\/div>\n","protected":false},"excerpt":{"rendered":"<p>Forma\u00e7\u00e3o &#038; Capacita\u00e7\u00e3o Cat\u00e1logo completo de cursos de Especializa\u00e7\u00e3o, Aperfei\u00e7oamento e Extens\u00e3o desenvolvidos pelo NEPCA para qualificar o Atendimento Educacional Especializado. P\u00f3s-Gradua\u00e7\u00e3o Lato Sensu ESPECIALIZA\u00c7\u00c3O Especializa\u00e7\u00e3o em SAEE Curso de Especializa\u00e7\u00e3o em Servi\u00e7o de Atendimento Educacional Especializado. Uma forma\u00e7\u00e3o robusta que une teoria e pr\u00e1tica sobre inclus\u00e3o escolar. Acessar Detalhes Trilhas de Aperfei\u00e7oamento SAEE FOCO: &hellip; <\/p>\n<p class=\"link-more\"><a href=\"https:\/\/wp.ufpel.edu.br\/nepca\/formacoes\/\" class=\"more-link\">Continue lendo<span class=\"screen-reader-text\"> &#8220;CURSOS&#8221;<\/span><\/a><\/p>\n","protected":false},"author":797,"featured_media":0,"parent":0,"menu_order":0,"comment_status":"closed","ping_status":"closed","template":"","meta":{"footnotes":""},"class_list":["post-14","page","type-page","status-publish","hentry"],"jetpack_sharing_enabled":true,"_links":{"self":[{"href":"https:\/\/wp.ufpel.edu.br\/nepca\/wp-json\/wp\/v2\/pages\/14","targetHints":{"allow":["GET"]}}],"collection":[{"href":"https:\/\/wp.ufpel.edu.br\/nepca\/wp-json\/wp\/v2\/pages"}],"about":[{"href":"https:\/\/wp.ufpel.edu.br\/nepca\/wp-json\/wp\/v2\/types\/page"}],"author":[{"embeddable":true,"href":"https:\/\/wp.ufpel.edu.br\/nepca\/wp-json\/wp\/v2\/users\/797"}],"replies":[{"embeddable":true,"href":"https:\/\/wp.ufpel.edu.br\/nepca\/wp-json\/wp\/v2\/comments?post=14"}],"version-history":[{"count":3,"href":"https:\/\/wp.ufpel.edu.br\/nepca\/wp-json\/wp\/v2\/pages\/14\/revisions"}],"predecessor-version":[{"id":1579,"href":"https:\/\/wp.ufpel.edu.br\/nepca\/wp-json\/wp\/v2\/pages\/14\/revisions\/1579"}],"wp:attachment":[{"href":"https:\/\/wp.ufpel.edu.br\/nepca\/wp-json\/wp\/v2\/media?parent=14"}],"curies":[{"name":"wp","href":"https:\/\/api.w.org\/{rel}","templated":true}]}}