{"id":118,"date":"2017-09-05T15:29:36","date_gmt":"2017-09-05T18:29:36","guid":{"rendered":"https:\/\/wp.ufpel.edu.br\/nepca\/?page_id=118"},"modified":"2025-12-24T14:21:48","modified_gmt":"2025-12-24T17:21:48","slug":"acoes","status":"publish","type":"page","link":"https:\/\/wp.ufpel.edu.br\/nepca\/acoes\/","title":{"rendered":"A\u00e7\u00f5es &#8211; Forma\u00e7\u00f5es em Bag\u00e9"},"content":{"rendered":"<div class=\"nepca-container\">\n<div class=\"formacao-header\">\n<h4 style=\"color: #81d4fa; text-transform: uppercase; letter-spacing: 2px; margin: 0;\">A\u00e7\u00f5es de Forma\u00e7\u00e3o<\/h4>\n<h1 style=\"color: white; margin: 10px 0 20px 0; font-size: 2.5rem;\">TERT\u00daLIAS TEA &#8211; BAG\u00c9<\/h1>\n<div class=\"formacao-partners\">\n<div>\n                <span style=\"display:block; font-size: 0.8rem; color: #81d4fa; font-weight: normal;\">Organiza\u00e7\u00e3o<\/span><br \/>\n                UFPEL &#8211; NEPCA\n            <\/div>\n<div class=\"partner-divider\"><\/div>\n<div>\n                <span style=\"display:block; font-size: 0.8rem; color: #81d4fa; font-weight: normal;\">Parceria<\/span><br \/>\n                UNIPAMPA &#8211; GRUPO INCLUSIVE\n            <\/div>\n<\/p><\/div>\n<\/p><\/div>\n<p style=\"text-align: center; color: #666; max-width: 800px; margin: 0 auto 40px; font-size: 1.1rem;\">\n        Registros das atividades de forma\u00e7\u00e3o continuada e debates promovidos em parceria interinstitucional na cidade de Bag\u00e9\/RS.\n    <\/p>\n<div class=\"formacao-gallery\">\n<div class=\"formacao-img-card\">\n            <img decoding=\"async\" src=\"https:\/\/wp.ufpel.edu.br\/nepca\/files\/2017\/09\/WhatsApp-Image-2017-11-09-at-15.13.21-240x400.jpeg\" alt=\"Cartaz Tert\u00falias TEA\">\n        <\/div>\n<div class=\"formacao-img-card\">\n            <img decoding=\"async\" src=\"https:\/\/wp.ufpel.edu.br\/nepca\/files\/2017\/09\/WhatsApp-Image-2017-11-09-at-15.13.22-400x240.jpeg\" alt=\"P\u00fablico do Evento\">\n        <\/div>\n<div class=\"formacao-img-card\">\n            <img decoding=\"async\" src=\"https:\/\/wp.ufpel.edu.br\/nepca\/files\/2017\/09\/WhatsApp-Image-2017-11-09-at-17.06.12-400x300.jpeg\" alt=\"Apresenta\u00e7\u00e3o do Evento\">\n        <\/div>\n<\/p><\/div>\n<\/div>\n","protected":false},"excerpt":{"rendered":"<p>A\u00e7\u00f5es de Forma\u00e7\u00e3o TERT\u00daLIAS TEA &#8211; BAG\u00c9 Organiza\u00e7\u00e3o UFPEL &#8211; NEPCA Parceria UNIPAMPA &#8211; GRUPO INCLUSIVE Registros das atividades de forma\u00e7\u00e3o continuada e debates promovidos em parceria interinstitucional na cidade de Bag\u00e9\/RS.<\/p>\n","protected":false},"author":797,"featured_media":0,"parent":0,"menu_order":0,"comment_status":"closed","ping_status":"closed","template":"","meta":{"footnotes":""},"class_list":["post-118","page","type-page","status-publish","hentry"],"jetpack_sharing_enabled":true,"_links":{"self":[{"href":"https:\/\/wp.ufpel.edu.br\/nepca\/wp-json\/wp\/v2\/pages\/118","targetHints":{"allow":["GET"]}}],"collection":[{"href":"https:\/\/wp.ufpel.edu.br\/nepca\/wp-json\/wp\/v2\/pages"}],"about":[{"href":"https:\/\/wp.ufpel.edu.br\/nepca\/wp-json\/wp\/v2\/types\/page"}],"author":[{"embeddable":true,"href":"https:\/\/wp.ufpel.edu.br\/nepca\/wp-json\/wp\/v2\/users\/797"}],"replies":[{"embeddable":true,"href":"https:\/\/wp.ufpel.edu.br\/nepca\/wp-json\/wp\/v2\/comments?post=118"}],"version-history":[{"count":3,"href":"https:\/\/wp.ufpel.edu.br\/nepca\/wp-json\/wp\/v2\/pages\/118\/revisions"}],"predecessor-version":[{"id":1518,"href":"https:\/\/wp.ufpel.edu.br\/nepca\/wp-json\/wp\/v2\/pages\/118\/revisions\/1518"}],"wp:attachment":[{"href":"https:\/\/wp.ufpel.edu.br\/nepca\/wp-json\/wp\/v2\/media?parent=118"}],"curies":[{"name":"wp","href":"https:\/\/api.w.org\/{rel}","templated":true}]}}