{"id":32,"date":"2016-10-17T21:37:51","date_gmt":"2016-10-17T23:37:51","guid":{"rendered":"https:\/\/wp.ufpel.edu.br\/nemucs\/?page_id=32"},"modified":"2019-08-02T21:03:34","modified_gmt":"2019-08-03T00:03:34","slug":"projetos","status":"publish","type":"page","link":"https:\/\/wp.ufpel.edu.br\/nemucs\/projetos\/","title":{"rendered":"Projetos"},"content":{"rendered":"<p><strong>DIVULGA\u00c7\u00c3O CIENT\u00cdFICA EM MUSEUS: DISCURSO E PR\u00c1TICA<\/strong><\/p>\n<p><img class=\"alignnone size-medium wp-image-122\" src=\"https:\/\/wp.ufpel.edu.br\/nemucs\/files\/2019\/08\/Logo-400x300.jpg\" alt=\"\" width=\"400\" height=\"300\" srcset=\"https:\/\/wp.ufpel.edu.br\/nemucs\/files\/2019\/08\/Logo-400x300.jpg 400w, https:\/\/wp.ufpel.edu.br\/nemucs\/files\/2019\/08\/Logo-768x576.jpg 768w, https:\/\/wp.ufpel.edu.br\/nemucs\/files\/2019\/08\/Logo.jpg 960w\" sizes=\"(max-width: 400px) 100vw, 400px\" \/><\/p>\n<p>Projeto de Pesquisa que objetiva analisar a coes\u00e3o entre discurso e pr\u00e1tica no que tange \u00e0s a\u00e7\u00f5es de divulga\u00e7\u00e3o cient\u00edfica peculiares aos museus de ci\u00eancia brasileiros.<\/p>\n<p>&nbsp;<\/p>\n<p><strong>EXPOSI\u00c7\u00c3O MEM\u00d3RIA DOS PROTESTOS NO BRASIL (2013-2016)<\/strong><\/p>\n<p><img class=\"alignnone size-medium wp-image-126\" src=\"https:\/\/wp.ufpel.edu.br\/nemucs\/files\/2019\/08\/Logo-400x89.jpeg\" alt=\"\" width=\"400\" height=\"89\" srcset=\"https:\/\/wp.ufpel.edu.br\/nemucs\/files\/2019\/08\/Logo-400x89.jpeg 400w, https:\/\/wp.ufpel.edu.br\/nemucs\/files\/2019\/08\/Logo.jpeg 680w\" sizes=\"(max-width: 400px) 100vw, 400px\" \/><\/p>\n<p><span class=\"fontstyle0\">Trata-se de exposi\u00e7\u00e3o museol\u00f3gica de car\u00e1ter itinerante, tendo como tem\u00e1tica central os protestos que ocorreram no Brasil dentre os anos de 2013 e 2016.<\/span><\/p>\n<p>&nbsp;<\/p>\n<p><strong>CINE NEMuCS<\/strong><\/p>\n<p><img class=\"alignnone size-medium wp-image-124\" src=\"https:\/\/wp.ufpel.edu.br\/nemucs\/files\/2019\/08\/logo-modelo-3-400x300.jpg\" alt=\"\" width=\"400\" height=\"300\" srcset=\"https:\/\/wp.ufpel.edu.br\/nemucs\/files\/2019\/08\/logo-modelo-3-400x300.jpg 400w, https:\/\/wp.ufpel.edu.br\/nemucs\/files\/2019\/08\/logo-modelo-3.jpg 753w\" sizes=\"(max-width: 400px) 100vw, 400px\" \/><\/p>\n<p>Ciclo de filmes e debates sobre assuntos pertinentes a diferentes \u00e1reas de conhecimento, tendo como pano de fundo essencial a rela\u00e7\u00e3o ci\u00eancia e sociedade.<\/p>\n<p>&nbsp;<\/p>\n<p><b>BIBLIOTECA DIGITAL DO NEMuCS<\/b><\/p>\n<p><img class=\"alignnone size-medium wp-image-125\" src=\"https:\/\/wp.ufpel.edu.br\/nemucs\/files\/2019\/08\/Logo-BIBLIO-400x89.jpg\" alt=\"\" width=\"400\" height=\"89\" srcset=\"https:\/\/wp.ufpel.edu.br\/nemucs\/files\/2019\/08\/Logo-BIBLIO-400x89.jpg 400w, https:\/\/wp.ufpel.edu.br\/nemucs\/files\/2019\/08\/Logo-BIBLIO.jpg 680w\" sizes=\"(max-width: 400px) 100vw, 400px\" \/><\/p>\n<p>Biblioteca com acervos digitais nas \u00e1reas dos estudos sociais da ci\u00eancia e tecnologia, museus e divulga\u00e7\u00e3o cient\u00edfica.<\/p>\n<p>&nbsp;<\/p>\n<p><strong>CI\u00caNCIA NO BAR<\/strong><\/p>\n<p><img class=\"alignnone size-medium wp-image-133\" src=\"https:\/\/wp.ufpel.edu.br\/nemucs\/files\/2019\/08\/prog-400x209-400x209.jpg\" alt=\"\" width=\"400\" height=\"209\" \/><\/p>\n<p>Cerveja no Bar em Pelotas!!! Cerveja e Pesquisa Cient\u00edfica combinam!!! Vamos prestigiar esse evento de populariza\u00e7\u00e3o da Ci\u00eancia! Microfone aberto todos os dias para virem falar sobre suas pesquisas. Convide seus amigos e vamos brindar ao Conhecimento!!!<\/p>\n<p>&nbsp;<\/p>\n<p><strong>O GOLPE DE 2016 E O FUTURO DA DEMOCRACIA NO BRASIL<\/strong><\/p>\n<p><img class=\"alignnone size-medium wp-image-127\" src=\"https:\/\/wp.ufpel.edu.br\/nemucs\/files\/2019\/08\/Logo-preto-400x380.png\" alt=\"\" width=\"400\" height=\"380\" srcset=\"https:\/\/wp.ufpel.edu.br\/nemucs\/files\/2019\/08\/Logo-preto-400x380.png 400w, https:\/\/wp.ufpel.edu.br\/nemucs\/files\/2019\/08\/Logo-preto-768x730.png 768w, https:\/\/wp.ufpel.edu.br\/nemucs\/files\/2019\/08\/Logo-preto.png 850w\" sizes=\"(max-width: 400px) 100vw, 400px\" \/><\/p>\n<p>Debatemos o golpe de 2016 e suas consequ\u00eancias, a partir de diversos temas: estruturas pol\u00edtico-partid\u00e1rias, minorias, movimentos sociais, educa\u00e7\u00e3o, cultura, ci\u00eancia, justi\u00e7a, dentre outros.<\/p>\n","protected":false},"excerpt":{"rendered":"<p>DIVULGA\u00c7\u00c3O CIENT\u00cdFICA EM MUSEUS: DISCURSO E PR\u00c1TICA Projeto de Pesquisa que objetiva analisar a coes\u00e3o entre discurso e pr\u00e1tica no que tange \u00e0s a\u00e7\u00f5es de divulga\u00e7\u00e3o cient\u00edfica peculiares aos museus de ci\u00eancia brasileiros. &nbsp; EXPOSI\u00c7\u00c3O MEM\u00d3RIA DOS PROTESTOS NO BRASIL (2013-2016) Trata-se de exposi\u00e7\u00e3o museol\u00f3gica de car\u00e1ter itinerante, tendo como tem\u00e1tica central os protestos que [&hellip;]<\/p>\n","protected":false},"author":703,"featured_media":0,"parent":0,"menu_order":3,"comment_status":"closed","ping_status":"closed","template":"","meta":{"footnotes":""},"class_list":["post-32","page","type-page","status-publish","hentry"],"_links":{"self":[{"href":"https:\/\/wp.ufpel.edu.br\/nemucs\/wp-json\/wp\/v2\/pages\/32","targetHints":{"allow":["GET"]}}],"collection":[{"href":"https:\/\/wp.ufpel.edu.br\/nemucs\/wp-json\/wp\/v2\/pages"}],"about":[{"href":"https:\/\/wp.ufpel.edu.br\/nemucs\/wp-json\/wp\/v2\/types\/page"}],"author":[{"embeddable":true,"href":"https:\/\/wp.ufpel.edu.br\/nemucs\/wp-json\/wp\/v2\/users\/703"}],"replies":[{"embeddable":true,"href":"https:\/\/wp.ufpel.edu.br\/nemucs\/wp-json\/wp\/v2\/comments?post=32"}],"version-history":[{"count":6,"href":"https:\/\/wp.ufpel.edu.br\/nemucs\/wp-json\/wp\/v2\/pages\/32\/revisions"}],"predecessor-version":[{"id":134,"href":"https:\/\/wp.ufpel.edu.br\/nemucs\/wp-json\/wp\/v2\/pages\/32\/revisions\/134"}],"wp:attachment":[{"href":"https:\/\/wp.ufpel.edu.br\/nemucs\/wp-json\/wp\/v2\/media?parent=32"}],"curies":[{"name":"wp","href":"https:\/\/api.w.org\/{rel}","templated":true}]}}