{"id":791,"date":"2024-06-04T16:23:58","date_gmt":"2024-06-04T19:23:58","guid":{"rendered":"https:\/\/wp.ufpel.edu.br\/nemplus\/?page_id=791"},"modified":"2024-07-01T12:14:58","modified_gmt":"2024-07-01T15:14:58","slug":"selecao","status":"publish","type":"page","link":"https:\/\/wp.ufpel.edu.br\/nemplus\/selecao\/","title":{"rendered":"Sele\u00e7\u00e3o"},"content":{"rendered":"<ul>\n<li><span style=\"font-size: 14pt;\"><strong><span style=\"font-family: helvetica, arial, sans-serif;\">EDITAL 01\/2024 &#8211; CHAMAMENTO DE NOVOS INTEGRANTES PARA O NEMPLUS<\/span><\/strong><\/span><\/li>\n<\/ul>\n<p>O N\u00facleo de Estudos sobre Mem\u00f3ria e Patrim\u00f4nio em Lugares de Sofrimento \u2013 NEMPLUS torna p\u00fablico o edital de chamamento para novos membros que desejam ampliar suas pesquisas no campo da Mem\u00f3ria e do Patrim\u00f4nio Cultura. Confira abaixo:<\/p>\n<ol>\n<li><a href=\"https:\/\/drive.google.com\/file\/d\/1NifBlMl7HkdTVfbVhyPOJgldHb5xLCe2\/view?usp=sharing\"><span style=\"font-family: helvetica, arial, sans-serif;\">Edital<\/span><\/a><\/li>\n<li><span style=\"font-family: helvetica, arial, sans-serif;\"><a href=\"https:\/\/forms.gle\/R5yb12Uq1GWdRg5b7\">Inscri\u00e7\u00f5es<\/a><\/span><\/li>\n<li><a href=\"https:\/\/drive.google.com\/file\/d\/1dvVJeVztoVRqxqOeJIrPtzMpPKWIBiz5\/view?usp=sharing\">Resultado Final<\/a><\/li>\n<\/ol>\n","protected":false},"excerpt":{"rendered":"<p>EDITAL 01\/2024 &#8211; CHAMAMENTO DE NOVOS INTEGRANTES PARA O NEMPLUS O N\u00facleo de Estudos sobre Mem\u00f3ria e Patrim\u00f4nio em Lugares de Sofrimento \u2013 NEMPLUS torna p\u00fablico o edital de chamamento para novos membros que desejam ampliar suas pesquisas no campo da Mem\u00f3ria e do Patrim\u00f4nio Cultura. Confira abaixo: Edital Inscri\u00e7\u00f5es Resultado Final<\/p>\n","protected":false},"author":700,"featured_media":0,"parent":0,"menu_order":0,"comment_status":"closed","ping_status":"closed","template":"","meta":{"footnotes":""},"class_list":["post-791","page","type-page","status-publish","hentry"],"_links":{"self":[{"href":"https:\/\/wp.ufpel.edu.br\/nemplus\/wp-json\/wp\/v2\/pages\/791","targetHints":{"allow":["GET"]}}],"collection":[{"href":"https:\/\/wp.ufpel.edu.br\/nemplus\/wp-json\/wp\/v2\/pages"}],"about":[{"href":"https:\/\/wp.ufpel.edu.br\/nemplus\/wp-json\/wp\/v2\/types\/page"}],"author":[{"embeddable":true,"href":"https:\/\/wp.ufpel.edu.br\/nemplus\/wp-json\/wp\/v2\/users\/700"}],"replies":[{"embeddable":true,"href":"https:\/\/wp.ufpel.edu.br\/nemplus\/wp-json\/wp\/v2\/comments?post=791"}],"version-history":[{"count":5,"href":"https:\/\/wp.ufpel.edu.br\/nemplus\/wp-json\/wp\/v2\/pages\/791\/revisions"}],"predecessor-version":[{"id":844,"href":"https:\/\/wp.ufpel.edu.br\/nemplus\/wp-json\/wp\/v2\/pages\/791\/revisions\/844"}],"wp:attachment":[{"href":"https:\/\/wp.ufpel.edu.br\/nemplus\/wp-json\/wp\/v2\/media?parent=791"}],"curies":[{"name":"wp","href":"https:\/\/api.w.org\/{rel}","templated":true}]}}