{"id":7,"date":"2020-05-10T23:34:00","date_gmt":"2020-05-11T02:34:00","guid":{"rendered":"https:\/\/wp.ufpel.edu.br\/nemplus\/?page_id=7"},"modified":"2020-07-09T21:43:07","modified_gmt":"2020-07-10T00:43:07","slug":"sobre-o-nucleo","status":"publish","type":"page","link":"https:\/\/wp.ufpel.edu.br\/nemplus\/sobre-o-nucleo\/","title":{"rendered":"Sobre o N\u00facleo"},"content":{"rendered":"<p>O N\u00facleo de Estudos sobre Mem\u00f3ria e Patrim\u00f4nio em Lugares de Sofrimento (NEMPLuS) \u00e9 um projeto do Programa de P\u00f3s-Gradua\u00e7\u00e3o em Mem\u00f3ria Social e Patrim\u00f4nio Cultural (PPGMP)\u00a0 da Universidade Federal de Pelotas. O N\u00facleo iniciou como um grupo de estudos em abril de 2018 e re\u00fane professores, pesquisadores e alunos de gradua\u00e7\u00e3o, mestrado e doutorado do PPGMP e do Departamento de Museologia, Conserva\u00e7\u00e3o e Restauro do Instituto de Ci\u00eancias Humanas da UFPel.<\/p>\n<p>O NEMPLuS foi cadastrado como grupo de pesquisa junto ao CNPq no ano de 2020. Grande parte dos pesquisadores associados ao N\u00facleo desenvolvem suas pesquisas de p\u00f3s-doutorado, doutorado, mestrado e inicia\u00e7\u00e3o cient\u00edfica atrav\u00e9s de bolsas de ag\u00eancias financiadoras como CAPES e\u00a0 FAPERGS.<\/p>\n<p>O N\u00facleo tem como tema central investiga\u00e7\u00f5es sobre processos memoriais e patrimonializantes envolvendo lugares (f\u00edsicos e simb\u00f3licos) que possuem significado traum\u00e1tico para um grupo ou comunidades. Os lugares de mem\u00f3ria do sofrimento s\u00e3o lugares que re\u00fanem, simultaneamente, como demonstra Estela Schindel (2009), capital pol\u00edtico, potencial pedag\u00f3gico, valor jur\u00eddico documental e significados afetivos. Portanto, enquanto vest\u00edgios de um acontecimento traum\u00e1tico, os s\u00edtios, quando patrimonializados e musealizados, agregam fun\u00e7\u00f5es distintas e particulares dentro dos espa\u00e7os sociais e de tempo em que se inserem.\u00a0 Esses lugares desempenham, sobretudo, um papel rememorativo e dial\u00e9tico, envolvendo sensibilidades que reafirmam ou contrap\u00f5em narrativas de um trauma coletivo que precisa ser gerido pelas sociedades em \u00e2mbito local, nacional ou mundial. Al\u00e9m disso, tamb\u00e9m s\u00e3o atingidos pelos desafios sob os quais outros patrim\u00f4nios culturais s\u00e3o colocados na atualidade como os conflitos na gest\u00e3o do espa\u00e7o, a turistifica\u00e7\u00e3o e a espetaculariza\u00e7\u00e3o do passado.<\/p>\n<p>Dessa forma, o objetivo central do NEMPLuS \u00e9 o de pesquisar, debater e refletir sobre as din\u00e2micas do patrim\u00f4nio em lugares relacionados com eventos traum\u00e1ticos e os desafios da transmiss\u00e3o memorial. Nesse sentido, o grupo tem trabalhado com pesquisas nos seguintes eixos:<\/p>\n<ul>\n<li>Lugares relacionados \u00e0s pol\u00edticas sanit\u00e1rias;<\/li>\n<li>Lugares relacionados \u00e0 trag\u00e9dias coletivas;<\/li>\n<li>Lugares relativos \u00e0s viola\u00e7\u00f5es das ditaduras civis-militares e aos conflitos civis latino-americanos.<\/li>\n<\/ul>\n<p>O N\u00facleo associa-se tamb\u00e9m a uma rede de pesquisadores latino-americanos, contando com os nomes dos professores Ruben Chababo, Universidade Nacional de Ros\u00e1rio, Argentina e Luis Carlos Toro Tamayo, Universidade de Antioquia, Medellin, Col\u00f4mbia.<\/p>\n","protected":false},"excerpt":{"rendered":"<p>O N\u00facleo de Estudos sobre Mem\u00f3ria e Patrim\u00f4nio em Lugares de Sofrimento (NEMPLuS) \u00e9 um projeto do Programa de P\u00f3s-Gradua\u00e7\u00e3o em Mem\u00f3ria Social e Patrim\u00f4nio Cultural (PPGMP)\u00a0 da Universidade Federal de Pelotas. O N\u00facleo iniciou como um grupo de estudos em abril de 2018 e re\u00fane professores, pesquisadores e alunos de gradua\u00e7\u00e3o, mestrado e doutorado [&hellip;]<\/p>\n","protected":false},"author":700,"featured_media":0,"parent":0,"menu_order":1,"comment_status":"closed","ping_status":"closed","template":"","meta":{"footnotes":""},"class_list":["post-7","page","type-page","status-publish","hentry"],"_links":{"self":[{"href":"https:\/\/wp.ufpel.edu.br\/nemplus\/wp-json\/wp\/v2\/pages\/7","targetHints":{"allow":["GET"]}}],"collection":[{"href":"https:\/\/wp.ufpel.edu.br\/nemplus\/wp-json\/wp\/v2\/pages"}],"about":[{"href":"https:\/\/wp.ufpel.edu.br\/nemplus\/wp-json\/wp\/v2\/types\/page"}],"author":[{"embeddable":true,"href":"https:\/\/wp.ufpel.edu.br\/nemplus\/wp-json\/wp\/v2\/users\/700"}],"replies":[{"embeddable":true,"href":"https:\/\/wp.ufpel.edu.br\/nemplus\/wp-json\/wp\/v2\/comments?post=7"}],"version-history":[{"count":4,"href":"https:\/\/wp.ufpel.edu.br\/nemplus\/wp-json\/wp\/v2\/pages\/7\/revisions"}],"predecessor-version":[{"id":234,"href":"https:\/\/wp.ufpel.edu.br\/nemplus\/wp-json\/wp\/v2\/pages\/7\/revisions\/234"}],"wp:attachment":[{"href":"https:\/\/wp.ufpel.edu.br\/nemplus\/wp-json\/wp\/v2\/media?parent=7"}],"curies":[{"name":"wp","href":"https:\/\/api.w.org\/{rel}","templated":true}]}}