{"id":655,"date":"2022-12-06T18:07:25","date_gmt":"2022-12-06T21:07:25","guid":{"rendered":"https:\/\/wp.ufpel.edu.br\/nemplus\/?page_id=655"},"modified":"2022-12-06T18:15:26","modified_gmt":"2022-12-06T21:15:26","slug":"2022-2","status":"publish","type":"page","link":"https:\/\/wp.ufpel.edu.br\/nemplus\/2022-2\/","title":{"rendered":"2022"},"content":{"rendered":"<p><a href=\"https:\/\/wp.ufpel.edu.br\/nemplus\/files\/2022\/12\/Certificados-Ouvintes-WT-NEMPLuS-2.pdf\" target=\"_blank\" rel=\"noopener\">Webin\u00e1rio Mem\u00f3rias em Tempos Dif\u00edceis &#8211; Participantes<\/a><\/p>\n<p><a href=\"https:\/\/wp.ufpel.edu.br\/nemplus\/files\/2022\/12\/Certificado-Organizadores-WT-NEMPLuS-2.pdf\" target=\"_blank\" rel=\"noopener\">Webin\u00e1rio Mem\u00f3rias em Tempos Dif\u00edceis &#8211; Organiza\u00e7\u00e3o<\/a><\/p>\n<p><a href=\"https:\/\/wp.ufpel.edu.br\/nemplus\/files\/2022\/12\/Certificado-Mediadores-WT-NEMPLuS-2.pdf\" target=\"_blank\" rel=\"noopener\">Webin\u00e1rio Mem\u00f3rias em Tempos Dif\u00edceis &#8211; Media\u00e7\u00e3o<\/a><\/p>\n<p><a href=\"https:\/\/wp.ufpel.edu.br\/nemplus\/files\/2022\/12\/Certificado-Conferencistas-WT-NEMPLuS-2.pdf\" target=\"_blank\" rel=\"noopener\">Webin\u00e1rio Mem\u00f3rias em Tempos Dif\u00edceis &#8211; Conferencistas<\/a><\/p>\n<p><a href=\"https:\/\/wp.ufpel.edu.br\/nemplus\/files\/2022\/12\/Certificado-Apoio-Tecnico-WT-NEMPLuS-3.pdf\" target=\"_blank\" rel=\"noopener\">Webin\u00e1rio Mem\u00f3rias em Tempos Dif\u00edceis &#8211; Apoio T\u00e9cnico<\/a><\/p>\n<p>&nbsp;<\/p>\n<p><a href=\"https:\/\/wp.ufpel.edu.br\/nemplus\/files\/2022\/12\/Certificado-Grupo-de-Estudos-NEMPLuS-2.pdf\">Certificado Grupo de Estudos &#8211; NEMPLuS<\/a><\/p>\n<p><a href=\"https:\/\/wp.ufpel.edu.br\/nemplus\/files\/2022\/12\/Certificado-Coordenacao-do-NEMPLuS-2.pdf\">Certificado Coordena\u00e7\u00e3o do NEMPLuS<\/a><\/p>\n","protected":false},"excerpt":{"rendered":"<p>Webin\u00e1rio Mem\u00f3rias em Tempos Dif\u00edceis &#8211; Participantes Webin\u00e1rio Mem\u00f3rias em Tempos Dif\u00edceis &#8211; Organiza\u00e7\u00e3o Webin\u00e1rio Mem\u00f3rias em Tempos Dif\u00edceis &#8211; Media\u00e7\u00e3o Webin\u00e1rio Mem\u00f3rias em Tempos Dif\u00edceis &#8211; Conferencistas Webin\u00e1rio Mem\u00f3rias em Tempos Dif\u00edceis &#8211; Apoio T\u00e9cnico &nbsp; Certificado Grupo de Estudos &#8211; NEMPLuS Certificado Coordena\u00e7\u00e3o do NEMPLuS<\/p>\n","protected":false},"author":700,"featured_media":0,"parent":0,"menu_order":0,"comment_status":"closed","ping_status":"closed","template":"","meta":{"footnotes":""},"class_list":["post-655","page","type-page","status-publish","hentry"],"_links":{"self":[{"href":"https:\/\/wp.ufpel.edu.br\/nemplus\/wp-json\/wp\/v2\/pages\/655","targetHints":{"allow":["GET"]}}],"collection":[{"href":"https:\/\/wp.ufpel.edu.br\/nemplus\/wp-json\/wp\/v2\/pages"}],"about":[{"href":"https:\/\/wp.ufpel.edu.br\/nemplus\/wp-json\/wp\/v2\/types\/page"}],"author":[{"embeddable":true,"href":"https:\/\/wp.ufpel.edu.br\/nemplus\/wp-json\/wp\/v2\/users\/700"}],"replies":[{"embeddable":true,"href":"https:\/\/wp.ufpel.edu.br\/nemplus\/wp-json\/wp\/v2\/comments?post=655"}],"version-history":[{"count":3,"href":"https:\/\/wp.ufpel.edu.br\/nemplus\/wp-json\/wp\/v2\/pages\/655\/revisions"}],"predecessor-version":[{"id":683,"href":"https:\/\/wp.ufpel.edu.br\/nemplus\/wp-json\/wp\/v2\/pages\/655\/revisions\/683"}],"wp:attachment":[{"href":"https:\/\/wp.ufpel.edu.br\/nemplus\/wp-json\/wp\/v2\/media?parent=655"}],"curies":[{"name":"wp","href":"https:\/\/api.w.org\/{rel}","templated":true}]}}