{"id":650,"date":"2022-12-06T18:03:59","date_gmt":"2022-12-06T21:03:59","guid":{"rendered":"https:\/\/wp.ufpel.edu.br\/nemplus\/?page_id=650"},"modified":"2022-12-06T18:07:44","modified_gmt":"2022-12-06T21:07:44","slug":"certificados","status":"publish","type":"page","link":"https:\/\/wp.ufpel.edu.br\/nemplus\/certificados\/","title":{"rendered":"Certificados"},"content":{"rendered":"<blockquote class=\"wp-embedded-content\" data-secret=\"euitAqN3Ss\"><p><a href=\"https:\/\/wp.ufpel.edu.br\/nemplus\/2022-2\/\">2022<\/a><\/p><\/blockquote>\n<p><iframe class=\"wp-embedded-content\" sandbox=\"allow-scripts\" security=\"restricted\" style=\"position: absolute; clip: rect(1px, 1px, 1px, 1px);\" title=\"&#8220;2022&#8221; &#8212; N\u00facleo de Estudos sobre Mem\u00f3ria e Patrim\u00f4nio em Lugares de Sofrimento\" src=\"https:\/\/wp.ufpel.edu.br\/nemplus\/2022-2\/embed\/#?secret=xQ2UToCoF2#?secret=euitAqN3Ss\" data-secret=\"euitAqN3Ss\" width=\"500\" height=\"282\" frameborder=\"0\" marginwidth=\"0\" marginheight=\"0\" scrolling=\"no\"><\/iframe><\/p>\n","protected":false},"excerpt":{"rendered":"<p>2022<\/p>\n","protected":false},"author":700,"featured_media":0,"parent":0,"menu_order":0,"comment_status":"closed","ping_status":"closed","template":"","meta":{"footnotes":""},"class_list":["post-650","page","type-page","status-publish","hentry"],"_links":{"self":[{"href":"https:\/\/wp.ufpel.edu.br\/nemplus\/wp-json\/wp\/v2\/pages\/650","targetHints":{"allow":["GET"]}}],"collection":[{"href":"https:\/\/wp.ufpel.edu.br\/nemplus\/wp-json\/wp\/v2\/pages"}],"about":[{"href":"https:\/\/wp.ufpel.edu.br\/nemplus\/wp-json\/wp\/v2\/types\/page"}],"author":[{"embeddable":true,"href":"https:\/\/wp.ufpel.edu.br\/nemplus\/wp-json\/wp\/v2\/users\/700"}],"replies":[{"embeddable":true,"href":"https:\/\/wp.ufpel.edu.br\/nemplus\/wp-json\/wp\/v2\/comments?post=650"}],"version-history":[{"count":2,"href":"https:\/\/wp.ufpel.edu.br\/nemplus\/wp-json\/wp\/v2\/pages\/650\/revisions"}],"predecessor-version":[{"id":658,"href":"https:\/\/wp.ufpel.edu.br\/nemplus\/wp-json\/wp\/v2\/pages\/650\/revisions\/658"}],"wp:attachment":[{"href":"https:\/\/wp.ufpel.edu.br\/nemplus\/wp-json\/wp\/v2\/media?parent=650"}],"curies":[{"name":"wp","href":"https:\/\/api.w.org\/{rel}","templated":true}]}}