{"id":574,"date":"2022-04-24T19:29:09","date_gmt":"2022-04-24T22:29:09","guid":{"rendered":"https:\/\/wp.ufpel.edu.br\/nemplus\/?page_id=574"},"modified":"2022-12-06T18:18:53","modified_gmt":"2022-12-06T21:18:53","slug":"grupo-de-estudos","status":"publish","type":"page","link":"https:\/\/wp.ufpel.edu.br\/nemplus\/atividades-e-eventos-2\/grupo-de-estudos\/","title":{"rendered":"Grupo de estudos"},"content":{"rendered":"<h1 class=\"fOvfyc B7SYid VnOHwf-Tvm9db\"><span style=\"font-size: 12pt;\">Programa\u00e7\u00e3o de 2023 em breve.<\/span><\/h1>\n<p>Informa\u00e7\u00f5es, entrar em contato:<\/p>\n<p>nemplusufpel@gmail.com<\/p>\n<p>&nbsp;<\/p>\n","protected":false},"excerpt":{"rendered":"<p>Programa\u00e7\u00e3o de 2023 em breve. Informa\u00e7\u00f5es, entrar em contato: nemplusufpel@gmail.com &nbsp;<\/p>\n","protected":false},"author":700,"featured_media":0,"parent":217,"menu_order":0,"comment_status":"closed","ping_status":"closed","template":"","meta":{"footnotes":""},"class_list":["post-574","page","type-page","status-publish","hentry"],"_links":{"self":[{"href":"https:\/\/wp.ufpel.edu.br\/nemplus\/wp-json\/wp\/v2\/pages\/574","targetHints":{"allow":["GET"]}}],"collection":[{"href":"https:\/\/wp.ufpel.edu.br\/nemplus\/wp-json\/wp\/v2\/pages"}],"about":[{"href":"https:\/\/wp.ufpel.edu.br\/nemplus\/wp-json\/wp\/v2\/types\/page"}],"author":[{"embeddable":true,"href":"https:\/\/wp.ufpel.edu.br\/nemplus\/wp-json\/wp\/v2\/users\/700"}],"replies":[{"embeddable":true,"href":"https:\/\/wp.ufpel.edu.br\/nemplus\/wp-json\/wp\/v2\/comments?post=574"}],"version-history":[{"count":6,"href":"https:\/\/wp.ufpel.edu.br\/nemplus\/wp-json\/wp\/v2\/pages\/574\/revisions"}],"predecessor-version":[{"id":684,"href":"https:\/\/wp.ufpel.edu.br\/nemplus\/wp-json\/wp\/v2\/pages\/574\/revisions\/684"}],"up":[{"embeddable":true,"href":"https:\/\/wp.ufpel.edu.br\/nemplus\/wp-json\/wp\/v2\/pages\/217"}],"wp:attachment":[{"href":"https:\/\/wp.ufpel.edu.br\/nemplus\/wp-json\/wp\/v2\/media?parent=574"}],"curies":[{"name":"wp","href":"https:\/\/api.w.org\/{rel}","templated":true}]}}