{"id":540,"date":"2022-03-31T15:00:57","date_gmt":"2022-03-31T18:00:57","guid":{"rendered":"https:\/\/wp.ufpel.edu.br\/nemplus\/?page_id=540"},"modified":"2022-03-31T16:34:21","modified_gmt":"2022-03-31T19:34:21","slug":"e-book","status":"publish","type":"page","link":"https:\/\/wp.ufpel.edu.br\/nemplus\/e-book\/","title":{"rendered":"Ebooks"},"content":{"rendered":"<p><span dir=\"ltr\" role=\"presentation\"><strong>Mem\u00f3rias em tempos dif\u00edceis<\/strong> <\/span><\/p>\n<p><img class=\"alignnone size-medium wp-image-547\" src=\"https:\/\/wp.ufpel.edu.br\/nemplus\/files\/2022\/03\/Capa-278x400.jpg\" alt=\"\" width=\"278\" height=\"400\" srcset=\"https:\/\/wp.ufpel.edu.br\/nemplus\/files\/2022\/03\/Capa-278x400.jpg 278w, https:\/\/wp.ufpel.edu.br\/nemplus\/files\/2022\/03\/Capa-712x1024.jpg 712w, https:\/\/wp.ufpel.edu.br\/nemplus\/files\/2022\/03\/Capa-768x1104.jpg 768w, https:\/\/wp.ufpel.edu.br\/nemplus\/files\/2022\/03\/Capa.jpg 945w\" sizes=\"(max-width: 278px) 100vw, 278px\" \/><\/p>\n<p><span dir=\"ltr\" role=\"presentation\">Sob a coordena\u00e7\u00e3o de Maria Let\u00edcia Mazzucchi Ferreira e organiza\u00e7\u00e3o de Darlan De Mamann Marchi e Jaime Alberto <\/span><span dir=\"ltr\" role=\"presentation\">Bornacelly Castro, a obra resultou de discuss\u00f5es que foram estabelecidas por ocasi\u00e3o do X Semin\u00e1rio Internacional em Mem\u00f3ria e Patrim\u00f4nio, evento on-line realizado em outubro de 2020 e cujo tema central foi os 70 anos da obra \u201cA mem\u00f3ria coletiva\u201d de Maurice Halbwachs, debate ao qual se agregaram outras reflex\u00f5es em torno da mem\u00f3ria, aportadas por especialistas de v\u00e1rias proced\u00eancias que aparecem aqui como autores. <\/span><\/p>\n<p><span dir=\"ltr\" role=\"presentation\">Ver ebook<\/span><span dir=\"ltr\" role=\"presentation\">: <a href=\"https:\/\/wp.ufpel.edu.br\/nemplus\/files\/2022\/03\/Memorias-em-tempos-dificeis.pdf\">Mem\u00f3rias em tempos dif\u00edceis<\/a> <\/span><\/p>\n<p>______________________________<\/p>\n<p><strong>Mem\u00f3ria Coletiva Entre lugares, conflitos e virtualidade<\/strong><\/p>\n<p><img class=\"alignnone size-full wp-image-549\" src=\"https:\/\/wp.ufpel.edu.br\/nemplus\/files\/2022\/03\/WhatsApp-Image-2021-04-23-at-15.47.39-1-278x400-1.jpeg\" alt=\"\" width=\"278\" height=\"400\" \/><\/p>\n<p>Sob organiza\u00e7\u00e3o de Daniele Borges Bezerra, Darlan De Mamann Marchi, Isabel Cristina Bernal Vinasco, Jaime Alberto Bornacelly Castro, Karla Nazareth-Tissot, e Priscila Chagas Oliveira, o livro Mem\u00f3ria coletiva: entre lugares, conflitos e virtualidade foi organizado a partir de comunica\u00e7\u00f5es feitas no X Semin\u00e1rio Internacional em Mem\u00f3ria e Patrim\u00f4nio (SIMP), organizado pelo Programa de P\u00f3s-Gradua\u00e7\u00e3o em Mem\u00f3ria Social e Patrim\u00f4nio Cultural e pelo N\u00facleo de Estudos em Mem\u00f3ria e Patrim\u00f4nio em lugares de sofrimento (NEMPLUS), da Universidade Federal de Pelotas, em outubro de 2020. O X SIMP teve como tema gerador uma \u201crevisita\u201d \u00e0 obra \u201cMem\u00f3ria Coletiva\u201d de Maurice Halbwachs, tema que perpassa os dezessete textos que comp\u00f5em a obra que agora apresentamos, de forma direta ou indiretamente. O livro se apresenta dividido em tr\u00eas partes: A produ\u00e7\u00e3o subjetiva dos lugares; Mem\u00f3ria Coletiva e Virtualidade; Conflitos de mem\u00f3ria na contemporaneidade.<\/p>\n<p>Ver ebook: <a href=\"https:\/\/wp.ufpel.edu.br\/nemplus\/files\/2022\/03\/Memoria-Coletiva-Entre-lugares-conflitos-e-virtualidade.pdf\">Mem\u00f3ria Coletiva entre lugares conflitos e virtualidade<\/a><\/p>\n","protected":false},"excerpt":{"rendered":"<p>Mem\u00f3rias em tempos dif\u00edceis Sob a coordena\u00e7\u00e3o de Maria Let\u00edcia Mazzucchi Ferreira e organiza\u00e7\u00e3o de Darlan De Mamann Marchi e Jaime Alberto Bornacelly Castro, a obra resultou de discuss\u00f5es que foram estabelecidas por ocasi\u00e3o do X Semin\u00e1rio Internacional em Mem\u00f3ria e Patrim\u00f4nio, evento on-line realizado em outubro de 2020 e cujo tema central foi os [&hellip;]<\/p>\n","protected":false},"author":700,"featured_media":0,"parent":0,"menu_order":0,"comment_status":"closed","ping_status":"closed","template":"","meta":{"footnotes":""},"class_list":["post-540","page","type-page","status-publish","hentry"],"_links":{"self":[{"href":"https:\/\/wp.ufpel.edu.br\/nemplus\/wp-json\/wp\/v2\/pages\/540","targetHints":{"allow":["GET"]}}],"collection":[{"href":"https:\/\/wp.ufpel.edu.br\/nemplus\/wp-json\/wp\/v2\/pages"}],"about":[{"href":"https:\/\/wp.ufpel.edu.br\/nemplus\/wp-json\/wp\/v2\/types\/page"}],"author":[{"embeddable":true,"href":"https:\/\/wp.ufpel.edu.br\/nemplus\/wp-json\/wp\/v2\/users\/700"}],"replies":[{"embeddable":true,"href":"https:\/\/wp.ufpel.edu.br\/nemplus\/wp-json\/wp\/v2\/comments?post=540"}],"version-history":[{"count":5,"href":"https:\/\/wp.ufpel.edu.br\/nemplus\/wp-json\/wp\/v2\/pages\/540\/revisions"}],"predecessor-version":[{"id":551,"href":"https:\/\/wp.ufpel.edu.br\/nemplus\/wp-json\/wp\/v2\/pages\/540\/revisions\/551"}],"wp:attachment":[{"href":"https:\/\/wp.ufpel.edu.br\/nemplus\/wp-json\/wp\/v2\/media?parent=540"}],"curies":[{"name":"wp","href":"https:\/\/api.w.org\/{rel}","templated":true}]}}