{"id":502,"date":"2021-07-30T14:24:18","date_gmt":"2021-07-30T17:24:18","guid":{"rendered":"https:\/\/wp.ufpel.edu.br\/nemplus\/?page_id=502"},"modified":"2021-09-20T20:21:03","modified_gmt":"2021-09-20T23:21:03","slug":"11-simp","status":"publish","type":"page","link":"https:\/\/wp.ufpel.edu.br\/nemplus\/simp-seminario-internacional-memoria-e-patrimonio\/11-simp\/","title":{"rendered":"11 SIMP"},"content":{"rendered":"<p><span style=\"font-weight: 400\"><img class=\"size-medium wp-image-525 alignleft\" src=\"https:\/\/wp.ufpel.edu.br\/nemplus\/files\/2021\/09\/01-Topo-Facebook-sem-inscricoes-400x150.png\" alt=\"\" width=\"400\" height=\"150\" srcset=\"https:\/\/wp.ufpel.edu.br\/nemplus\/files\/2021\/09\/01-Topo-Facebook-sem-inscricoes-400x150.png 400w, https:\/\/wp.ufpel.edu.br\/nemplus\/files\/2021\/09\/01-Topo-Facebook-sem-inscricoes-1024x384.png 1024w, https:\/\/wp.ufpel.edu.br\/nemplus\/files\/2021\/09\/01-Topo-Facebook-sem-inscricoes-768x288.png 768w, https:\/\/wp.ufpel.edu.br\/nemplus\/files\/2021\/09\/01-Topo-Facebook-sem-inscricoes.png 1200w\" sizes=\"(max-width: 400px) 100vw, 400px\" \/><\/span><\/p>\n<p><span style=\"font-weight: 400\">O <\/span><b>\u201cXI Semin\u00e1rio Internacional de Mem\u00f3ria e Patrim\u00f4nio\u201d<\/b><span style=\"font-weight: 400\"> ocorrer\u00e1 entre os dias 26 a 29 de outubro de 2021 e ter\u00e1 como eixo gerador a discuss\u00e3o da <strong>Mem\u00f3ria e do Patrim\u00f4nio em tempos de pandemia.\u00a0<\/strong><\/span><\/p>\n<p>Informa\u00e7\u00f5es sobre o evento ser\u00e3o divulgadas a partir de 02\/08\/2021 atrav\u00e9s do site do evento: <a href=\"https:\/\/eventos.congresse.me\/xi-simp\">https:\/\/eventos.congresse.me\/xi-simp<\/a><\/p>\n","protected":false},"excerpt":{"rendered":"<p>O \u201cXI Semin\u00e1rio Internacional de Mem\u00f3ria e Patrim\u00f4nio\u201d ocorrer\u00e1 entre os dias 26 a 29 de outubro de 2021 e ter\u00e1 como eixo gerador a discuss\u00e3o da Mem\u00f3ria e do Patrim\u00f4nio em tempos de pandemia.\u00a0 Informa\u00e7\u00f5es sobre o evento ser\u00e3o divulgadas a partir de 02\/08\/2021 atrav\u00e9s do site do evento: https:\/\/eventos.congresse.me\/xi-simp<\/p>\n","protected":false},"author":700,"featured_media":0,"parent":505,"menu_order":0,"comment_status":"closed","ping_status":"closed","template":"","meta":{"footnotes":""},"class_list":["post-502","page","type-page","status-publish","hentry"],"_links":{"self":[{"href":"https:\/\/wp.ufpel.edu.br\/nemplus\/wp-json\/wp\/v2\/pages\/502","targetHints":{"allow":["GET"]}}],"collection":[{"href":"https:\/\/wp.ufpel.edu.br\/nemplus\/wp-json\/wp\/v2\/pages"}],"about":[{"href":"https:\/\/wp.ufpel.edu.br\/nemplus\/wp-json\/wp\/v2\/types\/page"}],"author":[{"embeddable":true,"href":"https:\/\/wp.ufpel.edu.br\/nemplus\/wp-json\/wp\/v2\/users\/700"}],"replies":[{"embeddable":true,"href":"https:\/\/wp.ufpel.edu.br\/nemplus\/wp-json\/wp\/v2\/comments?post=502"}],"version-history":[{"count":7,"href":"https:\/\/wp.ufpel.edu.br\/nemplus\/wp-json\/wp\/v2\/pages\/502\/revisions"}],"predecessor-version":[{"id":526,"href":"https:\/\/wp.ufpel.edu.br\/nemplus\/wp-json\/wp\/v2\/pages\/502\/revisions\/526"}],"up":[{"embeddable":true,"href":"https:\/\/wp.ufpel.edu.br\/nemplus\/wp-json\/wp\/v2\/pages\/505"}],"wp:attachment":[{"href":"https:\/\/wp.ufpel.edu.br\/nemplus\/wp-json\/wp\/v2\/media?parent=502"}],"curies":[{"name":"wp","href":"https:\/\/api.w.org\/{rel}","templated":true}]}}