{"id":34,"date":"2020-05-11T13:21:09","date_gmt":"2020-05-11T16:21:09","guid":{"rendered":"https:\/\/wp.ufpel.edu.br\/nemplus\/?page_id=34"},"modified":"2024-06-04T17:47:32","modified_gmt":"2024-06-04T20:47:32","slug":"atividades-e-eventos-anteriores","status":"publish","type":"page","link":"https:\/\/wp.ufpel.edu.br\/nemplus\/atividades-e-eventos-anteriores\/","title":{"rendered":"Atividades e eventos anteriores (NEMPLuS)"},"content":{"rendered":"<h3>Ano 2022:<\/h3>\n<p>ENCONTRO REMARCADO PARA DIA 31 DE AGOSTO \u00c0S 9am (BR).<\/p>\n<p><span style=\"font-family: georgia, palatino, serif;\">Divulga\u00e7\u00e3o de Palestra: <em>&#8220;<strong>Post-Yugoslav Reflections on Music, Politics, and War: What Have We Learned?<\/strong>&#8220;<\/em> (Reflex\u00f5es p\u00f3s-jugoslavas sobre m\u00fasica, pol\u00edtica e guerra: O que temos aprendido). Palestra\u00a0virtual (em ingl\u00eas) com\u00a0<strong>Dr. Svanibor Pettan<\/strong> (Eslov\u00eania).<\/span><\/p>\n<p><span style=\"font-family: georgia, palatino, serif;\"><a href=\"https:\/\/www.ff.uni-lj.si\/en\/staff\/svanibor-hubert-pettan\" data-saferedirecturl=\"https:\/\/www.google.com\/url?q=https:\/\/www.ff.uni-lj.si\/en\/staff\/svanibor-hubert-pettan&amp;source=gmail&amp;ust=1654436538058000&amp;usg=AOvVaw1Y3ikQ-ZjvdCUoxPXCRFu6\">Dr. Svanibor Pettan<\/a>\u00a0\u00e9 atual diretor do\u00a0<a href=\"http:\/\/ictmusic.org\/\" data-saferedirecturl=\"https:\/\/www.google.com\/url?q=http:\/\/ictmusic.org\/&amp;source=gmail&amp;ust=1654436538058000&amp;usg=AOvVaw0he5Lht87yu0tZJtqPhngp\">International Council for Traditional Music<\/a>\u00a0(Conselho Internacional para a M\u00fasica Tradicional) organiza\u00e7\u00e3o que tem status consultivo como a UNESCO, e \u00e9 professor de etnomusicologia da Universidade de Ljubljana (Eslov\u00eania). Pettan tem pesquisado e publicado sobre m\u00fasica e conflito.<\/span><\/p>\n<p><span style=\"font-family: georgia, palatino, serif;\">Acontecer\u00e1 na<strong> quinta-feira, 09 de junho \u00e0s 09:00 horas (BR), <\/strong>PPGMP-UFPel, ICH Campus II, Sala 310, R. Almirante Barroso, 1.202, Pelotas &#8211; RS<\/span><\/p>\n<p style=\"font-weight: 400;\"><span style=\"font-family: georgia, palatino, serif;\"><strong>O link para as participar nas palestras remotamente \u00e9:\u00a0<\/strong><a href=\"https:\/\/webconf.ufpel.edu.br\/b\/dan-p5p-qcz-4ma\" data-saferedirecturl=\"https:\/\/www.google.com\/url?q=https:\/\/webconf.ufpel.edu.br\/b\/dan-p5p-qcz-4ma&amp;source=gmail&amp;ust=1654436538058000&amp;usg=AOvVaw15GspAjhmCJdnqpsgXcO9h\">https:\/\/webconf.ufpel.edu.br\/b\/dan-p5p-qcz-4ma<\/a><\/span><\/p>\n<p>Este evento pertence ao <strong>Ciclo Internacional de Palestras Mem\u00f3ria e Patrim\u00f4nio<\/strong>.<\/p>\n<p>Uma realiza\u00e7\u00e3o d0 Programa de P\u00f3s-Gradua\u00e7\u00e3o em Mem\u00f3ria Social e Patrim\u00f4nio Cultural (em parceria com LabCom Caf\u00e9 e do LabCom da Faculdade de Arquitetura e Urbanismo) da UFPel, com um ciclo de palestras\u00a0 de acad\u00eamicos internacionais da Eslov\u00eania, M\u00e9xico, Argentina e dos EUA, a realizar-se em junho, julho e agosto de 2022.<\/p>\n<p>Os palestrantes (em modo virtual e presencial) apresentar\u00e3o sobre t\u00f3picos como: M\u00fasica e Conflito, Cultura e<br \/>\nUrbanismo, M\u00fasica Tradicional Argentina, Restauro, e Rituais Festivos no Contexto Transatl\u00e2ntico.<\/p>\n<p>Se emitir\u00e3o certificados de participa\u00e7\u00e3o. Mais informa\u00e7\u00f5es: <a href=\"https:\/\/wp.ufpel.edu.br\/ppgmp\/eventos\/\">https:\/\/wp.ufpel.edu.br\/ppgmp\/eventos\/<\/a> ou por e-mail<br \/>\n<a href=\"mailto:memoriapatrimonio@ufpel.edu.br\">memoriapatrimonio@ufpel.edu.br<\/a><\/p>\n<p>A programa\u00e7\u00e3o completa:<\/p>\n<p><img class=\"alignnone size-full wp-image-635\" src=\"https:\/\/wp.ufpel.edu.br\/nemplus\/files\/2022\/06\/Cartaz-Ciclo-scaled.jpg\" alt=\"\" width=\"1810\" height=\"2560\" srcset=\"https:\/\/wp.ufpel.edu.br\/nemplus\/files\/2022\/06\/Cartaz-Ciclo-scaled.jpg 1810w, https:\/\/wp.ufpel.edu.br\/nemplus\/files\/2022\/06\/Cartaz-Ciclo-283x400.jpg 283w, https:\/\/wp.ufpel.edu.br\/nemplus\/files\/2022\/06\/Cartaz-Ciclo-724x1024.jpg 724w, https:\/\/wp.ufpel.edu.br\/nemplus\/files\/2022\/06\/Cartaz-Ciclo-768x1086.jpg 768w, https:\/\/wp.ufpel.edu.br\/nemplus\/files\/2022\/06\/Cartaz-Ciclo-1086x1536.jpg 1086w, https:\/\/wp.ufpel.edu.br\/nemplus\/files\/2022\/06\/Cartaz-Ciclo-1448x2048.jpg 1448w\" sizes=\"(max-width: 1810px) 100vw, 1810px\" \/><\/p>\n<h3>Ano\u00a0 2020:<\/h3>\n<h4>P\u00f3s-doutorando Darlan De M. Marchi palestra no Museu Nacional Resist\u00eancia e Liberdade &#8211; Peniche\/Portugal<\/h4>\n<p><img class=\"alignnone size-medium wp-image-70\" src=\"https:\/\/wp.ufpel.edu.br\/nemplus\/files\/2020\/05\/Divulga\u00e7\u00e3o-revisado-400x300.png\" alt=\"\" width=\"400\" height=\"300\" srcset=\"https:\/\/wp.ufpel.edu.br\/nemplus\/files\/2020\/05\/Divulga\u00e7\u00e3o-revisado-400x300.png 400w, https:\/\/wp.ufpel.edu.br\/nemplus\/files\/2020\/05\/Divulga\u00e7\u00e3o-revisado-1024x768.png 1024w, https:\/\/wp.ufpel.edu.br\/nemplus\/files\/2020\/05\/Divulga\u00e7\u00e3o-revisado-768x576.png 768w, https:\/\/wp.ufpel.edu.br\/nemplus\/files\/2020\/05\/Divulga\u00e7\u00e3o-revisado-1536x1152.png 1536w, https:\/\/wp.ufpel.edu.br\/nemplus\/files\/2020\/05\/Divulga\u00e7\u00e3o-revisado-2048x1536.png 2048w\" sizes=\"(max-width: 400px) 100vw, 400px\" \/><\/p>\n<p><img class=\"alignnone size-medium wp-image-71\" src=\"https:\/\/wp.ufpel.edu.br\/nemplus\/files\/2020\/05\/88056045_1084972911857898_4080736367384985600_o-400x266.jpg\" alt=\"\" width=\"400\" height=\"266\" srcset=\"https:\/\/wp.ufpel.edu.br\/nemplus\/files\/2020\/05\/88056045_1084972911857898_4080736367384985600_o-400x266.jpg 400w, https:\/\/wp.ufpel.edu.br\/nemplus\/files\/2020\/05\/88056045_1084972911857898_4080736367384985600_o-1024x682.jpg 1024w, https:\/\/wp.ufpel.edu.br\/nemplus\/files\/2020\/05\/88056045_1084972911857898_4080736367384985600_o-768x512.jpg 768w, https:\/\/wp.ufpel.edu.br\/nemplus\/files\/2020\/05\/88056045_1084972911857898_4080736367384985600_o-1536x1023.jpg 1536w, https:\/\/wp.ufpel.edu.br\/nemplus\/files\/2020\/05\/88056045_1084972911857898_4080736367384985600_o.jpg 2048w\" sizes=\"(max-width: 400px) 100vw, 400px\" \/> <img class=\"alignnone size-medium wp-image-72\" src=\"https:\/\/wp.ufpel.edu.br\/nemplus\/files\/2020\/05\/88139725_1084972881857901_5845524784200286208_o-400x267.jpg\" alt=\"\" width=\"400\" height=\"267\" srcset=\"https:\/\/wp.ufpel.edu.br\/nemplus\/files\/2020\/05\/88139725_1084972881857901_5845524784200286208_o-400x267.jpg 400w, https:\/\/wp.ufpel.edu.br\/nemplus\/files\/2020\/05\/88139725_1084972881857901_5845524784200286208_o-1024x683.jpg 1024w, https:\/\/wp.ufpel.edu.br\/nemplus\/files\/2020\/05\/88139725_1084972881857901_5845524784200286208_o-768x512.jpg 768w, https:\/\/wp.ufpel.edu.br\/nemplus\/files\/2020\/05\/88139725_1084972881857901_5845524784200286208_o-1536x1024.jpg 1536w, https:\/\/wp.ufpel.edu.br\/nemplus\/files\/2020\/05\/88139725_1084972881857901_5845524784200286208_o.jpg 2048w\" sizes=\"(max-width: 400px) 100vw, 400px\" \/><\/p>\n<pre>Fotos MNRL Peniche<\/pre>\n<p>Divulga\u00e7\u00e3o da p\u00e1gina do evento: http:\/\/www.museunacionalresistencialiberdade-peniche.gov.pt\/pt\/agenda\/palestra-por-darlan-de-m-marchi\/<\/p>\n<h3><\/h3>\n<h3>Ano 2019:<\/h3>\n<h4><strong>Curso: INTRODUCCI\u00d3N A LA VIRTUALIZACI\u00d3N DE PATRIMONIO<\/strong> &#8211; Nuevas Tecnolog\u00edas para su gesti\u00f3n y difusi\u00f3n, com o arquiteto uruguaio Daniel Thul.<\/h4>\n<p><img class=\"alignnone size-medium wp-image-46\" src=\"https:\/\/wp.ufpel.edu.br\/nemplus\/files\/2020\/05\/Daniel-minicurso-400x283.jpg\" alt=\"\" width=\"400\" height=\"283\" srcset=\"https:\/\/wp.ufpel.edu.br\/nemplus\/files\/2020\/05\/Daniel-minicurso-400x283.jpg 400w, https:\/\/wp.ufpel.edu.br\/nemplus\/files\/2020\/05\/Daniel-minicurso-768x542.jpg 768w, https:\/\/wp.ufpel.edu.br\/nemplus\/files\/2020\/05\/Daniel-minicurso.jpg 960w\" sizes=\"(max-width: 400px) 100vw, 400px\" \/><\/p>\n<p><img class=\"alignnone size-medium wp-image-47\" src=\"https:\/\/wp.ufpel.edu.br\/nemplus\/files\/2020\/05\/79315931_647805952418061_3568794373283905536_n-400x300.jpg\" alt=\"\" width=\"400\" height=\"300\" srcset=\"https:\/\/wp.ufpel.edu.br\/nemplus\/files\/2020\/05\/79315931_647805952418061_3568794373283905536_n-400x300.jpg 400w, https:\/\/wp.ufpel.edu.br\/nemplus\/files\/2020\/05\/79315931_647805952418061_3568794373283905536_n-768x576.jpg 768w, https:\/\/wp.ufpel.edu.br\/nemplus\/files\/2020\/05\/79315931_647805952418061_3568794373283905536_n.jpg 960w\" sizes=\"(max-width: 400px) 100vw, 400px\" \/> <img class=\"alignnone size-medium wp-image-48\" src=\"https:\/\/wp.ufpel.edu.br\/nemplus\/files\/2020\/05\/78159903_648925712306085_4036324507168800768_n-1-400x300.jpg\" alt=\"\" width=\"400\" height=\"300\" srcset=\"https:\/\/wp.ufpel.edu.br\/nemplus\/files\/2020\/05\/78159903_648925712306085_4036324507168800768_n-1-400x300.jpg 400w, https:\/\/wp.ufpel.edu.br\/nemplus\/files\/2020\/05\/78159903_648925712306085_4036324507168800768_n-1-768x576.jpg 768w, https:\/\/wp.ufpel.edu.br\/nemplus\/files\/2020\/05\/78159903_648925712306085_4036324507168800768_n-1.jpg 960w\" sizes=\"(max-width: 400px) 100vw, 400px\" \/> <img class=\"alignnone size-medium wp-image-50\" src=\"https:\/\/wp.ufpel.edu.br\/nemplus\/files\/2020\/05\/78529643_647806059084717_4528829424908369920_n-400x300.jpg\" alt=\"\" width=\"400\" height=\"300\" srcset=\"https:\/\/wp.ufpel.edu.br\/nemplus\/files\/2020\/05\/78529643_647806059084717_4528829424908369920_n-400x300.jpg 400w, https:\/\/wp.ufpel.edu.br\/nemplus\/files\/2020\/05\/78529643_647806059084717_4528829424908369920_n-768x576.jpg 768w, https:\/\/wp.ufpel.edu.br\/nemplus\/files\/2020\/05\/78529643_647806059084717_4528829424908369920_n.jpg 960w\" sizes=\"(max-width: 400px) 100vw, 400px\" \/><\/p>\n<pre>Fotos Darlan Marchi<\/pre>\n<p>V\u00eddeo do trabalho de recosntru\u00e7\u00e3o virtual da Isla de Flores do Professor Daniel Thul: https:\/\/www.youtube.com\/watch?v=ivKxVOVdEh8<\/p>\n<h4>Professora Maria Leticia Mazzucchi Ferreira realiza Confer\u00eancia de abertura do IV Congresso Transdisciplinaridade na\u00a0Universidade Estadual do Estado do Amazonas<\/h4>\n<p><img class=\"alignnone size-medium wp-image-92\" src=\"https:\/\/wp.ufpel.edu.br\/nemplus\/files\/2020\/06\/mANAUS-lETICIA-400x195.jpg\" alt=\"\" width=\"400\" height=\"195\" srcset=\"https:\/\/wp.ufpel.edu.br\/nemplus\/files\/2020\/06\/mANAUS-lETICIA-400x195.jpg 400w, https:\/\/wp.ufpel.edu.br\/nemplus\/files\/2020\/06\/mANAUS-lETICIA-1024x498.jpg 1024w, https:\/\/wp.ufpel.edu.br\/nemplus\/files\/2020\/06\/mANAUS-lETICIA-768x374.jpg 768w, https:\/\/wp.ufpel.edu.br\/nemplus\/files\/2020\/06\/mANAUS-lETICIA.jpg 1110w\" sizes=\"(max-width: 400px) 100vw, 400px\" \/><\/p>\n<pre>Foto de divulga\u00e7\u00e3o. Setembro de 2019<\/pre>\n<h4>Professora Maria Leticia Mazzucchi Ferreira participa de mesa redonda sobre museus e democracia no Col\u00f3quio do CELAT, Museu da Civiliza\u00e7\u00e3o\/ Universidade de Laval, Quebec &#8211; Canad\u00e1<\/h4>\n<p><img class=\"alignnone size-medium wp-image-90\" src=\"https:\/\/wp.ufpel.edu.br\/nemplus\/files\/2020\/06\/Leticia-evento-357x400.jpg\" alt=\"\" width=\"357\" height=\"400\" srcset=\"https:\/\/wp.ufpel.edu.br\/nemplus\/files\/2020\/06\/Leticia-evento-357x400.jpg 357w, https:\/\/wp.ufpel.edu.br\/nemplus\/files\/2020\/06\/Leticia-evento-914x1024.jpg 914w, https:\/\/wp.ufpel.edu.br\/nemplus\/files\/2020\/06\/Leticia-evento-768x860.jpg 768w, https:\/\/wp.ufpel.edu.br\/nemplus\/files\/2020\/06\/Leticia-evento-1371x1536.jpg 1371w, https:\/\/wp.ufpel.edu.br\/nemplus\/files\/2020\/06\/Leticia-evento-1828x2048.jpg 1828w, https:\/\/wp.ufpel.edu.br\/nemplus\/files\/2020\/06\/Leticia-evento.jpg 1915w\" sizes=\"(max-width: 357px) 100vw, 357px\" \/><\/p>\n<pre>Foto divulga\u00e7\u00e3o CELAT -\u00a0junho de 2019<\/pre>\n<h4>9\u00ba Simp\u00f3sio Internacional Mem\u00f3ria e Patrim\u00f4nio, com o tema \u201cMem\u00f3rias Dif\u00edceis\u201d.<\/h4>\n<h3><img class=\"alignnone size-medium wp-image-45\" src=\"https:\/\/wp.ufpel.edu.br\/nemplus\/files\/2020\/05\/simp-365x400.jpg\" alt=\"\" width=\"365\" height=\"400\" srcset=\"https:\/\/wp.ufpel.edu.br\/nemplus\/files\/2020\/05\/simp-365x400.jpg 365w, https:\/\/wp.ufpel.edu.br\/nemplus\/files\/2020\/05\/simp-768x841.jpg 768w, https:\/\/wp.ufpel.edu.br\/nemplus\/files\/2020\/05\/simp.jpg 877w\" sizes=\"(max-width: 365px) 100vw, 365px\" \/><\/h3>\n<p><img class=\"alignnone size-medium wp-image-51\" src=\"https:\/\/wp.ufpel.edu.br\/nemplus\/files\/2020\/05\/60341538_521111771754147_7694184076831358976_o-400x265.jpg\" alt=\"\" width=\"400\" height=\"265\" srcset=\"https:\/\/wp.ufpel.edu.br\/nemplus\/files\/2020\/05\/60341538_521111771754147_7694184076831358976_o-400x265.jpg 400w, https:\/\/wp.ufpel.edu.br\/nemplus\/files\/2020\/05\/60341538_521111771754147_7694184076831358976_o-768x510.jpg 768w, https:\/\/wp.ufpel.edu.br\/nemplus\/files\/2020\/05\/60341538_521111771754147_7694184076831358976_o.jpg 960w\" sizes=\"(max-width: 400px) 100vw, 400px\" \/> <img class=\"alignnone size-medium wp-image-52\" src=\"https:\/\/wp.ufpel.edu.br\/nemplus\/files\/2020\/05\/60624859_521112751754049_8261483934475354112_o-400x265.jpg\" alt=\"\" width=\"400\" height=\"265\" srcset=\"https:\/\/wp.ufpel.edu.br\/nemplus\/files\/2020\/05\/60624859_521112751754049_8261483934475354112_o-400x265.jpg 400w, https:\/\/wp.ufpel.edu.br\/nemplus\/files\/2020\/05\/60624859_521112751754049_8261483934475354112_o-768x510.jpg 768w, https:\/\/wp.ufpel.edu.br\/nemplus\/files\/2020\/05\/60624859_521112751754049_8261483934475354112_o.jpg 960w\" sizes=\"(max-width: 400px) 100vw, 400px\" \/> <img class=\"alignnone size-medium wp-image-53\" src=\"https:\/\/wp.ufpel.edu.br\/nemplus\/files\/2020\/05\/60687047_521116058420385_469357582339801088_o-400x265.jpg\" alt=\"\" width=\"400\" height=\"265\" srcset=\"https:\/\/wp.ufpel.edu.br\/nemplus\/files\/2020\/05\/60687047_521116058420385_469357582339801088_o-400x265.jpg 400w, https:\/\/wp.ufpel.edu.br\/nemplus\/files\/2020\/05\/60687047_521116058420385_469357582339801088_o-768x510.jpg 768w, https:\/\/wp.ufpel.edu.br\/nemplus\/files\/2020\/05\/60687047_521116058420385_469357582339801088_o.jpg 960w\" sizes=\"(max-width: 400px) 100vw, 400px\" \/> \u00a0<img class=\"alignnone size-medium wp-image-55\" src=\"https:\/\/wp.ufpel.edu.br\/nemplus\/files\/2020\/05\/60709763_521115301753794_5356571593961111552_o-400x265.jpg\" alt=\"\" width=\"400\" height=\"265\" srcset=\"https:\/\/wp.ufpel.edu.br\/nemplus\/files\/2020\/05\/60709763_521115301753794_5356571593961111552_o-400x265.jpg 400w, https:\/\/wp.ufpel.edu.br\/nemplus\/files\/2020\/05\/60709763_521115301753794_5356571593961111552_o-768x510.jpg 768w, https:\/\/wp.ufpel.edu.br\/nemplus\/files\/2020\/05\/60709763_521115301753794_5356571593961111552_o.jpg 960w\" sizes=\"(max-width: 400px) 100vw, 400px\" \/><img class=\"alignnone size-medium wp-image-56\" src=\"https:\/\/wp.ufpel.edu.br\/nemplus\/files\/2020\/05\/60797330_521114511753873_6452346157807960064_o-400x265.jpg\" alt=\"\" width=\"400\" height=\"265\" srcset=\"https:\/\/wp.ufpel.edu.br\/nemplus\/files\/2020\/05\/60797330_521114511753873_6452346157807960064_o-400x265.jpg 400w, https:\/\/wp.ufpel.edu.br\/nemplus\/files\/2020\/05\/60797330_521114511753873_6452346157807960064_o-768x510.jpg 768w, https:\/\/wp.ufpel.edu.br\/nemplus\/files\/2020\/05\/60797330_521114511753873_6452346157807960064_o.jpg 960w\" sizes=\"(max-width: 400px) 100vw, 400px\" \/> <img class=\"alignnone size-medium wp-image-57\" src=\"https:\/\/wp.ufpel.edu.br\/nemplus\/files\/2020\/05\/60805497_521115995087058_4301082470436044800_o-400x265.jpg\" alt=\"\" width=\"400\" height=\"265\" srcset=\"https:\/\/wp.ufpel.edu.br\/nemplus\/files\/2020\/05\/60805497_521115995087058_4301082470436044800_o-400x265.jpg 400w, https:\/\/wp.ufpel.edu.br\/nemplus\/files\/2020\/05\/60805497_521115995087058_4301082470436044800_o-768x510.jpg 768w, https:\/\/wp.ufpel.edu.br\/nemplus\/files\/2020\/05\/60805497_521115995087058_4301082470436044800_o.jpg 960w\" sizes=\"(max-width: 400px) 100vw, 400px\" \/>\u00a0<img class=\"alignnone size-medium wp-image-59\" src=\"https:\/\/wp.ufpel.edu.br\/nemplus\/files\/2020\/05\/60864676_521116025087055_4128472592417816576_o-400x265.jpg\" alt=\"\" width=\"400\" height=\"265\" srcset=\"https:\/\/wp.ufpel.edu.br\/nemplus\/files\/2020\/05\/60864676_521116025087055_4128472592417816576_o-400x265.jpg 400w, https:\/\/wp.ufpel.edu.br\/nemplus\/files\/2020\/05\/60864676_521116025087055_4128472592417816576_o-768x510.jpg 768w, https:\/\/wp.ufpel.edu.br\/nemplus\/files\/2020\/05\/60864676_521116025087055_4128472592417816576_o.jpg 960w\" sizes=\"(max-width: 400px) 100vw, 400px\" \/><img class=\"alignnone size-medium wp-image-62\" src=\"https:\/\/wp.ufpel.edu.br\/nemplus\/files\/2020\/05\/60915484_521113818420609_3701147591556202496_o-400x265.jpg\" alt=\"\" width=\"400\" height=\"265\" srcset=\"https:\/\/wp.ufpel.edu.br\/nemplus\/files\/2020\/05\/60915484_521113818420609_3701147591556202496_o-400x265.jpg 400w, https:\/\/wp.ufpel.edu.br\/nemplus\/files\/2020\/05\/60915484_521113818420609_3701147591556202496_o-768x510.jpg 768w, https:\/\/wp.ufpel.edu.br\/nemplus\/files\/2020\/05\/60915484_521113818420609_3701147591556202496_o.jpg 960w\" sizes=\"(max-width: 400px) 100vw, 400px\" \/><img class=\"alignnone size-medium wp-image-60\" src=\"https:\/\/wp.ufpel.edu.br\/nemplus\/files\/2020\/05\/60870439_521113838420607_7519244973624000512_o-400x265.jpg\" alt=\"\" width=\"400\" height=\"265\" srcset=\"https:\/\/wp.ufpel.edu.br\/nemplus\/files\/2020\/05\/60870439_521113838420607_7519244973624000512_o-400x265.jpg 400w, https:\/\/wp.ufpel.edu.br\/nemplus\/files\/2020\/05\/60870439_521113838420607_7519244973624000512_o-768x510.jpg 768w, https:\/\/wp.ufpel.edu.br\/nemplus\/files\/2020\/05\/60870439_521113838420607_7519244973624000512_o.jpg 960w\" sizes=\"(max-width: 400px) 100vw, 400px\" \/><img class=\"alignnone size-medium wp-image-61\" src=\"https:\/\/wp.ufpel.edu.br\/nemplus\/files\/2020\/05\/60875333_521115285087129_5366675719273316352_o-400x265.jpg\" alt=\"\" width=\"400\" height=\"265\" srcset=\"https:\/\/wp.ufpel.edu.br\/nemplus\/files\/2020\/05\/60875333_521115285087129_5366675719273316352_o-400x265.jpg 400w, https:\/\/wp.ufpel.edu.br\/nemplus\/files\/2020\/05\/60875333_521115285087129_5366675719273316352_o-768x510.jpg 768w, https:\/\/wp.ufpel.edu.br\/nemplus\/files\/2020\/05\/60875333_521115285087129_5366675719273316352_o.jpg 960w\" sizes=\"(max-width: 400px) 100vw, 400px\" \/> <img class=\"alignnone size-medium wp-image-58\" src=\"https:\/\/wp.ufpel.edu.br\/nemplus\/files\/2020\/05\/60842607_521116588420332_2992425138143625216_o-400x265.jpg\" alt=\"\" width=\"400\" height=\"265\" srcset=\"https:\/\/wp.ufpel.edu.br\/nemplus\/files\/2020\/05\/60842607_521116588420332_2992425138143625216_o-400x265.jpg 400w, https:\/\/wp.ufpel.edu.br\/nemplus\/files\/2020\/05\/60842607_521116588420332_2992425138143625216_o-768x510.jpg 768w, https:\/\/wp.ufpel.edu.br\/nemplus\/files\/2020\/05\/60842607_521116588420332_2992425138143625216_o.jpg 960w\" sizes=\"(max-width: 400px) 100vw, 400px\" \/><img class=\"alignnone size-medium wp-image-54\" src=\"https:\/\/wp.ufpel.edu.br\/nemplus\/files\/2020\/05\/60706378_521116608420330_224189896917516288_o-400x265.jpg\" alt=\"\" width=\"400\" height=\"265\" srcset=\"https:\/\/wp.ufpel.edu.br\/nemplus\/files\/2020\/05\/60706378_521116608420330_224189896917516288_o-400x265.jpg 400w, https:\/\/wp.ufpel.edu.br\/nemplus\/files\/2020\/05\/60706378_521116608420330_224189896917516288_o-768x510.jpg 768w, https:\/\/wp.ufpel.edu.br\/nemplus\/files\/2020\/05\/60706378_521116608420330_224189896917516288_o.jpg 960w\" sizes=\"(max-width: 400px) 100vw, 400px\" \/><img class=\"alignnone size-medium wp-image-63\" src=\"https:\/\/wp.ufpel.edu.br\/nemplus\/files\/2020\/05\/60963010_521113438420647_1660342598952288256_o-400x265.jpg\" alt=\"\" width=\"400\" height=\"265\" srcset=\"https:\/\/wp.ufpel.edu.br\/nemplus\/files\/2020\/05\/60963010_521113438420647_1660342598952288256_o-400x265.jpg 400w, https:\/\/wp.ufpel.edu.br\/nemplus\/files\/2020\/05\/60963010_521113438420647_1660342598952288256_o-768x510.jpg 768w, https:\/\/wp.ufpel.edu.br\/nemplus\/files\/2020\/05\/60963010_521113438420647_1660342598952288256_o.jpg 960w\" sizes=\"(max-width: 400px) 100vw, 400px\" \/> <img class=\"alignnone size-medium wp-image-64\" src=\"https:\/\/wp.ufpel.edu.br\/nemplus\/files\/2020\/05\/60966014_521113421753982_85326513246830592_o-400x265.jpg\" alt=\"\" width=\"400\" height=\"265\" srcset=\"https:\/\/wp.ufpel.edu.br\/nemplus\/files\/2020\/05\/60966014_521113421753982_85326513246830592_o-400x265.jpg 400w, https:\/\/wp.ufpel.edu.br\/nemplus\/files\/2020\/05\/60966014_521113421753982_85326513246830592_o-768x510.jpg 768w, https:\/\/wp.ufpel.edu.br\/nemplus\/files\/2020\/05\/60966014_521113421753982_85326513246830592_o.jpg 960w\" sizes=\"(max-width: 400px) 100vw, 400px\" \/> <img class=\"alignnone size-medium wp-image-65\" src=\"https:\/\/wp.ufpel.edu.br\/nemplus\/files\/2020\/05\/60986189_521116425087015_6150367483967569920_o-400x265.jpg\" alt=\"\" width=\"400\" height=\"265\" srcset=\"https:\/\/wp.ufpel.edu.br\/nemplus\/files\/2020\/05\/60986189_521116425087015_6150367483967569920_o-400x265.jpg 400w, https:\/\/wp.ufpel.edu.br\/nemplus\/files\/2020\/05\/60986189_521116425087015_6150367483967569920_o-768x510.jpg 768w, https:\/\/wp.ufpel.edu.br\/nemplus\/files\/2020\/05\/60986189_521116425087015_6150367483967569920_o.jpg 960w\" sizes=\"(max-width: 400px) 100vw, 400px\" \/> <img class=\"alignnone size-medium wp-image-66\" src=\"https:\/\/wp.ufpel.edu.br\/nemplus\/files\/2020\/05\/61164170_521112781754046_4860026851457761280_o-400x265.jpg\" alt=\"\" width=\"400\" height=\"265\" srcset=\"https:\/\/wp.ufpel.edu.br\/nemplus\/files\/2020\/05\/61164170_521112781754046_4860026851457761280_o-400x265.jpg 400w, https:\/\/wp.ufpel.edu.br\/nemplus\/files\/2020\/05\/61164170_521112781754046_4860026851457761280_o-768x510.jpg 768w, https:\/\/wp.ufpel.edu.br\/nemplus\/files\/2020\/05\/61164170_521112781754046_4860026851457761280_o.jpg 960w\" sizes=\"(max-width: 400px) 100vw, 400px\" \/> <img class=\"alignnone size-medium wp-image-67\" src=\"https:\/\/wp.ufpel.edu.br\/nemplus\/files\/2020\/05\/61177079_521114451753879_1519167711127535616_o-400x265.jpg\" alt=\"\" width=\"400\" height=\"265\" srcset=\"https:\/\/wp.ufpel.edu.br\/nemplus\/files\/2020\/05\/61177079_521114451753879_1519167711127535616_o-400x265.jpg 400w, https:\/\/wp.ufpel.edu.br\/nemplus\/files\/2020\/05\/61177079_521114451753879_1519167711127535616_o-768x510.jpg 768w, https:\/\/wp.ufpel.edu.br\/nemplus\/files\/2020\/05\/61177079_521114451753879_1519167711127535616_o.jpg 960w\" sizes=\"(max-width: 400px) 100vw, 400px\" \/> <img class=\"alignnone size-medium wp-image-68\" src=\"https:\/\/wp.ufpel.edu.br\/nemplus\/files\/2020\/05\/61194423_521113401753984_8907892300823134208_o-400x300.jpg\" alt=\"\" width=\"400\" height=\"300\" srcset=\"https:\/\/wp.ufpel.edu.br\/nemplus\/files\/2020\/05\/61194423_521113401753984_8907892300823134208_o-400x300.jpg 400w, https:\/\/wp.ufpel.edu.br\/nemplus\/files\/2020\/05\/61194423_521113401753984_8907892300823134208_o-768x576.jpg 768w, https:\/\/wp.ufpel.edu.br\/nemplus\/files\/2020\/05\/61194423_521113401753984_8907892300823134208_o.jpg 960w\" sizes=\"(max-width: 400px) 100vw, 400px\" \/> <img class=\"alignnone size-medium wp-image-69\" src=\"https:\/\/wp.ufpel.edu.br\/nemplus\/files\/2020\/05\/61402219_521111688420822_5902658749864083456_o-400x265.jpg\" alt=\"\" width=\"400\" height=\"265\" srcset=\"https:\/\/wp.ufpel.edu.br\/nemplus\/files\/2020\/05\/61402219_521111688420822_5902658749864083456_o-400x265.jpg 400w, https:\/\/wp.ufpel.edu.br\/nemplus\/files\/2020\/05\/61402219_521111688420822_5902658749864083456_o-768x510.jpg 768w, https:\/\/wp.ufpel.edu.br\/nemplus\/files\/2020\/05\/61402219_521111688420822_5902658749864083456_o.jpg 960w\" sizes=\"(max-width: 400px) 100vw, 400px\" \/><\/p>\n<pre>Fotos divulga\u00e7\u00e3o PPGMP<\/pre>\n<p>Site do evento: http:\/\/9simp.weebly.com\/<\/p>\n<h3>Ano 2018:<\/h3>\n<h4>Encontro aberto <strong>\u201cPol\u00edticas de mem\u00f3ria: o que se estuda? Como se estuda?\u201d, com o Prof. Dr. Carlos Artur Gallo<\/strong><\/h4>\n<p><img class=\"alignnone size-full wp-image-44\" src=\"https:\/\/wp.ufpel.edu.br\/nemplus\/files\/2020\/05\/Palestra-Carlos.jpg\" alt=\"\" width=\"283\" height=\"400\" \/><\/p>\n<h4 class=\"corTexto\">IV Col\u00f3quio Internacional Mem\u00f3ria e Patrim\u00f4nio<\/h4>\n<p><img class=\"alignnone size-full wp-image-43\" src=\"https:\/\/wp.ufpel.edu.br\/nemplus\/files\/2020\/05\/IV-Col\u00f3quio-Internacional-com-site-300x400-1.jpg\" alt=\"\" width=\"300\" height=\"400\" \/><\/p>\n<p>Site do evento: http:\/\/ivcoloquiomp.weebly.com\/<\/p>\n","protected":false},"excerpt":{"rendered":"<p>Ano 2022: ENCONTRO REMARCADO PARA DIA 31 DE AGOSTO \u00c0S 9am (BR). Divulga\u00e7\u00e3o de Palestra: &#8220;Post-Yugoslav Reflections on Music, Politics, and War: What Have We Learned?&#8220; (Reflex\u00f5es p\u00f3s-jugoslavas sobre m\u00fasica, pol\u00edtica e guerra: O que temos aprendido). Palestra\u00a0virtual (em ingl\u00eas) com\u00a0Dr. Svanibor Pettan (Eslov\u00eania). Dr. Svanibor Pettan\u00a0\u00e9 atual diretor do\u00a0International Council for Traditional Music\u00a0(Conselho Internacional [&hellip;]<\/p>\n","protected":false},"author":700,"featured_media":0,"parent":0,"menu_order":5,"comment_status":"closed","ping_status":"closed","template":"","meta":{"footnotes":""},"class_list":["post-34","page","type-page","status-publish","hentry"],"_links":{"self":[{"href":"https:\/\/wp.ufpel.edu.br\/nemplus\/wp-json\/wp\/v2\/pages\/34","targetHints":{"allow":["GET"]}}],"collection":[{"href":"https:\/\/wp.ufpel.edu.br\/nemplus\/wp-json\/wp\/v2\/pages"}],"about":[{"href":"https:\/\/wp.ufpel.edu.br\/nemplus\/wp-json\/wp\/v2\/types\/page"}],"author":[{"embeddable":true,"href":"https:\/\/wp.ufpel.edu.br\/nemplus\/wp-json\/wp\/v2\/users\/700"}],"replies":[{"embeddable":true,"href":"https:\/\/wp.ufpel.edu.br\/nemplus\/wp-json\/wp\/v2\/comments?post=34"}],"version-history":[{"count":8,"href":"https:\/\/wp.ufpel.edu.br\/nemplus\/wp-json\/wp\/v2\/pages\/34\/revisions"}],"predecessor-version":[{"id":827,"href":"https:\/\/wp.ufpel.edu.br\/nemplus\/wp-json\/wp\/v2\/pages\/34\/revisions\/827"}],"wp:attachment":[{"href":"https:\/\/wp.ufpel.edu.br\/nemplus\/wp-json\/wp\/v2\/media?parent=34"}],"curies":[{"name":"wp","href":"https:\/\/api.w.org\/{rel}","templated":true}]}}