{"id":27,"date":"2020-05-10T23:40:32","date_gmt":"2020-05-11T02:40:32","guid":{"rendered":"https:\/\/wp.ufpel.edu.br\/nemplus\/?page_id=27"},"modified":"2020-07-09T21:55:45","modified_gmt":"2020-07-10T00:55:45","slug":"links-e-paginas-uteis","status":"publish","type":"page","link":"https:\/\/wp.ufpel.edu.br\/nemplus\/links-e-paginas-uteis\/","title":{"rendered":"Links de interesse"},"content":{"rendered":"<p style=\"text-align: justify\"><a href=\"https:\/\/www.sitesofconscience.org\/pt\/inicio-2\/\">International Coalition of Sites of Conscience<\/a><\/p>\n<p style=\"text-align: justify\"><a href=\"http:\/\/memoriaabierta.org.ar\/wp\/en\/inicio\/\">Memoria Abierta<\/a><\/p>\n<p class=\"center\" style=\"text-align: justify\"><a href=\"https:\/\/whc.unesco.org\/en\/activities\/933\/\">Interpretation of Sites of Memory (UNESCO)<\/a><\/p>\n<p class=\"oo9gr5id m6dqt4wy hnhda86s lzcic4wl oi732d6d ik7dh3pa d2edcug0 qv66sw1b c1et5uql a8c37x1j irj2b8pg q9se6cdp h7mekvxk hzawbc8m\" style=\"text-align: justify\"><a href=\"https:\/\/www.nucleomemoria.com.br\/\">N\u00facleo Preserva\u00e7\u00e3o da Mem\u00f3ria<\/a><\/p>\n<p><a href=\"https:\/\/www.cipdh.gob.ar\/memorias-situadas\/\">#MemoriasSituadas<\/a><\/p>\n<p><a href=\"https:\/\/wp.ufpel.edu.br\/nuppome\/\">N\u00facleo de Pesquisa sobre Pol\u00edticas de Mem\u00f3ria &#8211; NUPPOME<\/a><\/p>\n<p id=\"firstHeading\" class=\"firstHeading\"><a href=\"http:\/\/sitiosdememoria.org\/pt\/quem-somos\/\">Rede Latino-Americana e do Caribe de Sitios de Mem\u00f3ria<\/a><\/p>\n<p><a href=\"https:\/\/inumeraveis.com.br\/\">INUMER\u00c1VEIS &#8211; Memorial dedicado \u00e0 hist\u00f3ria de cada uma das v\u00edtimas do coronav\u00edrus no Brasil<\/a><\/p>\n<p>&nbsp;<\/p>\n","protected":false},"excerpt":{"rendered":"<p>International Coalition of Sites of Conscience Memoria Abierta Interpretation of Sites of Memory (UNESCO) N\u00facleo Preserva\u00e7\u00e3o da Mem\u00f3ria #MemoriasSituadas N\u00facleo de Pesquisa sobre Pol\u00edticas de Mem\u00f3ria &#8211; NUPPOME Rede Latino-Americana e do Caribe de Sitios de Mem\u00f3ria INUMER\u00c1VEIS &#8211; Memorial dedicado \u00e0 hist\u00f3ria de cada uma das v\u00edtimas do coronav\u00edrus no Brasil &nbsp;<\/p>\n","protected":false},"author":700,"featured_media":0,"parent":0,"menu_order":7,"comment_status":"closed","ping_status":"closed","template":"","meta":{"footnotes":""},"class_list":["post-27","page","type-page","status-publish","hentry"],"_links":{"self":[{"href":"https:\/\/wp.ufpel.edu.br\/nemplus\/wp-json\/wp\/v2\/pages\/27","targetHints":{"allow":["GET"]}}],"collection":[{"href":"https:\/\/wp.ufpel.edu.br\/nemplus\/wp-json\/wp\/v2\/pages"}],"about":[{"href":"https:\/\/wp.ufpel.edu.br\/nemplus\/wp-json\/wp\/v2\/types\/page"}],"author":[{"embeddable":true,"href":"https:\/\/wp.ufpel.edu.br\/nemplus\/wp-json\/wp\/v2\/users\/700"}],"replies":[{"embeddable":true,"href":"https:\/\/wp.ufpel.edu.br\/nemplus\/wp-json\/wp\/v2\/comments?post=27"}],"version-history":[{"count":13,"href":"https:\/\/wp.ufpel.edu.br\/nemplus\/wp-json\/wp\/v2\/pages\/27\/revisions"}],"predecessor-version":[{"id":239,"href":"https:\/\/wp.ufpel.edu.br\/nemplus\/wp-json\/wp\/v2\/pages\/27\/revisions\/239"}],"wp:attachment":[{"href":"https:\/\/wp.ufpel.edu.br\/nemplus\/wp-json\/wp\/v2\/media?parent=27"}],"curies":[{"name":"wp","href":"https:\/\/api.w.org\/{rel}","templated":true}]}}