{"id":265,"date":"2020-08-11T18:58:08","date_gmt":"2020-08-11T21:58:08","guid":{"rendered":"https:\/\/wp.ufpel.edu.br\/nemplus\/?page_id=265"},"modified":"2020-09-26T17:24:35","modified_gmt":"2020-09-26T20:24:35","slug":"cronograma","status":"publish","type":"page","link":"https:\/\/wp.ufpel.edu.br\/nemplus\/cronograma\/","title":{"rendered":"Cronograma"},"content":{"rendered":"<p><img class=\"aligncenter wp-image-289\" src=\"https:\/\/wp.ufpel.edu.br\/nemplus\/files\/2020\/08\/Marca_SIMP_3.jpg\" alt=\"\" width=\"555\" height=\"276\" srcset=\"https:\/\/wp.ufpel.edu.br\/nemplus\/files\/2020\/08\/Marca_SIMP_3.jpg 1563w, https:\/\/wp.ufpel.edu.br\/nemplus\/files\/2020\/08\/Marca_SIMP_3-400x199.jpg 400w, https:\/\/wp.ufpel.edu.br\/nemplus\/files\/2020\/08\/Marca_SIMP_3-1024x509.jpg 1024w, https:\/\/wp.ufpel.edu.br\/nemplus\/files\/2020\/08\/Marca_SIMP_3-768x382.jpg 768w, https:\/\/wp.ufpel.edu.br\/nemplus\/files\/2020\/08\/Marca_SIMP_3-1536x764.jpg 1536w\" sizes=\"(max-width: 555px) 100vw, 555px\" \/><\/p>\n<hr \/>\n<h2><strong>Cronograma<\/strong><\/h2>\n<table style=\"border-collapse: collapse;width: 97.3485%;height: 171px\" border=\"1\">\n<tbody>\n<tr>\n<td style=\"width: 50%\">Lan\u00e7amento do site e divulga\u00e7\u00e3o nas redes<\/td>\n<td style=\"width: 50%\">21 de agosto de 2020<\/td>\n<\/tr>\n<tr>\n<td style=\"width: 50%\">Inscri\u00e7\u00f5es para trabalhos nos STs<\/td>\n<td style=\"width: 50%\">de 20 de agosto a 14 de setembro de 2020<\/td>\n<\/tr>\n<tr>\n<td style=\"width: 50%\">An\u00e1lise dos resumos e divulga\u00e7\u00e3o dos trabalhos aprovados<\/td>\n<td style=\"width: 50%\">de 15 a 25 de setembro de 2020<\/td>\n<\/tr>\n<tr>\n<td style=\"width: 50%\">Divulga\u00e7\u00e3o dos aprovados<\/td>\n<td style=\"width: 50%\">26 de setembro de 2020<\/td>\n<\/tr>\n<tr>\n<td style=\"width: 50%\">Inscri\u00e7\u00e3o de ouvintes<\/td>\n<td style=\"width: 50%\">a partir de 27 de setembro<\/td>\n<\/tr>\n<tr>\n<td style=\"width: 50%\">Envio de confirma\u00e7\u00f5es e links para acesso \u00e0s salas virtuais<\/td>\n<td style=\"width: 50%\">de 19 a 23 de outubro de 2020<\/td>\n<\/tr>\n<tr>\n<td style=\"width: 50%\">Realiza\u00e7\u00e3o do evento<\/td>\n<td style=\"width: 50%\">de 26 a 30 de outubro de 2020<\/td>\n<\/tr>\n<tr>\n<td style=\"width: 50%\">Prazo para envio do artigo final<\/td>\n<td style=\"width: 50%\">26 de novembro de 2020<\/td>\n<\/tr>\n<\/tbody>\n<\/table>\n<p>&nbsp;<\/p>\n","protected":false},"excerpt":{"rendered":"<p>Cronograma Lan\u00e7amento do site e divulga\u00e7\u00e3o nas redes 21 de agosto de 2020 Inscri\u00e7\u00f5es para trabalhos nos STs de 20 de agosto a 14 de setembro de 2020 An\u00e1lise dos resumos e divulga\u00e7\u00e3o dos trabalhos aprovados de 15 a 25 de setembro de 2020 Divulga\u00e7\u00e3o dos aprovados 26 de setembro de 2020 Inscri\u00e7\u00e3o de ouvintes [&hellip;]<\/p>\n","protected":false},"author":700,"featured_media":0,"parent":0,"menu_order":0,"comment_status":"closed","ping_status":"closed","template":"","meta":{"footnotes":""},"class_list":["post-265","page","type-page","status-publish","hentry"],"_links":{"self":[{"href":"https:\/\/wp.ufpel.edu.br\/nemplus\/wp-json\/wp\/v2\/pages\/265","targetHints":{"allow":["GET"]}}],"collection":[{"href":"https:\/\/wp.ufpel.edu.br\/nemplus\/wp-json\/wp\/v2\/pages"}],"about":[{"href":"https:\/\/wp.ufpel.edu.br\/nemplus\/wp-json\/wp\/v2\/types\/page"}],"author":[{"embeddable":true,"href":"https:\/\/wp.ufpel.edu.br\/nemplus\/wp-json\/wp\/v2\/users\/700"}],"replies":[{"embeddable":true,"href":"https:\/\/wp.ufpel.edu.br\/nemplus\/wp-json\/wp\/v2\/comments?post=265"}],"version-history":[{"count":15,"href":"https:\/\/wp.ufpel.edu.br\/nemplus\/wp-json\/wp\/v2\/pages\/265\/revisions"}],"predecessor-version":[{"id":437,"href":"https:\/\/wp.ufpel.edu.br\/nemplus\/wp-json\/wp\/v2\/pages\/265\/revisions\/437"}],"wp:attachment":[{"href":"https:\/\/wp.ufpel.edu.br\/nemplus\/wp-json\/wp\/v2\/media?parent=265"}],"curies":[{"name":"wp","href":"https:\/\/api.w.org\/{rel}","templated":true}]}}