{"id":253,"date":"2020-08-11T18:49:58","date_gmt":"2020-08-11T21:49:58","guid":{"rendered":"https:\/\/wp.ufpel.edu.br\/nemplus\/?page_id=253"},"modified":"2020-12-14T16:01:54","modified_gmt":"2020-12-14T19:01:54","slug":"inscricoes","status":"publish","type":"page","link":"https:\/\/wp.ufpel.edu.br\/nemplus\/inscricoes\/","title":{"rendered":"Inscri\u00e7\u00f5es"},"content":{"rendered":"<p><img class=\"aligncenter wp-image-289\" src=\"https:\/\/wp.ufpel.edu.br\/nemplus\/files\/2020\/08\/Marca_SIMP_3.jpg\" alt=\"\" width=\"555\" height=\"276\" srcset=\"https:\/\/wp.ufpel.edu.br\/nemplus\/files\/2020\/08\/Marca_SIMP_3.jpg 1563w, https:\/\/wp.ufpel.edu.br\/nemplus\/files\/2020\/08\/Marca_SIMP_3-400x199.jpg 400w, https:\/\/wp.ufpel.edu.br\/nemplus\/files\/2020\/08\/Marca_SIMP_3-1024x509.jpg 1024w, https:\/\/wp.ufpel.edu.br\/nemplus\/files\/2020\/08\/Marca_SIMP_3-768x382.jpg 768w, https:\/\/wp.ufpel.edu.br\/nemplus\/files\/2020\/08\/Marca_SIMP_3-1536x764.jpg 1536w\" sizes=\"(max-width: 555px) 100vw, 555px\" \/><\/p>\n<hr \/>\n<h2><strong>Inscri\u00e7\u00f5es<\/strong><\/h2>\n<h3><strong>Apresenta\u00e7\u00e3o de Trabalho<\/strong><\/h3>\n<p>Per\u00edodo de inscri\u00e7\u00f5es: 21\/08\/2020 &#8211; 14\/09\/2020<\/p>\n<p>Divulga\u00e7\u00e3o dos aceites: 26\/09\/2020<\/p>\n<p>Para se inscrever nessa modalidade, \u00e9 necess\u00e1rio enviar um <strong>resumo expandido<\/strong> para avalia\u00e7\u00e3o da comiss\u00e3o organizadora. Os resumos expandidos devem ser enviados para o e-mail: nemplusufpel@gmail.com<\/p>\n<p>Identificar, no t\u00edtulo do e-mail, a modalidade (apresenta\u00e7\u00e3o de trabalho-simp\u00f3sio tem\u00e1tico escolhido). No texto do e-mail informar nome completo, e-mail, CPF.<\/p>\n<p><strong>Simp\u00f3sios Tem\u00e1ticos:<\/strong><\/p>\n<ol>\n<li><a href=\"https:\/\/wp.ufpel.edu.br\/nemplus\/simposios-tematicos-sts\/\">Mem\u00f3ria Coletiva e Museus de Mem\u00f3ria<\/a><\/li>\n<li><a href=\"https:\/\/wp.ufpel.edu.br\/nemplus\/simposios-tematicos-sts\/\">Mem\u00f3ria Coletiva e Virtualidade<\/a><\/li>\n<li><a href=\"https:\/\/wp.ufpel.edu.br\/nemplus\/simposios-tematicos-sts\/\">Conflitos de Mem\u00f3ria na Contemporaneidade<\/a><\/li>\n<\/ol>\n<p><a href=\"https:\/\/drive.google.com\/file\/d\/1SMT0oZU4JTmo8zIfbmwNzMEYtYiPMDFK\/view?usp=drivesdk\">Baixe Aqui o Template do Resumo Expandido<\/a><\/p>\n<p>Em fun\u00e7\u00e3o da modalidade virtual do evento, ser\u00e3o selecionados um n\u00famero limitado de trabalhos a serem apresentados. Ser\u00e1 dada prioridade para projetos e pesquisas em est\u00e1gio avan\u00e7ado ou j\u00e1 finalizadas. Diretrizes para a apresenta\u00e7\u00e3o de trabalhos ser\u00e3o postadas ap\u00f3s a divulga\u00e7\u00e3o dos aceites, dia 26\/09\/2020.<\/p>\n<p><strong>AS INSCRI\u00c7\u00d5ES S\u00c3O GRATUITAS.<\/strong><\/p>\n<p>_________________________<\/p>\n<h3>Lista de Trabalhos Aprovados:<\/h3>\n<p><span style=\"font-weight: 400\">Divulgamos abaixo o nome dos trabalhos selecionados para apresenta\u00e7\u00e3o:<\/span><\/p>\n<p><a href=\"https:\/\/wp.ufpel.edu.br\/nemplus\/files\/2020\/09\/X-SIMP-Trabalhos-selecionados.pdf\">X SIMP &#8211; Trabalhos selecionados<\/a><\/p>\n<p>Autores com trabalhos selecionados devem se comprometer em enviar os artigos completos para futura publica\u00e7\u00e3o.<\/p>\n<p>__________________________<\/p>\n<h3><strong>Informa\u00e7\u00f5es para autores das comunica\u00e7\u00f5es selecionadas nos STs:<\/strong><\/h3>\n<p>Os autores dever\u00e3o enviar suas apresenta\u00e7\u00f5es em PDF\/PPT, conforme o <strong><a href=\"https:\/\/drive.google.com\/file\/d\/1RvQ2zC2Oe09smM6LBXRglJEiFQKngMf7\/view\">modelo<\/a><\/strong> disponibilizado, \u00a0para o e-mail <a href=\"mailto:nemplusufpel@gmail.com\">nemplusufpel@gmail.com<\/a> \u00a0at\u00e9 o dia 22 de outubro. No mesmo e-mail devem enviar tamb\u00e9m o <strong><a href=\"https:\/\/drive.google.com\/file\/d\/11ZPk6QdvAL9XV8ZkDB2inaxojrDD_Ae1\/view?usp=sharing\">Termo de se\u00e7\u00e3o de voz e imagem<\/a><\/strong>.<\/p>\n<p>Cada autor receber\u00e1 por e-mail, no dia antes do evento, um link de acesso para a sala do ST correspondente na plataforma Zoom. O link \u00e9 pessoal e intransfer\u00edvel, e n\u00e3o deve ser compartilhado com outras pessoas.<\/p>\n<p>A ordem de apresenta\u00e7\u00e3o \u00e9 a mesma expressa na lista dos trabalhos selecionados. Somente um autor por trabalho poder\u00e1 apresentar, dispondo de at\u00e9 15 minutos para a comunica\u00e7\u00e3o.<\/p>\n<p>Os artigos finais, para a publica\u00e7\u00e3o em e-book, dever\u00e3o ser enviados at\u00e9 o dia <strong>26 de novembro de 2020<\/strong>, tamb\u00e9m para o e-mail <a href=\"mailto:nemplusufpel@gmail.com\">nemplusufpel@gmail.com<\/a> , seguindo as<strong> <a href=\"https:\/\/drive.google.com\/file\/d\/1xoE2vQNSNA8Dpv5x1lw57He_s5LKhlI6\/view?usp=sharing\">normas de formata\u00e7\u00e3o para o artigo final<\/a><\/strong>.<\/p>\n<p><strong>\u200b<\/strong><\/p>\n<hr \/>\n<h3>Ouvintes<\/h3>\n<p>Per\u00edodo de inscri\u00e7\u00f5es: a partir de 27\/09\/2020 at\u00e9 completar o limite de vagas.<\/p>\n<p>As inscri\u00e7\u00f5es para ouvintes ser\u00e3o limitadas.<\/p>\n<p><strong>Os autores dos trabalhos selecionados j\u00e1 estar\u00e3o automaticamente inscritos como ouvintes<\/strong>. As demais vagas dispon\u00edveis na sala da plataforma Zoom ser\u00e3o disponibilizadas para ouvintes a partir do dia 27\/09\/2020.\u00a0\u00a0 Poder\u00e3o se inscrever como ouvintes todos os interessados pelo tema do evento. Ser\u00e1 fornecido certificado de ouvinte para os participantes com uma frequ\u00eancia m\u00ednima de 75%.<\/p>\n<p>INSCRI\u00c7\u00d5ES ENCERRADAS!!!<\/p>\n<p><strong>\u200bAS INSCRI\u00c7\u00d5ES S\u00c3O GRATUITAS.<\/strong><\/p>\n<hr \/>\n<h3>CERTIFICADOS:<\/h3>\n<p>Acesse os <a href=\"https:\/\/wp.ufpel.edu.br\/nemplus\/files\/2020\/12\/Apresentadores-.pdf\">Certificados Apresentadores\u00a0<\/a><\/p>\n<p>Acesse os <a href=\"https:\/\/wp.ufpel.edu.br\/nemplus\/files\/2020\/12\/Ouvintes.pdf\">Certificados Ouvintes<\/a><\/p>\n","protected":false},"excerpt":{"rendered":"<p>Inscri\u00e7\u00f5es Apresenta\u00e7\u00e3o de Trabalho Per\u00edodo de inscri\u00e7\u00f5es: 21\/08\/2020 &#8211; 14\/09\/2020 Divulga\u00e7\u00e3o dos aceites: 26\/09\/2020 Para se inscrever nessa modalidade, \u00e9 necess\u00e1rio enviar um resumo expandido para avalia\u00e7\u00e3o da comiss\u00e3o organizadora. Os resumos expandidos devem ser enviados para o e-mail: nemplusufpel@gmail.com Identificar, no t\u00edtulo do e-mail, a modalidade (apresenta\u00e7\u00e3o de trabalho-simp\u00f3sio tem\u00e1tico escolhido). No texto do [&hellip;]<\/p>\n","protected":false},"author":700,"featured_media":0,"parent":0,"menu_order":0,"comment_status":"closed","ping_status":"closed","template":"","meta":{"footnotes":""},"class_list":["post-253","page","type-page","status-publish","hentry"],"_links":{"self":[{"href":"https:\/\/wp.ufpel.edu.br\/nemplus\/wp-json\/wp\/v2\/pages\/253","targetHints":{"allow":["GET"]}}],"collection":[{"href":"https:\/\/wp.ufpel.edu.br\/nemplus\/wp-json\/wp\/v2\/pages"}],"about":[{"href":"https:\/\/wp.ufpel.edu.br\/nemplus\/wp-json\/wp\/v2\/types\/page"}],"author":[{"embeddable":true,"href":"https:\/\/wp.ufpel.edu.br\/nemplus\/wp-json\/wp\/v2\/users\/700"}],"replies":[{"embeddable":true,"href":"https:\/\/wp.ufpel.edu.br\/nemplus\/wp-json\/wp\/v2\/comments?post=253"}],"version-history":[{"count":35,"href":"https:\/\/wp.ufpel.edu.br\/nemplus\/wp-json\/wp\/v2\/pages\/253\/revisions"}],"predecessor-version":[{"id":486,"href":"https:\/\/wp.ufpel.edu.br\/nemplus\/wp-json\/wp\/v2\/pages\/253\/revisions\/486"}],"wp:attachment":[{"href":"https:\/\/wp.ufpel.edu.br\/nemplus\/wp-json\/wp\/v2\/media?parent=253"}],"curies":[{"name":"wp","href":"https:\/\/api.w.org\/{rel}","templated":true}]}}