{"id":250,"date":"2020-08-11T18:49:35","date_gmt":"2020-08-11T21:49:35","guid":{"rendered":"https:\/\/wp.ufpel.edu.br\/nemplus\/?page_id=250"},"modified":"2020-10-24T21:34:37","modified_gmt":"2020-10-25T00:34:37","slug":"programacao","status":"publish","type":"page","link":"https:\/\/wp.ufpel.edu.br\/nemplus\/programacao\/","title":{"rendered":"Programa\u00e7\u00e3o"},"content":{"rendered":"<p><strong><img class=\"aligncenter wp-image-289\" src=\"https:\/\/wp.ufpel.edu.br\/nemplus\/files\/2020\/08\/Marca_SIMP_3.jpg\" alt=\"\" width=\"555\" height=\"276\" srcset=\"https:\/\/wp.ufpel.edu.br\/nemplus\/files\/2020\/08\/Marca_SIMP_3.jpg 1563w, https:\/\/wp.ufpel.edu.br\/nemplus\/files\/2020\/08\/Marca_SIMP_3-400x199.jpg 400w, https:\/\/wp.ufpel.edu.br\/nemplus\/files\/2020\/08\/Marca_SIMP_3-1024x509.jpg 1024w, https:\/\/wp.ufpel.edu.br\/nemplus\/files\/2020\/08\/Marca_SIMP_3-768x382.jpg 768w, https:\/\/wp.ufpel.edu.br\/nemplus\/files\/2020\/08\/Marca_SIMP_3-1536x764.jpg 1536w\" sizes=\"(max-width: 555px) 100vw, 555px\" \/><\/strong><\/p>\n<hr \/>\n<h2><strong>Programa\u00e7\u00e3o<\/strong><\/h2>\n<h3><strong>Tema: <\/strong>Mem\u00f3ria Coletiva: revisitando a obra de Maurice Halbwachs<\/h3>\n<p><strong>Dia 26\/10\/ 2020<\/strong><\/p>\n<p>14h\u00a0 &#8211; Confer\u00eancia de Abertura<\/p>\n<p>Confer\u00eancia: &#8220;De la sociolog\u00eda a la historia: memoria y derechos al pasado&#8221; Dr. Jos\u00e9 Rilla (Udelar &#8211; UY)<\/p>\n<ul>\n<li><strong>Live Youtube: <\/strong><a href=\"https:\/\/youtu.be\/Gfqzo91bJM4\"><strong>https:\/\/youtu.be\/Gfqzo91bJM4<\/strong><\/a><\/li>\n<\/ul>\n<p><strong>Dia 27\/10\/2020<\/strong><\/p>\n<p>14h-15h30 &#8211; Palestra &#8220;Ler as cinzas &#8211; Trauma, mem\u00f3ria e esperan\u00e7a&#8221; Dr. Edson Luiz Andr\u00e9 de Sousa (UFRGS \u2013 Brasil)<\/p>\n<ul>\n<li><strong>Live Youtube: <\/strong><a href=\"https:\/\/youtu.be\/X4bog4xqE6s\"><strong>https:\/\/youtu.be\/X4bog4xqE6s<\/strong><\/a><\/li>\n<\/ul>\n<p>16h-18h &#8211; Apresenta\u00e7\u00f5es ST1. Mem\u00f3ria coletiva e museus de mem\u00f3ria<\/p>\n<p><span style=\"font-weight: 400\">Coordena\u00e7\u00e3o do ST1:\u00a0<\/span><\/p>\n<p><span style=\"font-weight: 400\">Dra. Rita Juliana Soares Poloni (PPGMP- UFPel)<\/span><\/p>\n<p><span style=\"font-weight: 400\">Dr. Darlan de Mamann Marchi (PPGMP \u2013 UFPel)<\/span><\/p>\n<p><strong>Dia 28\/10\/2020<\/strong><\/p>\n<p>14h-15h30 &#8211; Palestra &#8220;Mem\u00f3ria e digitalidade: entre a fluidez e a estabilidade dos objetos&#8221; Dra. Vera Dodebei (Unirio \u2013 Brasil)<\/p>\n<ul>\n<li><strong>Live Youtube: <\/strong><a href=\"https:\/\/youtu.be\/Do_1EOZRbaM\"><strong>https:\/\/youtu.be\/Do_1EOZRbaM<\/strong><\/a><\/li>\n<\/ul>\n<p>16h-18h &#8211; Apresenta\u00e7\u00f5es ST2. Mem\u00f3ria coletiva e virtualidade<\/p>\n<p>Coordena\u00e7\u00e3o do ST2:<\/p>\n<p><span style=\"font-weight: 400\">Ma. Priscila Chagas Oliveira (PPGMP &#8211; UFPel)\u00a0<\/span><\/p>\n<p><span style=\"font-weight: 400\">Ma. Karla Nazareth-Tissot (PPGMP &#8211; UFPel)\u00a0<\/span><\/p>\n<p><strong>Dia 29\/10\/2020<\/strong><\/p>\n<p>14h &#8211; 15h30 &#8211; Palestra &#8220;O que fazer com o bandeirante?&#8221; Dr. Renato Cymbalista (USP \u2013 Brasil)<\/p>\n<ul>\n<li><strong>Live Youtube: <\/strong><a href=\"https:\/\/youtu.be\/VZ9SR5dntv4\"><strong>https:\/\/youtu.be\/VZ9SR5dntv4<\/strong><\/a><\/li>\n<\/ul>\n<p>16h-18h &#8211; Apresenta\u00e7\u00f5es ST3. Conflitos de mem\u00f3ria na contemporaneidade<\/p>\n<p>Coordena\u00e7\u00e3o do ST3:<\/p>\n<p><span style=\"font-weight: 400\">Me. Isabel Cristina Bernal Vinasco (PPGMP &#8211; UFPel)\u00a0<\/span><\/p>\n<p><span style=\"font-weight: 400\">Me. <\/span><span style=\"font-weight: 400\">Jaime Alberto Bornacelly Castro (PPGMP &#8211; UFPel)\u00a0<\/span><\/p>\n<p><strong>Dia 30\/10\/2020<\/strong><\/p>\n<p>14h &#8211; Confer\u00eancia de encerramento<\/p>\n<p>Confer\u00eancia &#8220;Mem\u00f3rias do extrativismo: viol\u00eancia lenta, terror e materialidade&#8221; Dr. Jens Anderman (NYU \u2013 USA)<\/p>\n<ul>\n<li><strong>Live Youtube: <\/strong><a href=\"https:\/\/youtu.be\/wXP5wQ8gKBM\"><strong>https:\/\/youtu.be\/wXP5wQ8gKBM<\/strong><\/a><\/li>\n<\/ul>\n","protected":false},"excerpt":{"rendered":"<p>Programa\u00e7\u00e3o Tema: Mem\u00f3ria Coletiva: revisitando a obra de Maurice Halbwachs Dia 26\/10\/ 2020 14h\u00a0 &#8211; Confer\u00eancia de Abertura Confer\u00eancia: &#8220;De la sociolog\u00eda a la historia: memoria y derechos al pasado&#8221; Dr. Jos\u00e9 Rilla (Udelar &#8211; UY) Live Youtube: https:\/\/youtu.be\/Gfqzo91bJM4 Dia 27\/10\/2020 14h-15h30 &#8211; Palestra &#8220;Ler as cinzas &#8211; Trauma, mem\u00f3ria e esperan\u00e7a&#8221; Dr. Edson Luiz [&hellip;]<\/p>\n","protected":false},"author":700,"featured_media":0,"parent":0,"menu_order":0,"comment_status":"closed","ping_status":"closed","template":"","meta":{"footnotes":""},"class_list":["post-250","page","type-page","status-publish","hentry"],"_links":{"self":[{"href":"https:\/\/wp.ufpel.edu.br\/nemplus\/wp-json\/wp\/v2\/pages\/250","targetHints":{"allow":["GET"]}}],"collection":[{"href":"https:\/\/wp.ufpel.edu.br\/nemplus\/wp-json\/wp\/v2\/pages"}],"about":[{"href":"https:\/\/wp.ufpel.edu.br\/nemplus\/wp-json\/wp\/v2\/types\/page"}],"author":[{"embeddable":true,"href":"https:\/\/wp.ufpel.edu.br\/nemplus\/wp-json\/wp\/v2\/users\/700"}],"replies":[{"embeddable":true,"href":"https:\/\/wp.ufpel.edu.br\/nemplus\/wp-json\/wp\/v2\/comments?post=250"}],"version-history":[{"count":16,"href":"https:\/\/wp.ufpel.edu.br\/nemplus\/wp-json\/wp\/v2\/pages\/250\/revisions"}],"predecessor-version":[{"id":475,"href":"https:\/\/wp.ufpel.edu.br\/nemplus\/wp-json\/wp\/v2\/pages\/250\/revisions\/475"}],"wp:attachment":[{"href":"https:\/\/wp.ufpel.edu.br\/nemplus\/wp-json\/wp\/v2\/media?parent=250"}],"curies":[{"name":"wp","href":"https:\/\/api.w.org\/{rel}","templated":true}]}}