{"id":247,"date":"2020-08-11T18:49:04","date_gmt":"2020-08-11T21:49:04","guid":{"rendered":"https:\/\/wp.ufpel.edu.br\/nemplus\/?page_id=247"},"modified":"2020-09-24T21:53:16","modified_gmt":"2020-09-25T00:53:16","slug":"palestrantes","status":"publish","type":"page","link":"https:\/\/wp.ufpel.edu.br\/nemplus\/palestrantes\/","title":{"rendered":"Palestrantes"},"content":{"rendered":"<h2><img class=\"aligncenter wp-image-289\" src=\"https:\/\/wp.ufpel.edu.br\/nemplus\/files\/2020\/08\/Marca_SIMP_3.jpg\" alt=\"\" width=\"555\" height=\"276\" srcset=\"https:\/\/wp.ufpel.edu.br\/nemplus\/files\/2020\/08\/Marca_SIMP_3.jpg 1563w, https:\/\/wp.ufpel.edu.br\/nemplus\/files\/2020\/08\/Marca_SIMP_3-400x199.jpg 400w, https:\/\/wp.ufpel.edu.br\/nemplus\/files\/2020\/08\/Marca_SIMP_3-1024x509.jpg 1024w, https:\/\/wp.ufpel.edu.br\/nemplus\/files\/2020\/08\/Marca_SIMP_3-768x382.jpg 768w, https:\/\/wp.ufpel.edu.br\/nemplus\/files\/2020\/08\/Marca_SIMP_3-1536x764.jpg 1536w\" sizes=\"(max-width: 555px) 100vw, 555px\" \/><\/h2>\n<hr \/>\n<h2>Palestrantes<\/h2>\n<h3>Edson Luiz Andr\u00e9 de Sousa<\/h3>\n<p><img class=\"wp-image-332 alignleft\" src=\"https:\/\/wp.ufpel.edu.br\/nemplus\/files\/2020\/08\/Edson-e1597625305550.jpg\" alt=\"\" width=\"220\" height=\"246\" srcset=\"https:\/\/wp.ufpel.edu.br\/nemplus\/files\/2020\/08\/Edson-e1597625305550.jpg 416w, https:\/\/wp.ufpel.edu.br\/nemplus\/files\/2020\/08\/Edson-e1597625305550-358x400.jpg 358w\" sizes=\"(max-width: 220px) 100vw, 220px\" \/><\/p>\n<p>Psicanalista. Professor titular aposentado do Instituto de Psicologia da UFRGS. Analista membro da APPOA (Associa\u00e7\u00e3o Psicanal\u00edtica de Porto Alegre). Doutorado e P\u00f3s-Doutorado pela Universidade de Paris VII, P\u00f3s-Doutorado pela EHESS (Ecole des Hautes Etudes en Sciences Sociales \u2013 Paris). Professor visitante na Deakin University (Melbourne), Instituto de Estudos Cr\u00edticos (M\u00e9xico), De Paul University (Chicago), University of Limerick ( Irlanda). Autor entre outros do livro \u201c Uma inven\u00e7\u00e3o da Utopia\u201d (Lumme Editor, SP), Freud: ci\u00eancia, arte e politica em co-autoria com Paulo Endo (LPM, Porto Alegre)<\/p>\n<p>Fonte: <a href=\"http:\/\/lattes.cnpq.br\/1950953469711761\">http:\/\/lattes.cnpq.br\/1950953469711761<\/a><\/p>\n<hr \/>\n<h3>Jens Anderman<\/h3>\n<p><img class=\"wp-image-366 alignleft\" src=\"https:\/\/wp.ufpel.edu.br\/nemplus\/files\/2020\/08\/Andermann-Jens-scaled.jpg\" alt=\"\" width=\"220\" height=\"198\" srcset=\"https:\/\/wp.ufpel.edu.br\/nemplus\/files\/2020\/08\/Andermann-Jens-scaled.jpg 2560w, https:\/\/wp.ufpel.edu.br\/nemplus\/files\/2020\/08\/Andermann-Jens-400x359.jpg 400w, https:\/\/wp.ufpel.edu.br\/nemplus\/files\/2020\/08\/Andermann-Jens-1024x920.jpg 1024w, https:\/\/wp.ufpel.edu.br\/nemplus\/files\/2020\/08\/Andermann-Jens-768x690.jpg 768w, https:\/\/wp.ufpel.edu.br\/nemplus\/files\/2020\/08\/Andermann-Jens-1536x1380.jpg 1536w, https:\/\/wp.ufpel.edu.br\/nemplus\/files\/2020\/08\/Andermann-Jens-2048x1840.jpg 2048w\" sizes=\"(max-width: 220px) 100vw, 220px\" \/><\/p>\n<p>Leciona na New York University. Escreve sobre artes, filmes, literatura, arquitetura e cultura material da Am\u00e9rica Latina e suas interse\u00e7\u00f5es com o extrativismo e os legados da colonialidade. \u00c9 editor do<i>\u00a0Journal of Latin American Cultural Studies<\/i>\u00a0e autor de\u00a0<i>Tierras en trance: arte y naturaleza despu\u00e9s del paisaje\u00a0<\/i>(Santiago do Chile 2018),\u00a0<i>New Argentine Cinema<\/i>\u00a0(Londres 2011\u00a0,\u00a0Buenos Aires 2015\u00a0),\u00a0T<i>he Optic of the State. Visuality and Power in Argentina and Brazil<\/i>\u00a0(Pittsburgh 2007\u00a0,\u00a0Rio de Janeiro 2014\u00a0) e\u00a0<i>Mapas de Poder. Una Arqueolog\u00eda Literaria del Espacio Argentino<\/i> (Ros\u00e1rio, 2000), tamb\u00e9m editou as colet\u00e2neas Environmental Aesthetics in the Present, M<i>emory and the Museum in the Latin American Postdictatorships<\/i>, C<i>ontemporary Latin American Cinemas<\/i>, e E<i>xhibitions and Museums, Material and Visual Cultures in Latin America<\/i>. Foi curador de exposi\u00e7\u00f5es <em>online<\/em> do\u00a0\u00a0<i>Iberoamerican Museum of Visual Culture on the Web<\/i>\u00a0, incluindo\u00a0\u00a0<i>Relics and Selves: Iconographies of the National in Argentina, Brazil and Chile<\/i>.\u00a0Antes de ingressar na NYU, foi professor visitante nas Universidades de Buenos Aires, Rio de Janeiro, Londres, Zurique, Basel, Duke, Princeton, Columbia e Berlim.\u00a0Tem trabalhos publicados em diversos peri\u00f3dicos, incluindo\u00a0<i>Memory Studies<\/i>\u00a0,\u00a0<i>Cinema Journal , Artelogie , Revista Iberoamericana , Journal of Material Culture e Theory, Culture and Society<\/i>, entre outros. Fonte: <a href=\"https:\/\/jensandermann.com\/\" target=\"_blank\" rel=\"noopener noreferrer\" data-saferedirecturl=\"https:\/\/www.google.com\/url?q=https:\/\/jensandermann.com\/&amp;source=gmail&amp;ust=1597924123841000&amp;usg=AFQjCNFNxAvUtdaZ2PRHgzWpKksewSjw1A\">https:\/\/jensandermann.com\/<\/a><\/p>\n<hr \/>\n<h3>Jos\u00e9 Rilla<\/h3>\n<p><img class=\"wp-image-367 alignleft\" src=\"https:\/\/wp.ufpel.edu.br\/nemplus\/files\/2020\/08\/jose-rilla.jpg\" alt=\"\" width=\"220\" height=\"138\" srcset=\"https:\/\/wp.ufpel.edu.br\/nemplus\/files\/2020\/08\/jose-rilla.jpg 800w, https:\/\/wp.ufpel.edu.br\/nemplus\/files\/2020\/08\/jose-rilla-400x250.jpg 400w, https:\/\/wp.ufpel.edu.br\/nemplus\/files\/2020\/08\/jose-rilla-768x480.jpg 768w\" sizes=\"(max-width: 220px) 100vw, 220px\" \/><\/p>\n<p>Doutor em Hist\u00f3ria pela Universidade Nacional de La Plata e professor, licenciado em Hist\u00f3ria pelo Instituto de Professores Artigas. \u00c9 Decano da Facultad de la Cultura del Universidad CLAEH, investigador do Sistema Nacional de Investigadores, ANII e professor da Universidad de la Republica: professor e investigador titular Grau 5 de Hist\u00f3ria Contempor\u00e2nea na Facultad de Ciencias Sociales e no Departamento de Ci\u00eancias Pol\u00edticas; Professor\u00a0\u00a0Grau 4 de Hist\u00f3ria Econ\u00f4mica na Faculdade de Ci\u00eancias Econ\u00f4micas. Recebeu o pr\u00eamio Morosoli de Plata em ci\u00eancias sociais e pesquisa hist\u00f3rica.<\/p>\n<hr \/>\n<h3>Renato Cymbalista<\/h3>\n<p><img class=\"wp-image-368 alignleft\" src=\"https:\/\/wp.ufpel.edu.br\/nemplus\/files\/2020\/08\/renato-cymbalista.jpg\" alt=\"\" width=\"220\" height=\"220\" srcset=\"https:\/\/wp.ufpel.edu.br\/nemplus\/files\/2020\/08\/renato-cymbalista.jpg 354w, https:\/\/wp.ufpel.edu.br\/nemplus\/files\/2020\/08\/renato-cymbalista-200x200.jpg 200w\" sizes=\"(max-width: 220px) 100vw, 220px\" \/><\/p>\n<p>Professor Livre-docente pelo Departamento de Hist\u00f3ria da Arquitetura e Est\u00e9tica do Projeto da FAU-USP. Professor titular do Programa de Mestrado em Cidades Inteligentes e Sustent\u00e1veis da UNINOVE. Possui gradua\u00e7\u00e3o em Arquitetura e Urbanismo pela Faculdade de Arquitetura e Urbanismo da Universidade de S\u00e3o Paulo (1996), mestrado em Estruturas Ambientais Urbanas pela Faculdade de Arquitetura e Urbanismo da Universidade de S\u00e3o Paulo (2001) e doutorado em Estruturas Ambientais Urbanas pela Faculdade de Arquitetura e Urbanismo da Universidade de S\u00e3o Paulo (2006). Livre-Docente pelo Departamento de Hist\u00f3ria da Arquitetura e Est\u00e9tica do Projeto da FAU-USP. Coordenador do n\u00facleo de urbanismo do Instituto de Estudos, Forma\u00e7\u00e3o e Assessoria em Pol\u00edticas Sociais (2003-2008). Pesquisador de P\u00f3s doutorado do IFCH-UNICAMP, no projeto tem\u00e1tico &#8220;Dimens\u00f5es do Imp\u00e9rio Portugu\u00eas&#8221; (2008-2010). Parecerista <em>ad hoc<\/em> FAPESP. Editor Adjunto da Revista Brasileira de Estudos Urbanos e Regionais (2010-2012). Presidente do Instituto P\u00f3lis (desde 2012). Integra o Conselho Administrativo da Casa do Povo (desde 2014) Associado do Instituto Goethe (desde 2016). Integra o Laborat\u00f3rio para Outros Urbanismos (FAU-USP). Coordenador do grupo de pesquisa &#8220;Lugares de Mem\u00f3ria e Consci\u00eancia&#8221; (USP-CNPq).<\/p>\n<hr \/>\n<h3>Vera Lucia Doyle Louzada de Mattos Dodebei<\/h3>\n<p><img class=\"alignleft wp-image-333\" src=\"https:\/\/wp.ufpel.edu.br\/nemplus\/files\/2020\/08\/Vera.jpg\" alt=\"Vera Dodebei\" width=\"220\" height=\"206\" srcset=\"https:\/\/wp.ufpel.edu.br\/nemplus\/files\/2020\/08\/Vera.jpg 761w, https:\/\/wp.ufpel.edu.br\/nemplus\/files\/2020\/08\/Vera-400x375.jpg 400w\" sizes=\"(max-width: 220px) 100vw, 220px\" \/><\/p>\n<p>Professora Titular da Universidade Federal do Estado do Rio de Janeiro. Docente e pesquisadora no PPGMS, doutora em comunica\u00e7\u00e3o e cultura (ECO-UFRJ) e mestre em ci\u00eancia da informa\u00e7\u00e3o (IBICT-UFRJ). Bibliotec\u00e1ria e documentalista, especializou-se em mem\u00f3ria document\u00e1ria com a tese defendida sobre &#8220;O sentido e o significado do documento para a mem\u00f3ria social&#8221;. Ingressou no Programa de P\u00f3s-Gradua\u00e7\u00e3o em Mem\u00f3ria Social (UNIRIO) na d\u00e9cada de 80 do ano 2000 e l\u00e1 participa, at\u00e9 o momento, da linha de pesquisa Mem\u00f3ria e Patrim\u00f4nio. \u00c9 l\u00edder do grupo de pesquisa do CNPq &#8220;Mem\u00f3ria Social, tecnologia e informa\u00e7\u00e3o&#8221;, Supervisiona estudantes (mestrado e doutorado) em temas sobre a preserva\u00e7\u00e3o e sustentabilidade dos patrim\u00f4nios culturais nacionais nas artes, na literatura, na ci\u00eancia. Sua pesquisa atual, ainda em andamento como bolsista de produtividade em pesquisa do CNPq versa sobre &#8220;objetos, hist\u00f3ria de vida, conex\u00f5es: por uma ecologia dos restos memoriais digitais&#8221;. Editora da Revista Morpheus &#8211; estudos interdisciplinares em mem\u00f3ria social. Publica\u00e7\u00f5es mais relevantes: <em>&#8220;M\u00e9moire et nouveaux patrimoines&#8221;<\/em> (Open Edition, France, 2015); ?Por que mem\u00f3ria social? (Revista Morpheus, 2016). Membro da ISKO, ANCIB e do ICOM. Fonte: <a href=\"http:\/\/lattes.cnpq.br\/1112112146102164\">http:\/\/lattes.cnpq.br\/1112112146102164<\/a><\/p>\n<p>&nbsp;<\/p>\n<p>&nbsp;<\/p>\n","protected":false},"excerpt":{"rendered":"<p>Palestrantes Edson Luiz Andr\u00e9 de Sousa Psicanalista. Professor titular aposentado do Instituto de Psicologia da UFRGS. Analista membro da APPOA (Associa\u00e7\u00e3o Psicanal\u00edtica de Porto Alegre). Doutorado e P\u00f3s-Doutorado pela Universidade de Paris VII, P\u00f3s-Doutorado pela EHESS (Ecole des Hautes Etudes en Sciences Sociales \u2013 Paris). Professor visitante na Deakin University (Melbourne), Instituto de Estudos Cr\u00edticos [&hellip;]<\/p>\n","protected":false},"author":700,"featured_media":0,"parent":0,"menu_order":0,"comment_status":"closed","ping_status":"closed","template":"","meta":{"footnotes":""},"class_list":["post-247","page","type-page","status-publish","hentry"],"_links":{"self":[{"href":"https:\/\/wp.ufpel.edu.br\/nemplus\/wp-json\/wp\/v2\/pages\/247","targetHints":{"allow":["GET"]}}],"collection":[{"href":"https:\/\/wp.ufpel.edu.br\/nemplus\/wp-json\/wp\/v2\/pages"}],"about":[{"href":"https:\/\/wp.ufpel.edu.br\/nemplus\/wp-json\/wp\/v2\/types\/page"}],"author":[{"embeddable":true,"href":"https:\/\/wp.ufpel.edu.br\/nemplus\/wp-json\/wp\/v2\/users\/700"}],"replies":[{"embeddable":true,"href":"https:\/\/wp.ufpel.edu.br\/nemplus\/wp-json\/wp\/v2\/comments?post=247"}],"version-history":[{"count":14,"href":"https:\/\/wp.ufpel.edu.br\/nemplus\/wp-json\/wp\/v2\/pages\/247\/revisions"}],"predecessor-version":[{"id":431,"href":"https:\/\/wp.ufpel.edu.br\/nemplus\/wp-json\/wp\/v2\/pages\/247\/revisions\/431"}],"wp:attachment":[{"href":"https:\/\/wp.ufpel.edu.br\/nemplus\/wp-json\/wp\/v2\/media?parent=247"}],"curies":[{"name":"wp","href":"https:\/\/api.w.org\/{rel}","templated":true}]}}