{"id":24,"date":"2020-05-10T23:39:37","date_gmt":"2020-05-11T02:39:37","guid":{"rendered":"https:\/\/wp.ufpel.edu.br\/nemplus\/?page_id=24"},"modified":"2022-06-04T11:02:36","modified_gmt":"2022-06-04T14:02:36","slug":"divulgacao-de-eventos","status":"publish","type":"page","link":"https:\/\/wp.ufpel.edu.br\/nemplus\/divulgacao-de-eventos\/","title":{"rendered":"Divulga\u00e7\u00e3o de eventos"},"content":{"rendered":"<p><span style=\"font-family: georgia, palatino, serif;\">Divulga\u00e7\u00e3o de Palestra: <em>&#8220;<strong>Post-Yugoslav Reflections on Music, Politics, and War: What Have We Learned?<\/strong>&#8220;<\/em> (Reflex\u00f5es p\u00f3s-jugoslavas sobre m\u00fasica, pol\u00edtica e guerra: O que temos aprendido). Palestra\u00a0virtual (em ingl\u00eas) com\u00a0<strong>Dr. Svanibor Pettan<\/strong> (Eslov\u00eania).<\/span><\/p>\n<p><span style=\"font-family: georgia, palatino, serif;\"><a href=\"https:\/\/www.ff.uni-lj.si\/en\/staff\/svanibor-hubert-pettan\" data-saferedirecturl=\"https:\/\/www.google.com\/url?q=https:\/\/www.ff.uni-lj.si\/en\/staff\/svanibor-hubert-pettan&amp;source=gmail&amp;ust=1654436538058000&amp;usg=AOvVaw1Y3ikQ-ZjvdCUoxPXCRFu6\">Dr. Svanibor Pettan<\/a>\u00a0\u00e9 atual diretor do\u00a0<a href=\"http:\/\/ictmusic.org\/\" data-saferedirecturl=\"https:\/\/www.google.com\/url?q=http:\/\/ictmusic.org\/&amp;source=gmail&amp;ust=1654436538058000&amp;usg=AOvVaw0he5Lht87yu0tZJtqPhngp\">International Council for Traditional Music<\/a>\u00a0(Conselho Internacional para a M\u00fasica Tradicional) organiza\u00e7\u00e3o que tem status consultivo como a UNESCO, e \u00e9 professor de etnomusicologia da Universidade de Ljubljana (Eslov\u00eania). Pettan tem pesquisado e publicado sobre m\u00fasica e conflito.<\/span><\/p>\n<p><span style=\"font-family: georgia, palatino, serif;\">Acontecer\u00e1 na<strong> quinta-feira, 09 de junho \u00e0s 09:00 horas (BR), <\/strong>PPGMP-UFPel, ICH Campus II, Sala 310, R. Almirante Barroso, 1.202, Pelotas &#8211; RS<\/span><\/p>\n<p style=\"font-weight: 400;\"><span style=\"font-family: georgia, palatino, serif;\"><strong>O link para as participar nas palestras remotamente \u00e9:\u00a0<\/strong><a href=\"https:\/\/webconf.ufpel.edu.br\/b\/dan-p5p-qcz-4ma\" data-saferedirecturl=\"https:\/\/www.google.com\/url?q=https:\/\/webconf.ufpel.edu.br\/b\/dan-p5p-qcz-4ma&amp;source=gmail&amp;ust=1654436538058000&amp;usg=AOvVaw15GspAjhmCJdnqpsgXcO9h\">https:\/\/webconf.ufpel.edu.br\/b\/dan-p5p-qcz-4ma<\/a><\/span><\/p>\n<p>Este evento pertence ao <strong>Ciclo Internacional de Palestras Mem\u00f3ria e Patrim\u00f4nio<\/strong>.<\/p>\n<p>Uma realiza\u00e7\u00e3o d0 Programa de P\u00f3s-Gradua\u00e7\u00e3o em Mem\u00f3ria Social e Patrim\u00f4nio Cultural (em parceria com LabCom Caf\u00e9 e do LabCom da Faculdade de Arquitetura e Urbanismo) da UFPel, com um ciclo de palestras<br \/>\nde acad\u00eamicos internacionais da Eslov\u00eania, M\u00e9xico, Argentina e dos EUA, a realizar-se em junho, julho e agosto de 2022.<\/p>\n<p>Os palestrantes (em modo virtual e presencial) apresentar\u00e3o sobre t\u00f3picos como: M\u00fasica e Conflito, Cultura e<br \/>\nUrbanismo, M\u00fasica Tradicional Argentina, Restauro, e Rituais Festivos no Contexto Transatl\u00e2ntico.<\/p>\n<p>Se emitir\u00e3o certificados de participa\u00e7\u00e3o. Mais informa\u00e7\u00f5es: <a href=\"https:\/\/wp.ufpel.edu.br\/ppgmp\/eventos\/\">https:\/\/wp.ufpel.edu.br\/ppgmp\/eventos\/<\/a> ou por e-mail<br \/>\n<a href=\"mailto:memoriapatrimonio@ufpel.edu.br\">memoriapatrimonio@ufpel.edu.br<\/a><\/p>\n<p>A programa\u00e7\u00e3o completa: <img class=\"alignnone size-full wp-image-635\" src=\"https:\/\/wp.ufpel.edu.br\/nemplus\/files\/2022\/06\/Cartaz-Ciclo-scaled.jpg\" alt=\"\" width=\"1810\" height=\"2560\" srcset=\"https:\/\/wp.ufpel.edu.br\/nemplus\/files\/2022\/06\/Cartaz-Ciclo-scaled.jpg 1810w, https:\/\/wp.ufpel.edu.br\/nemplus\/files\/2022\/06\/Cartaz-Ciclo-283x400.jpg 283w, https:\/\/wp.ufpel.edu.br\/nemplus\/files\/2022\/06\/Cartaz-Ciclo-724x1024.jpg 724w, https:\/\/wp.ufpel.edu.br\/nemplus\/files\/2022\/06\/Cartaz-Ciclo-768x1086.jpg 768w, https:\/\/wp.ufpel.edu.br\/nemplus\/files\/2022\/06\/Cartaz-Ciclo-1086x1536.jpg 1086w, https:\/\/wp.ufpel.edu.br\/nemplus\/files\/2022\/06\/Cartaz-Ciclo-1448x2048.jpg 1448w\" sizes=\"(max-width: 1810px) 100vw, 1810px\" \/><\/p>\n","protected":false},"excerpt":{"rendered":"<p>Divulga\u00e7\u00e3o de Palestra: &#8220;Post-Yugoslav Reflections on Music, Politics, and War: What Have We Learned?&#8220; (Reflex\u00f5es p\u00f3s-jugoslavas sobre m\u00fasica, pol\u00edtica e guerra: O que temos aprendido). Palestra\u00a0virtual (em ingl\u00eas) com\u00a0Dr. Svanibor Pettan (Eslov\u00eania). Dr. Svanibor Pettan\u00a0\u00e9 atual diretor do\u00a0International Council for Traditional Music\u00a0(Conselho Internacional para a M\u00fasica Tradicional) organiza\u00e7\u00e3o que tem status consultivo como a UNESCO, [&hellip;]<\/p>\n","protected":false},"author":700,"featured_media":0,"parent":0,"menu_order":6,"comment_status":"closed","ping_status":"closed","template":"","meta":{"footnotes":""},"class_list":["post-24","page","type-page","status-publish","hentry"],"_links":{"self":[{"href":"https:\/\/wp.ufpel.edu.br\/nemplus\/wp-json\/wp\/v2\/pages\/24","targetHints":{"allow":["GET"]}}],"collection":[{"href":"https:\/\/wp.ufpel.edu.br\/nemplus\/wp-json\/wp\/v2\/pages"}],"about":[{"href":"https:\/\/wp.ufpel.edu.br\/nemplus\/wp-json\/wp\/v2\/types\/page"}],"author":[{"embeddable":true,"href":"https:\/\/wp.ufpel.edu.br\/nemplus\/wp-json\/wp\/v2\/users\/700"}],"replies":[{"embeddable":true,"href":"https:\/\/wp.ufpel.edu.br\/nemplus\/wp-json\/wp\/v2\/comments?post=24"}],"version-history":[{"count":7,"href":"https:\/\/wp.ufpel.edu.br\/nemplus\/wp-json\/wp\/v2\/pages\/24\/revisions"}],"predecessor-version":[{"id":636,"href":"https:\/\/wp.ufpel.edu.br\/nemplus\/wp-json\/wp\/v2\/pages\/24\/revisions\/636"}],"wp:attachment":[{"href":"https:\/\/wp.ufpel.edu.br\/nemplus\/wp-json\/wp\/v2\/media?parent=24"}],"curies":[{"name":"wp","href":"https:\/\/api.w.org\/{rel}","templated":true}]}}