{"id":217,"date":"2020-07-09T21:32:43","date_gmt":"2020-07-10T00:32:43","guid":{"rendered":"https:\/\/wp.ufpel.edu.br\/nemplus\/?page_id=217"},"modified":"2022-12-06T18:06:03","modified_gmt":"2022-12-06T21:06:03","slug":"atividades-e-eventos-2","status":"publish","type":"page","link":"https:\/\/wp.ufpel.edu.br\/nemplus\/atividades-e-eventos-2\/","title":{"rendered":"Atividades e Eventos"},"content":{"rendered":"<p>Nesta se\u00e7\u00e3o voc\u00ea encontrar\u00e1 atividades e eventos j\u00e1 realizados por membras e membros do NEMPLuS, mas tamb\u00e9m a divulga\u00e7\u00e3o de eventos futuros, tanto do N\u00facleo como de outras institui\u00e7\u00f5es.<\/p>\n<p><a href=\"https:\/\/wp.ufpel.edu.br\/nemplus\/atividades-e-eventos-2\/grupo-de-estudos\/\">Grupo de estudos<\/a><\/p>\n<p><a href=\"https:\/\/wp.ufpel.edu.br\/nemplus\/atividades-e-eventos-anteriores\/\">Atividades e Eventos anteriores (NEMPLuS)<\/a><\/p>\n<p><a href=\"https:\/\/wp.ufpel.edu.br\/nemplus\/divulgacao-de-eventos\/\">Divulga\u00e7\u00e3o de Eventos<\/a><\/p>\n<p><a href=\"https:\/\/wp.ufpel.edu.br\/nemplus\/certificados\/\">Certificados<\/a><\/p>\n<p>&nbsp;<\/p>\n","protected":false},"excerpt":{"rendered":"<p>Nesta se\u00e7\u00e3o voc\u00ea encontrar\u00e1 atividades e eventos j\u00e1 realizados por membras e membros do NEMPLuS, mas tamb\u00e9m a divulga\u00e7\u00e3o de eventos futuros, tanto do N\u00facleo como de outras institui\u00e7\u00f5es. Grupo de estudos Atividades e Eventos anteriores (NEMPLuS) Divulga\u00e7\u00e3o de Eventos Certificados &nbsp;<\/p>\n","protected":false},"author":700,"featured_media":0,"parent":0,"menu_order":0,"comment_status":"closed","ping_status":"closed","template":"","meta":{"footnotes":""},"class_list":["post-217","page","type-page","status-publish","hentry"],"_links":{"self":[{"href":"https:\/\/wp.ufpel.edu.br\/nemplus\/wp-json\/wp\/v2\/pages\/217","targetHints":{"allow":["GET"]}}],"collection":[{"href":"https:\/\/wp.ufpel.edu.br\/nemplus\/wp-json\/wp\/v2\/pages"}],"about":[{"href":"https:\/\/wp.ufpel.edu.br\/nemplus\/wp-json\/wp\/v2\/types\/page"}],"author":[{"embeddable":true,"href":"https:\/\/wp.ufpel.edu.br\/nemplus\/wp-json\/wp\/v2\/users\/700"}],"replies":[{"embeddable":true,"href":"https:\/\/wp.ufpel.edu.br\/nemplus\/wp-json\/wp\/v2\/comments?post=217"}],"version-history":[{"count":4,"href":"https:\/\/wp.ufpel.edu.br\/nemplus\/wp-json\/wp\/v2\/pages\/217\/revisions"}],"predecessor-version":[{"id":654,"href":"https:\/\/wp.ufpel.edu.br\/nemplus\/wp-json\/wp\/v2\/pages\/217\/revisions\/654"}],"wp:attachment":[{"href":"https:\/\/wp.ufpel.edu.br\/nemplus\/wp-json\/wp\/v2\/media?parent=217"}],"curies":[{"name":"wp","href":"https:\/\/api.w.org\/{rel}","templated":true}]}}