{"id":206,"date":"2020-07-09T21:11:56","date_gmt":"2020-07-10T00:11:56","guid":{"rendered":"https:\/\/wp.ufpel.edu.br\/nemplus\/?page_id=206"},"modified":"2022-04-07T12:18:58","modified_gmt":"2022-04-07T15:18:58","slug":"projetos-de-extensao","status":"publish","type":"page","link":"https:\/\/wp.ufpel.edu.br\/nemplus\/projetos-de-extensao\/","title":{"rendered":"Projetos de Extens\u00e3o"},"content":{"rendered":"<p>&nbsp;<\/p>\n<table width=\"0\">\n<tbody>\n<tr>\n<td style=\"text-align: center;\" colspan=\"3\" width=\"1001\"><strong>Projetos de Extens\u00e3o<\/strong><\/td>\n<\/tr>\n<tr>\n<td style=\"text-align: center;\" width=\"293\"><strong>T\u00edtulo do projeto<\/strong><\/td>\n<td style=\"text-align: center;\" width=\"444\"><strong>Descri\u00e7\u00e3o<\/strong><\/td>\n<td style=\"text-align: center;\" width=\"265\"><strong>Integrantes<\/strong><\/td>\n<\/tr>\n<tr>\n<td width=\"293\">\n<p>Projeto de Curadoria e Usos do Memorial da Kiss &#8211; Santa Maria RS<\/p>\n<p>(2019 \u2013 Atual)<\/p>\n<p>&nbsp;<\/td>\n<td width=\"444\">O projeto de implanta\u00e7\u00e3o do Memorial \u00e0s V\u00edtimas da Boate Kiss, em Santa Maria, RS, visa o desenvolvimento do espa\u00e7o expositivo do Memorial, que ir\u00e1 integrar espa\u00e7o arquitet\u00f4nico selecionado em 2017 em concurso, promovido pelo Instituto de Arquitetos do Brasil (IAB-RS), bem como propor sua miss\u00e3o e funcionamento. A proposta \u00e9 trabalhar conjuntamente com a Associa\u00e7\u00e3o das V\u00edtimas da Trag\u00e9dia de Santa Maria (AVTSM) para a realiza\u00e7\u00e3o desse projeto que ter\u00e1 um importante impacto na cidade e pa\u00eds. Quest\u00f5es como a forma de narrar a trag\u00e9dia e suas implica\u00e7\u00f5es no presente, os usos sociais do Memorial e sua fun\u00e7\u00e3o na cidade, norteiam o projeto como um todo. A proposta principal centra-se em, a partir do Memorial, tornar Santa Maria uma cidade amiga das juventudes, dentro da perspectiva de uma cidade educadora, convertendo os efeitos perversos da trag\u00e9dia, como a perda de vidas humanas, em um recurso para trabalhar a consci\u00eancia a respeito do valor da vida, e um conjunto de a\u00e7\u00f5es articuladas com pol\u00edticas p\u00fablicas de juventudes.<\/td>\n<td width=\"265\">Juliane Concei\u00e7\u00e3o Primon Serres (coordenadora); Maria Leticia Mazzucchi Ferreira; Dani Marin A Rangel; Virginia Susana Vecchioli (UFSM);<\/td>\n<\/tr>\n<\/tbody>\n<\/table>\n<p>&nbsp;<\/p>\n","protected":false},"excerpt":{"rendered":"<p>&nbsp; Projetos de Extens\u00e3o T\u00edtulo do projeto Descri\u00e7\u00e3o Integrantes Projeto de Curadoria e Usos do Memorial da Kiss &#8211; Santa Maria RS (2019 \u2013 Atual) &nbsp; O projeto de implanta\u00e7\u00e3o do Memorial \u00e0s V\u00edtimas da Boate Kiss, em Santa Maria, RS, visa o desenvolvimento do espa\u00e7o expositivo do Memorial, que ir\u00e1 integrar espa\u00e7o arquitet\u00f4nico selecionado [&hellip;]<\/p>\n","protected":false},"author":700,"featured_media":0,"parent":0,"menu_order":0,"comment_status":"closed","ping_status":"closed","template":"","meta":{"footnotes":""},"class_list":["post-206","page","type-page","status-publish","hentry"],"_links":{"self":[{"href":"https:\/\/wp.ufpel.edu.br\/nemplus\/wp-json\/wp\/v2\/pages\/206","targetHints":{"allow":["GET"]}}],"collection":[{"href":"https:\/\/wp.ufpel.edu.br\/nemplus\/wp-json\/wp\/v2\/pages"}],"about":[{"href":"https:\/\/wp.ufpel.edu.br\/nemplus\/wp-json\/wp\/v2\/types\/page"}],"author":[{"embeddable":true,"href":"https:\/\/wp.ufpel.edu.br\/nemplus\/wp-json\/wp\/v2\/users\/700"}],"replies":[{"embeddable":true,"href":"https:\/\/wp.ufpel.edu.br\/nemplus\/wp-json\/wp\/v2\/comments?post=206"}],"version-history":[{"count":3,"href":"https:\/\/wp.ufpel.edu.br\/nemplus\/wp-json\/wp\/v2\/pages\/206\/revisions"}],"predecessor-version":[{"id":560,"href":"https:\/\/wp.ufpel.edu.br\/nemplus\/wp-json\/wp\/v2\/pages\/206\/revisions\/560"}],"wp:attachment":[{"href":"https:\/\/wp.ufpel.edu.br\/nemplus\/wp-json\/wp\/v2\/media?parent=206"}],"curies":[{"name":"wp","href":"https:\/\/api.w.org\/{rel}","templated":true}]}}