{"id":203,"date":"2020-07-09T21:10:48","date_gmt":"2020-07-10T00:10:48","guid":{"rendered":"https:\/\/wp.ufpel.edu.br\/nemplus\/?page_id=203"},"modified":"2022-04-07T12:22:10","modified_gmt":"2022-04-07T15:22:10","slug":"projetos-de-pesquisa","status":"publish","type":"page","link":"https:\/\/wp.ufpel.edu.br\/nemplus\/projetos-de-pesquisa\/","title":{"rendered":"Projetos de Pesquisa"},"content":{"rendered":"<p>&nbsp;<\/p>\n<table style=\"height: 3994px;\" width=\"826\">\n<tbody>\n<tr style=\"height: 24px;\">\n<td style=\"text-align: center; width: 816px; height: 24px;\" colspan=\"3\"><strong>Projetos de Pesquisa<\/strong><\/td>\n<\/tr>\n<tr style=\"height: 24px;\">\n<td style=\"text-align: center; width: 240.297px; height: 24px;\"><strong>T\u00edtulo do projeto<\/strong><\/td>\n<td style=\"text-align: center; width: 345.422px; height: 24px;\"><strong>Descri\u00e7\u00e3o<\/strong><\/td>\n<td style=\"text-align: center; width: 218.281px; height: 24px;\"><strong>Integrantes<\/strong><\/td>\n<\/tr>\n<tr style=\"height: 312px;\">\n<td style=\"width: 240.297px; height: 312px;\">\n<p>Patrimonializa\u00e7\u00e3o da dor: o Memorial da Boate Kiss<\/p>\n<p>(2018 &#8211; Atual)<\/td>\n<td style=\"width: 345.422px; height: 312px;\">Esse projeto pretende analisar as discuss\u00f5es entorno da patrimonializa\u00e7\u00e3o da trag\u00e9dia da boate Kiss em Santa Maria, RS. Ocorrida em 27 de janeiro de 2013, o inc\u00eandio levou \u00e0 morte de 242 pessoas e deixou mais de 600 feridos. O processo de registro memorial iniciou logo ap\u00f3s o evento traum\u00e1tico e se caraterizou por diferentes a\u00e7\u00f5es p\u00fablicas agenciadas pela Associa\u00e7\u00e3o de V\u00edtimas da Trag\u00e9dia da Boate Kiss. O projeto em quest\u00e3o visa recuperar as formas memoriais com \u00eanfase no processo de concep\u00e7\u00e3o arquitet\u00f4nica e expogr\u00e1fica do Memorial da boate Kiss.<\/td>\n<td style=\"width: 218.281px; height: 312px;\">Juliane Concei\u00e7\u00e3o Primon Serres (coordenadora); Maria Leticia Mazzucchi Ferreira; Virginia Vecchiolli (UFSM); Darlan De Mamann Marchi; Dani Marin A Rangel; Leonardo Monteiro Alves.<\/td>\n<\/tr>\n<tr style=\"height: 624px;\">\n<td style=\"width: 240.297px; height: 624px;\">Hospital Col\u00f4nia Itapu\u00e3: Mem\u00f3ria e patrim\u00f4nio em debate<\/td>\n<td style=\"width: 345.422px; height: 624px;\">O projeto prop\u00f5e discutir a import\u00e2ncia patrimonial do Hospital Col\u00f4nia Itapu\u00e3, lepros\u00e1rio constru\u00eddo em 1940 no munic\u00edpio de Viam\u00e3o, Rio Grande do Sul. O hospital encontra-se em processo de desativa\u00e7\u00e3o e h\u00e1 uma preocupa\u00e7\u00e3o relativa \u00e0 preserva\u00e7\u00e3o de sua mem\u00f3ria, bem como quanto sua import\u00e2ncia enquanto poss\u00edvel local a ser patrimonializado.<\/td>\n<td style=\"width: 218.281px; height: 624px;\">Juliane Concei\u00e7\u00e3o Primon Serres (coordenadora); Daniele Borges Bezerra.<\/td>\n<\/tr>\n<tr style=\"height: 240px;\">\n<td style=\"width: 240.297px; height: 240px;\">\n<p>Museus de mem\u00f3ria no MERCOSUL: dilemas e conflitos sobre a representa\u00e7\u00e3o do passado (2013 \u2013 Atual)<\/p>\n<p>&nbsp;<\/td>\n<td style=\"width: 345.422px; height: 240px;\">Esse projeto visa recuperar as trajet\u00f3rias de Museus de mem\u00f3ria no espa\u00e7o pol\u00edtico do MERCOSUL, conhecer suas inser\u00e7\u00f5es (ou n\u00e3o) nos debates atuais sobre viol\u00eancia e Direitos Humanos, refletir sobre as formas comunicacionais adotadas, conhecer a recep\u00e7\u00e3o e resson\u00e2ncias desses museus no p\u00fablico visitante.<\/td>\n<td style=\"width: 218.281px; height: 240px;\">\n<p>Maria Leticia Mazzucchi Ferreira (coordenadora); Juliane Concei\u00e7\u00e3o Primon Serres; Rita Juliana Poloni; Darlan De Mamann Marchi; Carolina Nogueira; Leonardo Monteiro Alves;<\/p>\n<p>&nbsp;<\/td>\n<\/tr>\n<tr style=\"height: 816px;\">\n<td style=\"width: 240.297px; height: 816px;\">\n<p>Patrim\u00f4nio em lugares de sofrimento: os dilemas da transmiss\u00e3o<\/p>\n<p>(2018 \u2013 Atual)<\/td>\n<td style=\"width: 345.422px; height: 816px;\">A pesquisa intitulada Patrim\u00f4nios em lugares de sofrimento: os dilemas da transmiss\u00e3o, \u00e9 um desdobramento de um projeto maior acerca dos Museus de Mem\u00f3ria. O processo de constitui\u00e7\u00e3o destes museus ancora-se em compreens\u00f5es mais amplas da mem\u00f3ria e patrim\u00f4nio. Nessa perspectiva, em base \u00e0s reflex\u00f5es sobre a forma como os museus de mem\u00f3ria operam na constru\u00e7\u00e3o de narrativas sobre um passado dif\u00edcil de transmitir, \u00e9 que o projeto aqui apresentado \u00e9 uma deriva\u00e7\u00e3o e, ao mesmo tempo, um novo campo de an\u00e1lise, voltando-se a analisar os processos de patrimonializa\u00e7\u00e3o e gest\u00e3o do que se entende por patrim\u00f4nios dif\u00edceis, representados, para fins dessa pesquisa, como aqueles associados aos processos pol\u00edticos de viol\u00eancia, aos espa\u00e7os de interna\u00e7\u00e3o e isolamento e lugares sede de eventos traum\u00e1ticos. No primeiro eixo est\u00e3o os processos de patrimonializa\u00e7\u00e3o de lugares que foram palco da viol\u00eancia pol\u00edtica que caracterizou a \u00faltima ditadura c\u00edvico-militar brasileira (1964-1985), identificados como centros de deten\u00e7\u00e3o de presos pol\u00edticos e pr\u00e1ticas de tortura: Ilha das Pedras Brancas\/Ilha do Pres\u00eddio no Rio Gua\u00edba e o Centro de Mem\u00f3ria IcoLisboa, em Porto Alegre. No segundo eixo ser\u00e1 analisado o processo patrimonial referente \u00e0s edifica\u00e7\u00f5es centen\u00e1rias do Hospital Psiqui\u00e1trico S\u00e3o Pedro, em Porto Alegre. No terceiro eixo a investiga\u00e7\u00e3o ser\u00e1 voltada ao processo de patrimonializa\u00e7\u00e3o e convers\u00e3o em memorial da Boate Kiss, em Santa Maria.<\/td>\n<td style=\"width: 218.281px; height: 816px;\">Maria Leticia Mazzucchi Ferreira (coordenadora); Dani Marin Amparo Rangel; Juliane C Primon Serres; Darlan de Mamann Marchi; Leonardo Alves Monteiro.<\/td>\n<\/tr>\n<tr style=\"height: 624px;\">\n<td style=\"width: 240.297px; height: 624px;\">\n<p>Turismo em s\u00edtios de mem\u00f3ria: riscos e desafios<\/p>\n<p>(2018 \u2013 Atual)<\/p>\n<p>&nbsp;<\/td>\n<td style=\"width: 345.422px; height: 624px;\">Este projeto visa dar continuidade ao trabalho de pesquisa iniciado em 2014 sobre a g\u00eanese, recep\u00e7\u00e3o e p\u00fablico dos Museus de mem\u00f3ria latino-americanos, que por sua vez foi um desdobramento de projeto apresentado em 2011 sobre museus e comunidades. No atual projeto buscar-se-\u00e1 investigar os impactos da inscri\u00e7\u00e3o de museus de mem\u00f3ria no cen\u00e1rio urbano como pontos tur\u00edsticos, e as rela\u00e7\u00f5es que interp\u00f5em no espa\u00e7o social no qual est\u00e3o inseridos, tendo como universo de pesquisa museus de mem\u00f3ria e memoriais no cen\u00e1rio latinoamericano. A pesquisa tem por objetivo compreender e avaliar os impactos da inscri\u00e7\u00e3o de museus de mem\u00f3ria no cen\u00e1rio urbano como pontos tur\u00edsticos, analisando as rela\u00e7\u00f5es que interp\u00f5em no espa\u00e7o social no qual est\u00e3o inseridos. Ser\u00e3o analisadas tr\u00eas categoriais de institui\u00e7\u00f5es museol\u00f3gicas: Museus implantados em lugares que foram sede de acontecimentos associados \u00e0 viol\u00eancia; Museus que tematizam a viol\u00eancia, em todas as suas formas e express\u00f5es, sem necessariamente estarem associados a um evento hist\u00f3rico em particular; Museus articulados sobre processos espec\u00edficos de viol\u00eancia do passado e ainda em curso.<\/td>\n<td style=\"width: 218.281px; height: 624px;\">Maria Leticia Mazzucchi Ferreira (coordenadora); Darlan de Mamann Marchi; Rita Juliana Soares Poloni; Eduardo Knack; Guilherme Ribeiro Corr\u00eaa.<\/td>\n<\/tr>\n<tr style=\"height: 648px;\">\n<td style=\"width: 240.297px; height: 648px;\">\n<p>Levantamento e sistematiza\u00e7\u00e3o de dados sobre museus de mem\u00f3ria na am\u00e9rica latina e anglo-sax\u00f4nica<\/p>\n<p>(2018 \u2013 Atual)<\/p>\n<p>&nbsp;<\/td>\n<td style=\"width: 345.422px; height: 648px;\">Descri\u00e7\u00e3o: \u00c9 poss\u00edvel observar no cen\u00e1rio mundial a prolifera\u00e7\u00e3o de inscri\u00e7\u00f5es memoriais na paisagem urbana, tais como s\u00edtios de consci\u00eancia, monumentos, memoriais, museus e outras institui\u00e7\u00f5es voltadas \u00e0 divulga\u00e7\u00e3o de mem\u00f3rias relacionadas a processos traum\u00e1ticos coletivos, sobretudo aqueles relacionados com os regimes pol\u00edticos caracterizados pelo terrorismo de Estado e viola\u00e7\u00f5es de Direitos Humanos, tais como as ditaduras latino- americanas das \u00faltimas quatro d\u00e9cadas. A busca pela verdade e o sentido da mem\u00f3ria como justi\u00e7a e repara\u00e7\u00e3o, s\u00e3o princ\u00edpios organizadores destas institui\u00e7\u00f5es que est\u00e3o no centro de pol\u00edticas levadas a termo pelas agendas governamentais. Processos de patrimonializa\u00e7\u00e3o e musealiza\u00e7\u00e3o de lugares como centros de deten\u00e7\u00e3o. Conforme aponta Paul Williams (2007), a Segunda Guerra Mundial, ao introduzir a categoria de exterm\u00ednio em massa, gerou novas formas memoriais materializadas em espa\u00e7os dedicados \u00e0s v\u00edtimas, a exemplo do Museu da Paz em Hiroshima (1955) como espa\u00e7o de celebra\u00e7\u00e3o da mem\u00f3ria da explos\u00e3o da bomba at\u00f4mica e o Yad Vashem (1953) em Jerusl\u00e9m, como lugar da mem\u00f3ria do Holocausto.<\/td>\n<td style=\"width: 218.281px; height: 648px;\">Maria Let\u00edcia Mazzucchi Ferreira (coordenadora); Rita Juliana Soares Poloni; Juliane Concei\u00e7\u00e3o Primon Serres; Mariana Boujadi Silva; Jose Andreas Curbelo; Carolina Gomes Nogueira.<\/td>\n<\/tr>\n<tr style=\"height: 576px;\">\n<td style=\"width: 240.297px; height: 576px;\">\n<p>Arqueologia, mem\u00f3rias, patrim\u00f4nios e ditaduras: perspectivas comparadas<\/p>\n<p>(2016 \u2013 Atual)<\/td>\n<td style=\"width: 345.422px; height: 576px;\">O presente projeto de investiga\u00e7\u00e3o visa a perceber as rela\u00e7\u00f5es entre a produ\u00e7\u00e3o cient\u00edfica em Arqueologia e suas conex\u00f5es com a Mem\u00f3ria Social e com os discursos patrimoniais no interior dos quais emerge e em rela\u00e7\u00e3o aos quais interage, em contextos de governos autorit\u00e1rios e em perspectiva comparada (nacional e internacional). Em di\u00e1logo com o universo te\u00f3rico da Antropologia da Ci\u00eancia buscar-se-\u00e1 demarcar as redes humanas da produ\u00e7\u00e3o cient\u00edfica, compreendendo o contexto pol\u00edtico e social espec\u00edfico em que se (re)constroem tais discursos memoriais e patrimoniais. Buscar-se-\u00e1 tamb\u00e9m retroceder \u00e0s condi\u00e7\u00f5es de produ\u00e7\u00e3o da ci\u00eancia em an\u00e1lise com o intuito de perceber o seu pr\u00f3prio processo produtivo, pondo em destaque mem\u00f3rias subterr\u00e2neas e patrim\u00f4nios relacionados a atores silenciados. Finalmente, procurar-se-\u00e1 perspectivar as diferentes redes estabelecidas no interior dos contextos nacionais e internacionais pertinentes em sua rela\u00e7\u00e3o com a sua respectiva produ\u00e7\u00e3o arqueol\u00f3gica como forma de demarcar as aproxima\u00e7\u00f5es e distanciamentos entre esses contextos.<\/td>\n<td style=\"width: 218.281px; height: 576px;\">\n<p>Rita Juliana Soares Poloni (coordenadora); Juliane Concei\u00e7\u00e3o Primon Serres; Maria Leticia Mazzucchi Ferreira.<\/p>\n<p>&nbsp;<\/td>\n<\/tr>\n<tr style=\"height: 192px;\">\n<td style=\"width: 240.297px; height: 192px;\">\n<p>&nbsp;<\/p>\n<p>&nbsp;<\/td>\n<td style=\"width: 345.422px; height: 192px;\"><\/td>\n<td style=\"width: 218.281px; height: 192px;\"><\/td>\n<\/tr>\n<\/tbody>\n<\/table>\n<p>&nbsp;<\/p>\n","protected":false},"excerpt":{"rendered":"<p>&nbsp; Projetos de Pesquisa T\u00edtulo do projeto Descri\u00e7\u00e3o Integrantes Patrimonializa\u00e7\u00e3o da dor: o Memorial da Boate Kiss (2018 &#8211; Atual) Esse projeto pretende analisar as discuss\u00f5es entorno da patrimonializa\u00e7\u00e3o da trag\u00e9dia da boate Kiss em Santa Maria, RS. Ocorrida em 27 de janeiro de 2013, o inc\u00eandio levou \u00e0 morte de 242 pessoas e deixou [&hellip;]<\/p>\n","protected":false},"author":700,"featured_media":0,"parent":0,"menu_order":0,"comment_status":"closed","ping_status":"closed","template":"","meta":{"footnotes":""},"class_list":["post-203","page","type-page","status-publish","hentry"],"_links":{"self":[{"href":"https:\/\/wp.ufpel.edu.br\/nemplus\/wp-json\/wp\/v2\/pages\/203","targetHints":{"allow":["GET"]}}],"collection":[{"href":"https:\/\/wp.ufpel.edu.br\/nemplus\/wp-json\/wp\/v2\/pages"}],"about":[{"href":"https:\/\/wp.ufpel.edu.br\/nemplus\/wp-json\/wp\/v2\/types\/page"}],"author":[{"embeddable":true,"href":"https:\/\/wp.ufpel.edu.br\/nemplus\/wp-json\/wp\/v2\/users\/700"}],"replies":[{"embeddable":true,"href":"https:\/\/wp.ufpel.edu.br\/nemplus\/wp-json\/wp\/v2\/comments?post=203"}],"version-history":[{"count":4,"href":"https:\/\/wp.ufpel.edu.br\/nemplus\/wp-json\/wp\/v2\/pages\/203\/revisions"}],"predecessor-version":[{"id":563,"href":"https:\/\/wp.ufpel.edu.br\/nemplus\/wp-json\/wp\/v2\/pages\/203\/revisions\/563"}],"wp:attachment":[{"href":"https:\/\/wp.ufpel.edu.br\/nemplus\/wp-json\/wp\/v2\/media?parent=203"}],"curies":[{"name":"wp","href":"https:\/\/api.w.org\/{rel}","templated":true}]}}