{"id":19,"date":"2020-05-10T23:37:24","date_gmt":"2020-05-11T02:37:24","guid":{"rendered":"https:\/\/wp.ufpel.edu.br\/nemplus\/?page_id=19"},"modified":"2020-07-09T21:04:06","modified_gmt":"2020-07-10T00:04:06","slug":"trabalhos-publicados","status":"publish","type":"page","link":"https:\/\/wp.ufpel.edu.br\/nemplus\/trabalhos-publicados\/","title":{"rendered":"Produ\u00e7\u00e3o"},"content":{"rendered":"<p>Nesta se\u00e7\u00e3o voc\u00ea encontrar\u00e1 as produ\u00e7\u00f5es acad\u00eamicas de membras e membros do NEMPLuS, assim como as produ\u00e7\u00e3o de autores externos ao n\u00facleo que tamb\u00e9m investigam\u00a0os processos memoriais e patrimonializantes, envolvendo lugares (f\u00edsicos e simb\u00f3licos) que possuem significado traum\u00e1tico para um grupo ou comunidades.<\/p>\n<p><a href=\"https:\/\/wp.ufpel.edu.br\/nemplus\/producao-interna-nemplus\/\">Produ\u00e7\u00e3o Interna (NEMPLuS)<\/a><\/p>\n<p><a href=\"https:\/\/wp.ufpel.edu.br\/nemplus\/producao-externa\/\">Produ\u00e7\u00e3o Externa<\/a><\/p>\n<p>&nbsp;<\/p>\n<p>&nbsp;<\/p>\n","protected":false},"excerpt":{"rendered":"<p>Nesta se\u00e7\u00e3o voc\u00ea encontrar\u00e1 as produ\u00e7\u00f5es acad\u00eamicas de membras e membros do NEMPLuS, assim como as produ\u00e7\u00e3o de autores externos ao n\u00facleo que tamb\u00e9m investigam\u00a0os processos memoriais e patrimonializantes, envolvendo lugares (f\u00edsicos e simb\u00f3licos) que possuem significado traum\u00e1tico para um grupo ou comunidades. Produ\u00e7\u00e3o Interna (NEMPLuS) Produ\u00e7\u00e3o Externa &nbsp; &nbsp;<\/p>\n","protected":false},"author":700,"featured_media":0,"parent":0,"menu_order":4,"comment_status":"closed","ping_status":"closed","template":"","meta":{"footnotes":""},"class_list":["post-19","page","type-page","status-publish","hentry"],"_links":{"self":[{"href":"https:\/\/wp.ufpel.edu.br\/nemplus\/wp-json\/wp\/v2\/pages\/19","targetHints":{"allow":["GET"]}}],"collection":[{"href":"https:\/\/wp.ufpel.edu.br\/nemplus\/wp-json\/wp\/v2\/pages"}],"about":[{"href":"https:\/\/wp.ufpel.edu.br\/nemplus\/wp-json\/wp\/v2\/types\/page"}],"author":[{"embeddable":true,"href":"https:\/\/wp.ufpel.edu.br\/nemplus\/wp-json\/wp\/v2\/users\/700"}],"replies":[{"embeddable":true,"href":"https:\/\/wp.ufpel.edu.br\/nemplus\/wp-json\/wp\/v2\/comments?post=19"}],"version-history":[{"count":7,"href":"https:\/\/wp.ufpel.edu.br\/nemplus\/wp-json\/wp\/v2\/pages\/19\/revisions"}],"predecessor-version":[{"id":199,"href":"https:\/\/wp.ufpel.edu.br\/nemplus\/wp-json\/wp\/v2\/pages\/19\/revisions\/199"}],"wp:attachment":[{"href":"https:\/\/wp.ufpel.edu.br\/nemplus\/wp-json\/wp\/v2\/media?parent=19"}],"curies":[{"name":"wp","href":"https:\/\/api.w.org\/{rel}","templated":true}]}}