{"id":16,"date":"2020-05-10T23:36:31","date_gmt":"2020-05-11T02:36:31","guid":{"rendered":"https:\/\/wp.ufpel.edu.br\/nemplus\/?page_id=16"},"modified":"2020-07-09T21:16:11","modified_gmt":"2020-07-10T00:16:11","slug":"projetos","status":"publish","type":"page","link":"https:\/\/wp.ufpel.edu.br\/nemplus\/projetos\/","title":{"rendered":"Projetos"},"content":{"rendered":"<p>Nesta se\u00e7\u00e3o voc\u00ea ter\u00e1 acesso aos projetos que o NEMPLuS est\u00e1 envolvido.<\/p>\n<p><a href=\"https:\/\/wp.ufpel.edu.br\/nemplus\/projetos-de-pesquisa\/\">Projetos de Pesquisa<\/a><\/p>\n<p><a href=\"https:\/\/wp.ufpel.edu.br\/nemplus\/projetos-de-extensao\/\">Projetos de Extens\u00e3o<\/a><\/p>\n<p>&nbsp;<\/p>\n","protected":false},"excerpt":{"rendered":"<p>Nesta se\u00e7\u00e3o voc\u00ea ter\u00e1 acesso aos projetos que o NEMPLuS est\u00e1 envolvido. Projetos de Pesquisa Projetos de Extens\u00e3o &nbsp;<\/p>\n","protected":false},"author":700,"featured_media":0,"parent":0,"menu_order":3,"comment_status":"closed","ping_status":"closed","template":"","meta":{"footnotes":""},"class_list":["post-16","page","type-page","status-publish","hentry"],"_links":{"self":[{"href":"https:\/\/wp.ufpel.edu.br\/nemplus\/wp-json\/wp\/v2\/pages\/16","targetHints":{"allow":["GET"]}}],"collection":[{"href":"https:\/\/wp.ufpel.edu.br\/nemplus\/wp-json\/wp\/v2\/pages"}],"about":[{"href":"https:\/\/wp.ufpel.edu.br\/nemplus\/wp-json\/wp\/v2\/types\/page"}],"author":[{"embeddable":true,"href":"https:\/\/wp.ufpel.edu.br\/nemplus\/wp-json\/wp\/v2\/users\/700"}],"replies":[{"embeddable":true,"href":"https:\/\/wp.ufpel.edu.br\/nemplus\/wp-json\/wp\/v2\/comments?post=16"}],"version-history":[{"count":6,"href":"https:\/\/wp.ufpel.edu.br\/nemplus\/wp-json\/wp\/v2\/pages\/16\/revisions"}],"predecessor-version":[{"id":78,"href":"https:\/\/wp.ufpel.edu.br\/nemplus\/wp-json\/wp\/v2\/pages\/16\/revisions\/78"}],"wp:attachment":[{"href":"https:\/\/wp.ufpel.edu.br\/nemplus\/wp-json\/wp\/v2\/media?parent=16"}],"curies":[{"name":"wp","href":"https:\/\/api.w.org\/{rel}","templated":true}]}}