{"id":122,"date":"2020-06-08T12:26:17","date_gmt":"2020-06-08T15:26:17","guid":{"rendered":"https:\/\/wp.ufpel.edu.br\/nemplus\/?page_id=122"},"modified":"2023-05-10T19:22:52","modified_gmt":"2023-05-10T22:22:52","slug":"equipo","status":"publish","type":"page","link":"https:\/\/wp.ufpel.edu.br\/nemplus\/es\/equipo\/","title":{"rendered":"Equipo"},"content":{"rendered":"<h4>Profesoras Coordinadoras<\/h4>\n<p>Maria Leticia Mazzucchi Ferreira. Profesora Titular de la Universidad Federal de Pelotas. Doctora en Historia. Becaria de Productividad en Investigaci\u00f3n del CNPq.\u00a0 CV: http:\/\/lattes.cnpq.br\/0755000112345375<\/p>\n<p>Juliane Concei\u00e7\u00e3o Primon Serres: Profesora Adjunta de la Universidad Federal de Pelotas. Doctora en Historia. CV: http:\/\/lattes.cnpq.br\/2795821152828459<\/p>\n<p>Rita Juliana Soares Poloni: Profesora Substituta de la Universidad Federal de Pelotas. Investigadora postdoctoral. Doctora en Historia de la Arqueolog\u00eda de la Universidad de Algarve, Portugal. CV: http:\/\/lattes.cnpq.br\/8886049514435487<\/p>\n<h4>Participantes<\/h4>\n<p>Carolina Gomes Nogueira. Doctoranda en Memoria Social y Patrimonio Cultural de la Universidad Federal de Pelotas. Muse\u00f3loga egresada de la misma Universidad. CV: http:\/\/lattes.cnpq.br\/3544280310042130<\/p>\n<p>Dani Marin Amparo Rangel: Doctoranda em Memoria Social y Patrimonio Cultural de la Universidad Federal de Pelotas. Muse\u00f3loga egresada de la misma Universidad. CV: http:\/\/lattes.cnpq.br\/2755050568165557<\/p>\n<p>Fernando Ermiro da Silva. Doctorando en Memoria Social y Patrimonio Cultural de la Universidad Federal de Pelotas.<\/p>\n<p>Giovane Rodrigues Jardim. Doctorando en Memoria Social y Patrimonio Cultural de la Universidad Federal de Pelotas.<\/p>\n<p>Isabel Cristina Bernal Vinasco. Doctoranda en Memoria Social y Patrimonio Cultural de la Universidad Federal de Pelotas. Profesora de c\u00e1tedra de la Universidad de Antioquia, Colombia. CV:<\/p>\n<p>Jaime Alberto Bornacelly Castro. Doctorando en Memoria Social y Patrimonio Cultural de la Universidad Federal de Pelotas. Profesor de c\u00e1tedra de la Universidad de Antioquia, Colombia. CV:\u00a0 http:\/\/lattes.cnpq.br\/5308716963713416<\/p>\n<p>Mayk Lenno Henrique Lima. Mag\u00edster en Memoria Social y Patrimonio Cultural de la Universidad Federal de Pelotas. Arquitecto y Urbanista del Centro Universitario Cat\u00f3lico de Quixad\u00e1. CV: http:\/\/lattes.cnpq.br\/1328072582239192<\/p>\n<p>Neide Alessandra Vaz Ritter Quevedo. Estudiante de maestr\u00eda en Memoria Social y Patrimonio Cultural de la Universidad Federal de Pelotas.<\/p>\n<p>Priscila Chagas Oliveira. Doctoranda en Memoria Social y Patrimonio Cultural de la Universidad Federal de Pelotas. CV: http:\/\/lattes.cnpq.br\/6851194114095378<\/p>\n<p>Ren\u00e1n Harmes de Aquino Eskinazi. Estudiante de Maestr\u00eda en Psicolog\u00eda en el Programa de Posgrado en Psicolog\u00eda de la Universidad Federal de Pernambuco.<\/p>\n<h4><\/h4>\n<h4>Participantes inactivos<\/h4>\n<p>Daniele Borges Bezerra. Profesora substituta de la Universidad Federal de Pelotas. Investigadora postdoctoral. Doctora en Memoria Social y Patrimonio Cultural de la UFPel. CV: http:\/\/lattes.cnpq.br\/0831071373455034<\/p>\n<p>Darlan de Mamann Marchi: Profesor Substituto de la Universidad Federal de Pelotas. Investigador postdoctoral. Doctor en Memoria Social y Patrimonio Cultural de la UFPel. CV: http:\/\/lattes.cnpq.br\/8197594647849111<\/p>\n<p>Luciana de Castro Neves Costa. Investigadora postdoctoral. Doctora en Memoria Social y Patrimonio Cultural de la Universidad Federal de Pelotas. CV: http:\/\/lattes.cnpq.br\/4278326282520461<\/p>\n<p>Olivia Silva Nery. Investigadora postdoctoral. Doctora en Memoria Social y Patrimonio Cultural de la Universidad Federal de Pelotas. CV: http:\/\/lattes.cnpq.br\/3730601375284122<\/p>\n","protected":false},"excerpt":{"rendered":"<p>Profesoras Coordinadoras Maria Leticia Mazzucchi Ferreira. Profesora Titular de la Universidad Federal de Pelotas. Doctora en Historia. Becaria de Productividad en Investigaci\u00f3n del CNPq.\u00a0 CV: http:\/\/lattes.cnpq.br\/0755000112345375 Juliane Concei\u00e7\u00e3o Primon Serres: Profesora Adjunta de la Universidad Federal de Pelotas. Doctora en Historia. CV: http:\/\/lattes.cnpq.br\/2795821152828459 Rita Juliana Soares Poloni: Profesora Substituta de la Universidad Federal de Pelotas. [&hellip;]<\/p>\n","protected":false},"author":700,"featured_media":0,"parent":0,"menu_order":2,"comment_status":"closed","ping_status":"closed","template":"","meta":{"footnotes":""},"class_list":["post-122","page","type-page","status-publish","hentry"],"_links":{"self":[{"href":"https:\/\/wp.ufpel.edu.br\/nemplus\/wp-json\/wp\/v2\/pages\/122","targetHints":{"allow":["GET"]}}],"collection":[{"href":"https:\/\/wp.ufpel.edu.br\/nemplus\/wp-json\/wp\/v2\/pages"}],"about":[{"href":"https:\/\/wp.ufpel.edu.br\/nemplus\/wp-json\/wp\/v2\/types\/page"}],"author":[{"embeddable":true,"href":"https:\/\/wp.ufpel.edu.br\/nemplus\/wp-json\/wp\/v2\/users\/700"}],"replies":[{"embeddable":true,"href":"https:\/\/wp.ufpel.edu.br\/nemplus\/wp-json\/wp\/v2\/comments?post=122"}],"version-history":[{"count":8,"href":"https:\/\/wp.ufpel.edu.br\/nemplus\/wp-json\/wp\/v2\/pages\/122\/revisions"}],"predecessor-version":[{"id":715,"href":"https:\/\/wp.ufpel.edu.br\/nemplus\/wp-json\/wp\/v2\/pages\/122\/revisions\/715"}],"wp:attachment":[{"href":"https:\/\/wp.ufpel.edu.br\/nemplus\/wp-json\/wp\/v2\/media?parent=122"}],"curies":[{"name":"wp","href":"https:\/\/api.w.org\/{rel}","templated":true}]}}