{"id":119,"date":"2020-06-08T12:24:05","date_gmt":"2020-06-08T15:24:05","guid":{"rendered":"https:\/\/wp.ufpel.edu.br\/nemplus\/?page_id=119"},"modified":"2023-05-10T19:23:32","modified_gmt":"2023-05-10T22:23:32","slug":"team","status":"publish","type":"page","link":"https:\/\/wp.ufpel.edu.br\/nemplus\/en\/team\/","title":{"rendered":"Team"},"content":{"rendered":"<h4>Faculty Coordinators<\/h4>\n<p>Maria Leticia Mazzucchi Ferreira. Professor of the Federal University of Pelotas. Ph.D. en History. Research scholarship recipient of CNPq.\u00a0 CV: http:\/\/lattes.cnpq.br\/0755000112345375<\/p>\n<p>Juliane Concei\u00e7\u00e3o Primon Serres: Adjunct Professor of the Federal University of Pelotas. Ph.D. in History. CV: http:\/\/lattes.cnpq.br\/2795821152828459<\/p>\n<p>Rita Juliana Soares Poloni: Substitute Professor of the Federal University of Pelotas. Postdoctoral researcher. Ph.D. in History of Archaeology \u2013 University of Algarve, Portugal. CV: http:\/\/lattes.cnpq.br\/8886049514435487<\/p>\n<h4>Participants:<\/h4>\n<p>Carolina Gomes Nogueira. Doctoral student in Social Memory and Cultural Heritage of the Federal University of Pelotas. Undergraduate degree in Museum Sciences &#8211; UFPel. CV: http:\/\/lattes.cnpq.br\/3544280310042130<\/p>\n<p>Dani Marin Amparo Rangel. Doctoral student in Social Memory and Cultural Heritage of the Federal University of Pelotas. Undergraduate degree in Museum Sciences &#8211; UFPel. CV: http:\/\/lattes.cnpq.br\/2755050568165557<\/p>\n<p>Fernando Emiro da Silva. Doctoral student in Social Memory and Cultural Heritage of the Federal University of Pelotas.<\/p>\n<p>Giovane Rodrigues Jardim. Doctoral student in Social Memory and Cultural Heritage of the Federal University of Pelotas.<\/p>\n<p>Isabel Cristina Bernal Vinasco. Doctoral student in Social Memory and Cultural Heritage of the Federal University of Pelotas. Adjunct professor of the University of Antioquia, Colombia. CV:<\/p>\n<p>Jaime Alberto Bornacelly Castro. Doctoral student in Social Memory and Cultural Heritage of the Federal University of Pelotas. Adjunct professor of the University of Antioquia, Colombia. CV: http:\/\/lattes.cnpq.br\/5308716963713416<\/p>\n<p>Mayk Lenno Henrique Lima. Masters in Social Memory and Cultural Heritage of the Federal University of Pelotas. Degree in Architecture and Urban Design &#8211; Centro Universit\u00e1rio Cat\u00f3lica de Quixad\u00e1. CV: http:\/\/lattes.cnpq.br\/1328072582239192<\/p>\n<p>Neide Alessandra Vaz Ritter Quevedo. Master&#8217;s student in Social Memory and Cultural Heritage of the Federal University of Pelotas.<\/p>\n<p>Priscila Chagas Oliveira. Doctoral student in Social Memory and Cultural Heritage of the Federal University of Pelotas. CV: http:\/\/lattes.cnpq.br\/6851194114095378<\/p>\n<p>Renan Harmes de Aquino Eskinazi. Master&#8217;s student in Psychology at the Post-Graduation Program in Psychology at the Federal University of Pernambuco.<\/p>\n<h4><\/h4>\n<p>&nbsp;<\/p>\n<h4>Inactive participants<\/h4>\n<p>Daniele Borges Bezerra. Substitute Professor of the Federal University of Pelotas. Postdoctoral researcher. Ph.D. in Social Memory and Cultural Heritage &#8211; UFPel. CV: http:\/\/lattes.cnpq.br\/0831071373455034<\/p>\n<p>Darlan de Mamann Marchi: Substitute Professor of the Federal University of Pelotas. Postdoctoral researcher. Ph.D. in Social Memory and Cultural Heritage &#8211; UFPel. CV: http:\/\/lattes.cnpq.br\/8197594647849111<\/p>\n<p>Luciana de Castro Neves Costa. Postdoctoral researcher. Ph.D. in Social Memory and Cultural Heritage &#8211; UFPel. CV: http:\/\/lattes.cnpq.br\/4278326282520461<\/p>\n<p>Olivia Silva Nery. Postdoctoral researcher. Ph.D. in Social Memory and Cultural Heritage &#8211; UFPel. CV: http:\/\/lattes.cnpq.br\/3730601375284122<\/p>\n<p>&nbsp;<\/p>\n<p>&nbsp;<\/p>\n","protected":false},"excerpt":{"rendered":"<p>Faculty Coordinators Maria Leticia Mazzucchi Ferreira. Professor of the Federal University of Pelotas. Ph.D. en History. Research scholarship recipient of CNPq.\u00a0 CV: http:\/\/lattes.cnpq.br\/0755000112345375 Juliane Concei\u00e7\u00e3o Primon Serres: Adjunct Professor of the Federal University of Pelotas. Ph.D. in History. CV: http:\/\/lattes.cnpq.br\/2795821152828459 Rita Juliana Soares Poloni: Substitute Professor of the Federal University of Pelotas. Postdoctoral researcher. Ph.D. [&hellip;]<\/p>\n","protected":false},"author":700,"featured_media":0,"parent":0,"menu_order":2,"comment_status":"closed","ping_status":"closed","template":"","meta":{"footnotes":""},"class_list":["post-119","page","type-page","status-publish","hentry"],"_links":{"self":[{"href":"https:\/\/wp.ufpel.edu.br\/nemplus\/wp-json\/wp\/v2\/pages\/119","targetHints":{"allow":["GET"]}}],"collection":[{"href":"https:\/\/wp.ufpel.edu.br\/nemplus\/wp-json\/wp\/v2\/pages"}],"about":[{"href":"https:\/\/wp.ufpel.edu.br\/nemplus\/wp-json\/wp\/v2\/types\/page"}],"author":[{"embeddable":true,"href":"https:\/\/wp.ufpel.edu.br\/nemplus\/wp-json\/wp\/v2\/users\/700"}],"replies":[{"embeddable":true,"href":"https:\/\/wp.ufpel.edu.br\/nemplus\/wp-json\/wp\/v2\/comments?post=119"}],"version-history":[{"count":9,"href":"https:\/\/wp.ufpel.edu.br\/nemplus\/wp-json\/wp\/v2\/pages\/119\/revisions"}],"predecessor-version":[{"id":716,"href":"https:\/\/wp.ufpel.edu.br\/nemplus\/wp-json\/wp\/v2\/pages\/119\/revisions\/716"}],"wp:attachment":[{"href":"https:\/\/wp.ufpel.edu.br\/nemplus\/wp-json\/wp\/v2\/media?parent=119"}],"curies":[{"name":"wp","href":"https:\/\/api.w.org\/{rel}","templated":true}]}}