{"id":111,"date":"2020-06-08T12:15:23","date_gmt":"2020-06-08T15:15:23","guid":{"rendered":"https:\/\/wp.ufpel.edu.br\/nemplus\/?page_id=111"},"modified":"2020-07-09T21:21:19","modified_gmt":"2020-07-10T00:21:19","slug":"proyectos","status":"publish","type":"page","link":"https:\/\/wp.ufpel.edu.br\/nemplus\/es\/proyectos\/","title":{"rendered":"Proyectos"},"content":{"rendered":"<table style=\"width: 749px\" width=\"0\">\n<tbody>\n<tr>\n<td style=\"width: 749px\" colspan=\"3\" width=\"588\">\n<p style=\"text-align: center\"><strong>Proyectos de Investigaci\u00f3n<\/strong><\/p>\n<\/td>\n<\/tr>\n<tr>\n<td style=\"width: 192px\" width=\"188\"><strong>T\u00edtulo del proyecto<\/strong><\/td>\n<td style=\"width: 309px\" width=\"231\"><strong>Descripci\u00f3n<\/strong><\/td>\n<td style=\"width: 248px\" width=\"169\"><strong>Integrantes<\/strong><\/td>\n<\/tr>\n<tr>\n<td style=\"width: 192px\" width=\"188\">Patrimonializaci\u00f3n del dolor: el Memorial de la discoteca <em>Kiss<\/em> (2018 \u2013 Presente)<\/td>\n<td style=\"width: 309px\" width=\"231\">Este proyecto pretende analizar a las discusiones relacionadas a la patrimonializaci\u00f3n de la tragedia de la discoteca <em>Kiss<\/em> en Santa Maria, RS. El d\u00eda domingo, 27 de enero de 2013, un incendio provoc\u00f3 la muerte de 242 personas y dej\u00f3 m\u00e1s de 600 heridos. El proceso del registro memorial se inici\u00f3 luego despu\u00e9s del evento traum\u00e1tico y se caracteriz\u00f3 por diferentes acciones p\u00fablicas promovidas por la <em>Associa\u00e7\u00e3o de V\u00edtimas da Trag\u00e9dia da Boate Kiss<\/em>. El proyecto en cuesti\u00f3n busca recuperar a las formas memoriales con \u00e9nfasis en el proceso de concepci\u00f3n arquitect\u00f3nica y muse\u00edstica del Memorial de la discoteca <em>Kiss<\/em>.<\/td>\n<td style=\"width: 248px\" width=\"169\">Juliane Concei\u00e7\u00e3o Primon Serres (coordinadora); Maria Leticia Mazzucchi Ferreira; Virginia Vecchiolli (UFSM); Darlan De Mamann Marchi; Danilo A Rangel; Leonardo Monteiro Alves.<\/td>\n<\/tr>\n<tr>\n<td style=\"width: 192px\" width=\"188\">Turismo en sitios de memoria: riesgos y desaf\u00edos (2017 \u2013 Presente)<\/td>\n<td style=\"width: 309px\" width=\"231\">Este proyecto intenta dar continuidad al trabajo de investigaci\u00f3n iniciado en 2014 sobre el g\u00e9nesis, recepci\u00f3n y p\u00fablico de los Museos de memoria latino-americanos, que a la vez fue una extensi\u00f3n del proyecto presentado en 2011 sobre museos y comunidades. En el actual proyecto se busca investigar a los impactos de la inscripci\u00f3n de museos de memoria en el escenario urbano como puntos tur\u00edsticos, y las relaciones que se interponen en el espacio social en el cual est\u00e1n insertados, teniendo como campo de investigaci\u00f3n museos de memoria y memoriales en el contexto latinoamericano. Ser\u00e1n analizadas tres categor\u00edas de instituciones museol\u00f3gicas: Museos implantados en lugares que fueron sede de acontecimientos asociados a la violencia; Museos que tienen la tem\u00e1tica de la violencia, en todas sus formas y expresiones, sin necesariamente estar asociados a un evento hist\u00f3rico en particular; Museos articulados sobre procesos espec\u00edficos de violencia del pasado y actualmente en curso.<\/td>\n<td style=\"width: 248px\" width=\"169\">Maria Leticia Mazzucchi Ferreira (coordinadora); Juliane Concei\u00e7\u00e3o Primon Serres; Rita Juliana Poloni; Eduardo Jord\u00e3o Knack; Darlan De Mamann Marchi; Guilherme Ribeiro Correa;<\/td>\n<\/tr>\n<tr>\n<td style=\"width: 192px\" width=\"188\">\n<p>Museos de memoria em el MERCOSUR: dilemas y conflictos sobre la representaci\u00f3n del pasado (2013 \u2013 Presente)<\/p>\n<p>&nbsp;<\/td>\n<td style=\"width: 309px\" width=\"231\">Este proyecto intenta recuperar las trayectorias de Museos de Memoria en el espacio pol\u00edtico del MERCOSUR, conocer sus inserciones (o no) en los debates actuales sobre violencia y Derechos Humanos, reflexionar sobre las formas comunicacionales adoptadas, conocer la recepci\u00f3n y resonancias de esos museos en el p\u00fablico visitante.<\/td>\n<td style=\"width: 248px\" width=\"169\">\n<p>Maria Leticia Mazzucchi Ferreira (coordinadora); Juliane Concei\u00e7\u00e3o Primon Serres; Rita Juliana Poloni; Darlan De Mamann Marchi; Carolina Nogueira; Leonardo Monteiro Alves;<\/p>\n<p>&nbsp;<\/td>\n<\/tr>\n<tr>\n<td style=\"width: 192px\" width=\"188\">Patrimonio en lugares de sufrimiento: los dilemas de la transmisi\u00f3n (2018 \u2013 Presente)<\/td>\n<td style=\"width: 309px\" width=\"231\">La investigaci\u00f3n titulada Patrimonios en lugares de sufrimiento: los dilemas de la transmisi\u00f3n, es una extensi\u00f3n de en proyecto mayor acerca de los Museos de Memoria. El proceso de constituci\u00f3n de estos museos se basa en concepciones m\u00e1s amplias de la Memoria y el Patrimonio. En esta perspectiva, basada en las reflexiones sobre la forma como los museos de memoria operan en la construcci\u00f3n de narrativas sobre un pasado dif\u00edcil de transmitir, es que el proyecto presentado aqu\u00ed es una derivaci\u00f3n y, al mismo tiempo, un nuevo campo de an\u00e1lisis, volviendo a analizar a los procesos de patrimonializaci\u00f3n y gesti\u00f3n de lo que se entiende por patrimonios dif\u00edciles, representados, para prop\u00f3sitos de esta investigaci\u00f3n, como aquellos asociados a los procesos pol\u00edticos de violencia, a los espacios de internaci\u00f3n y aislamiento y lugares de eventos traum\u00e1ticos. En el primer eje est\u00e1n los procesos de patrimonializaci\u00f3n de lugares que fueron escenarios de violencia pol\u00edtica que caracteriz\u00f3 a la \u00faltima dictadura c\u00edvico-militar brasile\u00f1a (1964-1985), identificados como centros de detenci\u00f3n de prisioneros pol\u00edticos e pr\u00e1cticas de tortura: <em>Ilha das Pedras Brancas\/Ilha do Pres\u00eddio<\/em> en el Rio Gua\u00edba y el <em>Centro de Mem\u00f3ria IcoLisboa<\/em>, en Porto Alegre. En el segundo eje ser\u00e1 analizado el proceso patrimonial referente a las edificaciones centenarias del <em>Hospital Psiqui\u00e1trico S\u00e3o Pedro<\/em>, en Porto Alegre. En el tercer eje la investigaci\u00f3n ser\u00e1 direccionada al proceso de patrimonializaci\u00f3n y conversi\u00f3n en memorial de la discoteca <em>Kiss<\/em>, en Santa Maria, RS.<\/td>\n<td style=\"width: 248px\" width=\"169\">Maria Leticia Mazzucchi Ferreira (coordinadora); Danilo Amparo Rangel; Juliane C Primon Serres; Darlan de Mamann Marchi; Leonardo Alves Monteiro.<\/td>\n<\/tr>\n<tr>\n<td style=\"width: 192px\" width=\"188\">\n<p>Levantamiento y sistematizaci\u00f3n de datos sobre museos de memoria en la Am\u00e9rica Latina y Anglosajona (2018 \u2013 Presente)<\/p>\n<p>&nbsp;<\/td>\n<td style=\"width: 309px\" width=\"231\">Descripci\u00f3n: Es posible observar en el escenario mundial la proliferaci\u00f3n de inscripciones memoriales en el paisaje urbano, tales \u00a0como sitios de consciencia, monumentos, memoriales, museos e otras instituciones dedicadas a la difusi\u00f3n de memorias relacionadas a procesos traum\u00e1ticos colectivos, sobre todo aquellos relacionados con os reg\u00edmenes \u00a0pol\u00edticos caracterizados por el terrorismo de Estado y violaciones de Derechos Humanos, tales como las dictaduras latino- americanas de las \u00faltimas cuatro d\u00e9cadas. A la busca por la verdad y el sentido de la memoria como justicia y reparaci\u00f3n, son los principios organizadores de estas instituciones que est\u00e1n en el centro de pol\u00edticas llevadas a cabo por las agendas gubernamentales. Procesos de patrimonializaci\u00f3n e musealizaci\u00f3n de lugares como centros de detenci\u00f3n. Conforme lo que sostiene Paul Williams (2007), la Segunda Guerra Mundial, al introducir la categor\u00eda de exterminio en masa, provoc\u00f3 nuevas formas memoriales materializadas en espacios dedicados a las v\u00edctimas, por ejemplo, el Museo de la Paz en Hiroshima (1955) como espacio de la memoria de la explosi\u00f3n de la bomba at\u00f3mica y el <em>Yad Vashem<\/em> (1953) en Jerusal\u00e9n, como lugar de la memoria del Holocausto.<\/td>\n<td style=\"width: 248px\" width=\"169\">Maria Let\u00edcia Mazzucchi Ferreira (coordinadora); Rita Juliana Soares Poloni; Juliane Concei\u00e7\u00e3o Primon Serres; Mariana Boujadi Silva; Jose Andreas Curbelo; Carolina Gomes Nogueira.<\/td>\n<\/tr>\n<tr>\n<td style=\"width: 192px\" width=\"188\">Arqueolog\u00eda, memorias, patrimonios y dictaduras: perspectivas comparadas (2016 \u2013 Presente)<\/td>\n<td style=\"width: 309px\" width=\"231\">El actual proyecto de investigaci\u00f3n busca percibir las relaciones entre la producci\u00f3n cient\u00edfica en Arqueolog\u00eda e sus conexiones con la Memoria Social y con los discursos patrimoniales en el interior de los cuales emerge, y en relaci\u00f3n a los cuales interact\u00faa, en contextos de gobiernos autoritarios y en perspectiva comparada (nacional e internacional). En di\u00e1logo con el universo te\u00f3rico de la Antropolog\u00eda de la Ciencia se busca demarcar las redes humanas de la producci\u00f3n cient\u00edfica, comprehendiendo el contexto pol\u00edtico y social espec\u00edfico en que se (re)construyen tales discursos memoriales y patrimoniales. Se busca tambi\u00e9n retroceder a las condiciones de producci\u00f3n de la ciencia en el an\u00e1lisis con la meta de percibir su propio proceso productivo, destacando memorias subterr\u00e1neas y patrimonios relacionados a actores silenciados. Finalmente, se propone colocar em perspectiva a las diferentes redes establecidas en el interior de los contextos nacionales e internacionales pertinentes en su relaci\u00f3n con su respectiva producci\u00f3n arqueol\u00f3gica como forma de demarcar a las aproximaciones y distanciamientos entre estos contextos.<\/td>\n<td style=\"width: 248px\" width=\"169\">\n<p>Rita Juliana Soares Poloni (coordinadora); Juliane Concei\u00e7\u00e3o Primon Serres; Maria Leticia Mazzucchi Ferreira.<\/p>\n<p>&nbsp;<\/td>\n<\/tr>\n<tr>\n<td style=\"width: 192px\" width=\"188\">\n<p><em>Hospital Col\u00f4nia Itapu\u00e3<\/em>: Memoria y patrimonio en debate<\/p>\n<p>&nbsp;<\/td>\n<td style=\"width: 309px\" width=\"231\">El proyecto propone discutir la importancia patrimonial del <em>Hospital Col\u00f4nia Itapu\u00e3<\/em>, leproser\u00eda construida en 1940 en el munic\u00edpio de Viam\u00e3o, Rio Grande do Sul. El hospital se encuentra en el proceso de desactivaci\u00f3n y hay una preocupaci\u00f3n en relaci\u00f3n a la \u00a0preservaci\u00f3n de su memoria, tambi\u00e9n su importancia como posible local de ser patrimonializado.<\/td>\n<td style=\"width: 248px\" width=\"169\">Juliane Concei\u00e7\u00e3o Primon Serres (coordinadora); Daniele Borges Bezerra.<\/td>\n<\/tr>\n<\/tbody>\n<\/table>\n<p>&nbsp;<\/p>\n<table style=\"width: 754px;height: 824px\" width=\"0\">\n<tbody>\n<tr>\n<td style=\"width: 732px\" colspan=\"3\">\n<p style=\"text-align: center\"><strong>Proyectos de Extensi\u00f3n<\/strong><\/p>\n<\/td>\n<\/tr>\n<tr>\n<td style=\"width: 192px\"><strong>T\u00edtulo del proyecto<\/strong><\/td>\n<td style=\"width: 300px\"><strong>Descripci\u00f3n<\/strong><\/td>\n<td style=\"width: 240px\"><strong>Integrantes<\/strong><\/td>\n<\/tr>\n<tr>\n<td style=\"width: 192px\">\n<p>Proyecto de Muse\u00edstica y Usos del Memorial de <em>Kiss<\/em> \u2013 Santa Maria RS (2019 \u2013 Presente)<\/p>\n<p>&nbsp;<\/td>\n<td style=\"width: 300px\">El proyecto de implantaci\u00f3n del <em>Memorial \u00e0s V\u00edtimas da Boate Kiss<\/em>, em Santa Maria, RS, busca el desarrollo del espacio muse\u00edstico del Memorial, que ir\u00e1 a integrar al espacio arquitect\u00f3nico seleccionado en 2017 por concurso, promovido por el I<em>nstituto de Arquitetos do Brasil<\/em> (IAB-RS), bien como proponer su misi\u00f3n y funcionamiento. La propuesta es trabajar en conjunto con la <em>Associa\u00e7\u00e3o das V\u00edtimas da Trag\u00e9dia de Santa Maria (AVTSM)<\/em> para la realizaci\u00f3n de ese proyecto que tendr\u00e1 un importante impacto en la ciudad y el pa\u00eds. Cuestiones como la forma de narrar la tragedia y sus implicaciones en el presente, los usos sociales del Memorial y su funci\u00f3n en la ciudad, gu\u00edan al proyecto. La propuesta principal se centra en, a partir del Memorial, convertir Santa Maria em una ciudad amiga de la juventud, dentro de la perspectiva de una ciudad educadora, convirtiendo los efectos perversos de la tragedia, como la p\u00e9rdida de vidas humanas, en un recurso para trabajar la consciencia respecto al valor de la vida humana, y un conjunto de acciones articuladas con pol\u00edticas p\u00fablicas de juventud.<\/td>\n<td style=\"width: 240px\">Juliane Concei\u00e7\u00e3o Primon Serres (coordinadora); Maria Leticia Mazzucchi Ferreira; Danilo Aparecido Rangel; Virginia Susana Vecchioli (UFSM);<\/td>\n<\/tr>\n<\/tbody>\n<\/table>\n<p>&nbsp;<\/p>\n","protected":false},"excerpt":{"rendered":"<p>Proyectos de Investigaci\u00f3n T\u00edtulo del proyecto Descripci\u00f3n Integrantes Patrimonializaci\u00f3n del dolor: el Memorial de la discoteca Kiss (2018 \u2013 Presente) Este proyecto pretende analizar a las discusiones relacionadas a la patrimonializaci\u00f3n de la tragedia de la discoteca Kiss en Santa Maria, RS. El d\u00eda domingo, 27 de enero de 2013, un incendio provoc\u00f3 la muerte [&hellip;]<\/p>\n","protected":false},"author":700,"featured_media":0,"parent":0,"menu_order":3,"comment_status":"closed","ping_status":"closed","template":"","meta":{"footnotes":""},"class_list":["post-111","page","type-page","status-publish","hentry"],"_links":{"self":[{"href":"https:\/\/wp.ufpel.edu.br\/nemplus\/wp-json\/wp\/v2\/pages\/111","targetHints":{"allow":["GET"]}}],"collection":[{"href":"https:\/\/wp.ufpel.edu.br\/nemplus\/wp-json\/wp\/v2\/pages"}],"about":[{"href":"https:\/\/wp.ufpel.edu.br\/nemplus\/wp-json\/wp\/v2\/types\/page"}],"author":[{"embeddable":true,"href":"https:\/\/wp.ufpel.edu.br\/nemplus\/wp-json\/wp\/v2\/users\/700"}],"replies":[{"embeddable":true,"href":"https:\/\/wp.ufpel.edu.br\/nemplus\/wp-json\/wp\/v2\/comments?post=111"}],"version-history":[{"count":5,"href":"https:\/\/wp.ufpel.edu.br\/nemplus\/wp-json\/wp\/v2\/pages\/111\/revisions"}],"predecessor-version":[{"id":215,"href":"https:\/\/wp.ufpel.edu.br\/nemplus\/wp-json\/wp\/v2\/pages\/111\/revisions\/215"}],"wp:attachment":[{"href":"https:\/\/wp.ufpel.edu.br\/nemplus\/wp-json\/wp\/v2\/media?parent=111"}],"curies":[{"name":"wp","href":"https:\/\/api.w.org\/{rel}","templated":true}]}}