{"id":11,"date":"2020-05-10T23:35:36","date_gmt":"2020-05-11T02:35:36","guid":{"rendered":"https:\/\/wp.ufpel.edu.br\/nemplus\/?page_id=11"},"modified":"2023-05-10T19:17:56","modified_gmt":"2023-05-10T22:17:56","slug":"equipe","status":"publish","type":"page","link":"https:\/\/wp.ufpel.edu.br\/nemplus\/equipe\/","title":{"rendered":"Equipe"},"content":{"rendered":"<h3><strong>Coordena\u00e7\u00e3o:<\/strong><\/h3>\n<h4><em>Maria Leticia Mazzucchi Ferreira<\/em><\/h4>\n<p>Professora Titular da Universidade Federal de Pelotas. Doutora em Hist\u00f3ria. Bolsista de Produtividade em Pesquisa do CNPq.\u00a0\u00a0Curr\u00edculo: <a href=\"http:\/\/lattes.cnpq.br\/0755000112345375\">http:\/\/lattes.cnpq.br\/0755000112345375<\/a><\/p>\n<h4><em><strong>Juliane Concei\u00e7\u00e3o Primon Serres<\/strong><\/em><\/h4>\n<p>Professora Adjunta na Universidade Federal de Pelotas. Doutora em Hist\u00f3ria. Curr\u00edculo: <a href=\"http:\/\/lattes.cnpq.br\/2795821152828459\">http:\/\/lattes.cnpq.br\/2795821152828459<\/a><\/p>\n<h3><\/h3>\n<h3><strong>Participantes:<\/strong><\/h3>\n<h4><strong><em>Carolina Gomes Nogueira<\/em><\/strong><\/h4>\n<p>Doutoranda em Mem\u00f3ria Social e Patrim\u00f4nio Cultural da Universidade Federal de Pelotas. Muse\u00f3loga egressa da mesma Universidade. Curr\u00edculo: <a href=\"http:\/\/lattes.cnpq.br\/3544280310042130\">http:\/\/lattes.cnpq.br\/3544280310042130<\/a><\/p>\n<h4>Dani Marin Amparo Rangel<\/h4>\n<p>Doutoranda em Mem\u00f3ria Social e Patrim\u00f4nio Cultural da Universidade Federal de Pelotas. Muse\u00f3loga egressa da mesma Universidade. Curr\u00edculo: <a href=\"http:\/\/lattes.cnpq.br\/2755050568165557\">http:\/\/lattes.cnpq.br\/2755050568165557<\/a><\/p>\n<h4>Fernando Ermiro da Silva<\/h4>\n<div dir=\"auto\">Doutorando em Mem\u00f3ria Social e Patrim\u00f4nio Cultural da Universidade Federal de Pelotas.<\/div>\n<h4 dir=\"auto\"><em><strong>Giovane Rodrigues Jardim<\/strong><\/em><\/h4>\n<p>Doutorando em Mem\u00f3ria Social e Patrim\u00f4nio Cultural da Universidade Federal de Pelotas. Curr\u00edculo: <a href=\"http:\/\/lattes.cnpq.br\/1153453934847919\">http:\/\/lattes.cnpq.br\/1153453934847919<\/a><\/p>\n<h4><em>Isabel Cristina Bernal Vinasco<\/em><\/h4>\n<p>Doutoranda em Mem\u00f3ria Social e Patrim\u00f4nio Cultural da Universidade Federal de Pelotas. Professora de c\u00e1tedra da Universidade de Antioquia, Col\u00f4mbia. Curr\u00edculo: <a href=\"http:\/\/lattes.cnpq.br\/9847529646001524\" target=\"_blank\" rel=\"noopener\">http:\/\/lattes.cnpq.br\/9847529646001524\u00a0<\/a><\/p>\n<h4><em><strong>Jaime Alberto Bornacelly Castro<\/strong><\/em><\/h4>\n<p>Doutorando em Mem\u00f3ria Social e Patrim\u00f4nio Cultural da Universidade Federal de Pelotas. Professor de c\u00e1tedra da Universidad de Antioquia, Col\u00f4mbia. Curr\u00edculo:\u00a0 <a href=\"http:\/\/lattes.cnpq.br\/5308716963713416\">http:\/\/lattes.cnpq.br\/5308716963713416<\/a><\/p>\n<h4><strong><em>Mayk Lenno Henrique Lima<\/em><\/strong><\/h4>\n<p>Mestre em Mem\u00f3ria Social e Patrim\u00f4nio Cultural da Universidade Federal de Pelotas. Arquiteto e Urbanista pelo Centro Universit\u00e1rio Cat\u00f3lica de Quixad\u00e1. Curr\u00edculo: <a href=\"http:\/\/lattes.cnpq.br\/1328072582239192\">http:\/\/lattes.cnpq.br\/1328072582239192<\/a><\/p>\n<h4><em><strong>Neide Alessandra Vaz Ritter Quevedo<\/strong><\/em><\/h4>\n<div>Mestranda em Mem\u00f3ria Social e Patrim\u00f4nio Cultural da Universidade Federal de Pelotas.<\/div>\n<h4><strong><em>Priscila Chagas Oliveira<\/em><\/strong><\/h4>\n<p>Doutoranda em Mem\u00f3ria Social e Patrim\u00f4nio Cultural da Universidade Federal de Pelotas. Curr\u00edculo: <a href=\"http:\/\/lattes.cnpq.br\/6851194114095378\">http:\/\/lattes.cnpq.br\/6851194114095378<\/a><\/p>\n<h4><em><strong>Renan Harmes de Aquino Eskinazi<\/strong><\/em><\/h4>\n<p>Mestrando em Psicologia no Programa de P\u00f3s-Gradua\u00e7\u00e3o em Psicologia da Universidade Federal de Pernambuco.<\/p>\n<h4><em><strong>Rita Juliana Soares Poloni<\/strong><\/em><\/h4>\n<p>Professora do PPGMP\/UFPel. Doutora em Hist\u00f3ria da Arqueologia pela Universidade do Algarve, Portugal. Curr\u00edculo: <a href=\"http:\/\/lattes.cnpq.br\/8886049514435487\">http:\/\/lattes.cnpq.br\/8886049514435487<\/a><\/p>\n<p>&nbsp;<\/p>\n<h3><strong>Participantes inativos (as):<\/strong><\/h3>\n<p><strong><em>Daniele Borges Bezerra<\/em><\/strong><\/p>\n<p>Pesquisadora externa. Doutora em Mem\u00f3ria Social e Patrim\u00f4nio Cultural pela UFPel. Curr\u00edculo: <a href=\"http:\/\/lattes.cnpq.br\/0831071373455034\">http:\/\/lattes.cnpq.br\/0831071373455034<\/a><\/p>\n<p><em><strong>Darlan de Mamann Marchi<\/strong><\/em><\/p>\n<p>Pesquisador externo. Doutor em Mem\u00f3ria Social e Patrim\u00f4nio Cultural da UFPel. Curr\u00edculo: <a href=\"http:\/\/lattes.cnpq.br\/8197594647849111\">http:\/\/lattes.cnpq.br\/8197594647849111<\/a><\/p>\n<p><em><strong>Luciana de Castro Neves Costa<\/strong><\/em><\/p>\n<p>P\u00f3s-doutoranda. Doutora em Mem\u00f3ria Social e Patrim\u00f4nio Cultural da Universidade Federal de Pelotas. Curr\u00edculo: <a href=\"http:\/\/lattes.cnpq.br\/4278326282520461\">http:\/\/lattes.cnpq.br\/4278326282520461<\/a><\/p>\n<p><em><strong>Olivia Silva Nery<\/strong><\/em><\/p>\n<p>P\u00f3s-doutoranda. Doutora em Mem\u00f3ria Social e Patrim\u00f4nio Cultural da Universidade Federal de Pelotas. Curr\u00edculo: <a href=\"http:\/\/lattes.cnpq.br\/3730601375284122\" target=\"_blank\" rel=\"noopener\">http:\/\/lattes.cnpq.br\/3730601375284122\u00a0<\/a><\/p>\n<h3><\/h3>\n<p>&nbsp;<\/p>\n<p>&nbsp;<\/p>\n","protected":false},"excerpt":{"rendered":"<p>Coordena\u00e7\u00e3o: Maria Leticia Mazzucchi Ferreira Professora Titular da Universidade Federal de Pelotas. Doutora em Hist\u00f3ria. Bolsista de Produtividade em Pesquisa do CNPq.\u00a0\u00a0Curr\u00edculo: http:\/\/lattes.cnpq.br\/0755000112345375 Juliane Concei\u00e7\u00e3o Primon Serres Professora Adjunta na Universidade Federal de Pelotas. Doutora em Hist\u00f3ria. Curr\u00edculo: http:\/\/lattes.cnpq.br\/2795821152828459 Participantes: Carolina Gomes Nogueira Doutoranda em Mem\u00f3ria Social e Patrim\u00f4nio Cultural da Universidade Federal de Pelotas. [&hellip;]<\/p>\n","protected":false},"author":700,"featured_media":0,"parent":0,"menu_order":2,"comment_status":"closed","ping_status":"closed","template":"","meta":{"footnotes":""},"class_list":["post-11","page","type-page","status-publish","hentry"],"_links":{"self":[{"href":"https:\/\/wp.ufpel.edu.br\/nemplus\/wp-json\/wp\/v2\/pages\/11","targetHints":{"allow":["GET"]}}],"collection":[{"href":"https:\/\/wp.ufpel.edu.br\/nemplus\/wp-json\/wp\/v2\/pages"}],"about":[{"href":"https:\/\/wp.ufpel.edu.br\/nemplus\/wp-json\/wp\/v2\/types\/page"}],"author":[{"embeddable":true,"href":"https:\/\/wp.ufpel.edu.br\/nemplus\/wp-json\/wp\/v2\/users\/700"}],"replies":[{"embeddable":true,"href":"https:\/\/wp.ufpel.edu.br\/nemplus\/wp-json\/wp\/v2\/comments?post=11"}],"version-history":[{"count":18,"href":"https:\/\/wp.ufpel.edu.br\/nemplus\/wp-json\/wp\/v2\/pages\/11\/revisions"}],"predecessor-version":[{"id":714,"href":"https:\/\/wp.ufpel.edu.br\/nemplus\/wp-json\/wp\/v2\/pages\/11\/revisions\/714"}],"wp:attachment":[{"href":"https:\/\/wp.ufpel.edu.br\/nemplus\/wp-json\/wp\/v2\/media?parent=11"}],"curies":[{"name":"wp","href":"https:\/\/api.w.org\/{rel}","templated":true}]}}