{"id":103,"date":"2020-06-08T12:09:42","date_gmt":"2020-06-08T15:09:42","guid":{"rendered":"https:\/\/wp.ufpel.edu.br\/nemplus\/?page_id=103"},"modified":"2020-06-08T12:09:48","modified_gmt":"2020-06-08T15:09:48","slug":"sobre-el-nucleo","status":"publish","type":"page","link":"https:\/\/wp.ufpel.edu.br\/nemplus\/es\/sobre-el-nucleo\/","title":{"rendered":"Sobre el N\u00facleo"},"content":{"rendered":"<p>El N\u00facleo de Estudios sobre Memoria y Patrimonio en Lugares de Sufrimiento (NEMPLuS) es un proyecto del Programa de Posgraduaci\u00f3n en Memoria Social y Patrimonio Cultural (PPGMP) de la Universidad Federal de Pelotas (UFPel). El N\u00facleo se inici\u00f3 como un grupo de estudios en abril de 2018 y re\u00fane profesores, investigadores y alumnos de grado, maestr\u00eda y doctorado del PPGMP y del Departamento de Museolog\u00eda, Conservaci\u00f3n y Restauro del Instituto de Ciencias Humanas de la UFPel.<\/p>\n<p>El NEMPLuS fue registrado como grupo de investigaci\u00f3n con el Consejo Nacional de Desarrollo Cient\u00edfico y Tecnol\u00f3gico (CNPq) en el a\u00f1o 2020. Gran parte de los investigadores asociados al N\u00facleo desarrollan sus investigaciones de postdoctorado, doctorado, maestr\u00eda e iniciaci\u00f3n cient\u00edfica a trav\u00e9s de becas de agencias financiadoras como CAPES y FAPERGS.<\/p>\n<p>El N\u00facleo tiene como su tema central un conjunto de investigaciones sobre procesos memoriales y patrimoniales envolviendo lugares (f\u00edsicos y simb\u00f3licos) que poseen significado traum\u00e1tico para determinados grupos o comunidades. Los lugares de memoria del sufrimiento son lugares que re\u00fanen, simult\u00e1neamente, como demuestra Estela Schindel (2009), capital pol\u00edtico, potencial pedag\u00f3gico, valor jur\u00eddico documental y tambi\u00e9n significados afectivos. Por lo tanto, mientras vestigios de un acontecimiento traum\u00e1tico, los sitios, cuando patrimonializados y musealizados, agregan funciones distintas y particulares dentro de los espacios sociales y del tiempo en que se insieren.\u00a0 Esos lugares desempe\u00f1an, sobre todo, un papel rememorativo y dial\u00e9ctico, envolviendo sensibilidades que reafirman o contraponen narrativas de un trauma colectivo que necesita ser gestionado por las sociedades en el \u00e1mbito local, nacional o mundial. Adem\u00e1s, tambi\u00e9n son atingidos por los desaf\u00edos sobre los cuales otros patrimonios culturales son colocados en la actualidad como los conflictos en la gesti\u00f3n del espacio, la turistificaci\u00f3n y la espectacularizaci\u00f3n del pasado.<\/p>\n<p>De esa forma, el objetivo central de NEMPLuS es investigar, debatir y reflexionar sobre las din\u00e1micas del patrimonio en lugares relacionados con eventos traum\u00e1ticos y los desaf\u00edos de la transmisi\u00f3n memorial. En ese sentido, el grupo ha trabajado con investigaciones en los siguientes ejes:<\/p>\n<p>Lugares relacionados a las pol\u00edticas sanit\u00e1rias;<\/p>\n<p>Lugares relacionados a las tragedias coletivas;<\/p>\n<p>Lugares relacionados a las violaciones de Derechos Humanos por dictaduras c\u00edvico-militares y a los conflictos civiles latino-americanos.<\/p>\n<p>El N\u00facleo est\u00e1 asociado tambi\u00e9n a una red de investigadores latino-americanos, contando con los profesores Ruben Chababo, Universidad Nacional de Ros\u00e1rio, Argentina y Luis Carlos Toro Tamayo, Universidad de Antioquia, Medell\u00edn, Colombia.<\/p>\n","protected":false},"excerpt":{"rendered":"<p>El N\u00facleo de Estudios sobre Memoria y Patrimonio en Lugares de Sufrimiento (NEMPLuS) es un proyecto del Programa de Posgraduaci\u00f3n en Memoria Social y Patrimonio Cultural (PPGMP) de la Universidad Federal de Pelotas (UFPel). El N\u00facleo se inici\u00f3 como un grupo de estudios en abril de 2018 y re\u00fane profesores, investigadores y alumnos de grado, [&hellip;]<\/p>\n","protected":false},"author":700,"featured_media":0,"parent":0,"menu_order":1,"comment_status":"closed","ping_status":"closed","template":"","meta":{"footnotes":""},"class_list":["post-103","page","type-page","status-publish","hentry"],"_links":{"self":[{"href":"https:\/\/wp.ufpel.edu.br\/nemplus\/wp-json\/wp\/v2\/pages\/103","targetHints":{"allow":["GET"]}}],"collection":[{"href":"https:\/\/wp.ufpel.edu.br\/nemplus\/wp-json\/wp\/v2\/pages"}],"about":[{"href":"https:\/\/wp.ufpel.edu.br\/nemplus\/wp-json\/wp\/v2\/types\/page"}],"author":[{"embeddable":true,"href":"https:\/\/wp.ufpel.edu.br\/nemplus\/wp-json\/wp\/v2\/users\/700"}],"replies":[{"embeddable":true,"href":"https:\/\/wp.ufpel.edu.br\/nemplus\/wp-json\/wp\/v2\/comments?post=103"}],"version-history":[{"count":1,"href":"https:\/\/wp.ufpel.edu.br\/nemplus\/wp-json\/wp\/v2\/pages\/103\/revisions"}],"predecessor-version":[{"id":105,"href":"https:\/\/wp.ufpel.edu.br\/nemplus\/wp-json\/wp\/v2\/pages\/103\/revisions\/105"}],"wp:attachment":[{"href":"https:\/\/wp.ufpel.edu.br\/nemplus\/wp-json\/wp\/v2\/media?parent=103"}],"curies":[{"name":"wp","href":"https:\/\/api.w.org\/{rel}","templated":true}]}}