{"id":118,"date":"2014-12-03T03:13:47","date_gmt":"2014-12-03T05:13:47","guid":{"rendered":"https:\/\/wp.ufpel.edu.br\/nemc\/?page_id=118"},"modified":"2026-04-01T12:37:15","modified_gmt":"2026-04-01T15:37:15","slug":"nemc","status":"publish","type":"page","link":"https:\/\/wp.ufpel.edu.br\/nemc\/","title":{"rendered":"Home"},"content":{"rendered":"<div>\n<p><a href=\"https:\/\/wp.ufpel.edu.br\/nemc\/files\/2016\/05\/fig1.png\"><img class=\"wp-image-154 aligncenter\" src=\"https:\/\/wp.ufpel.edu.br\/nemc\/files\/2016\/05\/fig1-424x97.png\" alt=\"fig1\" width=\"695\" height=\"159\" srcset=\"https:\/\/wp.ufpel.edu.br\/nemc\/files\/2016\/05\/fig1-424x97.png 424w, https:\/\/wp.ufpel.edu.br\/nemc\/files\/2016\/05\/fig1-212x48.png 212w, https:\/\/wp.ufpel.edu.br\/nemc\/files\/2016\/05\/fig1-768x175.png 768w, https:\/\/wp.ufpel.edu.br\/nemc\/files\/2016\/05\/fig1.png 1501w\" sizes=\"(max-width: 695px) 100vw, 695px\" \/><\/a><\/p>\n<p>O Laborat\u00f3rio de Materiais e T\u00e9cnicas Construtivas \u2013 LabMaT, atrav\u00e9s do N\u00facleo de Estudos de Materiais Comp\u00f3sitos \u2013 NEMC,\u00a0est\u00e1 apto a realizar diversos tipos de ensaios em materiais de constru\u00e7\u00e3o, al\u00e9m de dosagens e controle tecnol\u00f3gico de concreto.<\/p>\n<p>Contamos com uma equipe t\u00e9cnica qualificada com professores doutores, com larga experi\u00eancia na condu\u00e7\u00e3o de ensaios laboratoriais em in loco,\u00a0al\u00e9m de t\u00e9cnicos em edifica\u00e7\u00f5es e estudantes do Curso de Engenharia Civil da UFPel.<\/p>\n<p>Os respons\u00e1veis t\u00e9cnicos pelo laborat\u00f3rio:\u00a0 \u00a0<strong>\u00c2ngela de Azevedo e Rafael Delucis<\/strong><\/p>\n<p><em>\u00a0<\/em><\/p>\n<\/div>\n<p><a href=\"https:\/\/wp.ufpel.edu.br\/nemc\/files\/2014\/12\/FullSizeRender.jpg\">\u00a0<\/a><\/p>\n","protected":false},"excerpt":{"rendered":"<p>O Laborat\u00f3rio de Materiais e T\u00e9cnicas Construtivas \u2013 LabMaT, atrav\u00e9s do N\u00facleo de Estudos de Materiais Comp\u00f3sitos \u2013 NEMC,\u00a0est\u00e1 apto a realizar diversos tipos de ensaios em materiais de constru\u00e7\u00e3o, al\u00e9m de dosagens e controle tecnol\u00f3gico de concreto. Contamos com uma equipe t\u00e9cnica qualificada com professores doutores, com larga experi\u00eancia na condu\u00e7\u00e3o de ensaios laboratoriais [&hellip;]<\/p>\n","protected":false},"author":236,"featured_media":0,"parent":0,"menu_order":1,"comment_status":"closed","ping_status":"closed","template":"","meta":{"footnotes":""},"class_list":["post-118","page","type-page","status-publish","hentry"],"_links":{"self":[{"href":"https:\/\/wp.ufpel.edu.br\/nemc\/wp-json\/wp\/v2\/pages\/118","targetHints":{"allow":["GET"]}}],"collection":[{"href":"https:\/\/wp.ufpel.edu.br\/nemc\/wp-json\/wp\/v2\/pages"}],"about":[{"href":"https:\/\/wp.ufpel.edu.br\/nemc\/wp-json\/wp\/v2\/types\/page"}],"author":[{"embeddable":true,"href":"https:\/\/wp.ufpel.edu.br\/nemc\/wp-json\/wp\/v2\/users\/236"}],"replies":[{"embeddable":true,"href":"https:\/\/wp.ufpel.edu.br\/nemc\/wp-json\/wp\/v2\/comments?post=118"}],"version-history":[{"count":4,"href":"https:\/\/wp.ufpel.edu.br\/nemc\/wp-json\/wp\/v2\/pages\/118\/revisions"}],"predecessor-version":[{"id":291,"href":"https:\/\/wp.ufpel.edu.br\/nemc\/wp-json\/wp\/v2\/pages\/118\/revisions\/291"}],"wp:attachment":[{"href":"https:\/\/wp.ufpel.edu.br\/nemc\/wp-json\/wp\/v2\/media?parent=118"}],"curies":[{"name":"wp","href":"https:\/\/api.w.org\/{rel}","templated":true}]}}