{"id":11,"date":"2013-06-18T17:38:02","date_gmt":"2013-06-18T20:38:02","guid":{"rendered":"https:\/\/wp.ufpel.edu.br\/nemc\/?page_id=11"},"modified":"2023-04-25T22:04:39","modified_gmt":"2023-04-26T01:04:39","slug":"professores-responsaveis","status":"publish","type":"page","link":"https:\/\/wp.ufpel.edu.br\/nemc\/professores-responsaveis\/","title":{"rendered":"Equipe"},"content":{"rendered":"<p><strong>Coordenadora: Prof.\u00aa Dr.\u00aa \u00c2ngela \u00a0Azevedo \u00a0de Azevedo <\/strong><\/p>\n<p><strong>Coordenadora Adjunta: Prof.\u00aa Dr.\u00aa Aline Tabarelli<\/strong><\/p>\n<p><strong>Equipe:<\/strong><\/p>\n<ul>\n<li style=\"list-style-type: none\">\n<ul>\n<li><strong>Prof.\u00aa Dr.\u00aa Aline Ribeiro Paliga;<\/strong><\/li>\n<li><strong>Prof. Dr. Klaus Machado Theisen;<\/strong><\/li>\n<li><strong>Rodrigo \u00c1vila de Castro (t\u00e9cnico-administrativo);<\/strong><\/li>\n<li><strong>Ricardo Ripoll de Medeiros (t\u00e9cnico-administrativo);<\/strong><\/li>\n<\/ul>\n<\/li>\n<\/ul>\n","protected":false},"excerpt":{"rendered":"<p>Coordenadora: Prof.\u00aa Dr.\u00aa \u00c2ngela \u00a0Azevedo \u00a0de Azevedo Coordenadora Adjunta: Prof.\u00aa Dr.\u00aa Aline Tabarelli Equipe: Prof.\u00aa Dr.\u00aa Aline Ribeiro Paliga; Prof. Dr. Klaus Machado Theisen; Rodrigo \u00c1vila de Castro (t\u00e9cnico-administrativo); Ricardo Ripoll de Medeiros (t\u00e9cnico-administrativo);<\/p>\n","protected":false},"author":236,"featured_media":0,"parent":0,"menu_order":0,"comment_status":"closed","ping_status":"closed","template":"","meta":{"footnotes":""},"class_list":["post-11","page","type-page","status-publish","hentry"],"_links":{"self":[{"href":"https:\/\/wp.ufpel.edu.br\/nemc\/wp-json\/wp\/v2\/pages\/11","targetHints":{"allow":["GET"]}}],"collection":[{"href":"https:\/\/wp.ufpel.edu.br\/nemc\/wp-json\/wp\/v2\/pages"}],"about":[{"href":"https:\/\/wp.ufpel.edu.br\/nemc\/wp-json\/wp\/v2\/types\/page"}],"author":[{"embeddable":true,"href":"https:\/\/wp.ufpel.edu.br\/nemc\/wp-json\/wp\/v2\/users\/236"}],"replies":[{"embeddable":true,"href":"https:\/\/wp.ufpel.edu.br\/nemc\/wp-json\/wp\/v2\/comments?post=11"}],"version-history":[{"count":22,"href":"https:\/\/wp.ufpel.edu.br\/nemc\/wp-json\/wp\/v2\/pages\/11\/revisions"}],"predecessor-version":[{"id":275,"href":"https:\/\/wp.ufpel.edu.br\/nemc\/wp-json\/wp\/v2\/pages\/11\/revisions\/275"}],"wp:attachment":[{"href":"https:\/\/wp.ufpel.edu.br\/nemc\/wp-json\/wp\/v2\/media?parent=11"}],"curies":[{"name":"wp","href":"https:\/\/api.w.org\/{rel}","templated":true}]}}