{"id":86,"date":"2015-06-03T17:47:48","date_gmt":"2015-06-03T20:47:48","guid":{"rendered":"https:\/\/wp.ufpel.edu.br\/neeci\/?page_id=86"},"modified":"2015-11-04T18:59:48","modified_gmt":"2015-11-04T20:59:48","slug":"fotos","status":"publish","type":"page","link":"https:\/\/wp.ufpel.edu.br\/neeci\/fotos\/","title":{"rendered":"Fotos"},"content":{"rendered":"<div id=\"attachment_114\" style=\"width: 430px\" class=\"wp-caption alignnone\"><a href=\"https:\/\/wp.ufpel.edu.br\/neeci\/files\/2015\/06\/foto-2.jpg\"><img loading=\"lazy\" decoding=\"async\" aria-describedby=\"caption-attachment-114\" class=\"size-medium wp-image-114\" src=\"https:\/\/wp.ufpel.edu.br\/neeci\/files\/2015\/06\/foto-2-424x238.jpg\" alt=\"Palestra com egresso em est\u00e1gio na Nova Zel\u00e2ndia\" width=\"424\" height=\"238\" srcset=\"https:\/\/wp.ufpel.edu.br\/neeci\/files\/2015\/06\/foto-2-424x238.jpg 424w, https:\/\/wp.ufpel.edu.br\/neeci\/files\/2015\/06\/foto-2-212x119.jpg 212w\" sizes=\"auto, (max-width: 424px) 100vw, 424px\" \/><\/a><p id=\"caption-attachment-114\" class=\"wp-caption-text\">Palestra com egresso em est\u00e1gio na Nova Zel\u00e2ndia<\/p><\/div>\n<div id=\"attachment_116\" style=\"width: 185px\" class=\"wp-caption alignnone\"><a href=\"https:\/\/wp.ufpel.edu.br\/neeci\/files\/2015\/06\/Simp\u00f3sio.jpg\"><img loading=\"lazy\" decoding=\"async\" aria-describedby=\"caption-attachment-116\" class=\"wp-image-116 size-medium\" src=\"https:\/\/wp.ufpel.edu.br\/neeci\/files\/2015\/06\/Simp\u00f3sio-179x318.jpg\" alt=\"Simp\u00f3sio\" width=\"179\" height=\"318\" srcset=\"https:\/\/wp.ufpel.edu.br\/neeci\/files\/2015\/06\/Simp\u00f3sio-179x318.jpg 179w, https:\/\/wp.ufpel.edu.br\/neeci\/files\/2015\/06\/Simp\u00f3sio-89x159.jpg 89w, https:\/\/wp.ufpel.edu.br\/neeci\/files\/2015\/06\/Simp\u00f3sio.jpg 539w\" sizes=\"auto, (max-width: 179px) 100vw, 179px\" \/><\/a><p id=\"caption-attachment-116\" class=\"wp-caption-text\">Participa\u00e7\u00e3o de professores no Simp\u00f3sio da Anpad, em 2014<\/p><\/div>\n<div id=\"attachment_115\" style=\"width: 430px\" class=\"wp-caption alignnone\"><a href=\"https:\/\/wp.ufpel.edu.br\/neeci\/files\/2015\/06\/IMG_20151001_182923915-2.jpg\"><img loading=\"lazy\" decoding=\"async\" aria-describedby=\"caption-attachment-115\" class=\"wp-image-115 size-medium\" src=\"https:\/\/wp.ufpel.edu.br\/neeci\/files\/2015\/06\/IMG_20151001_182923915-2-424x238.jpg\" alt=\"IMG_20151001_182923915 (2)\" width=\"424\" height=\"238\" srcset=\"https:\/\/wp.ufpel.edu.br\/neeci\/files\/2015\/06\/IMG_20151001_182923915-2-424x238.jpg 424w, https:\/\/wp.ufpel.edu.br\/neeci\/files\/2015\/06\/IMG_20151001_182923915-2-212x119.jpg 212w\" sizes=\"auto, (max-width: 424px) 100vw, 424px\" \/><\/a><p id=\"caption-attachment-115\" class=\"wp-caption-text\">Grupo de alunos do Neeci<\/p><\/div>\n","protected":false},"excerpt":{"rendered":"","protected":false},"author":421,"featured_media":0,"parent":0,"menu_order":0,"comment_status":"closed","ping_status":"closed","template":"","meta":{"footnotes":""},"class_list":["post-86","page","type-page","status-publish","hentry"],"_links":{"self":[{"href":"https:\/\/wp.ufpel.edu.br\/neeci\/wp-json\/wp\/v2\/pages\/86","targetHints":{"allow":["GET"]}}],"collection":[{"href":"https:\/\/wp.ufpel.edu.br\/neeci\/wp-json\/wp\/v2\/pages"}],"about":[{"href":"https:\/\/wp.ufpel.edu.br\/neeci\/wp-json\/wp\/v2\/types\/page"}],"author":[{"embeddable":true,"href":"https:\/\/wp.ufpel.edu.br\/neeci\/wp-json\/wp\/v2\/users\/421"}],"replies":[{"embeddable":true,"href":"https:\/\/wp.ufpel.edu.br\/neeci\/wp-json\/wp\/v2\/comments?post=86"}],"version-history":[{"count":3,"href":"https:\/\/wp.ufpel.edu.br\/neeci\/wp-json\/wp\/v2\/pages\/86\/revisions"}],"predecessor-version":[{"id":118,"href":"https:\/\/wp.ufpel.edu.br\/neeci\/wp-json\/wp\/v2\/pages\/86\/revisions\/118"}],"wp:attachment":[{"href":"https:\/\/wp.ufpel.edu.br\/neeci\/wp-json\/wp\/v2\/media?parent=86"}],"curies":[{"name":"wp","href":"https:\/\/api.w.org\/{rel}","templated":true}]}}