{"id":82,"date":"2015-06-03T17:43:21","date_gmt":"2015-06-03T20:43:21","guid":{"rendered":"https:\/\/wp.ufpel.edu.br\/neeci\/?page_id=82"},"modified":"2023-03-22T21:53:27","modified_gmt":"2023-03-23T00:53:27","slug":"apoio","status":"publish","type":"page","link":"https:\/\/wp.ufpel.edu.br\/neeci\/apoio\/","title":{"rendered":"Apoio"},"content":{"rendered":"<p><a href=\"https:\/\/wp.ufpel.edu.br\/emadjr\">Emad Jr. &#8211; Empresa J\u00fanior do Curso de Administra\u00e7\u00e3o da UFPel<\/a><\/p>\n<p><a href=\"https:\/\/wp.ufpel.edu.br\/prppg\">PRPPGI\u00a0 Pr\u00f3-Reitoria de Pesquisa e P\u00f3s-Gradua\u00e7\u00e3o da UFPel<\/a><\/p>\n<p>CCSO <a href=\"https:\/\/wp.ufpel.edu.br\/ccso\/\">https:\/\/wp.ufpel.edu.br\/ccso\/<\/a><\/p>\n","protected":false},"excerpt":{"rendered":"<p>Emad Jr. &#8211; Empresa J\u00fanior do Curso de Administra\u00e7\u00e3o da UFPel PRPPGI\u00a0 Pr\u00f3-Reitoria de Pesquisa e P\u00f3s-Gradua\u00e7\u00e3o da UFPel CCSO https:\/\/wp.ufpel.edu.br\/ccso\/<\/p>\n","protected":false},"author":421,"featured_media":0,"parent":0,"menu_order":0,"comment_status":"closed","ping_status":"closed","template":"","meta":{"footnotes":""},"class_list":["post-82","page","type-page","status-publish","hentry"],"_links":{"self":[{"href":"https:\/\/wp.ufpel.edu.br\/neeci\/wp-json\/wp\/v2\/pages\/82","targetHints":{"allow":["GET"]}}],"collection":[{"href":"https:\/\/wp.ufpel.edu.br\/neeci\/wp-json\/wp\/v2\/pages"}],"about":[{"href":"https:\/\/wp.ufpel.edu.br\/neeci\/wp-json\/wp\/v2\/types\/page"}],"author":[{"embeddable":true,"href":"https:\/\/wp.ufpel.edu.br\/neeci\/wp-json\/wp\/v2\/users\/421"}],"replies":[{"embeddable":true,"href":"https:\/\/wp.ufpel.edu.br\/neeci\/wp-json\/wp\/v2\/comments?post=82"}],"version-history":[{"count":4,"href":"https:\/\/wp.ufpel.edu.br\/neeci\/wp-json\/wp\/v2\/pages\/82\/revisions"}],"predecessor-version":[{"id":152,"href":"https:\/\/wp.ufpel.edu.br\/neeci\/wp-json\/wp\/v2\/pages\/82\/revisions\/152"}],"wp:attachment":[{"href":"https:\/\/wp.ufpel.edu.br\/neeci\/wp-json\/wp\/v2\/media?parent=82"}],"curies":[{"name":"wp","href":"https:\/\/api.w.org\/{rel}","templated":true}]}}