{"id":80,"date":"2015-06-03T17:41:32","date_gmt":"2015-06-03T20:41:32","guid":{"rendered":"https:\/\/wp.ufpel.edu.br\/neeci\/?page_id=80"},"modified":"2023-03-22T22:47:16","modified_gmt":"2023-03-23T01:47:16","slug":"publicacoes","status":"publish","type":"page","link":"https:\/\/wp.ufpel.edu.br\/neeci\/publicacoes\/","title":{"rendered":"Publica\u00e7\u00f5es"},"content":{"rendered":"<div class=\"artigo-completo\">\n<div class=\"layout-cell layout-cell-11\">\n<div class=\"layout-cell-pad-5\">\n<p>FEIL, ALEXANDRE ANDR\u00c9 ; DO AMARAL, CAROLINE CONSTANTIN ; WALTER, ERICA ; BAGATINI, CESAR AUGUSTO ; SCHREIBER, DUSAN ;\u00a0<b>Maehler, Alisson Eduardo<\/b>\u00a0. Set of sustainability indicators for the dairy industry. Environmental Science and Pollution Research, v. 1, p. 16, 2023.<\/p>\n<\/div>\n<div>\n<div class=\"artigo-completo\">\n<div class=\"layout-cell layout-cell-11\">\n<div class=\"layout-cell-pad-5\">\n<p>SILVA, L. S. P. ; SANTOS, C. A. F. ;\u00a0<b>MOLON DA SILVA, F.<\/b>\u00a0. AN\u00c1LISE DAS MUDAN\u00c7AS DAS ROTINAS ORGANIZACIONAIS DA \u00c1REA DE GEST\u00c3O DE PESSOAS DE UMA AGROIND\u00daSTRIA DEVIDO \u00c0 COVID-19. Empreendedorismo, Gest\u00e3o e Neg\u00f3cios, v. 12, p. 507-528, 2023.<\/p>\n<\/div>\n<\/div>\n<\/div>\n<div class=\"artigo-completo\">\n<div class=\"layout-cell layout-cell-11\">\n<div class=\"layout-cell-pad-5\">\n<p>CARRASCO, TIELE SILVEIRA ;\u00a0<b>MOLON DA SILVA, F.<\/b>\u00a0. APRENDIZAGEM INFORMAL ENTRE T\u00c9CNICOS ADMINISTRATIVOS DE UMA IFE. SINERGIA (FURG), v. 26, p. 25-36, 2022.<\/p>\n<\/div>\n<\/div>\n<\/div>\n<div class=\"artigo-completo\">\n<div class=\"layout-cell layout-cell-11\">\n<div class=\"layout-cell-pad-5\">\n<p>SILVA, LUIZ HENRIQUE DA ; SCHMITT, TATIANI ;\u00a0<b>SILVA, FRANCIELLE MOLON DA<\/b>\u00a0; GHEDINE, TATIANA ; TUTIDA, ALESSANDRA YULA . Explanatory factors of collective competencies in fashion design teams. CONTEXTUS &#8211; REVISTA CONTEMPOR\u00c2NEA DE ECONOMIA E GEST\u00c3O, v. 20, p. 125-136, 2022.<\/p>\n<\/div>\n<\/div>\n<\/div>\n<div class=\"artigo-completo\">\n<div class=\"layout-cell layout-cell-11\">\n<div class=\"layout-cell-pad-5\">\n<p>SILVA, L. H. ; GHEDINE, T. ;\u00a0<b>MOLON DA SILVA, F.<\/b>\u00a0; DUTRA, J. S. . ESTILOS E PAPE\u0301IS DE LIDERANC\u0327A NO CONTEXTO DA INDU\u0301STRIA DE MODA. PRETEXTO (BELO HORIZONTE. ONLINE), v. 23, p. 46-62, 2022.<\/p>\n<\/div>\n<\/div>\n<\/div>\n<div class=\"artigo-completo\">\n<div class=\"layout-cell layout-cell-11\">\n<div class=\"layout-cell-pad-5\">\n<p>LUCENA, ELIANE ; CZARNESKI, FLAVIA ; DE GOMES, D\u00c9BORA GOMES ;\u00a0<b>SILVA, FRANCIELLE MOLON DA<\/b>\u00a0; SOUZA, MARCOS ANT\u00d4NIO DE . Percep\u00e7\u00e3o dos Professores do Magist\u00e9rio Superior Quanto ao Plano de Carreira Docente em uma Universidade Federal Brasileira. GEST\u00c3O.ORG, v. 20, p. 1-26, 2022.<\/p>\n<\/div>\n<\/div>\n<\/div>\n<div class=\"artigo-completo\">\n<div class=\"layout-cell layout-cell-11\">\n<div class=\"layout-cell-pad-5\">SILVA, L. H. ; GHEDINE, T. ;\u00a0<b>MOLON DA SILVA, F.<\/b> . REFLEX\u00d5ES SOBRE A ATUA\u00c7\u00c3O DO L\u00cdDER NO DESENVOLVIMENTO DE COMPET\u00caNCIAS COLETIVAS. REVISTA ADMINISTRA\u00c7\u00c3O EM DI\u00c1LOGO &#8211; RAD, v. 23, p. 1, 2022.<\/div>\n<div><\/div>\n<\/div>\n<\/div>\n<\/div>\n<\/div>\n<\/div>\n<div class=\"artigo-completo\">\n<div class=\"layout-cell layout-cell-11\">\n<div class=\"layout-cell-pad-5\">\n<p>SANTOS, Elaine Garcia dos ;\u00a0<b>MAEHLER, Alisson Eduardo<\/b>\u00a0; MELLO, S. P. T. . A Orienta\u00e7\u00e3o Empreendedora (Oe) Na Universidade P\u00fablica: Um Estudo De Caso. Revista Gest\u00e3o Universit\u00e1ria da Am\u00e9rica Latina, v. 14, p. 175\/1-197, 2021.<\/p>\n<\/div>\n<\/div>\n<\/div>\n<div class=\"artigo-completo\">\n<div class=\"layout-cell layout-cell-11\">\n<div class=\"layout-cell-pad-5\">\n<p>ABRAHAN, J. M. S. ;\u00a0<b>MAEHLER, Alisson Eduardo<\/b>\u00a0. An\u00e1lise da aplicabilidade da economia solid\u00e1ria a partir do n\u00facleo interdisciplinar de tecnologias sociais e economia solid\u00e1ria da Universidade Federal de Pelotas. REAT &#8211; REVISTA ELETR\u00d4NICA DE ADMINISTRA\u00c7\u00c3O E TURISMO, v. 15, p. 181\/2-194, 2021.<\/p>\n<\/div>\n<\/div>\n<\/div>\n<div class=\"artigo-completo\">\n<div class=\"layout-cell layout-cell-11\">\n<div class=\"layout-cell-pad-5\">GOMES, L. S. ; GOMES, C. ;\u00a0<b>MAEHLER, Alisson Eduardo<\/b>\u00a0; RAASCH, M. ; DIAS, M. F. P. . Gest\u00e3o do conhecimento no setor de vitivinicultura: uma compara\u00e7\u00e3o entre Brasil, Chile e Argentina. REAT &#8211; REVISTA ELETR\u00d4NICA DE ADMINISTRA\u00c7\u00c3O E TURISMO, v. 14, p. 84\/2-104, 2020.<\/div>\n<\/div>\n<\/div>\n","protected":false},"excerpt":{"rendered":"<p>FEIL, ALEXANDRE ANDR\u00c9 ; DO AMARAL, CAROLINE CONSTANTIN ; WALTER, ERICA ; BAGATINI, CESAR AUGUSTO ; SCHREIBER, DUSAN ;\u00a0Maehler, Alisson Eduardo\u00a0. Set of sustainability indicators for the dairy industry. Environmental Science and Pollution Research, v. 1, p. 16, 2023. SILVA, L. S. P. ; SANTOS, C. A. F. ;\u00a0MOLON DA SILVA, F.\u00a0. AN\u00c1LISE DAS MUDAN\u00c7AS&hellip;<\/p>\n","protected":false},"author":421,"featured_media":0,"parent":0,"menu_order":0,"comment_status":"closed","ping_status":"closed","template":"","meta":{"footnotes":""},"class_list":["post-80","page","type-page","status-publish","hentry"],"_links":{"self":[{"href":"https:\/\/wp.ufpel.edu.br\/neeci\/wp-json\/wp\/v2\/pages\/80","targetHints":{"allow":["GET"]}}],"collection":[{"href":"https:\/\/wp.ufpel.edu.br\/neeci\/wp-json\/wp\/v2\/pages"}],"about":[{"href":"https:\/\/wp.ufpel.edu.br\/neeci\/wp-json\/wp\/v2\/types\/page"}],"author":[{"embeddable":true,"href":"https:\/\/wp.ufpel.edu.br\/neeci\/wp-json\/wp\/v2\/users\/421"}],"replies":[{"embeddable":true,"href":"https:\/\/wp.ufpel.edu.br\/neeci\/wp-json\/wp\/v2\/comments?post=80"}],"version-history":[{"count":9,"href":"https:\/\/wp.ufpel.edu.br\/neeci\/wp-json\/wp\/v2\/pages\/80\/revisions"}],"predecessor-version":[{"id":164,"href":"https:\/\/wp.ufpel.edu.br\/neeci\/wp-json\/wp\/v2\/pages\/80\/revisions\/164"}],"wp:attachment":[{"href":"https:\/\/wp.ufpel.edu.br\/neeci\/wp-json\/wp\/v2\/media?parent=80"}],"curies":[{"name":"wp","href":"https:\/\/api.w.org\/{rel}","templated":true}]}}