{"id":56,"date":"2015-05-29T11:13:55","date_gmt":"2015-05-29T14:13:55","guid":{"rendered":"https:\/\/wp.ufpel.edu.br\/neeci\/?page_id=56"},"modified":"2015-06-02T09:48:54","modified_gmt":"2015-06-02T12:48:54","slug":"sobre","status":"publish","type":"page","link":"https:\/\/wp.ufpel.edu.br\/neeci\/","title":{"rendered":"Sobre"},"content":{"rendered":"<p style=\"text-align: justify\">Os trabalhos do grupo de pesquisa NEECI envolvem ensino, pesquisa e extens\u00e3o e se destinam a ampliar a discuss\u00e3o sobre estrat\u00e9gia, conhecimento e inova\u00e7\u00e3o no \u00e2mbito da UFPel e de sua regi\u00e3o de influ\u00eancia. Conta com a participa\u00e7\u00e3o de professores mestres e doutores de universidades como UNISC (Santa Cruz do Sul), UNISINOS (S\u00e3o Leopoldo), UFRGS (Porto Alegre), FURG (Rio Grande) e da pr\u00f3pria UFPel, al\u00e9m de estudantes e funcion\u00e1rios da universidade. Visam integrar o meio acad\u00eamico com o setor produtivo, por meio de pesquisas com impacto tanto em n\u00edvel cient\u00edfico quanto pr\u00e1tico. Al\u00e9m disso, visam estimular a internacionaliza\u00e7\u00e3o do grupo, atrav\u00e9s de conv\u00eanios a serem realizados com institutos estrangeiros, participa\u00e7\u00e3o em eventos internacionais, publica\u00e7\u00f5es em revistas acad\u00eamicas de alto impacto e interc\u00e2mbio de alunos. Ainda, vida\u00a0a forma\u00e7\u00e3o de recursos humanos de alto n\u00edvel, tanto em termos de gradua\u00e7\u00e3o, como especializa\u00e7\u00e3o, MBA e mestrado, articulando teoria e pr\u00e1tica.<\/p>\n<p><a href=\"https:\/\/wp.ufpel.edu.br\/neeci\/files\/2015\/05\/149098968.jpg\"><img loading=\"lazy\" decoding=\"async\" class=\"size-medium wp-image-58 aligncenter\" src=\"https:\/\/wp.ufpel.edu.br\/neeci\/files\/2015\/05\/149098968-422x318.jpg\" alt=\"touchscreen interface\" width=\"422\" height=\"318\" srcset=\"https:\/\/wp.ufpel.edu.br\/neeci\/files\/2015\/05\/149098968-422x318.jpg 422w, https:\/\/wp.ufpel.edu.br\/neeci\/files\/2015\/05\/149098968-212x159.jpg 212w, https:\/\/wp.ufpel.edu.br\/neeci\/files\/2015\/05\/149098968.jpg 651w\" sizes=\"auto, (max-width: 422px) 100vw, 422px\" \/><\/a><\/p>\n<p>&nbsp;<\/p>\n<p><a href=\"https:\/\/wp.ufpel.edu.br\/neeci\/files\/2015\/05\/Untitled-1.png\"><img loading=\"lazy\" decoding=\"async\" class=\" size-medium wp-image-66 aligncenter\" src=\"https:\/\/wp.ufpel.edu.br\/neeci\/files\/2015\/05\/Untitled-1-424x110.png\" alt=\"Untitled-1\" width=\"424\" height=\"110\" srcset=\"https:\/\/wp.ufpel.edu.br\/neeci\/files\/2015\/05\/Untitled-1-424x110.png 424w, https:\/\/wp.ufpel.edu.br\/neeci\/files\/2015\/05\/Untitled-1-212x55.png 212w, https:\/\/wp.ufpel.edu.br\/neeci\/files\/2015\/05\/Untitled-1.png 771w\" sizes=\"auto, (max-width: 424px) 100vw, 424px\" \/><\/a><\/p>\n","protected":false},"excerpt":{"rendered":"<p>Os trabalhos do grupo de pesquisa NEECI envolvem ensino, pesquisa e extens\u00e3o e se destinam a ampliar a discuss\u00e3o sobre estrat\u00e9gia, conhecimento e inova\u00e7\u00e3o no \u00e2mbito da UFPel e de sua regi\u00e3o de influ\u00eancia. Conta com a participa\u00e7\u00e3o de professores mestres e doutores de universidades como UNISC (Santa Cruz do Sul), UNISINOS (S\u00e3o Leopoldo), UFRGS&hellip;<\/p>\n","protected":false},"author":421,"featured_media":0,"parent":0,"menu_order":1,"comment_status":"closed","ping_status":"closed","template":"","meta":{"footnotes":""},"class_list":["post-56","page","type-page","status-publish","hentry"],"_links":{"self":[{"href":"https:\/\/wp.ufpel.edu.br\/neeci\/wp-json\/wp\/v2\/pages\/56","targetHints":{"allow":["GET"]}}],"collection":[{"href":"https:\/\/wp.ufpel.edu.br\/neeci\/wp-json\/wp\/v2\/pages"}],"about":[{"href":"https:\/\/wp.ufpel.edu.br\/neeci\/wp-json\/wp\/v2\/types\/page"}],"author":[{"embeddable":true,"href":"https:\/\/wp.ufpel.edu.br\/neeci\/wp-json\/wp\/v2\/users\/421"}],"replies":[{"embeddable":true,"href":"https:\/\/wp.ufpel.edu.br\/neeci\/wp-json\/wp\/v2\/comments?post=56"}],"version-history":[{"count":9,"href":"https:\/\/wp.ufpel.edu.br\/neeci\/wp-json\/wp\/v2\/pages\/56\/revisions"}],"predecessor-version":[{"id":69,"href":"https:\/\/wp.ufpel.edu.br\/neeci\/wp-json\/wp\/v2\/pages\/56\/revisions\/69"}],"wp:attachment":[{"href":"https:\/\/wp.ufpel.edu.br\/neeci\/wp-json\/wp\/v2\/media?parent=56"}],"curies":[{"name":"wp","href":"https:\/\/api.w.org\/{rel}","templated":true}]}}