{"id":27,"date":"2015-05-28T11:14:44","date_gmt":"2015-05-28T14:14:44","guid":{"rendered":"https:\/\/wp.ufpel.edu.br\/neeci\/?page_id=27"},"modified":"2023-03-22T22:41:08","modified_gmt":"2023-03-23T01:41:08","slug":"recursos-humanos","status":"publish","type":"page","link":"https:\/\/wp.ufpel.edu.br\/neeci\/recursos-humanos\/","title":{"rendered":"Equipe"},"content":{"rendered":"<p>&nbsp;<\/p>\n<p><strong>Pesquisadores<\/strong><\/p>\n<table style=\"height: 528px;\" role=\"grid\" width=\"621\">\n<tbody id=\"idFormVisualizarGrupoPesquisa:j_idt267_data\" class=\"ui-datatable-data ui-widget-content\">\n<tr class=\"ui-widget-content ui-datatable-even\" role=\"row\" data-ri=\"0\">\n<td style=\"width: 264px;\" role=\"gridcell\">Alessandra Bandeira da Rosa<\/td>\n<td style=\"width: 118px;\" role=\"gridcell\">Mestrado<\/td>\n<td style=\"width: 94px;\" role=\"gridcell\">29\/06\/2020<\/td>\n<td class=\"bt1 center no-print\" style=\"width: 92px;\" role=\"gridcell\"><\/td>\n<\/tr>\n<tr class=\"ui-widget-content ui-datatable-odd\" role=\"row\" data-ri=\"1\">\n<td style=\"width: 264px;\" role=\"gridcell\">Aline Castro Jansen<\/td>\n<td style=\"width: 118px;\" role=\"gridcell\">Doutorado<\/td>\n<td style=\"width: 94px;\" role=\"gridcell\">16\/12\/2014<\/td>\n<td class=\"bt1 center no-print\" style=\"width: 92px;\" role=\"gridcell\"><\/td>\n<\/tr>\n<tr class=\"ui-widget-content ui-datatable-even\" role=\"row\" data-ri=\"2\">\n<td style=\"width: 264px;\" role=\"gridcell\">Alisson Eduardo Maehler<\/td>\n<td style=\"width: 118px;\" role=\"gridcell\">Doutorado<\/td>\n<td style=\"width: 94px;\" role=\"gridcell\">abril de 2014<\/td>\n<td class=\"bt1 center no-print\" style=\"width: 92px;\" role=\"gridcell\">L\u00edder<\/td>\n<\/tr>\n<tr class=\"ui-widget-content ui-datatable-odd\" role=\"row\" data-ri=\"3\">\n<td style=\"width: 264px;\" role=\"gridcell\">Ana Paula Lemos Centeno<\/td>\n<td style=\"width: 118px;\" role=\"gridcell\">Doutorado<\/td>\n<td style=\"width: 94px;\" role=\"gridcell\">23\/08\/2021<\/td>\n<td class=\"bt1 center no-print\" style=\"width: 92px;\" role=\"gridcell\"><\/td>\n<\/tr>\n<tr class=\"ui-widget-content ui-datatable-even\" role=\"row\" data-ri=\"4\">\n<td style=\"width: 264px;\" role=\"gridcell\">Elaine Garcia dos Santos<\/td>\n<td style=\"width: 118px;\" role=\"gridcell\">Mestrado<\/td>\n<td style=\"width: 94px;\" role=\"gridcell\">24\/03\/2017<\/td>\n<td class=\"bt1 center no-print\" style=\"width: 92px;\" role=\"gridcell\"><\/td>\n<\/tr>\n<tr class=\"ui-widget-content ui-datatable-odd\" role=\"row\" data-ri=\"5\">\n<td style=\"width: 264px;\" role=\"gridcell\">Francielle Molon da Silva<\/td>\n<td style=\"width: 118px;\" role=\"gridcell\">Doutorado<\/td>\n<td style=\"width: 94px;\" role=\"gridcell\">10\/12\/2015<\/td>\n<td class=\"bt1 center no-print\" style=\"width: 92px;\" role=\"gridcell\">Vice l\u00edder<\/td>\n<\/tr>\n<tr class=\"ui-widget-content ui-datatable-even\" role=\"row\" data-ri=\"6\">\n<td style=\"width: 264px;\" role=\"gridcell\">Gustavo Corr\u00eaa Acosta<\/td>\n<td style=\"width: 118px;\" role=\"gridcell\">Gradua\u00e7\u00e3o<\/td>\n<td style=\"width: 94px;\" role=\"gridcell\">10\/04\/2018<\/td>\n<td class=\"bt1 center no-print\" style=\"width: 92px;\" role=\"gridcell\"><\/td>\n<\/tr>\n<tr class=\"ui-widget-content ui-datatable-odd\" role=\"row\" data-ri=\"7\">\n<td style=\"width: 264px;\" role=\"gridcell\">Ja\u00edne Motta Santana Abrahan<\/td>\n<td style=\"width: 118px;\" role=\"gridcell\">Especializa\u00e7\u00e3o<\/td>\n<td style=\"width: 94px;\" role=\"gridcell\">01\/04\/2021<\/td>\n<td class=\"bt1 center no-print\" style=\"width: 92px;\" role=\"gridcell\"><\/td>\n<\/tr>\n<tr class=\"ui-widget-content ui-datatable-even\" role=\"row\" data-ri=\"8\">\n<td style=\"width: 264px;\" role=\"gridcell\">Luciana Nunes Ferreira<\/td>\n<td style=\"width: 118px;\" role=\"gridcell\">Mestrado<\/td>\n<td style=\"width: 94px;\" role=\"gridcell\">28\/09\/2020<\/td>\n<td class=\"bt1 center no-print\" style=\"width: 92px;\" role=\"gridcell\"><\/td>\n<\/tr>\n<tr class=\"ui-widget-content ui-datatable-odd\" role=\"row\" data-ri=\"9\">\n<td style=\"width: 264px;\" role=\"gridcell\">Maria Isabel Rodrigues Rosinha<\/td>\n<td style=\"width: 118px;\" role=\"gridcell\">Gradua\u00e7\u00e3o<\/td>\n<td style=\"width: 94px;\" role=\"gridcell\">11\/02\/2018<\/td>\n<td class=\"bt1 center no-print\" style=\"width: 92px;\" role=\"gridcell\"><\/td>\n<\/tr>\n<tr class=\"ui-widget-content ui-datatable-even\" role=\"row\" data-ri=\"10\">\n<td style=\"width: 264px;\" role=\"gridcell\">Mauro Lilles Pedrotti Drews<\/td>\n<td style=\"width: 118px;\" role=\"gridcell\">Gradua\u00e7\u00e3o<\/td>\n<td style=\"width: 94px;\" role=\"gridcell\">29\/07\/2020<\/td>\n<td class=\"bt1 center no-print\" style=\"width: 92px;\" role=\"gridcell\"><\/td>\n<\/tr>\n<tr class=\"ui-widget-content ui-datatable-odd\" role=\"row\" data-ri=\"11\">\n<td style=\"width: 264px;\" role=\"gridcell\">N\u00e1dia Campos Pereira Bruhn<\/td>\n<td style=\"width: 118px;\" role=\"gridcell\">Doutorado<\/td>\n<td style=\"width: 94px;\" role=\"gridcell\">30\/11\/2018<\/td>\n<td class=\"bt1 center no-print\" style=\"width: 92px;\" role=\"gridcell\"><\/td>\n<\/tr>\n<tr class=\"ui-widget-content ui-datatable-even\" role=\"row\" data-ri=\"12\">\n<td style=\"width: 264px;\" role=\"gridcell\">Paulo Vanderlei Cassanego Junior<\/td>\n<td style=\"width: 118px;\" role=\"gridcell\">Doutorado<\/td>\n<td style=\"width: 94px;\" role=\"gridcell\">06\/02\/2017<\/td>\n<td class=\"bt1 center no-print\" style=\"width: 92px;\" role=\"gridcell\"><\/td>\n<\/tr>\n<tr class=\"ui-widget-content ui-datatable-odd\" role=\"row\" data-ri=\"13\">\n<td style=\"width: 264px;\" role=\"gridcell\">Wendelino Fang<\/td>\n<td style=\"width: 118px;\" role=\"gridcell\">Mestrado<\/td>\n<td style=\"width: 94px;\" role=\"gridcell\">29\/06\/2020<\/td>\n<\/tr>\n<\/tbody>\n<\/table>\n<p>&nbsp;<\/p>\n<p><strong>Estudantes<\/strong><\/p>\n<p>Jo\u00e3o Pedro laude dos Santos &#8211; Administra\u00e7\u00e3o, IC<\/p>\n<p>Carina Franco &#8211; Mestrado profissional em Administra\u00e7\u00e3o P\u00fablica &#8211; PROFIAP<\/p>\n<p>Jeremais Lerm &#8211; Mestrado profissional em Administra\u00e7\u00e3o P\u00fablica &#8211; PROFIAP<\/p>\n<p>&nbsp;<\/p>\n<p><strong>T\u00e9cnicos<\/strong><\/p>\n<p>Andre Barbosa da Cruz &#8211; CCSO<\/p>\n<p>&nbsp;<\/p>\n<p>&nbsp;<\/p>\n<p>&nbsp;<\/p>\n<p>&nbsp;<\/p>\n<p>&nbsp;<\/p>\n","protected":false},"excerpt":{"rendered":"<p>&nbsp; Pesquisadores Alessandra Bandeira da Rosa Mestrado 29\/06\/2020 Aline Castro Jansen Doutorado 16\/12\/2014 Alisson Eduardo Maehler Doutorado abril de 2014 L\u00edder Ana Paula Lemos Centeno Doutorado 23\/08\/2021 Elaine Garcia dos Santos Mestrado 24\/03\/2017 Francielle Molon da Silva Doutorado 10\/12\/2015 Vice l\u00edder Gustavo Corr\u00eaa Acosta Gradua\u00e7\u00e3o 10\/04\/2018 Ja\u00edne Motta Santana Abrahan Especializa\u00e7\u00e3o 01\/04\/2021 Luciana Nunes Ferreira&hellip;<\/p>\n","protected":false},"author":421,"featured_media":0,"parent":0,"menu_order":5,"comment_status":"closed","ping_status":"closed","template":"","meta":{"footnotes":""},"class_list":["post-27","page","type-page","status-publish","hentry"],"_links":{"self":[{"href":"https:\/\/wp.ufpel.edu.br\/neeci\/wp-json\/wp\/v2\/pages\/27","targetHints":{"allow":["GET"]}}],"collection":[{"href":"https:\/\/wp.ufpel.edu.br\/neeci\/wp-json\/wp\/v2\/pages"}],"about":[{"href":"https:\/\/wp.ufpel.edu.br\/neeci\/wp-json\/wp\/v2\/types\/page"}],"author":[{"embeddable":true,"href":"https:\/\/wp.ufpel.edu.br\/neeci\/wp-json\/wp\/v2\/users\/421"}],"replies":[{"embeddable":true,"href":"https:\/\/wp.ufpel.edu.br\/neeci\/wp-json\/wp\/v2\/comments?post=27"}],"version-history":[{"count":18,"href":"https:\/\/wp.ufpel.edu.br\/neeci\/wp-json\/wp\/v2\/pages\/27\/revisions"}],"predecessor-version":[{"id":159,"href":"https:\/\/wp.ufpel.edu.br\/neeci\/wp-json\/wp\/v2\/pages\/27\/revisions\/159"}],"wp:attachment":[{"href":"https:\/\/wp.ufpel.edu.br\/neeci\/wp-json\/wp\/v2\/media?parent=27"}],"curies":[{"name":"wp","href":"https:\/\/api.w.org\/{rel}","templated":true}]}}