{"id":21,"date":"2015-05-28T10:57:44","date_gmt":"2015-05-28T13:57:44","guid":{"rendered":"https:\/\/wp.ufpel.edu.br\/neeci\/?page_id=21"},"modified":"2016-03-31T18:07:17","modified_gmt":"2016-03-31T21:07:17","slug":"linhas-de-pesquisa","status":"publish","type":"page","link":"https:\/\/wp.ufpel.edu.br\/neeci\/linhas-de-pesquisa\/","title":{"rendered":"Linhas de Pesquisa"},"content":{"rendered":"<p><a href=\"http:\/\/dgp.cnpq.br\/dgp\/espelholinha\/2677269294636207191648\" target=\"_blank\">Estrat\u00e9gias de coopera\u00e7\u00e3o, competi\u00e7\u00e3o e coopeti\u00e7\u00e3o em organiza\u00e7\u00f5es e arranjos produtivos.<\/a><\/p>\n<p><a href=\"http:\/\/dgp.cnpq.br\/dgp\/espelholinha\/2677269294636207173460\" target=\"_blank\">Gest\u00e3o de ci\u00eancia, tecnologia e inova\u00e7\u00e3o.<\/a><\/p>\n<p><a href=\"http:\/\/dgp.cnpq.br\/dgp\/espelholinha\/2677269294636207310676\" target=\"_blank\">Governan\u00e7a em organiza\u00e7\u00f5es cooperativas e corporativas.<\/a><\/p>\n<p><a href=\"http:\/\/dgp.cnpq.br\/dgp\/espelholinha\/2677269294636207173461\" target=\"_blank\">Log\u00edstica e gest\u00e3o da cadeia de suprimentos.<\/a><\/p>\n<p>Aprendizagem organizacional<\/p>\n<p>Gest\u00e3o por Compet\u00eancias<\/p>\n","protected":false},"excerpt":{"rendered":"<p>Estrat\u00e9gias de coopera\u00e7\u00e3o, competi\u00e7\u00e3o e coopeti\u00e7\u00e3o em organiza\u00e7\u00f5es e arranjos produtivos. Gest\u00e3o de ci\u00eancia, tecnologia e inova\u00e7\u00e3o. Governan\u00e7a em organiza\u00e7\u00f5es cooperativas e corporativas. Log\u00edstica e gest\u00e3o da cadeia de suprimentos. Aprendizagem organizacional Gest\u00e3o por Compet\u00eancias<\/p>\n","protected":false},"author":421,"featured_media":0,"parent":0,"menu_order":3,"comment_status":"closed","ping_status":"closed","template":"","meta":{"footnotes":""},"class_list":["post-21","page","type-page","status-publish","hentry"],"_links":{"self":[{"href":"https:\/\/wp.ufpel.edu.br\/neeci\/wp-json\/wp\/v2\/pages\/21","targetHints":{"allow":["GET"]}}],"collection":[{"href":"https:\/\/wp.ufpel.edu.br\/neeci\/wp-json\/wp\/v2\/pages"}],"about":[{"href":"https:\/\/wp.ufpel.edu.br\/neeci\/wp-json\/wp\/v2\/types\/page"}],"author":[{"embeddable":true,"href":"https:\/\/wp.ufpel.edu.br\/neeci\/wp-json\/wp\/v2\/users\/421"}],"replies":[{"embeddable":true,"href":"https:\/\/wp.ufpel.edu.br\/neeci\/wp-json\/wp\/v2\/comments?post=21"}],"version-history":[{"count":7,"href":"https:\/\/wp.ufpel.edu.br\/neeci\/wp-json\/wp\/v2\/pages\/21\/revisions"}],"predecessor-version":[{"id":130,"href":"https:\/\/wp.ufpel.edu.br\/neeci\/wp-json\/wp\/v2\/pages\/21\/revisions\/130"}],"wp:attachment":[{"href":"https:\/\/wp.ufpel.edu.br\/neeci\/wp-json\/wp\/v2\/media?parent=21"}],"curies":[{"name":"wp","href":"https:\/\/api.w.org\/{rel}","templated":true}]}}